{"id":9729,"date":"2024-10-14T09:40:15","date_gmt":"2024-10-14T09:40:15","guid":{"rendered":"https:\/\/resemedicin.se\/reseradet\/?page_id=9729"},"modified":"2025-07-20T11:24:46","modified_gmt":"2025-07-20T10:24:46","slug":"tuvalu","status":"publish","type":"page","link":"https:\/\/resemedicin.se\/reseradet\/landsinformation\/tuvalu\/","title":{"rendered":"Tuvalu*"},"content":{"rendered":"Du m\u00e5ste vara inloggad f\u00f6r att visa detta inneh\u00e5ll.","protected":false},"excerpt":{"rendered":"Du m\u00e5ste vara inloggad f\u00f6r att visa detta inneh\u00e5ll.","protected":false},"author":1,"featured_media":0,"parent":49,"menu_order":1,"comment_status":"open","ping_status":"closed","template":"","meta":{"_lmt_disableupdate":"no","_lmt_disable":"","footnotes":""},"class_list":["post-9729","page","type-page","status-publish","hentry"],"jetpack-related-posts":[{"id":9689,"url":"https:\/\/resemedicin.se\/reseradet\/landsinformation\/mikronesien\/","url_meta":{"origin":9729,"position":0},"title":"Mikronesien*","author":"Reser\u00e5det","date":"2024-10-14","format":false,"excerpt":"Information till vaccinat\u00f6rer och reser\u00e5dgivare * Informationen p\u00e5 denna sida \u00e4r direkt h\u00e4mtad fr\u00e5n \"gamla\" Reser\u00e5det. Sidan kommer att uppdateras inom kort. Lathund Resen\u00e4rskategoriTid: <3 veckorTid: 3 veckor - 3 m\u00e5nTid: >3 m\u00e5nResen\u00e4r med enbart dagsutflykter p\u00e5 landsbygd, arbete i stadsmilj\u00f6grundskydd hepatit A hepatit B? (se information) h\u00e4lsor\u00e5dturistdiarr\u00e9Dessutom: hepatit BDessutom:tyfoidBCGVistelse\u2026","rel":"","context":"Liknande inl\u00e4gg","block_context":{"text":"Liknande inl\u00e4gg","link":""},"img":{"alt_text":"","src":"","width":0,"height":0},"classes":[]},{"id":9610,"url":"https:\/\/resemedicin.se\/reseradet\/landsinformation\/sankt-helena\/","url_meta":{"origin":9729,"position":1},"title":"Sankt Helena*","author":"Reser\u00e5det","date":"2024-10-13","format":false,"excerpt":"Information till vaccinat\u00f6rer och reser\u00e5dgivare * Informationen p\u00e5 denna sida \u00e4r direkt h\u00e4mtad fr\u00e5n \"gamla\" Reser\u00e5det. Sidan kommer att uppdateras inom kort. Lathund Resen\u00e4rskategoriTid: <3 veckorTid: 3 veckor - 3m\u00e5nTid: >3 m\u00e5nAllagrundskydd hepatit A hepatit B? (se information) h\u00e4lsor\u00e5dDessutom: hepatit BDessutom:tyfoid Ytterligare information H\u00e4lsor\u00e5dL\u00e4s h\u00e4lsor\u00e5den f\u00f6r resen\u00e4rer till tropiska Afrika.GrundskyddFolkh\u00e4lsomyndigheten\u2026","rel":"","context":"Liknande inl\u00e4gg","block_context":{"text":"Liknande inl\u00e4gg","link":""},"img":{"alt_text":"","src":"","width":0,"height":0},"classes":[]},{"id":9671,"url":"https:\/\/resemedicin.se\/reseradet\/landsinformation\/pitcairn\/","url_meta":{"origin":9729,"position":2},"title":"Pitcairn\u00f6arna*","author":"Reser\u00e5det","date":"2024-10-14","format":false,"excerpt":"Information till vaccinat\u00f6rer och reser\u00e5dgivare * Informationen p\u00e5 denna sida \u00e4r direkt h\u00e4mtad fr\u00e5n \"gamla\" Reser\u00e5det. Sidan kommer att uppdateras inom kort. Lathund Resen\u00e4rskategoriTid: <3 veckorTid: 3 veckor - 3m\u00e5nTid: >3 m\u00e5nAllagrundskydd hepatit A hepatit B? (se information) turistdiarr\u00e9 h\u00e4lsor\u00e5dDessutom: hepatit BtyfoidDessutom: Ytterligare information H\u00e4lsor\u00e5dL\u00e4s h\u00e4lsor\u00e5den f\u00f6r resen\u00e4rer till Sydostasien\u2026","rel":"","context":"Liknande inl\u00e4gg","block_context":{"text":"Liknande inl\u00e4gg","link":""},"img":{"alt_text":"","src":"","width":0,"height":0},"classes":[]},{"id":9694,"url":"https:\/\/resemedicin.se\/reseradet\/landsinformation\/nauru\/","url_meta":{"origin":9729,"position":3},"title":"Nauru*","author":"Reser\u00e5det","date":"2024-10-14","format":false,"excerpt":"Information till vaccinat\u00f6rer och reser\u00e5dgivare * Informationen p\u00e5 denna sida \u00e4r direkt h\u00e4mtad fr\u00e5n \"gamla\" Reser\u00e5det. Sidan kommer att uppdateras inom kort. Lathund Resen\u00e4rskategoriTid: <3 veckorTid: 3 veckor - 3 m\u00e5nTid: >3 m\u00e5nResen\u00e4r med enbart dagsutflykter p\u00e5 landsbygd, arbete i stadsmilj\u00f6grundskydd hepatit A hepatit B? (se information) h\u00e4lsor\u00e5dturistdiarr\u00e9Dessutom: hepatit BDessutom:tyfoidBCGBo\u2026","rel":"","context":"Liknande inl\u00e4gg","block_context":{"text":"Liknande inl\u00e4gg","link":""},"img":{"alt_text":"","src":"","width":0,"height":0},"classes":[]},{"id":9805,"url":"https:\/\/resemedicin.se\/reseradet\/landsinformation\/palestina\/","url_meta":{"origin":9729,"position":4},"title":"Palestina (V\u00e4stbanken)*","author":"Reser\u00e5det","date":"2024-10-14","format":false,"excerpt":"Information till vaccinat\u00f6rer och reser\u00e5dgivare * Informationen p\u00e5 denna sida \u00e4r direkt h\u00e4mtad fr\u00e5n \"gamla\" Reser\u00e5det. Sidan kommer att uppdateras inom kort. Lathund Resen\u00e4rskategoriTid: <3 veckorTid: 3 veckor - 3m\u00e5nTid: >3 m\u00e5nAllagrundskydd hepatit A hepatit B? (se information) h\u00e4lsor\u00e5dturistdiarr\u00e9Dessutom: hepatit BDessutom:tyfoidBCG Ytterligare information H\u00e4lsor\u00e5dL\u00e4s h\u00e4lsor\u00e5den f\u00f6r resen\u00e4rer till Fr\u00e4mre Asien\u2026","rel":"","context":"Liknande inl\u00e4gg","block_context":{"text":"Liknande inl\u00e4gg","link":""},"img":{"alt_text":"","src":"","width":0,"height":0},"classes":[]},{"id":9720,"url":"https:\/\/resemedicin.se\/reseradet\/landsinformation\/tokelau\/","url_meta":{"origin":9729,"position":5},"title":"Tokelau (Australien)*","author":"Reser\u00e5det","date":"2024-10-14","format":false,"excerpt":"Information till vaccinat\u00f6rer och reser\u00e5dgivare * Informationen p\u00e5 denna sida \u00e4r direkt h\u00e4mtad fr\u00e5n \"gamla\" Reser\u00e5det. Sidan kommer att uppdateras inom kort. Lathund Resen\u00e4rskategoriTid: <3 veckorTid: 3 veckor - 3m\u00e5nTid: >3 m\u00e5nAllagrundskydd hepatit A hepatit B? (se information) turistdiarr\u00e9 h\u00e4lsor\u00e5dDessutom: hepatit BtyfoidDessutom: Ytterligare information H\u00e4lsor\u00e5dL\u00e4s h\u00e4lsor\u00e5den f\u00f6r resen\u00e4rer till Sydostasien\u2026","rel":"","context":"Liknande inl\u00e4gg","block_context":{"text":"Liknande inl\u00e4gg","link":""},"img":{"alt_text":"","src":"","width":0,"height":0},"classes":[]}],"jetpack_sharing_enabled":true,"_links":{"self":[{"href":"https:\/\/resemedicin.se\/reseradet\/wp-json\/wp\/v2\/pages\/9729","targetHints":{"allow":["GET"]}}],"collection":[{"href":"https:\/\/resemedicin.se\/reseradet\/wp-json\/wp\/v2\/pages"}],"about":[{"href":"https:\/\/resemedicin.se\/reseradet\/wp-json\/wp\/v2\/types\/page"}],"author":[{"embeddable":true,"href":"https:\/\/resemedicin.se\/reseradet\/wp-json\/wp\/v2\/users\/1"}],"replies":[{"embeddable":true,"href":"https:\/\/resemedicin.se\/reseradet\/wp-json\/wp\/v2\/comments?post=9729"}],"version-history":[{"count":2,"href":"https:\/\/resemedicin.se\/reseradet\/wp-json\/wp\/v2\/pages\/9729\/revisions"}],"predecessor-version":[{"id":14604,"href":"https:\/\/resemedicin.se\/reseradet\/wp-json\/wp\/v2\/pages\/9729\/revisions\/14604"}],"up":[{"embeddable":true,"href":"https:\/\/resemedicin.se\/reseradet\/wp-json\/wp\/v2\/pages\/49"}],"wp:attachment":[{"href":"https:\/\/resemedicin.se\/reseradet\/wp-json\/wp\/v2\/media?parent=9729"}],"curies":[{"name":"wp","href":"https:\/\/api.w.org\/{rel}","templated":true}]}}