{"id":9703,"date":"2024-10-14T09:17:43","date_gmt":"2024-10-14T09:17:43","guid":{"rendered":"https:\/\/resemedicin.se\/reseradet\/?page_id=9703"},"modified":"2024-10-31T14:24:12","modified_gmt":"2024-10-31T14:24:12","slug":"norfolk-island","status":"publish","type":"page","link":"https:\/\/resemedicin.se\/reseradet\/landsinformation\/norfolk-island\/","title":{"rendered":"Norfolk Island (Australien)"},"content":{"rendered":"Du m\u00e5ste vara inloggad f\u00f6r att visa detta inneh\u00e5ll.","protected":false},"excerpt":{"rendered":"Du m\u00e5ste vara inloggad f\u00f6r att visa detta inneh\u00e5ll.","protected":false},"author":1,"featured_media":0,"parent":49,"menu_order":1,"comment_status":"open","ping_status":"closed","template":"","meta":{"_lmt_disableupdate":"no","_lmt_disable":"","footnotes":""},"class_list":["post-9703","page","type-page","status-publish","hentry"],"jetpack-related-posts":[{"id":49,"url":"https:\/\/resemedicin.se\/reseradet\/landsinformation\/","url_meta":{"origin":9703,"position":0},"title":"Landsinfo- och rekommendationer","author":"Reser\u00e5det","date":"2024-03-05","format":false,"excerpt":"Afrika Asien Australien och Oceanien Europa Nord- och Mellanamerika Sydamerika Patientinformation f\u00f6r utskrift (pdf) H\u00e4lsor\u00e5d och vaccinationer f\u00f6r resen\u00e4rer till Australien och Oceanien H\u00e4lsor\u00e5d och vaccinationer f\u00f6r resen\u00e4rer till Balkan, Turkiet och \u00d6steuropa H\u00e4lsor\u00e5d och vaccinationer f\u00f6r resen\u00e4rer till Indien och grannl\u00e4nder H\u00e4lsor\u00e5d och vaccinationer f\u00f6r resen\u00e4rer till Mellanamerika och\u2026","rel":"","context":"Liknande inl\u00e4gg","block_context":{"text":"Liknande inl\u00e4gg","link":""},"img":{"alt_text":"","src":"https:\/\/i0.wp.com\/resemedicin.se\/reseradet\/wp-content\/uploads\/2025\/10\/worldmap.jpg?resize=350%2C200&ssl=1","width":350,"height":200,"srcset":"https:\/\/i0.wp.com\/resemedicin.se\/reseradet\/wp-content\/uploads\/2025\/10\/worldmap.jpg?resize=350%2C200&ssl=1 1x, https:\/\/i0.wp.com\/resemedicin.se\/reseradet\/wp-content\/uploads\/2025\/10\/worldmap.jpg?resize=525%2C300&ssl=1 1.5x, https:\/\/i0.wp.com\/resemedicin.se\/reseradet\/wp-content\/uploads\/2025\/10\/worldmap.jpg?resize=700%2C400&ssl=1 2x"},"classes":[]},{"id":9090,"url":"https:\/\/resemedicin.se\/reseradet\/landsinformation\/island\/","url_meta":{"origin":9703,"position":1},"title":"Island","author":"Reser\u00e5det","date":"2024-10-08","format":false,"excerpt":"Information till vaccinat\u00f6rer och reser\u00e5dgivare Klicka p\u00e5 bilden f\u00f6r st\u00f6rre karta Kort landsinformation Vaccinationer Andra infektioner att vara observant p\u00e5 \u00d6vriga reserisker Aktuella utbrott Kort landsinformation Island (befolkning cirka 370 000 inv\u00e5nare) \u00e4r en nordatlantisk \u00f6stat bel\u00e4gen mellan Gr\u00f6nland och Norge, och \u00e4r en av de mest glesbefolkade l\u00e4nderna i\u2026","rel":"","context":"Liknande inl\u00e4gg","block_context":{"text":"Liknande inl\u00e4gg","link":""},"img":{"alt_text":"","src":"https:\/\/i0.wp.com\/resemedicin.se\/reseradet\/wp-content\/uploads\/2024\/10\/Island-karta.jpg?resize=350%2C200&ssl=1","width":350,"height":200,"srcset":"https:\/\/i0.wp.com\/resemedicin.se\/reseradet\/wp-content\/uploads\/2024\/10\/Island-karta.jpg?resize=350%2C200&ssl=1 1x, https:\/\/i0.wp.com\/resemedicin.se\/reseradet\/wp-content\/uploads\/2024\/10\/Island-karta.jpg?resize=525%2C300&ssl=1 1.5x, https:\/\/i0.wp.com\/resemedicin.se\/reseradet\/wp-content\/uploads\/2024\/10\/Island-karta.jpg?resize=700%2C400&ssl=1 2x"},"classes":[]},{"id":1004,"url":"https:\/\/resemedicin.se\/reseradet\/sjukdomar-och-vacciner\/ross-river\/","url_meta":{"origin":9703,"position":2},"title":"Ross River-feber (epidemisk polyartrit)","author":"Reser\u00e5det","date":"2024-04-10","format":false,"excerpt":"Information till vaccinat\u00f6rer och reser\u00e5dgivare Ross River, Queensland. Smitt\u00e4mnet och smittv\u00e4gar Symptom Epidemiologi Riskgrupper Prevention Utbrott Smitt\u00e4mnet och smittv\u00e4gar Ross River-feber (RRF) \u00e4r en myggburen infektionssjukdom, orsakad av infektion med Ross River-viruset (RRV). RRV \u00e4r ett RNA-virus i sl\u00e4ktet Alphavirus (familjen Togaviridae), som f\u00e5tt sitt namn fr\u00e5n Ross River i\u2026","rel":"","context":"Liknande inl\u00e4gg","block_context":{"text":"Liknande inl\u00e4gg","link":""},"img":{"alt_text":"","src":"https:\/\/i0.wp.com\/resemedicin.se\/reseradet\/wp-content\/uploads\/2024\/08\/ross-river.jpg?resize=350%2C200&ssl=1","width":350,"height":200,"srcset":"https:\/\/i0.wp.com\/resemedicin.se\/reseradet\/wp-content\/uploads\/2024\/08\/ross-river.jpg?resize=350%2C200&ssl=1 1x, https:\/\/i0.wp.com\/resemedicin.se\/reseradet\/wp-content\/uploads\/2024\/08\/ross-river.jpg?resize=525%2C300&ssl=1 1.5x, https:\/\/i0.wp.com\/resemedicin.se\/reseradet\/wp-content\/uploads\/2024\/08\/ross-river.jpg?resize=700%2C400&ssl=1 2x"},"classes":[]},{"id":7526,"url":"https:\/\/resemedicin.se\/reseradet\/landsinformation\/australien\/","url_meta":{"origin":9703,"position":3},"title":"Australien","author":"Reser\u00e5det","date":"2024-09-28","format":false,"excerpt":"Information till vaccinat\u00f6rer och reser\u00e5dgivare Klicka p\u00e5 bilden f\u00f6r st\u00f6rre karta Kort landsinformation Vaccinationer och malariaprofylax Andra infektioner att vara observant p\u00e5 \u00d6vriga reserisker Aktuella utbrott Kort landsinformation Australien (befolkning cirka 26 miljoner inv\u00e5nare) \u00e4r det sj\u00e4tte st\u00f6rsta landet i v\u00e4rlden till ytan och det st\u00f6rsta landet p\u00e5 kontinenten Oceanien.\u2026","rel":"","context":"Liknande inl\u00e4gg","block_context":{"text":"Liknande inl\u00e4gg","link":""},"img":{"alt_text":"","src":"https:\/\/i0.wp.com\/resemedicin.se\/reseradet\/wp-content\/uploads\/2024\/09\/australien-karta.jpg?resize=350%2C200&ssl=1","width":350,"height":200,"srcset":"https:\/\/i0.wp.com\/resemedicin.se\/reseradet\/wp-content\/uploads\/2024\/09\/australien-karta.jpg?resize=350%2C200&ssl=1 1x, https:\/\/i0.wp.com\/resemedicin.se\/reseradet\/wp-content\/uploads\/2024\/09\/australien-karta.jpg?resize=525%2C300&ssl=1 1.5x, https:\/\/i0.wp.com\/resemedicin.se\/reseradet\/wp-content\/uploads\/2024\/09\/australien-karta.jpg?resize=700%2C400&ssl=1 2x"},"classes":[]},{"id":1671,"url":"https:\/\/resemedicin.se\/reseradet\/sjukdomar-och-vacciner\/q-feber\/","url_meta":{"origin":9703,"position":4},"title":"Q-feber","author":"Reser\u00e5det","date":"2024-04-30","format":false,"excerpt":"Information till vaccinat\u00f6rer och reser\u00e5dgivare Smitt\u00e4mnet och smittv\u00e4gar Symptom Diagnostik och behandling Epidemiologi Riskgrupper Prevention Utbrott Smitt\u00e4mnet och smittv\u00e4gar Q-feber orsakas av bakterien\u00a0Coxiella burnetii, en mycket motst\u00e5ndskraftig intracellul\u00e4r bakterie som kan \u00f6verleva l\u00e4nge i milj\u00f6n. Den infekterar fr\u00e4mst n\u00f6tkreatur, f\u00e5r och getter men kan \u00e4ven f\u00f6rekomma hos andra d\u00e4ggdjur, inklusive\u2026","rel":"","context":"Liknande inl\u00e4gg","block_context":{"text":"Liknande inl\u00e4gg","link":""},"img":{"alt_text":"","src":"https:\/\/i0.wp.com\/resemedicin.se\/reseradet\/wp-content\/uploads\/2026\/04\/sheep-1.jpg?resize=350%2C200&ssl=1","width":350,"height":200,"srcset":"https:\/\/i0.wp.com\/resemedicin.se\/reseradet\/wp-content\/uploads\/2026\/04\/sheep-1.jpg?resize=350%2C200&ssl=1 1x, https:\/\/i0.wp.com\/resemedicin.se\/reseradet\/wp-content\/uploads\/2026\/04\/sheep-1.jpg?resize=525%2C300&ssl=1 1.5x, https:\/\/i0.wp.com\/resemedicin.se\/reseradet\/wp-content\/uploads\/2026\/04\/sheep-1.jpg?resize=700%2C400&ssl=1 2x, https:\/\/i0.wp.com\/resemedicin.se\/reseradet\/wp-content\/uploads\/2026\/04\/sheep-1.jpg?resize=1050%2C600&ssl=1 3x"},"classes":[]},{"id":9720,"url":"https:\/\/resemedicin.se\/reseradet\/landsinformation\/tokelau\/","url_meta":{"origin":9703,"position":5},"title":"Tokelau (Australien)*","author":"Reser\u00e5det","date":"2024-10-14","format":false,"excerpt":"Information till vaccinat\u00f6rer och reser\u00e5dgivare * Informationen p\u00e5 denna sida \u00e4r direkt h\u00e4mtad fr\u00e5n \"gamla\" Reser\u00e5det. Sidan kommer att uppdateras inom kort. Lathund Resen\u00e4rskategoriTid: <3 veckorTid: 3 veckor - 3m\u00e5nTid: >3 m\u00e5nAllagrundskydd hepatit A hepatit B? (se information) turistdiarr\u00e9 h\u00e4lsor\u00e5dDessutom: hepatit BtyfoidDessutom: Ytterligare information H\u00e4lsor\u00e5dL\u00e4s h\u00e4lsor\u00e5den f\u00f6r resen\u00e4rer till Sydostasien\u2026","rel":"","context":"Liknande inl\u00e4gg","block_context":{"text":"Liknande inl\u00e4gg","link":""},"img":{"alt_text":"","src":"","width":0,"height":0},"classes":[]}],"jetpack_sharing_enabled":true,"_links":{"self":[{"href":"https:\/\/resemedicin.se\/reseradet\/wp-json\/wp\/v2\/pages\/9703","targetHints":{"allow":["GET"]}}],"collection":[{"href":"https:\/\/resemedicin.se\/reseradet\/wp-json\/wp\/v2\/pages"}],"about":[{"href":"https:\/\/resemedicin.se\/reseradet\/wp-json\/wp\/v2\/types\/page"}],"author":[{"embeddable":true,"href":"https:\/\/resemedicin.se\/reseradet\/wp-json\/wp\/v2\/users\/1"}],"replies":[{"embeddable":true,"href":"https:\/\/resemedicin.se\/reseradet\/wp-json\/wp\/v2\/comments?post=9703"}],"version-history":[{"count":7,"href":"https:\/\/resemedicin.se\/reseradet\/wp-json\/wp\/v2\/pages\/9703\/revisions"}],"predecessor-version":[{"id":11987,"href":"https:\/\/resemedicin.se\/reseradet\/wp-json\/wp\/v2\/pages\/9703\/revisions\/11987"}],"up":[{"embeddable":true,"href":"https:\/\/resemedicin.se\/reseradet\/wp-json\/wp\/v2\/pages\/49"}],"wp:attachment":[{"href":"https:\/\/resemedicin.se\/reseradet\/wp-json\/wp\/v2\/media?parent=9703"}],"curies":[{"name":"wp","href":"https:\/\/api.w.org\/{rel}","templated":true}]}}