{"id":9675,"date":"2024-10-14T08:48:17","date_gmt":"2024-10-14T08:48:17","guid":{"rendered":"https:\/\/resemedicin.se\/reseradet\/?page_id=9675"},"modified":"2025-12-02T10:31:13","modified_gmt":"2025-12-02T09:31:13","slug":"guam","status":"publish","type":"page","link":"https:\/\/resemedicin.se\/reseradet\/landsinformation\/guam\/","title":{"rendered":"Guam och Nordmarianerna (USA)"},"content":{"rendered":"Du m\u00e5ste vara inloggad f\u00f6r att visa detta inneh\u00e5ll.","protected":false},"excerpt":{"rendered":"Du m\u00e5ste vara inloggad f\u00f6r att visa detta inneh\u00e5ll.","protected":false},"author":1,"featured_media":0,"parent":49,"menu_order":1,"comment_status":"open","ping_status":"closed","template":"","meta":{"_lmt_disableupdate":"no","_lmt_disable":"","footnotes":""},"class_list":["post-9675","page","type-page","status-publish","hentry"],"jetpack-related-posts":[{"id":49,"url":"https:\/\/resemedicin.se\/reseradet\/landsinformation\/","url_meta":{"origin":9675,"position":0},"title":"Landsinfo- och rekommendationer","author":"Reser\u00e5det","date":"2024-03-05","format":false,"excerpt":"Afrika Asien Australien och Oceanien Europa Nord- och Mellanamerika Sydamerika Patientinformation f\u00f6r utskrift (pdf) H\u00e4lsor\u00e5d och vaccinationer f\u00f6r resen\u00e4rer till Australien och Oceanien H\u00e4lsor\u00e5d och vaccinationer f\u00f6r resen\u00e4rer till Balkan, Turkiet och \u00d6steuropa H\u00e4lsor\u00e5d och vaccinationer f\u00f6r resen\u00e4rer till Indien och grannl\u00e4nder H\u00e4lsor\u00e5d och vaccinationer f\u00f6r resen\u00e4rer till Mellanamerika och\u2026","rel":"","context":"Liknande inl\u00e4gg","block_context":{"text":"Liknande inl\u00e4gg","link":""},"img":{"alt_text":"","src":"https:\/\/i0.wp.com\/resemedicin.se\/reseradet\/wp-content\/uploads\/2025\/10\/worldmap.jpg?resize=350%2C200&ssl=1","width":350,"height":200,"srcset":"https:\/\/i0.wp.com\/resemedicin.se\/reseradet\/wp-content\/uploads\/2025\/10\/worldmap.jpg?resize=350%2C200&ssl=1 1x, https:\/\/i0.wp.com\/resemedicin.se\/reseradet\/wp-content\/uploads\/2025\/10\/worldmap.jpg?resize=525%2C300&ssl=1 1.5x, https:\/\/i0.wp.com\/resemedicin.se\/reseradet\/wp-content\/uploads\/2025\/10\/worldmap.jpg?resize=700%2C400&ssl=1 2x"},"classes":[]},{"id":2029,"url":"https:\/\/resemedicin.se\/reseradet\/vaccination\/klorokinfosfat\/","url_meta":{"origin":9675,"position":1},"title":"Klorokinfosfat","author":"Reser\u00e5det","date":"2024-05-07","format":false,"excerpt":"Information till vaccinat\u00f6rer och reser\u00e5dgivare P.g.a. uttalad resistens anv\u00e4nds detta preparat inte l\u00e4ngre i Sverige. L\u00e4kemedlet \u00e4r avregistrerat i Sverige sedan 2025-01-20.","rel":"","context":"Liknande inl\u00e4gg","block_context":{"text":"Liknande inl\u00e4gg","link":""},"img":{"alt_text":"","src":"","width":0,"height":0},"classes":[]},{"id":13297,"url":"https:\/\/resemedicin.se\/reseradet\/prenumerera-kostnadsfritt-pa-epinytt\/","url_meta":{"origin":9675,"position":2},"title":"Prenumerera kostnadsfritt p\u00e5 EpiNytt","author":"Reser\u00e5det","date":"2025-05-12","format":false,"excerpt":"Nyhetsbrevet EpiNytt kommer vanligen ut en g\u00e5ng i veckan (p\u00e5 tisdagar) med aktuell information om utbrott och andra nyheter av relevans f\u00f6r vaccinat\u00f6rer och reser\u00e5dgivare, samt rikligt med l\u00e4nkar till bakgrundsinformation och rekommendationer p\u00e5 Reser\u00e5det Pro. Prenumeration p\u00e5 EpiNytt \u00e4r kostnadsfritt, men f\u00f6r till g\u00e5ng till Reser\u00e5det Pro kr\u00e4vs \u00e5rsprenumeration.","rel":"","context":"Liknande inl\u00e4gg","block_context":{"text":"Liknande inl\u00e4gg","link":""},"img":{"alt_text":"","src":"","width":0,"height":0},"classes":[]},{"id":7737,"url":"https:\/\/resemedicin.se\/reseradet\/landsinformation\/usa\/","url_meta":{"origin":9675,"position":3},"title":"USA","author":"Reser\u00e5det","date":"2024-09-30","format":false,"excerpt":"Information till vaccinat\u00f6rer och reser\u00e5dgivare Klicka p\u00e5 bilden f\u00f6r st\u00f6rre karta. Kort landsinformation Vaccinationer Andra infektioner att vara observant p\u00e5 \u00d6vriga reserisker Aktuella utbrott Kort landsinformation USA (befolkning cirka 332 miljoner inv\u00e5nare) \u00e4r en av v\u00e4rldens st\u00f6rsta och mest inflytelserika nationer, bel\u00e4get i Nordamerika. Landet str\u00e4cker sig fr\u00e5n Atlanten i\u2026","rel":"","context":"Liknande inl\u00e4gg","block_context":{"text":"Liknande inl\u00e4gg","link":""},"img":{"alt_text":"","src":"https:\/\/i0.wp.com\/resemedicin.se\/reseradet\/wp-content\/uploads\/2024\/09\/usa-karta.jpg?resize=350%2C200&ssl=1","width":350,"height":200,"srcset":"https:\/\/i0.wp.com\/resemedicin.se\/reseradet\/wp-content\/uploads\/2024\/09\/usa-karta.jpg?resize=350%2C200&ssl=1 1x, https:\/\/i0.wp.com\/resemedicin.se\/reseradet\/wp-content\/uploads\/2024\/09\/usa-karta.jpg?resize=525%2C300&ssl=1 1.5x, https:\/\/i0.wp.com\/resemedicin.se\/reseradet\/wp-content\/uploads\/2024\/09\/usa-karta.jpg?resize=700%2C400&ssl=1 2x"},"classes":[]},{"id":9475,"url":"https:\/\/resemedicin.se\/reseradet\/vaccination\/bedova-och-tvatta\/","url_meta":{"origin":9675,"position":4},"title":"Bed\u00f6va och tv\u00e4tta innan vaccination?","author":"Reser\u00e5det","date":"2024-10-12","format":false,"excerpt":"Information till vaccinat\u00f6rer och reser\u00e5dgivare Denna text \u00e4r skriven av Dr Lars Rombo och Dr Anja Rosdahl.\u00a0 Ingen har visat att det l\u00f6nar sig att tv\u00e4tta med alkohol f\u00f6re en injektion med vaccin. I dessa tider med en \u00f6kad milj\u00f6medvetenhet \u00e4r det kanske dags att vi slutar sprita av gammal\u2026","rel":"","context":"Liknande inl\u00e4gg","block_context":{"text":"Liknande inl\u00e4gg","link":""},"img":{"alt_text":"","src":"","width":0,"height":0},"classes":[]},{"id":2242,"url":"https:\/\/resemedicin.se\/reseradet\/vaccination\/menveo\/","url_meta":{"origin":9675,"position":5},"title":"Menveo\u00ae","author":"Reser\u00e5det","date":"2024-05-09","format":false,"excerpt":"Information till vaccinat\u00f6rer och reser\u00e5dgivare \u00d6versikt (indikation, skyddseffekt, s\u00e4kerhet) Administration och dosering Kan kombineras med Kontraindikationer och f\u00f6rsiktighet Graviditet och amning Inneh\u00e5ll F\u00f6rpackningsinformation Hantering och h\u00e5llbarhet \u00d6versikt (indikation, skyddseffekt, s\u00e4kerhet) Menveo\u00ae\u00a0(GSK) \u00e4r\u00a0(liksom det i stort likv\u00e4rdiga Nimenrix\u00ae\u00a0fr\u00e5n Pfizer)\u00a0ett 4-valent proteinkonjugerat polysackaridvaccin som ger skydd mot invasiv meningokocksjukdom med typerna A,\u2026","rel":"","context":"Liknande inl\u00e4gg","block_context":{"text":"Liknande inl\u00e4gg","link":""},"img":{"alt_text":"","src":"https:\/\/i0.wp.com\/resemedicin.se\/reseradet\/wp-content\/uploads\/2024\/09\/menveo.jpg?resize=350%2C200&ssl=1","width":350,"height":200,"srcset":"https:\/\/i0.wp.com\/resemedicin.se\/reseradet\/wp-content\/uploads\/2024\/09\/menveo.jpg?resize=350%2C200&ssl=1 1x, https:\/\/i0.wp.com\/resemedicin.se\/reseradet\/wp-content\/uploads\/2024\/09\/menveo.jpg?resize=525%2C300&ssl=1 1.5x, https:\/\/i0.wp.com\/resemedicin.se\/reseradet\/wp-content\/uploads\/2024\/09\/menveo.jpg?resize=700%2C400&ssl=1 2x, https:\/\/i0.wp.com\/resemedicin.se\/reseradet\/wp-content\/uploads\/2024\/09\/menveo.jpg?resize=1050%2C600&ssl=1 3x, https:\/\/i0.wp.com\/resemedicin.se\/reseradet\/wp-content\/uploads\/2024\/09\/menveo.jpg?resize=1400%2C800&ssl=1 4x"},"classes":[]}],"jetpack_sharing_enabled":true,"_links":{"self":[{"href":"https:\/\/resemedicin.se\/reseradet\/wp-json\/wp\/v2\/pages\/9675","targetHints":{"allow":["GET"]}}],"collection":[{"href":"https:\/\/resemedicin.se\/reseradet\/wp-json\/wp\/v2\/pages"}],"about":[{"href":"https:\/\/resemedicin.se\/reseradet\/wp-json\/wp\/v2\/types\/page"}],"author":[{"embeddable":true,"href":"https:\/\/resemedicin.se\/reseradet\/wp-json\/wp\/v2\/users\/1"}],"replies":[{"embeddable":true,"href":"https:\/\/resemedicin.se\/reseradet\/wp-json\/wp\/v2\/comments?post=9675"}],"version-history":[{"count":10,"href":"https:\/\/resemedicin.se\/reseradet\/wp-json\/wp\/v2\/pages\/9675\/revisions"}],"predecessor-version":[{"id":15600,"href":"https:\/\/resemedicin.se\/reseradet\/wp-json\/wp\/v2\/pages\/9675\/revisions\/15600"}],"up":[{"embeddable":true,"href":"https:\/\/resemedicin.se\/reseradet\/wp-json\/wp\/v2\/pages\/49"}],"wp:attachment":[{"href":"https:\/\/resemedicin.se\/reseradet\/wp-json\/wp\/v2\/media?parent=9675"}],"curies":[{"name":"wp","href":"https:\/\/api.w.org\/{rel}","templated":true}]}}