{"id":9660,"date":"2024-10-14T06:41:47","date_gmt":"2024-10-14T06:41:47","guid":{"rendered":"https:\/\/resemedicin.se\/reseradet\/?page_id=9660"},"modified":"2025-12-02T10:31:41","modified_gmt":"2025-12-02T09:31:41","slug":"cookoarna","status":"publish","type":"page","link":"https:\/\/resemedicin.se\/reseradet\/landsinformation\/cookoarna\/","title":{"rendered":"Cook\u00f6arna (Nya Zeeland)"},"content":{"rendered":"Du m\u00e5ste vara inloggad f\u00f6r att visa detta inneh\u00e5ll.","protected":false},"excerpt":{"rendered":"Du m\u00e5ste vara inloggad f\u00f6r att visa detta inneh\u00e5ll.","protected":false},"author":1,"featured_media":0,"parent":49,"menu_order":1,"comment_status":"open","ping_status":"closed","template":"","meta":{"_lmt_disableupdate":"no","_lmt_disable":"","footnotes":""},"class_list":["post-9660","page","type-page","status-publish","hentry"],"jetpack-related-posts":[{"id":7538,"url":"https:\/\/resemedicin.se\/reseradet\/landsinformation\/nya-zeeland\/","url_meta":{"origin":9660,"position":0},"title":"Nya Zeeland","author":"Reser\u00e5det","date":"2024-09-28","format":false,"excerpt":"Information till vaccinat\u00f6rer och reser\u00e5dgivare Klicka p\u00e5 bilden f\u00f6r st\u00f6rre karta. Kort landsinformation Vaccinationer och malariaprofylax Andra infektioner att vara observant p\u00e5 \u00d6vriga reserisker Aktuella utbrott Kort landsinformation Nya Zeeland (befolkning cirka 5 miljoner inv\u00e5nare) \u00e4r ett land i sydv\u00e4stra Stilla havet, best\u00e5ende av tv\u00e5 huvudsakliga \u00f6ar, Nord\u00f6n och Syd\u00f6n,\u2026","rel":"","context":"Liknande inl\u00e4gg","block_context":{"text":"Liknande inl\u00e4gg","link":""},"img":{"alt_text":"","src":"https:\/\/i0.wp.com\/resemedicin.se\/reseradet\/wp-content\/uploads\/2024\/09\/nya-zeeland-karta.jpg?resize=350%2C200&ssl=1","width":350,"height":200,"srcset":"https:\/\/i0.wp.com\/resemedicin.se\/reseradet\/wp-content\/uploads\/2024\/09\/nya-zeeland-karta.jpg?resize=350%2C200&ssl=1 1x, https:\/\/i0.wp.com\/resemedicin.se\/reseradet\/wp-content\/uploads\/2024\/09\/nya-zeeland-karta.jpg?resize=525%2C300&ssl=1 1.5x, https:\/\/i0.wp.com\/resemedicin.se\/reseradet\/wp-content\/uploads\/2024\/09\/nya-zeeland-karta.jpg?resize=700%2C400&ssl=1 2x"},"classes":[]},{"id":49,"url":"https:\/\/resemedicin.se\/reseradet\/landsinformation\/","url_meta":{"origin":9660,"position":1},"title":"Landsinfo- och rekommendationer","author":"Reser\u00e5det","date":"2024-03-05","format":false,"excerpt":"Afrika Asien Australien och Oceanien Europa Nord- och Mellanamerika Sydamerika Patientinformation f\u00f6r utskrift (pdf) H\u00e4lsor\u00e5d och vaccinationer f\u00f6r resen\u00e4rer till Australien och Oceanien H\u00e4lsor\u00e5d och vaccinationer f\u00f6r resen\u00e4rer till Balkan, Turkiet och \u00d6steuropa H\u00e4lsor\u00e5d och vaccinationer f\u00f6r resen\u00e4rer till Indien och grannl\u00e4nder H\u00e4lsor\u00e5d och vaccinationer f\u00f6r resen\u00e4rer till Mellanamerika och\u2026","rel":"","context":"Liknande inl\u00e4gg","block_context":{"text":"Liknande inl\u00e4gg","link":""},"img":{"alt_text":"","src":"https:\/\/i0.wp.com\/resemedicin.se\/reseradet\/wp-content\/uploads\/2025\/10\/worldmap.jpg?resize=350%2C200&ssl=1","width":350,"height":200,"srcset":"https:\/\/i0.wp.com\/resemedicin.se\/reseradet\/wp-content\/uploads\/2025\/10\/worldmap.jpg?resize=350%2C200&ssl=1 1x, https:\/\/i0.wp.com\/resemedicin.se\/reseradet\/wp-content\/uploads\/2025\/10\/worldmap.jpg?resize=525%2C300&ssl=1 1.5x, https:\/\/i0.wp.com\/resemedicin.se\/reseradet\/wp-content\/uploads\/2025\/10\/worldmap.jpg?resize=700%2C400&ssl=1 2x"},"classes":[]},{"id":1004,"url":"https:\/\/resemedicin.se\/reseradet\/sjukdomar-och-vacciner\/ross-river\/","url_meta":{"origin":9660,"position":2},"title":"Ross River-feber (epidemisk polyartrit)","author":"Reser\u00e5det","date":"2024-04-10","format":false,"excerpt":"Information till vaccinat\u00f6rer och reser\u00e5dgivare Ross River, Queensland. Smitt\u00e4mnet och smittv\u00e4gar Symptom Epidemiologi Riskgrupper Prevention Utbrott Smitt\u00e4mnet och smittv\u00e4gar Ross River-feber (RRF) \u00e4r en myggburen infektionssjukdom, orsakad av infektion med Ross River-viruset (RRV). RRV \u00e4r ett RNA-virus i sl\u00e4ktet Alphavirus (familjen Togaviridae), som f\u00e5tt sitt namn fr\u00e5n Ross River i\u2026","rel":"","context":"Liknande inl\u00e4gg","block_context":{"text":"Liknande inl\u00e4gg","link":""},"img":{"alt_text":"","src":"https:\/\/i0.wp.com\/resemedicin.se\/reseradet\/wp-content\/uploads\/2024\/08\/ross-river.jpg?resize=350%2C200&ssl=1","width":350,"height":200,"srcset":"https:\/\/i0.wp.com\/resemedicin.se\/reseradet\/wp-content\/uploads\/2024\/08\/ross-river.jpg?resize=350%2C200&ssl=1 1x, https:\/\/i0.wp.com\/resemedicin.se\/reseradet\/wp-content\/uploads\/2024\/08\/ross-river.jpg?resize=525%2C300&ssl=1 1.5x, https:\/\/i0.wp.com\/resemedicin.se\/reseradet\/wp-content\/uploads\/2024\/08\/ross-river.jpg?resize=700%2C400&ssl=1 2x"},"classes":[]},{"id":9697,"url":"https:\/\/resemedicin.se\/reseradet\/landsinformation\/niue\/","url_meta":{"origin":9660,"position":3},"title":"Niue (Nya Zeeland)","author":"Reser\u00e5det","date":"2024-10-14","format":false,"excerpt":"Information till vaccinat\u00f6rer och reser\u00e5dgivare Klicka p\u00e5 bilden f\u00f6r st\u00f6rre karta. Kort landsinformation Vaccinationer Andra infektioner att vara observant p\u00e5 \u00d6vriga reserisker Aktuella utbrott Kort landsinformation Niue (befolkning cirka 1 600 inv\u00e5nare) \u00e4r en liten \u00f6stat bel\u00e4gen i s\u00f6dra Stilla havet, \u00f6ster om Tonga och s\u00f6der om Samoa. Niue \u00e4r\u2026","rel":"","context":"Liknande inl\u00e4gg","block_context":{"text":"Liknande inl\u00e4gg","link":""},"img":{"alt_text":"","src":"https:\/\/i0.wp.com\/resemedicin.se\/reseradet\/wp-content\/uploads\/2024\/10\/niue-karta.jpg?resize=350%2C200&ssl=1","width":350,"height":200,"srcset":"https:\/\/i0.wp.com\/resemedicin.se\/reseradet\/wp-content\/uploads\/2024\/10\/niue-karta.jpg?resize=350%2C200&ssl=1 1x, https:\/\/i0.wp.com\/resemedicin.se\/reseradet\/wp-content\/uploads\/2024\/10\/niue-karta.jpg?resize=525%2C300&ssl=1 1.5x, https:\/\/i0.wp.com\/resemedicin.se\/reseradet\/wp-content\/uploads\/2024\/10\/niue-karta.jpg?resize=700%2C400&ssl=1 2x"},"classes":[]},{"id":2288,"url":"https:\/\/resemedicin.se\/reseradet\/vaccination\/avaxim\/","url_meta":{"origin":9660,"position":4},"title":"Avaxim\u00ae","author":"Reser\u00e5det","date":"2024-05-10","format":false,"excerpt":"Information till vaccinat\u00f6rer och reser\u00e5dgivare \u00d6versikt (indikation, skyddseffekt, s\u00e4kerhet) Administration och dosering Kan kombineras med Kontraindikationer och f\u00f6rsiktighet Graviditet och amning Inneh\u00e5ll F\u00f6rpackningsinformation Hantering och h\u00e5llbarhet Vidare information \u00d6versikt (indikation, skyddseffekt, s\u00e4kerhet) Indikation Avaxim\u00ae \u00e4r ett inaktiverat helvirusvaccin mot Hepatit A , som \u00e4r indicerat till icke-immuna vuxna och barn\u2026","rel":"","context":"Liknande inl\u00e4gg","block_context":{"text":"Liknande inl\u00e4gg","link":""},"img":{"alt_text":"","src":"https:\/\/i0.wp.com\/resemedicin.se\/reseradet\/wp-content\/uploads\/2024\/09\/Avaxim.jpg?resize=350%2C200&ssl=1","width":350,"height":200,"srcset":"https:\/\/i0.wp.com\/resemedicin.se\/reseradet\/wp-content\/uploads\/2024\/09\/Avaxim.jpg?resize=350%2C200&ssl=1 1x, https:\/\/i0.wp.com\/resemedicin.se\/reseradet\/wp-content\/uploads\/2024\/09\/Avaxim.jpg?resize=525%2C300&ssl=1 1.5x, https:\/\/i0.wp.com\/resemedicin.se\/reseradet\/wp-content\/uploads\/2024\/09\/Avaxim.jpg?resize=700%2C400&ssl=1 2x"},"classes":[]},{"id":2292,"url":"https:\/\/resemedicin.se\/reseradet\/vaccination\/vaqta\/","url_meta":{"origin":9660,"position":5},"title":"Vaqta\u00ae","author":"Reser\u00e5det","date":"2024-05-10","format":false,"excerpt":"Information till vaccinat\u00f6rer och reser\u00e5dgivare \u00d6versikt (indikation, skyddseffekt, s\u00e4kerhet) Administration och dosering Kan kombineras med Kontraindikationer och f\u00f6rsiktighet Graviditet och amning Inneh\u00e5ll F\u00f6rpackningsinformation Hantering och h\u00e5llbarhet Vidare information \u00d6versikt (indikation, skyddseffekt, s\u00e4kerhet) Indikation Vaqta\u00ae \u00e4r ett inaktiverat helvirusvaccin mot Hepatit A , som \u00e4r indicerat till friska vuxna >18 \u00e5r\u2026","rel":"","context":"Liknande inl\u00e4gg","block_context":{"text":"Liknande inl\u00e4gg","link":""},"img":{"alt_text":"","src":"https:\/\/i0.wp.com\/resemedicin.se\/reseradet\/wp-content\/uploads\/2024\/09\/vaqta.jpg?resize=350%2C200&ssl=1","width":350,"height":200,"srcset":"https:\/\/i0.wp.com\/resemedicin.se\/reseradet\/wp-content\/uploads\/2024\/09\/vaqta.jpg?resize=350%2C200&ssl=1 1x, https:\/\/i0.wp.com\/resemedicin.se\/reseradet\/wp-content\/uploads\/2024\/09\/vaqta.jpg?resize=525%2C300&ssl=1 1.5x, https:\/\/i0.wp.com\/resemedicin.se\/reseradet\/wp-content\/uploads\/2024\/09\/vaqta.jpg?resize=700%2C400&ssl=1 2x"},"classes":[]}],"jetpack_sharing_enabled":true,"_links":{"self":[{"href":"https:\/\/resemedicin.se\/reseradet\/wp-json\/wp\/v2\/pages\/9660","targetHints":{"allow":["GET"]}}],"collection":[{"href":"https:\/\/resemedicin.se\/reseradet\/wp-json\/wp\/v2\/pages"}],"about":[{"href":"https:\/\/resemedicin.se\/reseradet\/wp-json\/wp\/v2\/types\/page"}],"author":[{"embeddable":true,"href":"https:\/\/resemedicin.se\/reseradet\/wp-json\/wp\/v2\/users\/1"}],"replies":[{"embeddable":true,"href":"https:\/\/resemedicin.se\/reseradet\/wp-json\/wp\/v2\/comments?post=9660"}],"version-history":[{"count":16,"href":"https:\/\/resemedicin.se\/reseradet\/wp-json\/wp\/v2\/pages\/9660\/revisions"}],"predecessor-version":[{"id":15602,"href":"https:\/\/resemedicin.se\/reseradet\/wp-json\/wp\/v2\/pages\/9660\/revisions\/15602"}],"up":[{"embeddable":true,"href":"https:\/\/resemedicin.se\/reseradet\/wp-json\/wp\/v2\/pages\/49"}],"wp:attachment":[{"href":"https:\/\/resemedicin.se\/reseradet\/wp-json\/wp\/v2\/media?parent=9660"}],"curies":[{"name":"wp","href":"https:\/\/api.w.org\/{rel}","templated":true}]}}