{"id":9574,"date":"2024-10-13T05:30:14","date_gmt":"2024-10-13T05:30:14","guid":{"rendered":"https:\/\/resemedicin.se\/reseradet\/?page_id=9574"},"modified":"2026-04-13T09:13:36","modified_gmt":"2026-04-13T08:13:36","slug":"guinea","status":"publish","type":"page","link":"https:\/\/resemedicin.se\/reseradet\/landsinformation\/guinea\/","title":{"rendered":"Guinea (Conakry)"},"content":{"rendered":"Du m\u00e5ste vara inloggad f\u00f6r att visa detta inneh\u00e5ll.","protected":false},"excerpt":{"rendered":"Du m\u00e5ste vara inloggad f\u00f6r att visa detta inneh\u00e5ll.","protected":false},"author":1,"featured_media":0,"parent":49,"menu_order":1,"comment_status":"open","ping_status":"closed","template":"","meta":{"_lmt_disableupdate":"no","_lmt_disable":"","footnotes":""},"class_list":["post-9574","page","type-page","status-publish","hentry"],"jetpack-related-posts":[{"id":1103,"url":"https:\/\/resemedicin.se\/reseradet\/sjukdomar-och-vacciner\/lassafeber\/","url_meta":{"origin":9574,"position":0},"title":"Lassafeber","author":"Reser\u00e5det","date":"2024-04-12","format":false,"excerpt":"Information till vaccinat\u00f6rer och reser\u00e5dgivare Smitt\u00e4mne Symtom Diagnostik och behandling Epidemiologi Prevention Utbrott Smitt\u00e4mne Lassafeber \u00e4r en afrikansk bl\u00f6darfeber orsakad av lassavirus ett RNA-virus i familjen Arenavirus. Virusen i denna familj finns vanligen hos r\u00e5ttor och m\u00f6ss, men som vid enstaka tillf\u00e4llen kan smitta m\u00e4nniskor och ge upphov till en\u2026","rel":"","context":"Liknande inl\u00e4gg","block_context":{"text":"Liknande inl\u00e4gg","link":""},"img":{"alt_text":"","src":"https:\/\/i0.wp.com\/resemedicin.se\/reseradet\/wp-content\/uploads\/2024\/08\/lassafeber.jpg?resize=350%2C200&ssl=1","width":350,"height":200,"srcset":"https:\/\/i0.wp.com\/resemedicin.se\/reseradet\/wp-content\/uploads\/2024\/08\/lassafeber.jpg?resize=350%2C200&ssl=1 1x, https:\/\/i0.wp.com\/resemedicin.se\/reseradet\/wp-content\/uploads\/2024\/08\/lassafeber.jpg?resize=525%2C300&ssl=1 1.5x, https:\/\/i0.wp.com\/resemedicin.se\/reseradet\/wp-content\/uploads\/2024\/08\/lassafeber.jpg?resize=700%2C400&ssl=1 2x"},"classes":[]},{"id":1004,"url":"https:\/\/resemedicin.se\/reseradet\/sjukdomar-och-vacciner\/ross-river\/","url_meta":{"origin":9574,"position":1},"title":"Ross River-feber (epidemisk polyartrit)","author":"Reser\u00e5det","date":"2024-04-10","format":false,"excerpt":"Information till vaccinat\u00f6rer och reser\u00e5dgivare Ross River, Queensland. Smitt\u00e4mnet och smittv\u00e4gar Symptom Epidemiologi Riskgrupper Prevention Utbrott Smitt\u00e4mnet och smittv\u00e4gar Ross River-feber (RRF) \u00e4r en myggburen infektionssjukdom, orsakad av infektion med Ross River-viruset (RRV). RRV \u00e4r ett RNA-virus i sl\u00e4ktet Alphavirus (familjen Togaviridae), som f\u00e5tt sitt namn fr\u00e5n Ross River i\u2026","rel":"","context":"Liknande inl\u00e4gg","block_context":{"text":"Liknande inl\u00e4gg","link":""},"img":{"alt_text":"","src":"https:\/\/i0.wp.com\/resemedicin.se\/reseradet\/wp-content\/uploads\/2024\/08\/ross-river.jpg?resize=350%2C200&ssl=1","width":350,"height":200,"srcset":"https:\/\/i0.wp.com\/resemedicin.se\/reseradet\/wp-content\/uploads\/2024\/08\/ross-river.jpg?resize=350%2C200&ssl=1 1x, https:\/\/i0.wp.com\/resemedicin.se\/reseradet\/wp-content\/uploads\/2024\/08\/ross-river.jpg?resize=525%2C300&ssl=1 1.5x, https:\/\/i0.wp.com\/resemedicin.se\/reseradet\/wp-content\/uploads\/2024\/08\/ross-river.jpg?resize=700%2C400&ssl=1 2x"},"classes":[]},{"id":2029,"url":"https:\/\/resemedicin.se\/reseradet\/vaccination\/klorokinfosfat\/","url_meta":{"origin":9574,"position":2},"title":"Klorokinfosfat","author":"Reser\u00e5det","date":"2024-05-07","format":false,"excerpt":"Information till vaccinat\u00f6rer och reser\u00e5dgivare P.g.a. uttalad resistens anv\u00e4nds detta preparat inte l\u00e4ngre i Sverige. L\u00e4kemedlet \u00e4r avregistrerat i Sverige sedan 2025-01-20.","rel":"","context":"Liknande inl\u00e4gg","block_context":{"text":"Liknande inl\u00e4gg","link":""},"img":{"alt_text":"","src":"","width":0,"height":0},"classes":[]},{"id":13297,"url":"https:\/\/resemedicin.se\/reseradet\/prenumerera-kostnadsfritt-pa-epinytt\/","url_meta":{"origin":9574,"position":3},"title":"Prenumerera kostnadsfritt p\u00e5 EpiNytt","author":"Reser\u00e5det","date":"2025-05-12","format":false,"excerpt":"Nyhetsbrevet EpiNytt kommer vanligen ut en g\u00e5ng i veckan (p\u00e5 tisdagar) med aktuell information om utbrott och andra nyheter av relevans f\u00f6r vaccinat\u00f6rer och reser\u00e5dgivare, samt rikligt med l\u00e4nkar till bakgrundsinformation och rekommendationer p\u00e5 Reser\u00e5det Pro. Prenumeration p\u00e5 EpiNytt \u00e4r kostnadsfritt, men f\u00f6r till g\u00e5ng till Reser\u00e5det Pro kr\u00e4vs \u00e5rsprenumeration.","rel":"","context":"Liknande inl\u00e4gg","block_context":{"text":"Liknande inl\u00e4gg","link":""},"img":{"alt_text":"","src":"","width":0,"height":0},"classes":[]},{"id":9578,"url":"https:\/\/resemedicin.se\/reseradet\/landsinformation\/guineabissau\/","url_meta":{"origin":9574,"position":4},"title":"Guinea-Bissau","author":"Reser\u00e5det","date":"2024-10-13","format":false,"excerpt":"Information till vaccinat\u00f6rer och reser\u00e5dgivare Klicka p\u00e5 bilden f\u00f6r st\u00f6rre karta Kort landsinformation Vaccinationer och malariaprofylax Andra infektioner att vara observant p\u00e5 \u00d6vriga reserisker Aktuella utbrott Kort landsinformation Guinea-Bissau (befolkning cirka 2 miljoner inv\u00e5nare) \u00e4r ett litet land bel\u00e4get i V\u00e4stafrika, vid Atlanten. Det gr\u00e4nsar till Senegal i norr och\u2026","rel":"","context":"Liknande inl\u00e4gg","block_context":{"text":"Liknande inl\u00e4gg","link":""},"img":{"alt_text":"","src":"https:\/\/i0.wp.com\/resemedicin.se\/reseradet\/wp-content\/uploads\/2024\/10\/guineabissau-karta-1.jpg?resize=350%2C200&ssl=1","width":350,"height":200,"srcset":"https:\/\/i0.wp.com\/resemedicin.se\/reseradet\/wp-content\/uploads\/2024\/10\/guineabissau-karta-1.jpg?resize=350%2C200&ssl=1 1x, https:\/\/i0.wp.com\/resemedicin.se\/reseradet\/wp-content\/uploads\/2024\/10\/guineabissau-karta-1.jpg?resize=525%2C300&ssl=1 1.5x, https:\/\/i0.wp.com\/resemedicin.se\/reseradet\/wp-content\/uploads\/2024\/10\/guineabissau-karta-1.jpg?resize=700%2C400&ssl=1 2x"},"classes":[]},{"id":1886,"url":"https:\/\/resemedicin.se\/reseradet\/reserad\/afrika\/","url_meta":{"origin":9574,"position":5},"title":"Vaccinationer och h\u00e4lsor\u00e5d avseende tropiska Afrika","author":"Reser\u00e5det","date":"2024-05-04","format":false,"excerpt":"R\u00e5d till resen\u00e4rer L\u00e4nder som omfattas av dessa r\u00e5d Angola, Benin, Botswana, Burkina Faso, Burundi, Centralafrikanska Republiken, Demokratiska Republiken Kongo\u00a0(Kinshasa)\u00a0, Djibouti, Ekvatorialguinea, Elfenbenskusten, Eritrea, Eswatini (f.d. Swaziland), Etiopien, Gabon, Gambia, Ghana, Guinea (Conakry), Guinea-Bissau, Kamerun, Kap Verde, Kenya, Komorerna, Lesotho, Liberia, Madagaskar, Malawi, Mali, Mauretanien, Mauritius, Mayotte (Frankrike), Mo\u00e7ambique, Namibia,\u2026","rel":"","context":"Liknande inl\u00e4gg","block_context":{"text":"Liknande inl\u00e4gg","link":""},"img":{"alt_text":"","src":"","width":0,"height":0},"classes":[]}],"jetpack_sharing_enabled":true,"_links":{"self":[{"href":"https:\/\/resemedicin.se\/reseradet\/wp-json\/wp\/v2\/pages\/9574","targetHints":{"allow":["GET"]}}],"collection":[{"href":"https:\/\/resemedicin.se\/reseradet\/wp-json\/wp\/v2\/pages"}],"about":[{"href":"https:\/\/resemedicin.se\/reseradet\/wp-json\/wp\/v2\/types\/page"}],"author":[{"embeddable":true,"href":"https:\/\/resemedicin.se\/reseradet\/wp-json\/wp\/v2\/users\/1"}],"replies":[{"embeddable":true,"href":"https:\/\/resemedicin.se\/reseradet\/wp-json\/wp\/v2\/comments?post=9574"}],"version-history":[{"count":26,"href":"https:\/\/resemedicin.se\/reseradet\/wp-json\/wp\/v2\/pages\/9574\/revisions"}],"predecessor-version":[{"id":16624,"href":"https:\/\/resemedicin.se\/reseradet\/wp-json\/wp\/v2\/pages\/9574\/revisions\/16624"}],"up":[{"embeddable":true,"href":"https:\/\/resemedicin.se\/reseradet\/wp-json\/wp\/v2\/pages\/49"}],"wp:attachment":[{"href":"https:\/\/resemedicin.se\/reseradet\/wp-json\/wp\/v2\/media?parent=9574"}],"curies":[{"name":"wp","href":"https:\/\/api.w.org\/{rel}","templated":true}]}}