{"id":9194,"date":"2024-10-09T06:05:46","date_gmt":"2024-10-09T06:05:46","guid":{"rendered":"https:\/\/resemedicin.se\/reseradet\/?page_id=9194"},"modified":"2024-10-31T14:24:11","modified_gmt":"2024-10-31T14:24:11","slug":"finland","status":"publish","type":"page","link":"https:\/\/resemedicin.se\/reseradet\/landsinformation\/finland\/","title":{"rendered":"Finland"},"content":{"rendered":"Du m\u00e5ste vara inloggad f\u00f6r att visa detta inneh\u00e5ll.","protected":false},"excerpt":{"rendered":"Du m\u00e5ste vara inloggad f\u00f6r att visa detta inneh\u00e5ll.","protected":false},"author":1,"featured_media":0,"parent":49,"menu_order":1,"comment_status":"open","ping_status":"closed","template":"","meta":{"_lmt_disableupdate":"no","_lmt_disable":"","footnotes":""},"class_list":["post-9194","page","type-page","status-publish","hentry"],"jetpack-related-posts":[{"id":16,"url":"https:\/\/resemedicin.se\/reseradet\/om-reseradet\/","url_meta":{"origin":9194,"position":0},"title":"Om oss","author":"Reser\u00e5det","date":"2024-03-04","format":false,"excerpt":"RESER\u00c5DET \u00e4r Sveriges st\u00f6rsta oberoende kunskapsakt\u00f6r inom vaccinationer och reser\u00e5dgivning. Vi erbjuder genom portalen Reser\u00e5det Pro med fr\u00e5getj\u00e4nsten Svar ig\u00e5r, nyhetsbrevet EpiNytt samt kurser och e-utbildningar i Reser\u00e5det Vaccinakademis ett helt\u00e4ckande st\u00f6d till mer \u00e4n 500 vaccinationsmottagningar I Sverige, Norge och Finland.\u00a0Vi kan \u00e4ven erbjuda skr\u00e4ddarsydda l\u00f6sningar som passar just\u2026","rel":"","context":"Liknande inl\u00e4gg","block_context":{"text":"Liknande inl\u00e4gg","link":""},"img":{"alt_text":"","src":"https:\/\/i0.wp.com\/resemedicin.se\/reseradet\/wp-content\/uploads\/2026\/03\/banner-reseradet.jpg?resize=350%2C200&ssl=1","width":350,"height":200,"srcset":"https:\/\/i0.wp.com\/resemedicin.se\/reseradet\/wp-content\/uploads\/2026\/03\/banner-reseradet.jpg?resize=350%2C200&ssl=1 1x, https:\/\/i0.wp.com\/resemedicin.se\/reseradet\/wp-content\/uploads\/2026\/03\/banner-reseradet.jpg?resize=525%2C300&ssl=1 1.5x, https:\/\/i0.wp.com\/resemedicin.se\/reseradet\/wp-content\/uploads\/2026\/03\/banner-reseradet.jpg?resize=700%2C400&ssl=1 2x"},"classes":[]},{"id":2029,"url":"https:\/\/resemedicin.se\/reseradet\/vaccination\/klorokinfosfat\/","url_meta":{"origin":9194,"position":1},"title":"Klorokinfosfat","author":"Reser\u00e5det","date":"2024-05-07","format":false,"excerpt":"Information till vaccinat\u00f6rer och reser\u00e5dgivare P.g.a. uttalad resistens anv\u00e4nds detta preparat inte l\u00e4ngre i Sverige. L\u00e4kemedlet \u00e4r avregistrerat i Sverige sedan 2025-01-20.","rel":"","context":"Liknande inl\u00e4gg","block_context":{"text":"Liknande inl\u00e4gg","link":""},"img":{"alt_text":"","src":"","width":0,"height":0},"classes":[]},{"id":1008,"url":"https:\/\/resemedicin.se\/reseradet\/sjukdomar-och-vacciner\/tularemi\/","url_meta":{"origin":9194,"position":2},"title":"Tularemi (harpest)","author":"Reser\u00e5det","date":"2024-04-10","format":false,"excerpt":"Information till vaccinat\u00f6rer och reser\u00e5dgivare Tularemis\u00e5r finger. K\u00e4lla: CDC. Smitt\u00e4mnet och smittv\u00e4gar Symptom Diagnostik och behandling Epidemiologi Riskgrupper Prevention Utbrott Smitt\u00e4mnet och smittv\u00e4gar Tularemi (harpest) \u00e4r en zoonotisk febersjukdom orsakad av den gramnegativa bakterien Francisella tularensis, som kan likna tyfoidfeber. F. tularensis \u00e4r begr\u00e4nsad till till norra halvklotet och finns\u2026","rel":"","context":"Liknande inl\u00e4gg","block_context":{"text":"Liknande inl\u00e4gg","link":""},"img":{"alt_text":"","src":"https:\/\/i0.wp.com\/resemedicin.se\/reseradet\/wp-content\/uploads\/2024\/08\/tularemi-finger.jpg?resize=350%2C200&ssl=1","width":350,"height":200,"srcset":"https:\/\/i0.wp.com\/resemedicin.se\/reseradet\/wp-content\/uploads\/2024\/08\/tularemi-finger.jpg?resize=350%2C200&ssl=1 1x, https:\/\/i0.wp.com\/resemedicin.se\/reseradet\/wp-content\/uploads\/2024\/08\/tularemi-finger.jpg?resize=525%2C300&ssl=1 1.5x, https:\/\/i0.wp.com\/resemedicin.se\/reseradet\/wp-content\/uploads\/2024\/08\/tularemi-finger.jpg?resize=700%2C400&ssl=1 2x, https:\/\/i0.wp.com\/resemedicin.se\/reseradet\/wp-content\/uploads\/2024\/08\/tularemi-finger.jpg?resize=1050%2C600&ssl=1 3x"},"classes":[]},{"id":13297,"url":"https:\/\/resemedicin.se\/reseradet\/prenumerera-kostnadsfritt-pa-epinytt\/","url_meta":{"origin":9194,"position":3},"title":"Prenumerera kostnadsfritt p\u00e5 EpiNytt","author":"Reser\u00e5det","date":"2025-05-12","format":false,"excerpt":"Nyhetsbrevet EpiNytt kommer vanligen ut en g\u00e5ng i veckan (p\u00e5 tisdagar) med aktuell information om utbrott och andra nyheter av relevans f\u00f6r vaccinat\u00f6rer och reser\u00e5dgivare, samt rikligt med l\u00e4nkar till bakgrundsinformation och rekommendationer p\u00e5 Reser\u00e5det Pro. Prenumeration p\u00e5 EpiNytt \u00e4r kostnadsfritt, men f\u00f6r till g\u00e5ng till Reser\u00e5det Pro kr\u00e4vs \u00e5rsprenumeration.","rel":"","context":"Liknande inl\u00e4gg","block_context":{"text":"Liknande inl\u00e4gg","link":""},"img":{"alt_text":"","src":"","width":0,"height":0},"classes":[]},{"id":13884,"url":"https:\/\/resemedicin.se\/reseradet\/referenser\/","url_meta":{"origin":9194,"position":4},"title":"V\u00e5r evidensbas","author":"Reser\u00e5det","date":"2025-06-10","format":false,"excerpt":"Fakta, r\u00e5d och rekommendationer bygger p\u00e5 ett stort antal svenska och internationella k\u00e4llor, varav m\u00e5nga \u00e4r listade nedan. Svenska k\u00e4llor Folkh\u00e4lsomyndigheten Infektionsl\u00e4karf\u00f6reningen InfPreg Internetmedicin L\u00e4kemedelsverket Rikshandboken Barnh\u00e4lsov\u00e5rd (Gr\u00f6na Boken) Brittiska k\u00e4llor UK Green book NaTHNaC - Travel Health Pro Gov UK - Infectious Diseases Fit for Travel (NHS Scotland) Amerikanska\u2026","rel":"","context":"Liknande inl\u00e4gg","block_context":{"text":"Liknande inl\u00e4gg","link":""},"img":{"alt_text":"","src":"","width":0,"height":0},"classes":[]},{"id":9475,"url":"https:\/\/resemedicin.se\/reseradet\/vaccination\/bedova-och-tvatta\/","url_meta":{"origin":9194,"position":5},"title":"Bed\u00f6va och tv\u00e4tta innan vaccination?","author":"Reser\u00e5det","date":"2024-10-12","format":false,"excerpt":"Information till vaccinat\u00f6rer och reser\u00e5dgivare Denna text \u00e4r skriven av Dr Lars Rombo och Dr Anja Rosdahl.\u00a0 Ingen har visat att det l\u00f6nar sig att tv\u00e4tta med alkohol f\u00f6re en injektion med vaccin. I dessa tider med en \u00f6kad milj\u00f6medvetenhet \u00e4r det kanske dags att vi slutar sprita av gammal\u2026","rel":"","context":"Liknande inl\u00e4gg","block_context":{"text":"Liknande inl\u00e4gg","link":""},"img":{"alt_text":"","src":"","width":0,"height":0},"classes":[]}],"jetpack_sharing_enabled":true,"_links":{"self":[{"href":"https:\/\/resemedicin.se\/reseradet\/wp-json\/wp\/v2\/pages\/9194","targetHints":{"allow":["GET"]}}],"collection":[{"href":"https:\/\/resemedicin.se\/reseradet\/wp-json\/wp\/v2\/pages"}],"about":[{"href":"https:\/\/resemedicin.se\/reseradet\/wp-json\/wp\/v2\/types\/page"}],"author":[{"embeddable":true,"href":"https:\/\/resemedicin.se\/reseradet\/wp-json\/wp\/v2\/users\/1"}],"replies":[{"embeddable":true,"href":"https:\/\/resemedicin.se\/reseradet\/wp-json\/wp\/v2\/comments?post=9194"}],"version-history":[{"count":5,"href":"https:\/\/resemedicin.se\/reseradet\/wp-json\/wp\/v2\/pages\/9194\/revisions"}],"predecessor-version":[{"id":11953,"href":"https:\/\/resemedicin.se\/reseradet\/wp-json\/wp\/v2\/pages\/9194\/revisions\/11953"}],"up":[{"embeddable":true,"href":"https:\/\/resemedicin.se\/reseradet\/wp-json\/wp\/v2\/pages\/49"}],"wp:attachment":[{"href":"https:\/\/resemedicin.se\/reseradet\/wp-json\/wp\/v2\/media?parent=9194"}],"curies":[{"name":"wp","href":"https:\/\/api.w.org\/{rel}","templated":true}]}}