{"id":8977,"date":"2024-10-08T08:13:17","date_gmt":"2024-10-08T08:13:17","guid":{"rendered":"https:\/\/resemedicin.se\/reseradet\/?page_id=8977"},"modified":"2025-12-02T10:47:37","modified_gmt":"2025-12-02T09:47:37","slug":"saintbarthelemy","status":"publish","type":"page","link":"https:\/\/resemedicin.se\/reseradet\/landsinformation\/saintbarthelemy\/","title":{"rendered":"Saint Barth\u00e9lemy (Frankrike)"},"content":{"rendered":"Du m\u00e5ste vara inloggad f\u00f6r att visa detta inneh\u00e5ll.","protected":false},"excerpt":{"rendered":"Du m\u00e5ste vara inloggad f\u00f6r att visa detta inneh\u00e5ll.","protected":false},"author":1,"featured_media":0,"parent":49,"menu_order":1,"comment_status":"open","ping_status":"closed","template":"","meta":{"_lmt_disableupdate":"no","_lmt_disable":"","footnotes":""},"class_list":["post-8977","page","type-page","status-publish","hentry"],"jetpack-related-posts":[{"id":49,"url":"https:\/\/resemedicin.se\/reseradet\/landsinformation\/","url_meta":{"origin":8977,"position":0},"title":"Landsinfo- och rekommendationer","author":"Reser\u00e5det","date":"2024-03-05","format":false,"excerpt":"Afrika Asien Australien och Oceanien Europa Nord- och Mellanamerika Sydamerika Patientinformation f\u00f6r utskrift (pdf) H\u00e4lsor\u00e5d och vaccinationer f\u00f6r resen\u00e4rer till Australien och Oceanien H\u00e4lsor\u00e5d och vaccinationer f\u00f6r resen\u00e4rer till Balkan, Turkiet och \u00d6steuropa H\u00e4lsor\u00e5d och vaccinationer f\u00f6r resen\u00e4rer till Indien och grannl\u00e4nder H\u00e4lsor\u00e5d och vaccinationer f\u00f6r resen\u00e4rer till Mellanamerika och\u2026","rel":"","context":"Liknande inl\u00e4gg","block_context":{"text":"Liknande inl\u00e4gg","link":""},"img":{"alt_text":"","src":"https:\/\/i0.wp.com\/resemedicin.se\/reseradet\/wp-content\/uploads\/2025\/10\/worldmap.jpg?resize=350%2C200&ssl=1","width":350,"height":200,"srcset":"https:\/\/i0.wp.com\/resemedicin.se\/reseradet\/wp-content\/uploads\/2025\/10\/worldmap.jpg?resize=350%2C200&ssl=1 1x, https:\/\/i0.wp.com\/resemedicin.se\/reseradet\/wp-content\/uploads\/2025\/10\/worldmap.jpg?resize=525%2C300&ssl=1 1.5x, https:\/\/i0.wp.com\/resemedicin.se\/reseradet\/wp-content\/uploads\/2025\/10\/worldmap.jpg?resize=700%2C400&ssl=1 2x"},"classes":[]},{"id":8962,"url":"https:\/\/resemedicin.se\/reseradet\/landsinformation\/saintmartin\/","url_meta":{"origin":8977,"position":1},"title":"Saint Martin (Frankrike) och Sint Maarten (Nederl\u00e4nderna)","author":"Reser\u00e5det","date":"2024-10-08","format":false,"excerpt":"Information till vaccinat\u00f6rer och reser\u00e5dgivare Klicka p\u00e5 bilden f\u00f6r st\u00f6rre karta Kort landsinformation och turistm\u00e5l Vaccinationer Andra infektioner att vara observant p\u00e5 \u00d6vriga reserisker Aktuella utbrott Kort landsinformation och turistm\u00e5l Saint Martin (befolkning cirka 75 000 inv\u00e5nare) \u00e4r en unik \u00f6 i Karibiska havet som \u00e4r delad mellan tv\u00e5 nationer:\u2026","rel":"","context":"Liknande inl\u00e4gg","block_context":{"text":"Liknande inl\u00e4gg","link":""},"img":{"alt_text":"","src":"https:\/\/i0.wp.com\/resemedicin.se\/reseradet\/wp-content\/uploads\/2024\/10\/saintmartin-karta.jpg?resize=350%2C200&ssl=1","width":350,"height":200,"srcset":"https:\/\/i0.wp.com\/resemedicin.se\/reseradet\/wp-content\/uploads\/2024\/10\/saintmartin-karta.jpg?resize=350%2C200&ssl=1 1x, https:\/\/i0.wp.com\/resemedicin.se\/reseradet\/wp-content\/uploads\/2024\/10\/saintmartin-karta.jpg?resize=525%2C300&ssl=1 1.5x, https:\/\/i0.wp.com\/resemedicin.se\/reseradet\/wp-content\/uploads\/2024\/10\/saintmartin-karta.jpg?resize=700%2C400&ssl=1 2x"},"classes":[]},{"id":9016,"url":"https:\/\/resemedicin.se\/reseradet\/landsinformation\/saintvincent\/","url_meta":{"origin":8977,"position":2},"title":"Saint Vincent och Grenadinerna","author":"Reser\u00e5det","date":"2024-10-08","format":false,"excerpt":"Information till vaccinat\u00f6rer och reser\u00e5dgivare Klicka p\u00e5 bilden f\u00f6r st\u00f6rre karta Kort landsinformation och turistm\u00e5l Vaccinationer Andra infektioner att vara observant p\u00e5 \u00d6vriga reserisker Aktuella utbrott Kort landsinformation och turistm\u00e5l Saint Vincent och Grenadinerna (befolkning cirka 110 000 inv\u00e5nare) \u00e4r en \u00f6stat i \u00f6stra Karibiska havet, bel\u00e4gen s\u00f6der om Saint\u2026","rel":"","context":"Liknande inl\u00e4gg","block_context":{"text":"Liknande inl\u00e4gg","link":""},"img":{"alt_text":"","src":"https:\/\/i0.wp.com\/resemedicin.se\/reseradet\/wp-content\/uploads\/2024\/10\/Saintvincent-karta.jpg?resize=350%2C200&ssl=1","width":350,"height":200,"srcset":"https:\/\/i0.wp.com\/resemedicin.se\/reseradet\/wp-content\/uploads\/2024\/10\/Saintvincent-karta.jpg?resize=350%2C200&ssl=1 1x, https:\/\/i0.wp.com\/resemedicin.se\/reseradet\/wp-content\/uploads\/2024\/10\/Saintvincent-karta.jpg?resize=525%2C300&ssl=1 1.5x, https:\/\/i0.wp.com\/resemedicin.se\/reseradet\/wp-content\/uploads\/2024\/10\/Saintvincent-karta.jpg?resize=700%2C400&ssl=1 2x"},"classes":[]},{"id":8989,"url":"https:\/\/resemedicin.se\/reseradet\/landsinformation\/saintkitts\/","url_meta":{"origin":8977,"position":3},"title":"Saint Kitts och Nevis","author":"Reser\u00e5det","date":"2024-10-08","format":false,"excerpt":"Information till vaccinat\u00f6rer och reser\u00e5dgivare Klicka p\u00e5 bilden f\u00f6r st\u00f6rre karta Kort landsinformation och turistm\u00e5l Vaccinationer Andra infektioner att vara observant p\u00e5 \u00d6vriga reserisker Aktuella utbrott Kort landsinformation och turistm\u00e5l Saint Kitts och Nevis (befolkning cirka 53 000 inv\u00e5nare) \u00e4r en liten \u00f6stat bel\u00e4gen i \u00f6stra Karibiska havet, sydost om\u2026","rel":"","context":"Liknande inl\u00e4gg","block_context":{"text":"Liknande inl\u00e4gg","link":""},"img":{"alt_text":"","src":"https:\/\/i0.wp.com\/resemedicin.se\/reseradet\/wp-content\/uploads\/2024\/10\/stkitts-karta.jpg?resize=350%2C200&ssl=1","width":350,"height":200,"srcset":"https:\/\/i0.wp.com\/resemedicin.se\/reseradet\/wp-content\/uploads\/2024\/10\/stkitts-karta.jpg?resize=350%2C200&ssl=1 1x, https:\/\/i0.wp.com\/resemedicin.se\/reseradet\/wp-content\/uploads\/2024\/10\/stkitts-karta.jpg?resize=525%2C300&ssl=1 1.5x, https:\/\/i0.wp.com\/resemedicin.se\/reseradet\/wp-content\/uploads\/2024\/10\/stkitts-karta.jpg?resize=700%2C400&ssl=1 2x"},"classes":[]},{"id":8998,"url":"https:\/\/resemedicin.se\/reseradet\/landsinformation\/saintlucia\/","url_meta":{"origin":8977,"position":4},"title":"Saint Lucia","author":"Reser\u00e5det","date":"2024-10-08","format":false,"excerpt":"Information till vaccinat\u00f6rer och reser\u00e5dgivare Klicka p\u00e5 bilden f\u00f6r st\u00f6rre karta Kort landsinformation och turistm\u00e5l Vaccinationer Andra infektioner att vara observant p\u00e5 \u00d6vriga reserisker Aktuella utbrott Kort landsinformation och turistm\u00e5l Saint Lucia (befolkning cirka 180 000 inv\u00e5nare) \u00e4r en \u00f6stat bel\u00e4gen i \u00f6stra Karibiska havet, s\u00f6der om Martinique och norr\u2026","rel":"","context":"Liknande inl\u00e4gg","block_context":{"text":"Liknande inl\u00e4gg","link":""},"img":{"alt_text":"","src":"https:\/\/i0.wp.com\/resemedicin.se\/reseradet\/wp-content\/uploads\/2024\/10\/saintlucia-karta.jpg?resize=350%2C200&ssl=1","width":350,"height":200,"srcset":"https:\/\/i0.wp.com\/resemedicin.se\/reseradet\/wp-content\/uploads\/2024\/10\/saintlucia-karta.jpg?resize=350%2C200&ssl=1 1x, https:\/\/i0.wp.com\/resemedicin.se\/reseradet\/wp-content\/uploads\/2024\/10\/saintlucia-karta.jpg?resize=525%2C300&ssl=1 1.5x, https:\/\/i0.wp.com\/resemedicin.se\/reseradet\/wp-content\/uploads\/2024\/10\/saintlucia-karta.jpg?resize=700%2C400&ssl=1 2x"},"classes":[]},{"id":8129,"url":"https:\/\/resemedicin.se\/reseradet\/landsinformation\/frankrike\/","url_meta":{"origin":8977,"position":5},"title":"Frankrike, Monaco och Andorra","author":"Reser\u00e5det","date":"2024-10-03","format":false,"excerpt":"Information till vaccinat\u00f6rer och reser\u00e5dgivare Klicka p\u00e5 bilden f\u00f6r st\u00f6rre karta Kort landsinformation Vaccinationer Andra infektioner att vara observant p\u00e5 \u00d6vriga reserisker Aktuella utbrott Kort landsinformation Frankrike (befolkning cirka 68 miljoner inv\u00e5nare) \u00e4r bel\u00e4get i V\u00e4steuropa och gr\u00e4nsar till Belgien, Luxemburg, Tyskland, Schweiz, Italien, Monaco, Spanien och Andorra. Landet har\u2026","rel":"","context":"Liknande inl\u00e4gg","block_context":{"text":"Liknande inl\u00e4gg","link":""},"img":{"alt_text":"","src":"https:\/\/i0.wp.com\/resemedicin.se\/reseradet\/wp-content\/uploads\/2024\/10\/frankrike-karta.jpg?resize=350%2C200&ssl=1","width":350,"height":200,"srcset":"https:\/\/i0.wp.com\/resemedicin.se\/reseradet\/wp-content\/uploads\/2024\/10\/frankrike-karta.jpg?resize=350%2C200&ssl=1 1x, https:\/\/i0.wp.com\/resemedicin.se\/reseradet\/wp-content\/uploads\/2024\/10\/frankrike-karta.jpg?resize=525%2C300&ssl=1 1.5x, https:\/\/i0.wp.com\/resemedicin.se\/reseradet\/wp-content\/uploads\/2024\/10\/frankrike-karta.jpg?resize=700%2C400&ssl=1 2x"},"classes":[]}],"jetpack_sharing_enabled":true,"_links":{"self":[{"href":"https:\/\/resemedicin.se\/reseradet\/wp-json\/wp\/v2\/pages\/8977","targetHints":{"allow":["GET"]}}],"collection":[{"href":"https:\/\/resemedicin.se\/reseradet\/wp-json\/wp\/v2\/pages"}],"about":[{"href":"https:\/\/resemedicin.se\/reseradet\/wp-json\/wp\/v2\/types\/page"}],"author":[{"embeddable":true,"href":"https:\/\/resemedicin.se\/reseradet\/wp-json\/wp\/v2\/users\/1"}],"replies":[{"embeddable":true,"href":"https:\/\/resemedicin.se\/reseradet\/wp-json\/wp\/v2\/comments?post=8977"}],"version-history":[{"count":13,"href":"https:\/\/resemedicin.se\/reseradet\/wp-json\/wp\/v2\/pages\/8977\/revisions"}],"predecessor-version":[{"id":15630,"href":"https:\/\/resemedicin.se\/reseradet\/wp-json\/wp\/v2\/pages\/8977\/revisions\/15630"}],"up":[{"embeddable":true,"href":"https:\/\/resemedicin.se\/reseradet\/wp-json\/wp\/v2\/pages\/49"}],"wp:attachment":[{"href":"https:\/\/resemedicin.se\/reseradet\/wp-json\/wp\/v2\/media?parent=8977"}],"curies":[{"name":"wp","href":"https:\/\/api.w.org\/{rel}","templated":true}]}}