{"id":8788,"date":"2024-10-06T20:26:17","date_gmt":"2024-10-06T20:26:17","guid":{"rendered":"https:\/\/resemedicin.se\/reseradet\/?page_id=8788"},"modified":"2025-12-02T10:56:14","modified_gmt":"2025-12-02T09:56:14","slug":"aruba","status":"publish","type":"page","link":"https:\/\/resemedicin.se\/reseradet\/landsinformation\/aruba\/","title":{"rendered":"Aruba (Nederl\u00e4nderna)"},"content":{"rendered":"Du m\u00e5ste vara inloggad f\u00f6r att visa detta inneh\u00e5ll.","protected":false},"excerpt":{"rendered":"Du m\u00e5ste vara inloggad f\u00f6r att visa detta inneh\u00e5ll.","protected":false},"author":1,"featured_media":0,"parent":49,"menu_order":1,"comment_status":"open","ping_status":"closed","template":"","meta":{"_lmt_disableupdate":"no","_lmt_disable":"","footnotes":""},"class_list":["post-8788","page","type-page","status-publish","hentry"],"jetpack-related-posts":[{"id":49,"url":"https:\/\/resemedicin.se\/reseradet\/landsinformation\/","url_meta":{"origin":8788,"position":0},"title":"Landsinfo- och rekommendationer","author":"Reser\u00e5det","date":"2024-03-05","format":false,"excerpt":"Afrika Asien Australien och Oceanien Europa Nord- och Mellanamerika Sydamerika Patientinformation f\u00f6r utskrift (pdf) H\u00e4lsor\u00e5d och vaccinationer f\u00f6r resen\u00e4rer till Australien och Oceanien H\u00e4lsor\u00e5d och vaccinationer f\u00f6r resen\u00e4rer till Balkan, Turkiet och \u00d6steuropa H\u00e4lsor\u00e5d och vaccinationer f\u00f6r resen\u00e4rer till Indien och grannl\u00e4nder H\u00e4lsor\u00e5d och vaccinationer f\u00f6r resen\u00e4rer till Mellanamerika och\u2026","rel":"","context":"Liknande inl\u00e4gg","block_context":{"text":"Liknande inl\u00e4gg","link":""},"img":{"alt_text":"","src":"https:\/\/i0.wp.com\/resemedicin.se\/reseradet\/wp-content\/uploads\/2025\/10\/worldmap.jpg?resize=350%2C200&ssl=1","width":350,"height":200,"srcset":"https:\/\/i0.wp.com\/resemedicin.se\/reseradet\/wp-content\/uploads\/2025\/10\/worldmap.jpg?resize=350%2C200&ssl=1 1x, https:\/\/i0.wp.com\/resemedicin.se\/reseradet\/wp-content\/uploads\/2025\/10\/worldmap.jpg?resize=525%2C300&ssl=1 1.5x, https:\/\/i0.wp.com\/resemedicin.se\/reseradet\/wp-content\/uploads\/2025\/10\/worldmap.jpg?resize=700%2C400&ssl=1 2x"},"classes":[]},{"id":9051,"url":"https:\/\/resemedicin.se\/reseradet\/landsinformation\/nederlanderna\/","url_meta":{"origin":8788,"position":1},"title":"Nederl\u00e4nderna","author":"Reser\u00e5det","date":"2024-10-08","format":false,"excerpt":"Information till vaccinat\u00f6rer och reser\u00e5dgivare Klicka p\u00e5 bilden f\u00f6r st\u00f6rre karta Kort landsinformation Vaccinationer Andra infektioner att vara observant p\u00e5 \u00d6vriga reserisker Aktuella utbrott Kort landsinformation Nederl\u00e4nderna (befolkning cirka 17,5 miljoner inv\u00e5nare) \u00e4r ett land i V\u00e4steuropa, som gr\u00e4nsar till Belgien i s\u00f6der, Tyskland i \u00f6ster och Nordsj\u00f6n i v\u00e4ster\u2026","rel":"","context":"Liknande inl\u00e4gg","block_context":{"text":"Liknande inl\u00e4gg","link":""},"img":{"alt_text":"","src":"https:\/\/i0.wp.com\/resemedicin.se\/reseradet\/wp-content\/uploads\/2024\/10\/nederlanderna-karta.jpg?resize=350%2C200&ssl=1","width":350,"height":200,"srcset":"https:\/\/i0.wp.com\/resemedicin.se\/reseradet\/wp-content\/uploads\/2024\/10\/nederlanderna-karta.jpg?resize=350%2C200&ssl=1 1x, https:\/\/i0.wp.com\/resemedicin.se\/reseradet\/wp-content\/uploads\/2024\/10\/nederlanderna-karta.jpg?resize=525%2C300&ssl=1 1.5x, https:\/\/i0.wp.com\/resemedicin.se\/reseradet\/wp-content\/uploads\/2024\/10\/nederlanderna-karta.jpg?resize=700%2C400&ssl=1 2x"},"classes":[]},{"id":2029,"url":"https:\/\/resemedicin.se\/reseradet\/vaccination\/klorokinfosfat\/","url_meta":{"origin":8788,"position":2},"title":"Klorokinfosfat","author":"Reser\u00e5det","date":"2024-05-07","format":false,"excerpt":"Information till vaccinat\u00f6rer och reser\u00e5dgivare P.g.a. uttalad resistens anv\u00e4nds detta preparat inte l\u00e4ngre i Sverige. L\u00e4kemedlet \u00e4r avregistrerat i Sverige sedan 2025-01-20.","rel":"","context":"Liknande inl\u00e4gg","block_context":{"text":"Liknande inl\u00e4gg","link":""},"img":{"alt_text":"","src":"","width":0,"height":0},"classes":[]},{"id":1707,"url":"https:\/\/resemedicin.se\/reseradet\/sjukdomar-och-vacciner\/melioidos\/","url_meta":{"origin":8788,"position":3},"title":"Melioidos","author":"Reser\u00e5det","date":"2024-05-01","format":false,"excerpt":"Information till vaccinat\u00f6rer och reser\u00e5dgivare Smitt\u00e4mnet och smittv\u00e4gar Symptom Diagnostik och behandling Epidemiologi Riskgrupper Prevention Utbrott Smitt\u00e4mnet och smittv\u00e4gar Melioidos orsakas av den gramnegativa bacillen Burkholderia pseudomallei. Bakterierna finns naturligt i mark och vatten och \u00e4r brett spridda i tropiska och subtropiska l\u00e4nder, s\u00e4rskilt i Sydostasien, Sydasien och norra Australien.\u2026","rel":"","context":"Liknande inl\u00e4gg","block_context":{"text":"Liknande inl\u00e4gg","link":""},"img":{"alt_text":"","src":"https:\/\/i0.wp.com\/resemedicin.se\/reseradet\/wp-content\/uploads\/2024\/08\/melioidos-karta.jpg?resize=350%2C200&ssl=1","width":350,"height":200,"srcset":"https:\/\/i0.wp.com\/resemedicin.se\/reseradet\/wp-content\/uploads\/2024\/08\/melioidos-karta.jpg?resize=350%2C200&ssl=1 1x, https:\/\/i0.wp.com\/resemedicin.se\/reseradet\/wp-content\/uploads\/2024\/08\/melioidos-karta.jpg?resize=525%2C300&ssl=1 1.5x, https:\/\/i0.wp.com\/resemedicin.se\/reseradet\/wp-content\/uploads\/2024\/08\/melioidos-karta.jpg?resize=700%2C400&ssl=1 2x"},"classes":[]},{"id":13297,"url":"https:\/\/resemedicin.se\/reseradet\/prenumerera-kostnadsfritt-pa-epinytt\/","url_meta":{"origin":8788,"position":4},"title":"Prenumerera kostnadsfritt p\u00e5 EpiNytt","author":"Reser\u00e5det","date":"2025-05-12","format":false,"excerpt":"Nyhetsbrevet EpiNytt kommer vanligen ut en g\u00e5ng i veckan (p\u00e5 tisdagar) med aktuell information om utbrott och andra nyheter av relevans f\u00f6r vaccinat\u00f6rer och reser\u00e5dgivare, samt rikligt med l\u00e4nkar till bakgrundsinformation och rekommendationer p\u00e5 Reser\u00e5det Pro. Prenumeration p\u00e5 EpiNytt \u00e4r kostnadsfritt, men f\u00f6r till g\u00e5ng till Reser\u00e5det Pro kr\u00e4vs \u00e5rsprenumeration.","rel":"","context":"Liknande inl\u00e4gg","block_context":{"text":"Liknande inl\u00e4gg","link":""},"img":{"alt_text":"","src":"","width":0,"height":0},"classes":[]},{"id":9042,"url":"https:\/\/resemedicin.se\/reseradet\/landsinformation\/belgien\/","url_meta":{"origin":8788,"position":5},"title":"Belgien","author":"Reser\u00e5det","date":"2024-10-08","format":false,"excerpt":"Information till vaccinat\u00f6rer och reser\u00e5dgivare Klicka p\u00e5 bilden f\u00f6r st\u00f6rre karta Kort landsinformation Vaccinationer Andra infektioner att vara observant p\u00e5 \u00d6vriga reserisker Aktuella utbrott Kort landsinformation Belgien (befolkning cirka 11,5 miljoner inv\u00e5nare) \u00e4r ett litet, men t\u00e4tt befolkat land i V\u00e4steuropa. Det gr\u00e4nsar till Nederl\u00e4nderna i norr, Tyskland i \u00f6ster,\u2026","rel":"","context":"Liknande inl\u00e4gg","block_context":{"text":"Liknande inl\u00e4gg","link":""},"img":{"alt_text":"","src":"https:\/\/i0.wp.com\/resemedicin.se\/reseradet\/wp-content\/uploads\/2024\/10\/belgien-karta.jpg?resize=350%2C200&ssl=1","width":350,"height":200,"srcset":"https:\/\/i0.wp.com\/resemedicin.se\/reseradet\/wp-content\/uploads\/2024\/10\/belgien-karta.jpg?resize=350%2C200&ssl=1 1x, https:\/\/i0.wp.com\/resemedicin.se\/reseradet\/wp-content\/uploads\/2024\/10\/belgien-karta.jpg?resize=525%2C300&ssl=1 1.5x, https:\/\/i0.wp.com\/resemedicin.se\/reseradet\/wp-content\/uploads\/2024\/10\/belgien-karta.jpg?resize=700%2C400&ssl=1 2x"},"classes":[]}],"jetpack_sharing_enabled":true,"_links":{"self":[{"href":"https:\/\/resemedicin.se\/reseradet\/wp-json\/wp\/v2\/pages\/8788","targetHints":{"allow":["GET"]}}],"collection":[{"href":"https:\/\/resemedicin.se\/reseradet\/wp-json\/wp\/v2\/pages"}],"about":[{"href":"https:\/\/resemedicin.se\/reseradet\/wp-json\/wp\/v2\/types\/page"}],"author":[{"embeddable":true,"href":"https:\/\/resemedicin.se\/reseradet\/wp-json\/wp\/v2\/users\/1"}],"replies":[{"embeddable":true,"href":"https:\/\/resemedicin.se\/reseradet\/wp-json\/wp\/v2\/comments?post=8788"}],"version-history":[{"count":8,"href":"https:\/\/resemedicin.se\/reseradet\/wp-json\/wp\/v2\/pages\/8788\/revisions"}],"predecessor-version":[{"id":15643,"href":"https:\/\/resemedicin.se\/reseradet\/wp-json\/wp\/v2\/pages\/8788\/revisions\/15643"}],"up":[{"embeddable":true,"href":"https:\/\/resemedicin.se\/reseradet\/wp-json\/wp\/v2\/pages\/49"}],"wp:attachment":[{"href":"https:\/\/resemedicin.se\/reseradet\/wp-json\/wp\/v2\/media?parent=8788"}],"curies":[{"name":"wp","href":"https:\/\/api.w.org\/{rel}","templated":true}]}}