{"id":8349,"date":"2024-10-04T07:46:40","date_gmt":"2024-10-04T07:46:40","guid":{"rendered":"https:\/\/resemedicin.se\/reseradet\/?page_id=8349"},"modified":"2024-10-31T14:24:10","modified_gmt":"2024-10-31T14:24:10","slug":"eswatini","status":"publish","type":"page","link":"https:\/\/resemedicin.se\/reseradet\/landsinformation\/eswatini\/","title":{"rendered":"Eswatini (f.d. Swaziland)"},"content":{"rendered":"Du m\u00e5ste vara inloggad f\u00f6r att visa detta inneh\u00e5ll.","protected":false},"excerpt":{"rendered":"Du m\u00e5ste vara inloggad f\u00f6r att visa detta inneh\u00e5ll.","protected":false},"author":1,"featured_media":0,"parent":49,"menu_order":1,"comment_status":"open","ping_status":"closed","template":"","meta":{"_lmt_disableupdate":"no","_lmt_disable":"","footnotes":""},"class_list":["post-8349","page","type-page","status-publish","hentry"],"jetpack-related-posts":[{"id":49,"url":"https:\/\/resemedicin.se\/reseradet\/landsinformation\/","url_meta":{"origin":8349,"position":0},"title":"Landsinfo- och rekommendationer","author":"Reser\u00e5det","date":"2024-03-05","format":false,"excerpt":"Afrika Asien Australien och Oceanien Europa Nord- och Mellanamerika Sydamerika Patientinformation f\u00f6r utskrift (pdf) H\u00e4lsor\u00e5d och vaccinationer f\u00f6r resen\u00e4rer till Australien och Oceanien H\u00e4lsor\u00e5d och vaccinationer f\u00f6r resen\u00e4rer till Balkan, Turkiet och \u00d6steuropa H\u00e4lsor\u00e5d och vaccinationer f\u00f6r resen\u00e4rer till Indien och grannl\u00e4nder H\u00e4lsor\u00e5d och vaccinationer f\u00f6r resen\u00e4rer till Mellanamerika och\u2026","rel":"","context":"Liknande inl\u00e4gg","block_context":{"text":"Liknande inl\u00e4gg","link":""},"img":{"alt_text":"","src":"https:\/\/i0.wp.com\/resemedicin.se\/reseradet\/wp-content\/uploads\/2025\/10\/worldmap.jpg?resize=350%2C200&ssl=1","width":350,"height":200,"srcset":"https:\/\/i0.wp.com\/resemedicin.se\/reseradet\/wp-content\/uploads\/2025\/10\/worldmap.jpg?resize=350%2C200&ssl=1 1x, https:\/\/i0.wp.com\/resemedicin.se\/reseradet\/wp-content\/uploads\/2025\/10\/worldmap.jpg?resize=525%2C300&ssl=1 1.5x, https:\/\/i0.wp.com\/resemedicin.se\/reseradet\/wp-content\/uploads\/2025\/10\/worldmap.jpg?resize=700%2C400&ssl=1 2x"},"classes":[]},{"id":9456,"url":"https:\/\/resemedicin.se\/reseradet\/vaccination\/adoptivbarn-invandrare-besokare\/","url_meta":{"origin":8349,"position":1},"title":"Grundskydd hos adoptivbarn, invandrare och tillf\u00e4lliga bes\u00f6kare","author":"Reser\u00e5det","date":"2024-10-12","format":false,"excerpt":"Information till vaccinat\u00f6rer och reser\u00e5dgivare\u00a0 \u00c4ven om grunddragen \u00e4r gemensamma s\u00e5 kan vaccinationsschema i olika l\u00e4nder avsev\u00e4rt skilja sig \u00e5t i sina detaljer, vilket kan skapa os\u00e4kerhet inf\u00f6r st\u00e4llningstagande till vaccination av invandrare, adoptivbarn och tillf\u00e4lliga bes\u00f6kare. Inom EU har harmoniseringsf\u00f6rs\u00f6k gjorts men vaccinationsprogrammen \u00e4r s\u00e5 djupt rotade i traditioner\u2026","rel":"","context":"Liknande inl\u00e4gg","block_context":{"text":"Liknande inl\u00e4gg","link":""},"img":{"alt_text":"","src":"","width":0,"height":0},"classes":[]},{"id":1886,"url":"https:\/\/resemedicin.se\/reseradet\/reserad\/afrika\/","url_meta":{"origin":8349,"position":2},"title":"Vaccinationer och h\u00e4lsor\u00e5d avseende tropiska Afrika","author":"Reser\u00e5det","date":"2024-05-04","format":false,"excerpt":"R\u00e5d till resen\u00e4rer L\u00e4nder som omfattas av dessa r\u00e5d Angola, Benin, Botswana, Burkina Faso, Burundi, Centralafrikanska Republiken, Demokratiska Republiken Kongo\u00a0(Kinshasa)\u00a0, Djibouti, Ekvatorialguinea, Elfenbenskusten, Eritrea, Eswatini (f.d. Swaziland), Etiopien, Gabon, Gambia, Ghana, Guinea (Conakry), Guinea-Bissau, Kamerun, Kap Verde, Kenya, Komorerna, Lesotho, Liberia, Madagaskar, Malawi, Mali, Mauretanien, Mauritius, Mayotte (Frankrike), Mo\u00e7ambique, Namibia,\u2026","rel":"","context":"Liknande inl\u00e4gg","block_context":{"text":"Liknande inl\u00e4gg","link":""},"img":{"alt_text":"","src":"","width":0,"height":0},"classes":[]},{"id":2029,"url":"https:\/\/resemedicin.se\/reseradet\/vaccination\/klorokinfosfat\/","url_meta":{"origin":8349,"position":3},"title":"Klorokinfosfat","author":"Reser\u00e5det","date":"2024-05-07","format":false,"excerpt":"Information till vaccinat\u00f6rer och reser\u00e5dgivare P.g.a. uttalad resistens anv\u00e4nds detta preparat inte l\u00e4ngre i Sverige. L\u00e4kemedlet \u00e4r avregistrerat i Sverige sedan 2025-01-20.","rel":"","context":"Liknande inl\u00e4gg","block_context":{"text":"Liknande inl\u00e4gg","link":""},"img":{"alt_text":"","src":"","width":0,"height":0},"classes":[]},{"id":1689,"url":"https:\/\/resemedicin.se\/reseradet\/sjukdomar-och-vacciner\/hepatit-c\/","url_meta":{"origin":8349,"position":4},"title":"Hepatit C","author":"Reser\u00e5det","date":"2024-05-01","format":false,"excerpt":"Information till vaccinat\u00f6rer och reser\u00e5dgivare Smitt\u00e4mnet och smittv\u00e4gar Symtom Diagnostik och behandling Epidemiologi Riskgrupper Prevention Utbrott Smitt\u00e4mnet och smittv\u00e4gar Hepatit C-virus (HCV) \u00e4r ett RNA-virus som orsakar hepatit C. Sju distinkta HCV-genotyper och 67 subtyper har identifierats, vars f\u00f6rdelning varierar geografiskt \u00f6ver hela v\u00e4rlden. HCV smittar vanligen via blod och\u2026","rel":"","context":"Liknande inl\u00e4gg","block_context":{"text":"Liknande inl\u00e4gg","link":""},"img":{"alt_text":"","src":"https:\/\/i0.wp.com\/resemedicin.se\/reseradet\/wp-content\/uploads\/2024\/08\/hepatit-c.jpg?resize=350%2C200&ssl=1","width":350,"height":200,"srcset":"https:\/\/i0.wp.com\/resemedicin.se\/reseradet\/wp-content\/uploads\/2024\/08\/hepatit-c.jpg?resize=350%2C200&ssl=1 1x, https:\/\/i0.wp.com\/resemedicin.se\/reseradet\/wp-content\/uploads\/2024\/08\/hepatit-c.jpg?resize=525%2C300&ssl=1 1.5x, https:\/\/i0.wp.com\/resemedicin.se\/reseradet\/wp-content\/uploads\/2024\/08\/hepatit-c.jpg?resize=700%2C400&ssl=1 2x"},"classes":[]},{"id":13297,"url":"https:\/\/resemedicin.se\/reseradet\/prenumerera-kostnadsfritt-pa-epinytt\/","url_meta":{"origin":8349,"position":5},"title":"Prenumerera kostnadsfritt p\u00e5 EpiNytt","author":"Reser\u00e5det","date":"2025-05-12","format":false,"excerpt":"Nyhetsbrevet EpiNytt kommer vanligen ut en g\u00e5ng i veckan (p\u00e5 tisdagar) med aktuell information om utbrott och andra nyheter av relevans f\u00f6r vaccinat\u00f6rer och reser\u00e5dgivare, samt rikligt med l\u00e4nkar till bakgrundsinformation och rekommendationer p\u00e5 Reser\u00e5det Pro. Prenumeration p\u00e5 EpiNytt \u00e4r kostnadsfritt, men f\u00f6r till g\u00e5ng till Reser\u00e5det Pro kr\u00e4vs \u00e5rsprenumeration.","rel":"","context":"Liknande inl\u00e4gg","block_context":{"text":"Liknande inl\u00e4gg","link":""},"img":{"alt_text":"","src":"","width":0,"height":0},"classes":[]}],"jetpack_sharing_enabled":true,"_links":{"self":[{"href":"https:\/\/resemedicin.se\/reseradet\/wp-json\/wp\/v2\/pages\/8349","targetHints":{"allow":["GET"]}}],"collection":[{"href":"https:\/\/resemedicin.se\/reseradet\/wp-json\/wp\/v2\/pages"}],"about":[{"href":"https:\/\/resemedicin.se\/reseradet\/wp-json\/wp\/v2\/types\/page"}],"author":[{"embeddable":true,"href":"https:\/\/resemedicin.se\/reseradet\/wp-json\/wp\/v2\/users\/1"}],"replies":[{"embeddable":true,"href":"https:\/\/resemedicin.se\/reseradet\/wp-json\/wp\/v2\/comments?post=8349"}],"version-history":[{"count":12,"href":"https:\/\/resemedicin.se\/reseradet\/wp-json\/wp\/v2\/pages\/8349\/revisions"}],"predecessor-version":[{"id":11896,"href":"https:\/\/resemedicin.se\/reseradet\/wp-json\/wp\/v2\/pages\/8349\/revisions\/11896"}],"up":[{"embeddable":true,"href":"https:\/\/resemedicin.se\/reseradet\/wp-json\/wp\/v2\/pages\/49"}],"wp:attachment":[{"href":"https:\/\/resemedicin.se\/reseradet\/wp-json\/wp\/v2\/media?parent=8349"}],"curies":[{"name":"wp","href":"https:\/\/api.w.org\/{rel}","templated":true}]}}