{"id":8281,"date":"2024-10-03T15:46:47","date_gmt":"2024-10-03T15:46:47","guid":{"rendered":"https:\/\/resemedicin.se\/reseradet\/?page_id=8281"},"modified":"2026-03-26T10:54:02","modified_gmt":"2026-03-26T09:54:02","slug":"komorerna","status":"publish","type":"page","link":"https:\/\/resemedicin.se\/reseradet\/landsinformation\/komorerna\/","title":{"rendered":"Komorerna"},"content":{"rendered":"Du m\u00e5ste vara inloggad f\u00f6r att visa detta inneh\u00e5ll.","protected":false},"excerpt":{"rendered":"Du m\u00e5ste vara inloggad f\u00f6r att visa detta inneh\u00e5ll.","protected":false},"author":1,"featured_media":0,"parent":49,"menu_order":1,"comment_status":"open","ping_status":"closed","template":"","meta":{"_lmt_disableupdate":"no","_lmt_disable":"","footnotes":""},"class_list":["post-8281","page","type-page","status-publish","hentry"],"jetpack-related-posts":[{"id":2029,"url":"https:\/\/resemedicin.se\/reseradet\/vaccination\/klorokinfosfat\/","url_meta":{"origin":8281,"position":0},"title":"Klorokinfosfat","author":"Reser\u00e5det","date":"2024-05-07","format":false,"excerpt":"Information till vaccinat\u00f6rer och reser\u00e5dgivare P.g.a. uttalad resistens anv\u00e4nds detta preparat inte l\u00e4ngre i Sverige. L\u00e4kemedlet \u00e4r avregistrerat i Sverige sedan 2025-01-20.","rel":"","context":"Liknande inl\u00e4gg","block_context":{"text":"Liknande inl\u00e4gg","link":""},"img":{"alt_text":"","src":"","width":0,"height":0},"classes":[]},{"id":13297,"url":"https:\/\/resemedicin.se\/reseradet\/prenumerera-kostnadsfritt-pa-epinytt\/","url_meta":{"origin":8281,"position":1},"title":"Prenumerera kostnadsfritt p\u00e5 EpiNytt","author":"Reser\u00e5det","date":"2025-05-12","format":false,"excerpt":"Nyhetsbrevet EpiNytt kommer vanligen ut en g\u00e5ng i veckan (p\u00e5 tisdagar) med aktuell information om utbrott och andra nyheter av relevans f\u00f6r vaccinat\u00f6rer och reser\u00e5dgivare, samt rikligt med l\u00e4nkar till bakgrundsinformation och rekommendationer p\u00e5 Reser\u00e5det Pro. Prenumeration p\u00e5 EpiNytt \u00e4r kostnadsfritt, men f\u00f6r till g\u00e5ng till Reser\u00e5det Pro kr\u00e4vs \u00e5rsprenumeration.","rel":"","context":"Liknande inl\u00e4gg","block_context":{"text":"Liknande inl\u00e4gg","link":""},"img":{"alt_text":"","src":"","width":0,"height":0},"classes":[]},{"id":9475,"url":"https:\/\/resemedicin.se\/reseradet\/vaccination\/bedova-och-tvatta\/","url_meta":{"origin":8281,"position":2},"title":"Bed\u00f6va och tv\u00e4tta innan vaccination?","author":"Reser\u00e5det","date":"2024-10-12","format":false,"excerpt":"Information till vaccinat\u00f6rer och reser\u00e5dgivare Denna text \u00e4r skriven av Dr Lars Rombo och Dr Anja Rosdahl.\u00a0 Ingen har visat att det l\u00f6nar sig att tv\u00e4tta med alkohol f\u00f6re en injektion med vaccin. I dessa tider med en \u00f6kad milj\u00f6medvetenhet \u00e4r det kanske dags att vi slutar sprita av gammal\u2026","rel":"","context":"Liknande inl\u00e4gg","block_context":{"text":"Liknande inl\u00e4gg","link":""},"img":{"alt_text":"","src":"","width":0,"height":0},"classes":[]},{"id":9610,"url":"https:\/\/resemedicin.se\/reseradet\/landsinformation\/sankt-helena\/","url_meta":{"origin":8281,"position":3},"title":"Sankt Helena*","author":"Reser\u00e5det","date":"2024-10-13","format":false,"excerpt":"Information till vaccinat\u00f6rer och reser\u00e5dgivare * Informationen p\u00e5 denna sida \u00e4r direkt h\u00e4mtad fr\u00e5n \"gamla\" Reser\u00e5det. Sidan kommer att uppdateras inom kort. Lathund Resen\u00e4rskategoriTid: <3 veckorTid: 3 veckor - 3m\u00e5nTid: >3 m\u00e5nAllagrundskydd hepatit A hepatit B? (se information) h\u00e4lsor\u00e5dDessutom: hepatit BDessutom:tyfoid Ytterligare information H\u00e4lsor\u00e5dL\u00e4s h\u00e4lsor\u00e5den f\u00f6r resen\u00e4rer till tropiska Afrika.GrundskyddFolkh\u00e4lsomyndigheten\u2026","rel":"","context":"Liknande inl\u00e4gg","block_context":{"text":"Liknande inl\u00e4gg","link":""},"img":{"alt_text":"","src":"","width":0,"height":0},"classes":[]},{"id":9671,"url":"https:\/\/resemedicin.se\/reseradet\/landsinformation\/pitcairn\/","url_meta":{"origin":8281,"position":4},"title":"Pitcairn\u00f6arna*","author":"Reser\u00e5det","date":"2024-10-14","format":false,"excerpt":"Information till vaccinat\u00f6rer och reser\u00e5dgivare * Informationen p\u00e5 denna sida \u00e4r direkt h\u00e4mtad fr\u00e5n \"gamla\" Reser\u00e5det. Sidan kommer att uppdateras inom kort. Lathund Resen\u00e4rskategoriTid: <3 veckorTid: 3 veckor - 3m\u00e5nTid: >3 m\u00e5nAllagrundskydd hepatit A hepatit B? (se information) turistdiarr\u00e9 h\u00e4lsor\u00e5dDessutom: hepatit BtyfoidDessutom: Ytterligare information H\u00e4lsor\u00e5dL\u00e4s h\u00e4lsor\u00e5den f\u00f6r resen\u00e4rer till Sydostasien\u2026","rel":"","context":"Liknande inl\u00e4gg","block_context":{"text":"Liknande inl\u00e4gg","link":""},"img":{"alt_text":"","src":"","width":0,"height":0},"classes":[]},{"id":12788,"url":"https:\/\/resemedicin.se\/reseradet\/vaccination\/barnvaccinationsprogrammet-tabell\/","url_meta":{"origin":8281,"position":5},"title":"Barnvaccinationsprogrammet &#8211; tabell","author":"Reser\u00e5det","date":"2025-03-18","format":false,"excerpt":"Information till vaccinat\u00f6rer och reser\u00e5dgivare Vaccinationer och antal doser som sannolikt givits inom ramen f\u00f6r det nationella barnvaccinationsprogrammet Nedanst\u00e5ende tabell \u00e4r baserat p\u00e5 material fr\u00e5n Lars Lindquist. Vaccindoser som \u00e4r ers\u00e4ttningsdoser f\u00f6r perioder n\u00e4r s\u00e4mre vaccin anv\u00e4nts har r\u00e4knats bort ur det totala antalet doser men tidpunkten n\u00e4r ers\u00e4ttningsdosen \u00e4r\u2026","rel":"","context":"Liknande inl\u00e4gg","block_context":{"text":"Liknande inl\u00e4gg","link":""},"img":{"alt_text":"","src":"https:\/\/i0.wp.com\/resemedicin.se\/reseradet\/wp-content\/uploads\/2024\/09\/barnvaccinationsprogrammet.jpg?resize=350%2C200&ssl=1","width":350,"height":200,"srcset":"https:\/\/i0.wp.com\/resemedicin.se\/reseradet\/wp-content\/uploads\/2024\/09\/barnvaccinationsprogrammet.jpg?resize=350%2C200&ssl=1 1x, https:\/\/i0.wp.com\/resemedicin.se\/reseradet\/wp-content\/uploads\/2024\/09\/barnvaccinationsprogrammet.jpg?resize=525%2C300&ssl=1 1.5x, https:\/\/i0.wp.com\/resemedicin.se\/reseradet\/wp-content\/uploads\/2024\/09\/barnvaccinationsprogrammet.jpg?resize=700%2C400&ssl=1 2x"},"classes":[]}],"jetpack_sharing_enabled":true,"_links":{"self":[{"href":"https:\/\/resemedicin.se\/reseradet\/wp-json\/wp\/v2\/pages\/8281","targetHints":{"allow":["GET"]}}],"collection":[{"href":"https:\/\/resemedicin.se\/reseradet\/wp-json\/wp\/v2\/pages"}],"about":[{"href":"https:\/\/resemedicin.se\/reseradet\/wp-json\/wp\/v2\/types\/page"}],"author":[{"embeddable":true,"href":"https:\/\/resemedicin.se\/reseradet\/wp-json\/wp\/v2\/users\/1"}],"replies":[{"embeddable":true,"href":"https:\/\/resemedicin.se\/reseradet\/wp-json\/wp\/v2\/comments?post=8281"}],"version-history":[{"count":20,"href":"https:\/\/resemedicin.se\/reseradet\/wp-json\/wp\/v2\/pages\/8281\/revisions"}],"predecessor-version":[{"id":16379,"href":"https:\/\/resemedicin.se\/reseradet\/wp-json\/wp\/v2\/pages\/8281\/revisions\/16379"}],"up":[{"embeddable":true,"href":"https:\/\/resemedicin.se\/reseradet\/wp-json\/wp\/v2\/pages\/49"}],"wp:attachment":[{"href":"https:\/\/resemedicin.se\/reseradet\/wp-json\/wp\/v2\/media?parent=8281"}],"curies":[{"name":"wp","href":"https:\/\/api.w.org\/{rel}","templated":true}]}}