{"id":7234,"date":"2024-09-25T20:28:27","date_gmt":"2024-09-25T20:28:27","guid":{"rendered":"https:\/\/resemedicin.se\/reseradet\/?page_id=7234"},"modified":"2026-04-20T07:52:42","modified_gmt":"2026-04-20T06:52:42","slug":"uganda","status":"publish","type":"page","link":"https:\/\/resemedicin.se\/reseradet\/landsinformation\/uganda\/","title":{"rendered":"Uganda"},"content":{"rendered":"Du m\u00e5ste vara inloggad f\u00f6r att visa detta inneh\u00e5ll.","protected":false},"excerpt":{"rendered":"Du m\u00e5ste vara inloggad f\u00f6r att visa detta inneh\u00e5ll.","protected":false},"author":1,"featured_media":0,"parent":49,"menu_order":1,"comment_status":"open","ping_status":"closed","template":"","meta":{"_lmt_disableupdate":"no","_lmt_disable":"","footnotes":""},"class_list":["post-7234","page","type-page","status-publish","hentry"],"jetpack-related-posts":[{"id":4599,"url":"https:\/\/resemedicin.se\/reseradet\/sjukdomar-och-vacciner\/marburg\/","url_meta":{"origin":7234,"position":0},"title":"Marburgfeber","author":"Reser\u00e5det","date":"2024-08-28","format":false,"excerpt":"Information till vaccinat\u00f6rer och reser\u00e5dgivare Rousettus aegyptiacus, Maramagambo Forest, Uganda Smitt\u00e4mnet och smittv\u00e4gar Symptom Diagnostik och behandling Epidemiologi Riskgrupper Prevention Utbrott Smitt\u00e4mnet och smittv\u00e4gar Marburgvirus \u00e4r enkelstr\u00e4ngade RNA-virus som tillh\u00f6r familjen Filoviridae. Arten inkluderar tv\u00e5 virus, Marburgvirus och Ravnvirus, som b\u00e5da orsakar kliniskt oskiljbar sjukdom orsakat epidemier av den hemorragiska\u2026","rel":"","context":"Liknande inl\u00e4gg","block_context":{"text":"Liknande inl\u00e4gg","link":""},"img":{"alt_text":"","src":"https:\/\/i0.wp.com\/resemedicin.se\/reseradet\/wp-content\/uploads\/2024\/08\/Rousettus-aegypticus.jpg?resize=350%2C200&ssl=1","width":350,"height":200,"srcset":"https:\/\/i0.wp.com\/resemedicin.se\/reseradet\/wp-content\/uploads\/2024\/08\/Rousettus-aegypticus.jpg?resize=350%2C200&ssl=1 1x, https:\/\/i0.wp.com\/resemedicin.se\/reseradet\/wp-content\/uploads\/2024\/08\/Rousettus-aegypticus.jpg?resize=525%2C300&ssl=1 1.5x, https:\/\/i0.wp.com\/resemedicin.se\/reseradet\/wp-content\/uploads\/2024\/08\/Rousettus-aegypticus.jpg?resize=700%2C400&ssl=1 2x"},"classes":[]},{"id":981,"url":"https:\/\/resemedicin.se\/reseradet\/sjukdomar-och-vacciner\/afrikansk-somnsjuka\/","url_meta":{"origin":7234,"position":1},"title":"Afrikansk trypanosomiasis (s\u00f6mnsjuka)","author":"Reser\u00e5det","date":"2024-04-10","format":false,"excerpt":"Information till vaccinat\u00f6rer och reser\u00e5dgivare Blodutstryck med Trypanosoma brucei-parasiter. Smitt\u00e4mnet och smittv\u00e4gar Symtom Diagnostik och behandling Epidemiologi Riskgrupper Prevention Aktuella utbrott Smitt\u00e4mnet och smittv\u00e4gar Afrikansk s\u00f6mnsjuka (trypanosomiasis) \u00e4r en infektion av parasiten Trypanosoma brucei som smittar via bett av tsetseflugan. Den vanligaste formen med ett l\u00e5ngsammare f\u00f6rlopp \u00e4r den v\u00e4stafrikanska\u2026","rel":"","context":"Liknande inl\u00e4gg","block_context":{"text":"Liknande inl\u00e4gg","link":""},"img":{"alt_text":"","src":"https:\/\/i0.wp.com\/resemedicin.se\/reseradet\/wp-content\/uploads\/2024\/04\/somnsjuka-patienter.jpg?resize=350%2C200&ssl=1","width":350,"height":200,"srcset":"https:\/\/i0.wp.com\/resemedicin.se\/reseradet\/wp-content\/uploads\/2024\/04\/somnsjuka-patienter.jpg?resize=350%2C200&ssl=1 1x, https:\/\/i0.wp.com\/resemedicin.se\/reseradet\/wp-content\/uploads\/2024\/04\/somnsjuka-patienter.jpg?resize=525%2C300&ssl=1 1.5x, https:\/\/i0.wp.com\/resemedicin.se\/reseradet\/wp-content\/uploads\/2024\/04\/somnsjuka-patienter.jpg?resize=700%2C400&ssl=1 2x"},"classes":[]},{"id":4595,"url":"https:\/\/resemedicin.se\/reseradet\/sjukdomar-och-vacciner\/ebola\/","url_meta":{"origin":7234,"position":2},"title":"Ebolafeber","author":"Reser\u00e5det","date":"2024-08-28","format":false,"excerpt":"Information till vaccinat\u00f6rer och reser\u00e5dgivare Smitt\u00e4mnet och smittv\u00e4gar Symptom Diagnostik och behandling Epidemiologi Riskgrupper Prevention Vaccin Utbrott Smitt\u00e4mnet och smittv\u00e4gar Ebolavirus \u00e4r en medlem av familjen Filoviridae, vilken innefattar fyra afrikanska humanpatogena arter: Zaire ebolavirus, Bundibugyo ebolavirus, Ta\u00ef Forest ebolavirus och Sudan ebolavirus. Ebolavirus klassificeras som BSL-4-patogen och kr\u00e4ver d\u00e4rmed\u2026","rel":"","context":"Liknande inl\u00e4gg","block_context":{"text":"Liknande inl\u00e4gg","link":""},"img":{"alt_text":"","src":"https:\/\/i0.wp.com\/resemedicin.se\/reseradet\/wp-content\/uploads\/2024\/08\/Ebola_virus.jpg?resize=350%2C200&ssl=1","width":350,"height":200,"srcset":"https:\/\/i0.wp.com\/resemedicin.se\/reseradet\/wp-content\/uploads\/2024\/08\/Ebola_virus.jpg?resize=350%2C200&ssl=1 1x, https:\/\/i0.wp.com\/resemedicin.se\/reseradet\/wp-content\/uploads\/2024\/08\/Ebola_virus.jpg?resize=525%2C300&ssl=1 1.5x, https:\/\/i0.wp.com\/resemedicin.se\/reseradet\/wp-content\/uploads\/2024\/08\/Ebola_virus.jpg?resize=700%2C400&ssl=1 2x"},"classes":[]},{"id":2029,"url":"https:\/\/resemedicin.se\/reseradet\/vaccination\/klorokinfosfat\/","url_meta":{"origin":7234,"position":3},"title":"Klorokinfosfat","author":"Reser\u00e5det","date":"2024-05-07","format":false,"excerpt":"Information till vaccinat\u00f6rer och reser\u00e5dgivare P.g.a. uttalad resistens anv\u00e4nds detta preparat inte l\u00e4ngre i Sverige. L\u00e4kemedlet \u00e4r avregistrerat i Sverige sedan 2025-01-20.","rel":"","context":"Liknande inl\u00e4gg","block_context":{"text":"Liknande inl\u00e4gg","link":""},"img":{"alt_text":"","src":"","width":0,"height":0},"classes":[]},{"id":13297,"url":"https:\/\/resemedicin.se\/reseradet\/prenumerera-kostnadsfritt-pa-epinytt\/","url_meta":{"origin":7234,"position":4},"title":"Prenumerera kostnadsfritt p\u00e5 EpiNytt","author":"Reser\u00e5det","date":"2025-05-12","format":false,"excerpt":"Nyhetsbrevet EpiNytt kommer vanligen ut en g\u00e5ng i veckan (p\u00e5 tisdagar) med aktuell information om utbrott och andra nyheter av relevans f\u00f6r vaccinat\u00f6rer och reser\u00e5dgivare, samt rikligt med l\u00e4nkar till bakgrundsinformation och rekommendationer p\u00e5 Reser\u00e5det Pro. Prenumeration p\u00e5 EpiNytt \u00e4r kostnadsfritt, men f\u00f6r till g\u00e5ng till Reser\u00e5det Pro kr\u00e4vs \u00e5rsprenumeration.","rel":"","context":"Liknande inl\u00e4gg","block_context":{"text":"Liknande inl\u00e4gg","link":""},"img":{"alt_text":"","src":"","width":0,"height":0},"classes":[]},{"id":9475,"url":"https:\/\/resemedicin.se\/reseradet\/vaccination\/bedova-och-tvatta\/","url_meta":{"origin":7234,"position":5},"title":"Bed\u00f6va och tv\u00e4tta innan vaccination?","author":"Reser\u00e5det","date":"2024-10-12","format":false,"excerpt":"Information till vaccinat\u00f6rer och reser\u00e5dgivare Denna text \u00e4r skriven av Dr Lars Rombo och Dr Anja Rosdahl.\u00a0 Ingen har visat att det l\u00f6nar sig att tv\u00e4tta med alkohol f\u00f6re en injektion med vaccin. I dessa tider med en \u00f6kad milj\u00f6medvetenhet \u00e4r det kanske dags att vi slutar sprita av gammal\u2026","rel":"","context":"Liknande inl\u00e4gg","block_context":{"text":"Liknande inl\u00e4gg","link":""},"img":{"alt_text":"","src":"","width":0,"height":0},"classes":[]}],"jetpack_sharing_enabled":true,"_links":{"self":[{"href":"https:\/\/resemedicin.se\/reseradet\/wp-json\/wp\/v2\/pages\/7234","targetHints":{"allow":["GET"]}}],"collection":[{"href":"https:\/\/resemedicin.se\/reseradet\/wp-json\/wp\/v2\/pages"}],"about":[{"href":"https:\/\/resemedicin.se\/reseradet\/wp-json\/wp\/v2\/types\/page"}],"author":[{"embeddable":true,"href":"https:\/\/resemedicin.se\/reseradet\/wp-json\/wp\/v2\/users\/1"}],"replies":[{"embeddable":true,"href":"https:\/\/resemedicin.se\/reseradet\/wp-json\/wp\/v2\/comments?post=7234"}],"version-history":[{"count":41,"href":"https:\/\/resemedicin.se\/reseradet\/wp-json\/wp\/v2\/pages\/7234\/revisions"}],"predecessor-version":[{"id":16676,"href":"https:\/\/resemedicin.se\/reseradet\/wp-json\/wp\/v2\/pages\/7234\/revisions\/16676"}],"up":[{"embeddable":true,"href":"https:\/\/resemedicin.se\/reseradet\/wp-json\/wp\/v2\/pages\/49"}],"wp:attachment":[{"href":"https:\/\/resemedicin.se\/reseradet\/wp-json\/wp\/v2\/media?parent=7234"}],"curies":[{"name":"wp","href":"https:\/\/api.w.org\/{rel}","templated":true}]}}