{"id":6850,"date":"2024-09-23T15:44:35","date_gmt":"2024-09-23T15:44:35","guid":{"rendered":"https:\/\/resemedicin.se\/reseradet\/?page_id=6850"},"modified":"2026-03-26T11:56:00","modified_gmt":"2026-03-26T10:56:00","slug":"saudiarabien","status":"publish","type":"page","link":"https:\/\/resemedicin.se\/reseradet\/landsinformation\/saudiarabien\/","title":{"rendered":"Saudiarabien"},"content":{"rendered":"Du m\u00e5ste vara inloggad f\u00f6r att visa detta inneh\u00e5ll.","protected":false},"excerpt":{"rendered":"Du m\u00e5ste vara inloggad f\u00f6r att visa detta inneh\u00e5ll.","protected":false},"author":1,"featured_media":0,"parent":49,"menu_order":1,"comment_status":"open","ping_status":"closed","template":"","meta":{"_lmt_disableupdate":"no","_lmt_disable":"","footnotes":""},"class_list":["post-6850","page","type-page","status-publish","hentry"],"jetpack-related-posts":[{"id":1120,"url":"https:\/\/resemedicin.se\/reseradet\/sjukdomar-och-vacciner\/mers\/","url_meta":{"origin":6850,"position":0},"title":"Middle East Respiratory Syndrome (MERS)","author":"Reser\u00e5det","date":"2024-04-12","format":false,"excerpt":"Information till vaccinat\u00f6rer och reser\u00e5dgivare Smitt\u00e4mnet och smittv\u00e4gar Symptom Diagnostik och behandling Epidemiologi Riskgrupper Prevention Utbrott Smitt\u00e4mnet och smittv\u00e4gar Middle East respiratory syndrome coronavirus (MERS-CoV) \u00e4r ett enkelstr\u00e4ngat RNA-virus i familjen coronavirus. Viruset identifierade f\u00f6rsta g\u00e5ngen 2012 i Saudiarabien. Virusets ursprung \u00e4r sannolikt fladderm\u00f6ss som sedan spritt det vidare till\u2026","rel":"","context":"Liknande inl\u00e4gg","block_context":{"text":"Liknande inl\u00e4gg","link":""},"img":{"alt_text":"","src":"https:\/\/i0.wp.com\/resemedicin.se\/reseradet\/wp-content\/uploads\/2024\/08\/mersk-karta.jpg?resize=350%2C200&ssl=1","width":350,"height":200,"srcset":"https:\/\/i0.wp.com\/resemedicin.se\/reseradet\/wp-content\/uploads\/2024\/08\/mersk-karta.jpg?resize=350%2C200&ssl=1 1x, https:\/\/i0.wp.com\/resemedicin.se\/reseradet\/wp-content\/uploads\/2024\/08\/mersk-karta.jpg?resize=525%2C300&ssl=1 1.5x, https:\/\/i0.wp.com\/resemedicin.se\/reseradet\/wp-content\/uploads\/2024\/08\/mersk-karta.jpg?resize=700%2C400&ssl=1 2x"},"classes":[]},{"id":2242,"url":"https:\/\/resemedicin.se\/reseradet\/vaccination\/menveo\/","url_meta":{"origin":6850,"position":1},"title":"Menveo\u00ae","author":"Reser\u00e5det","date":"2024-05-09","format":false,"excerpt":"Information till vaccinat\u00f6rer och reser\u00e5dgivare \u00d6versikt (indikation, skyddseffekt, s\u00e4kerhet) Administration och dosering Kan kombineras med Kontraindikationer och f\u00f6rsiktighet Graviditet och amning Inneh\u00e5ll F\u00f6rpackningsinformation Hantering och h\u00e5llbarhet \u00d6versikt (indikation, skyddseffekt, s\u00e4kerhet) Menveo\u00ae\u00a0(GSK) \u00e4r\u00a0(liksom det i stort likv\u00e4rdiga Nimenrix\u00ae\u00a0fr\u00e5n Pfizer)\u00a0ett 4-valent proteinkonjugerat polysackaridvaccin som ger skydd mot invasiv meningokocksjukdom med typerna A,\u2026","rel":"","context":"Liknande inl\u00e4gg","block_context":{"text":"Liknande inl\u00e4gg","link":""},"img":{"alt_text":"","src":"https:\/\/i0.wp.com\/resemedicin.se\/reseradet\/wp-content\/uploads\/2024\/09\/menveo.jpg?resize=350%2C200&ssl=1","width":350,"height":200,"srcset":"https:\/\/i0.wp.com\/resemedicin.se\/reseradet\/wp-content\/uploads\/2024\/09\/menveo.jpg?resize=350%2C200&ssl=1 1x, https:\/\/i0.wp.com\/resemedicin.se\/reseradet\/wp-content\/uploads\/2024\/09\/menveo.jpg?resize=525%2C300&ssl=1 1.5x, https:\/\/i0.wp.com\/resemedicin.se\/reseradet\/wp-content\/uploads\/2024\/09\/menveo.jpg?resize=700%2C400&ssl=1 2x, https:\/\/i0.wp.com\/resemedicin.se\/reseradet\/wp-content\/uploads\/2024\/09\/menveo.jpg?resize=1050%2C600&ssl=1 3x, https:\/\/i0.wp.com\/resemedicin.se\/reseradet\/wp-content\/uploads\/2024\/09\/menveo.jpg?resize=1400%2C800&ssl=1 4x"},"classes":[]},{"id":771,"url":"https:\/\/resemedicin.se\/reseradet\/reserad\/hajj-och-umrah\/","url_meta":{"origin":6850,"position":2},"title":"Reser\u00e5dgivning och vaccinationer inf\u00f6r Hajj och Umrah","author":"Reser\u00e5det","date":"2024-04-02","format":false,"excerpt":"Information till vaccinat\u00f6rer och reser\u00e5dgivare Bakgrund Hajj-ritualerna Infektionsrisker Vaccinationer Andra h\u00e4lsorisker \u00d6vriga r\u00e5d f\u00f6r en s\u00e4ker resa Bakgrund Hajj och Umrah \u00e4r betydande religi\u00f6sa pilgrimsf\u00e4rder till Makkah (Mecka), Saudi-Arabien. Hajj \u00e4r en obligatorisk plikt f\u00f6r varje arbetsf\u00f6r vuxen muslim som har r\u00e5d att genomf\u00f6ra den minst en g\u00e5ng i livet.\u2026","rel":"","context":"Liknande inl\u00e4gg","block_context":{"text":"Liknande inl\u00e4gg","link":""},"img":{"alt_text":"","src":"https:\/\/i0.wp.com\/resemedicin.se\/reseradet\/wp-content\/uploads\/2024\/11\/hajj-infographic.jpg?resize=350%2C200&ssl=1","width":350,"height":200,"srcset":"https:\/\/i0.wp.com\/resemedicin.se\/reseradet\/wp-content\/uploads\/2024\/11\/hajj-infographic.jpg?resize=350%2C200&ssl=1 1x, https:\/\/i0.wp.com\/resemedicin.se\/reseradet\/wp-content\/uploads\/2024\/11\/hajj-infographic.jpg?resize=525%2C300&ssl=1 1.5x, https:\/\/i0.wp.com\/resemedicin.se\/reseradet\/wp-content\/uploads\/2024\/11\/hajj-infographic.jpg?resize=700%2C400&ssl=1 2x"},"classes":[]},{"id":2029,"url":"https:\/\/resemedicin.se\/reseradet\/vaccination\/klorokinfosfat\/","url_meta":{"origin":6850,"position":3},"title":"Klorokinfosfat","author":"Reser\u00e5det","date":"2024-05-07","format":false,"excerpt":"Information till vaccinat\u00f6rer och reser\u00e5dgivare P.g.a. uttalad resistens anv\u00e4nds detta preparat inte l\u00e4ngre i Sverige. L\u00e4kemedlet \u00e4r avregistrerat i Sverige sedan 2025-01-20.","rel":"","context":"Liknande inl\u00e4gg","block_context":{"text":"Liknande inl\u00e4gg","link":""},"img":{"alt_text":"","src":"","width":0,"height":0},"classes":[]},{"id":2245,"url":"https:\/\/resemedicin.se\/reseradet\/vaccination\/nimenrix\/","url_meta":{"origin":6850,"position":4},"title":"Nimenrix\u00ae","author":"Reser\u00e5det","date":"2024-05-09","format":false,"excerpt":"Information till vaccinat\u00f6rer och reser\u00e5dgivare \u00d6versikt (indikation, skyddseffekt, s\u00e4kerhet) Administration och dosering Kan kombineras med Kontraindikationer och f\u00f6rsiktighet Graviditet och amning Inneh\u00e5ll F\u00f6rpackningsinformation Hantering och h\u00e5llbarhet \u00d6versikt (indikation, skyddseffekt, s\u00e4kerhet) Nimenrix\u00ae\u00a0(Pfizer) \u00e4r\u00a0(liksom det i stort likv\u00e4rdiga Menveo\u00ae\u00a0fr\u00e5n GSK)\u00a0ett 4-valent proteinkonjugerat polysackaridvaccin som ger skydd mot invasiv meningokocksjukdom med typerna A,\u2026","rel":"","context":"Liknande inl\u00e4gg","block_context":{"text":"Liknande inl\u00e4gg","link":""},"img":{"alt_text":"","src":"https:\/\/i0.wp.com\/resemedicin.se\/reseradet\/wp-content\/uploads\/2024\/09\/nimenrix.jpg?resize=350%2C200&ssl=1","width":350,"height":200,"srcset":"https:\/\/i0.wp.com\/resemedicin.se\/reseradet\/wp-content\/uploads\/2024\/09\/nimenrix.jpg?resize=350%2C200&ssl=1 1x, https:\/\/i0.wp.com\/resemedicin.se\/reseradet\/wp-content\/uploads\/2024\/09\/nimenrix.jpg?resize=525%2C300&ssl=1 1.5x, https:\/\/i0.wp.com\/resemedicin.se\/reseradet\/wp-content\/uploads\/2024\/09\/nimenrix.jpg?resize=700%2C400&ssl=1 2x"},"classes":[]},{"id":13297,"url":"https:\/\/resemedicin.se\/reseradet\/prenumerera-kostnadsfritt-pa-epinytt\/","url_meta":{"origin":6850,"position":5},"title":"Prenumerera kostnadsfritt p\u00e5 EpiNytt","author":"Reser\u00e5det","date":"2025-05-12","format":false,"excerpt":"Nyhetsbrevet EpiNytt kommer vanligen ut en g\u00e5ng i veckan (p\u00e5 tisdagar) med aktuell information om utbrott och andra nyheter av relevans f\u00f6r vaccinat\u00f6rer och reser\u00e5dgivare, samt rikligt med l\u00e4nkar till bakgrundsinformation och rekommendationer p\u00e5 Reser\u00e5det Pro. Prenumeration p\u00e5 EpiNytt \u00e4r kostnadsfritt, men f\u00f6r till g\u00e5ng till Reser\u00e5det Pro kr\u00e4vs \u00e5rsprenumeration.","rel":"","context":"Liknande inl\u00e4gg","block_context":{"text":"Liknande inl\u00e4gg","link":""},"img":{"alt_text":"","src":"","width":0,"height":0},"classes":[]}],"jetpack_sharing_enabled":true,"_links":{"self":[{"href":"https:\/\/resemedicin.se\/reseradet\/wp-json\/wp\/v2\/pages\/6850","targetHints":{"allow":["GET"]}}],"collection":[{"href":"https:\/\/resemedicin.se\/reseradet\/wp-json\/wp\/v2\/pages"}],"about":[{"href":"https:\/\/resemedicin.se\/reseradet\/wp-json\/wp\/v2\/types\/page"}],"author":[{"embeddable":true,"href":"https:\/\/resemedicin.se\/reseradet\/wp-json\/wp\/v2\/users\/1"}],"replies":[{"embeddable":true,"href":"https:\/\/resemedicin.se\/reseradet\/wp-json\/wp\/v2\/comments?post=6850"}],"version-history":[{"count":37,"href":"https:\/\/resemedicin.se\/reseradet\/wp-json\/wp\/v2\/pages\/6850\/revisions"}],"predecessor-version":[{"id":16463,"href":"https:\/\/resemedicin.se\/reseradet\/wp-json\/wp\/v2\/pages\/6850\/revisions\/16463"}],"up":[{"embeddable":true,"href":"https:\/\/resemedicin.se\/reseradet\/wp-json\/wp\/v2\/pages\/49"}],"wp:attachment":[{"href":"https:\/\/resemedicin.se\/reseradet\/wp-json\/wp\/v2\/media?parent=6850"}],"curies":[{"name":"wp","href":"https:\/\/api.w.org\/{rel}","templated":true}]}}