{"id":685,"date":"2024-03-31T15:18:29","date_gmt":"2024-03-31T14:18:29","guid":{"rendered":"https:\/\/www.friskparesan.se\/?page_id=685"},"modified":"2024-11-04T12:46:15","modified_gmt":"2024-11-04T12:46:15","slug":"overlevnadsguide","status":"publish","type":"page","link":"https:\/\/resemedicin.se\/reseradet\/reserad\/overlevnadsguide\/","title":{"rendered":"\u00d6verlevnadsguide"},"content":{"rendered":"Du m\u00e5ste vara inloggad f\u00f6r att visa detta inneh\u00e5ll.","protected":false},"excerpt":{"rendered":"Du m\u00e5ste vara inloggad f\u00f6r att visa detta inneh\u00e5ll.","protected":false},"author":1,"featured_media":0,"parent":42,"menu_order":0,"comment_status":"open","ping_status":"closed","template":"","meta":{"_lmt_disableupdate":"no","_lmt_disable":"","footnotes":""},"class_list":["post-685","page","type-page","status-publish","hentry"],"jetpack-related-posts":[{"id":9425,"url":"https:\/\/resemedicin.se\/reseradet\/vaccination\/olika-vaccintyper\/","url_meta":{"origin":685,"position":0},"title":"Olika vaccintyper &#8211; egenskaper, biverkningar och skyddseffekt","author":"Reser\u00e5det","date":"2024-10-12","format":false,"excerpt":"Information till vaccinat\u00f6rer och reser\u00e5dgivare Vaccintyper Kombinationsvacciner Adjuvans Biverkningar Skyddseffekt Ospecifika effekter Vaccintyper Levande eller inaktiverade vaccin?\u00a0 Vissa vaccin inneh\u00e5ller bakterier eller virus som fortfarande kan f\u00f6r\u00f6ka sig medan andra inneh\u00e5ller inaktiverade smitt\u00e4mnen. Vaccin som inneh\u00e5ller smitt\u00e4mnen som f\u00f6r\u00f6kar sig beh\u00f6ver inte inneh\u00e5lla s\u00e5 mycket antigen \u2013 immunsystemet stimuleras ist\u00e4llet\u2026","rel":"","context":"Liknande inl\u00e4gg","block_context":{"text":"Liknande inl\u00e4gg","link":""},"img":{"alt_text":"","src":"","width":0,"height":0},"classes":[]},{"id":9436,"url":"https:\/\/resemedicin.se\/reseradet\/vaccination\/kontraindikationer\/","url_meta":{"origin":685,"position":1},"title":"Allm\u00e4nna kontraindikationer f\u00f6r vaccination","author":"Reser\u00e5det","date":"2024-10-12","format":false,"excerpt":"Information till vaccinat\u00f6rer och reser\u00e5dgivare\u00a0\u00a0 Denna text \u00e4r skriven av Dr Lars Rombo och Dr Anja Rosdahl. Tidigare reaktion mot aktuellt vaccin En betydande lokalreaktion efter f\u00f6reg\u00e5ende dos kan vara en relativ kontraindikation beroende p\u00e5 hur angel\u00e4get vaccinet \u00e4r. Det finns f\u00f6rst\u00e5s en risk f\u00f6r likartade eller till och med\u2026","rel":"","context":"Liknande inl\u00e4gg","block_context":{"text":"Liknande inl\u00e4gg","link":""},"img":{"alt_text":"","src":"","width":0,"height":0},"classes":[]},{"id":981,"url":"https:\/\/resemedicin.se\/reseradet\/sjukdomar-och-vacciner\/afrikansk-somnsjuka\/","url_meta":{"origin":685,"position":2},"title":"Afrikansk trypanosomiasis (s\u00f6mnsjuka)","author":"Reser\u00e5det","date":"2024-04-10","format":false,"excerpt":"Information till vaccinat\u00f6rer och reser\u00e5dgivare Blodutstryck med Trypanosoma brucei-parasiter. Smitt\u00e4mnet och smittv\u00e4gar Symtom Diagnostik och behandling Epidemiologi Riskgrupper Prevention Aktuella utbrott Smitt\u00e4mnet och smittv\u00e4gar Afrikansk s\u00f6mnsjuka (trypanosomiasis) \u00e4r en infektion av parasiten Trypanosoma brucei som smittar via bett av tsetseflugan. Den vanligaste formen med ett l\u00e5ngsammare f\u00f6rlopp \u00e4r den v\u00e4stafrikanska\u2026","rel":"","context":"Liknande inl\u00e4gg","block_context":{"text":"Liknande inl\u00e4gg","link":""},"img":{"alt_text":"","src":"https:\/\/i0.wp.com\/resemedicin.se\/reseradet\/wp-content\/uploads\/2024\/04\/somnsjuka-patienter.jpg?resize=350%2C200&ssl=1","width":350,"height":200,"srcset":"https:\/\/i0.wp.com\/resemedicin.se\/reseradet\/wp-content\/uploads\/2024\/04\/somnsjuka-patienter.jpg?resize=350%2C200&ssl=1 1x, https:\/\/i0.wp.com\/resemedicin.se\/reseradet\/wp-content\/uploads\/2024\/04\/somnsjuka-patienter.jpg?resize=525%2C300&ssl=1 1.5x, https:\/\/i0.wp.com\/resemedicin.se\/reseradet\/wp-content\/uploads\/2024\/04\/somnsjuka-patienter.jpg?resize=700%2C400&ssl=1 2x"},"classes":[]},{"id":1882,"url":"https:\/\/resemedicin.se\/reseradet\/reserad\/syd-och-mellanamerika\/","url_meta":{"origin":685,"position":3},"title":"H\u00e4lsor\u00e5d f\u00f6r resen\u00e4rer till Syd- och Mellanamerika","author":"Reser\u00e5det","date":"2024-05-04","format":false,"excerpt":"R\u00e5den \u00e4r f\u00f6rfattade av Dr Lars Rombo De resen\u00e4rer som lider av en l\u00e5ngvarig sjukdom (bl.a. tum\u00f6rsjukdomar, HIV-infektion, diabetes, epilepsi och vissa tarmsjukdomar som Ulcer\u00f6s kolit och Morbus Crohn) b\u00f6r konsultera sin ordinarie l\u00e4kare innan resan best\u00e4ms. Gl\u00f6m inte heller att ber\u00e4tta om du lider av nedsatt hj\u00e4rtfunktion, h\u00f6gt blodtryck,\u2026","rel":"","context":"Liknande inl\u00e4gg","block_context":{"text":"Liknande inl\u00e4gg","link":""},"img":{"alt_text":"","src":"","width":0,"height":0},"classes":[]},{"id":1888,"url":"https:\/\/resemedicin.se\/reseradet\/reserad\/halsorad-for-resenarer-till-sydostasien-och-oceanien\/","url_meta":{"origin":685,"position":4},"title":"H\u00e4lsor\u00e5d f\u00f6r resen\u00e4rer till Sydostasien och Oceanien","author":"Reser\u00e5det","date":"2024-05-04","format":false,"excerpt":"R\u00e5den \u00e4r f\u00f6rfattade av Dr Lars Rombo Allm\u00e4nt De resen\u00e4rer som lider av en l\u00e5ngvarig\/kronisk sjukdom (bl a tum\u00f6rsjukdomar, HIVinfektion, diabetes, epilepsi och vissa grovtarmssjukdomar som Ulcer\u00f6s colit och Morbus Crohn) b\u00f6r konsultera sin ordinarie l\u00e4kare innan resan best\u00e4ms. Gl\u00f6m inte heller att ber\u00e4tta om Du lider av nedsatt hj\u00e4rtfunktion,\u2026","rel":"","context":"Liknande inl\u00e4gg","block_context":{"text":"Liknande inl\u00e4gg","link":""},"img":{"alt_text":"","src":"","width":0,"height":0},"classes":[]},{"id":702,"url":"https:\/\/resemedicin.se\/reseradet\/reserad\/riskfyllda-djurkontakter\/","url_meta":{"origin":685,"position":5},"title":"Riskfyllda djurkontakter","author":"Reser\u00e5det","date":"2024-04-01","format":false,"excerpt":"Information till vaccinat\u00f6rer och reser\u00e5dgivare Kortfakta Allm\u00e4nt f\u00f6rebyggande Hundar och katter Apor Safariresor R\u00e5ttor och andra gnagare Fladderm\u00f6ss Ormar Skorpioner Hajar Andra havslevande djur S\u00e5rv\u00e5rd och profylax mot rabies\/stelkramp Kortfakta Djurkontakt vid utlandsresa kan medf\u00f6ra stora h\u00e4lsorisker i form av infektioner eller s\u00e5rskador. Internationella resen\u00e4rer tr\u00e4ffar ofta p\u00e5 djur som\u2026","rel":"","context":"Liknande inl\u00e4gg","block_context":{"text":"Liknande inl\u00e4gg","link":""},"img":{"alt_text":"","src":"https:\/\/i0.wp.com\/resemedicin.se\/reseradet\/wp-content\/uploads\/2024\/04\/stingrocka-1.jpg?resize=350%2C200&ssl=1","width":350,"height":200,"srcset":"https:\/\/i0.wp.com\/resemedicin.se\/reseradet\/wp-content\/uploads\/2024\/04\/stingrocka-1.jpg?resize=350%2C200&ssl=1 1x, https:\/\/i0.wp.com\/resemedicin.se\/reseradet\/wp-content\/uploads\/2024\/04\/stingrocka-1.jpg?resize=525%2C300&ssl=1 1.5x, https:\/\/i0.wp.com\/resemedicin.se\/reseradet\/wp-content\/uploads\/2024\/04\/stingrocka-1.jpg?resize=700%2C400&ssl=1 2x"},"classes":[]}],"jetpack_sharing_enabled":true,"_links":{"self":[{"href":"https:\/\/resemedicin.se\/reseradet\/wp-json\/wp\/v2\/pages\/685","targetHints":{"allow":["GET"]}}],"collection":[{"href":"https:\/\/resemedicin.se\/reseradet\/wp-json\/wp\/v2\/pages"}],"about":[{"href":"https:\/\/resemedicin.se\/reseradet\/wp-json\/wp\/v2\/types\/page"}],"author":[{"embeddable":true,"href":"https:\/\/resemedicin.se\/reseradet\/wp-json\/wp\/v2\/users\/1"}],"replies":[{"embeddable":true,"href":"https:\/\/resemedicin.se\/reseradet\/wp-json\/wp\/v2\/comments?post=685"}],"version-history":[{"count":7,"href":"https:\/\/resemedicin.se\/reseradet\/wp-json\/wp\/v2\/pages\/685\/revisions"}],"predecessor-version":[{"id":12054,"href":"https:\/\/resemedicin.se\/reseradet\/wp-json\/wp\/v2\/pages\/685\/revisions\/12054"}],"up":[{"embeddable":true,"href":"https:\/\/resemedicin.se\/reseradet\/wp-json\/wp\/v2\/pages\/42"}],"wp:attachment":[{"href":"https:\/\/resemedicin.se\/reseradet\/wp-json\/wp\/v2\/media?parent=685"}],"curies":[{"name":"wp","href":"https:\/\/api.w.org\/{rel}","templated":true}]}}