{"id":6519,"date":"2024-09-20T09:33:13","date_gmt":"2024-09-20T09:33:13","guid":{"rendered":"https:\/\/resemedicin.se\/reseradet\/?page_id=6519"},"modified":"2024-10-14T17:38:06","modified_gmt":"2024-10-14T17:38:06","slug":"diarrebehandling","status":"publish","type":"page","link":"https:\/\/resemedicin.se\/reseradet\/reserad\/diarrebehandling\/","title":{"rendered":"Diarr\u00e9behandling"},"content":{"rendered":"Du m\u00e5ste vara inloggad f\u00f6r att visa detta inneh\u00e5ll.","protected":false},"excerpt":{"rendered":"Du m\u00e5ste vara inloggad f\u00f6r att visa detta inneh\u00e5ll.","protected":false},"author":1,"featured_media":0,"parent":42,"menu_order":0,"comment_status":"closed","ping_status":"closed","template":"","meta":{"_lmt_disableupdate":"no","_lmt_disable":"","footnotes":""},"class_list":["post-6519","page","type-page","status-publish","hentry"],"jetpack-related-posts":[{"id":202,"url":"https:\/\/resemedicin.se\/reseradet\/reserad\/mat-och-dryck\/","url_meta":{"origin":6519,"position":0},"title":"Mat, dryck och hygienr\u00e5d","author":"Reser\u00e5det","date":"2024-03-07","format":false,"excerpt":"Information till vaccinat\u00f6rer och reser\u00e5dgivare \u00a0 Turistdiarr\u00e9 och mag-tarmsmittor Mat Dryck Hygienr\u00e5d Turistdiarr\u00e9 och mag-tarmsmittor Nya matupplevelser \u00e4r ofta en h\u00f6jdpunkt p\u00e5 utlandsresan, men inneb\u00e4r ocks\u00e5 en risk att f\u00e5 delar av den spolierad av turistdiarr\u00e9 och andra mag-tarmsmittor, t.ex. hepatit A. S\u00e5dan smitta sker vanligen via mat och vatten\u2026","rel":"","context":"Liknande inl\u00e4gg","block_context":{"text":"Liknande inl\u00e4gg","link":""},"img":{"alt_text":"","src":"https:\/\/i0.wp.com\/resemedicin.se\/reseradet\/wp-content\/uploads\/2024\/04\/mat.jpg?resize=350%2C200&ssl=1","width":350,"height":200,"srcset":"https:\/\/i0.wp.com\/resemedicin.se\/reseradet\/wp-content\/uploads\/2024\/04\/mat.jpg?resize=350%2C200&ssl=1 1x, https:\/\/i0.wp.com\/resemedicin.se\/reseradet\/wp-content\/uploads\/2024\/04\/mat.jpg?resize=525%2C300&ssl=1 1.5x, https:\/\/i0.wp.com\/resemedicin.se\/reseradet\/wp-content\/uploads\/2024\/04\/mat.jpg?resize=700%2C400&ssl=1 2x, https:\/\/i0.wp.com\/resemedicin.se\/reseradet\/wp-content\/uploads\/2024\/04\/mat.jpg?resize=1050%2C600&ssl=1 3x, https:\/\/i0.wp.com\/resemedicin.se\/reseradet\/wp-content\/uploads\/2024\/04\/mat.jpg?resize=1400%2C800&ssl=1 4x"},"classes":[]},{"id":969,"url":"https:\/\/resemedicin.se\/reseradet\/sjukdomar-och-vacciner\/diarre-oversikt\/","url_meta":{"origin":6519,"position":1},"title":"Turistdiarr\u00e9 och andra gastrointestinala infektioner","author":"Reser\u00e5det","date":"2024-04-10","format":false,"excerpt":"Information till vaccinat\u00f6rer och reser\u00e5dgivare Smittv\u00e4gar och riskfaktorer Smitt\u00e4mnen och symptom -- Bakterier -- Virus -- Protozoer -- Toxiner (matf\u00f6rgiftning) Diagnostik och behandling Epidemiologi Prevention Turistdiarr\u00e9 (TD) \u00e4r det vanligaste infektionstillst\u00e5ndet vid resa i l\u00e5g- och medelinkomstl\u00e4nder. De akuta symptomen g\u00f6r att den drabbade ofta tillf\u00e4lligt blir begr\u00e4nsad till sitt\u2026","rel":"","context":"Liknande inl\u00e4gg","block_context":{"text":"Liknande inl\u00e4gg","link":""},"img":{"alt_text":"Turistdiarr\u00e9","src":"https:\/\/i0.wp.com\/resemedicin.se\/reseradet\/wp-content\/uploads\/2024\/08\/resediarre.jpg?resize=350%2C200&ssl=1","width":350,"height":200,"srcset":"https:\/\/i0.wp.com\/resemedicin.se\/reseradet\/wp-content\/uploads\/2024\/08\/resediarre.jpg?resize=350%2C200&ssl=1 1x, https:\/\/i0.wp.com\/resemedicin.se\/reseradet\/wp-content\/uploads\/2024\/08\/resediarre.jpg?resize=525%2C300&ssl=1 1.5x, https:\/\/i0.wp.com\/resemedicin.se\/reseradet\/wp-content\/uploads\/2024\/08\/resediarre.jpg?resize=700%2C400&ssl=1 2x, https:\/\/i0.wp.com\/resemedicin.se\/reseradet\/wp-content\/uploads\/2024\/08\/resediarre.jpg?resize=1050%2C600&ssl=1 3x"},"classes":[]},{"id":1877,"url":"https:\/\/resemedicin.se\/reseradet\/reserad\/osteuropa\/","url_meta":{"origin":6519,"position":2},"title":"H\u00e4lsor\u00e5d f\u00f6r resen\u00e4rer till Balkan, Turkiet, Rum\u00e4nien, Moldavien och forna Sovjetunionen","author":"Reser\u00e5det","date":"2024-05-04","format":false,"excerpt":"R\u00e5den \u00e4r f\u00f6rfattade av Dr Lars Rombo. De resen\u00e4rer som lider av en l\u00e5ngvarig eller allvarlig sjukdom (bl.a. tum\u00f6rsjukdomar, HIVinfektion, diabetes, epilepsi och vissa tarmssjukdomar som Ulcer\u00f6s kolit och Morbus Crohn) b\u00f6r konsultera sin ordinarie l\u00e4kare innan resan best\u00e4ms. Gl\u00f6m inte heller att ber\u00e4tta om du lider av nedsatt hj\u00e4rtfunktion,\u2026","rel":"","context":"Liknande inl\u00e4gg","block_context":{"text":"Liknande inl\u00e4gg","link":""},"img":{"alt_text":"","src":"","width":0,"height":0},"classes":[]},{"id":9801,"url":"https:\/\/resemedicin.se\/reseradet\/landsinformation\/libanon\/","url_meta":{"origin":6519,"position":3},"title":"Libanon","author":"Reser\u00e5det","date":"2024-10-14","format":false,"excerpt":"Information till vaccinat\u00f6rer och reser\u00e5dgivare Klicka p\u00e5 bilden f\u00f6r st\u00f6rre karta Kort landsinformation Vaccinationer Andra infektioner att vara observant p\u00e5 \u00d6vriga reserisker Aktuella utbrott Kort landsinformation Libanon (befolkning cirka 5,5 miljoner inv\u00e5nare) \u00e4r ett litet land bel\u00e4get i Mellan\u00f6stern, vid \u00f6stra Medelhavets kust. Det gr\u00e4nsar till Syrien i norr och\u2026","rel":"","context":"Liknande inl\u00e4gg","block_context":{"text":"Liknande inl\u00e4gg","link":""},"img":{"alt_text":"","src":"https:\/\/i0.wp.com\/resemedicin.se\/reseradet\/wp-content\/uploads\/2024\/10\/libanon-karta.jpg?resize=350%2C200&ssl=1","width":350,"height":200,"srcset":"https:\/\/i0.wp.com\/resemedicin.se\/reseradet\/wp-content\/uploads\/2024\/10\/libanon-karta.jpg?resize=350%2C200&ssl=1 1x, https:\/\/i0.wp.com\/resemedicin.se\/reseradet\/wp-content\/uploads\/2024\/10\/libanon-karta.jpg?resize=525%2C300&ssl=1 1.5x, https:\/\/i0.wp.com\/resemedicin.se\/reseradet\/wp-content\/uploads\/2024\/10\/libanon-karta.jpg?resize=700%2C400&ssl=1 2x"},"classes":[]},{"id":8362,"url":"https:\/\/resemedicin.se\/reseradet\/landsinformation\/lesotho\/","url_meta":{"origin":6519,"position":4},"title":"Lesotho","author":"Reser\u00e5det","date":"2024-10-04","format":false,"excerpt":"Information till vaccinat\u00f6rer och reser\u00e5dgivare Klicka p\u00e5 bilden f\u00f6r st\u00f6rre karta Kort landsinformation Vaccinationer Andra infektioner att vara observant p\u00e5 \u00d6vriga reserisker Aktuella utbrott Kort landsinformation Lesotho (befolkning cirka 2,1 miljoner inv\u00e5nare) \u00e4r helt omgiven av Sydafrika. Landet \u00e4r unikt genom att det \u00e4r det enda landet i v\u00e4rlden som\u2026","rel":"","context":"Liknande inl\u00e4gg","block_context":{"text":"Liknande inl\u00e4gg","link":""},"img":{"alt_text":"","src":"https:\/\/i0.wp.com\/resemedicin.se\/reseradet\/wp-content\/uploads\/2024\/10\/lesotho-karta.jpg?resize=350%2C200&ssl=1","width":350,"height":200,"srcset":"https:\/\/i0.wp.com\/resemedicin.se\/reseradet\/wp-content\/uploads\/2024\/10\/lesotho-karta.jpg?resize=350%2C200&ssl=1 1x, https:\/\/i0.wp.com\/resemedicin.se\/reseradet\/wp-content\/uploads\/2024\/10\/lesotho-karta.jpg?resize=525%2C300&ssl=1 1.5x, https:\/\/i0.wp.com\/resemedicin.se\/reseradet\/wp-content\/uploads\/2024\/10\/lesotho-karta.jpg?resize=700%2C400&ssl=1 2x"},"classes":[]},{"id":8205,"url":"https:\/\/resemedicin.se\/reseradet\/landsinformation\/azorerna\/","url_meta":{"origin":6519,"position":5},"title":"Azorerna (Portugal)","author":"Reser\u00e5det","date":"2024-10-03","format":false,"excerpt":"Information till vaccinat\u00f6rer och reser\u00e5dgivare Klicka p\u00e5 bilden f\u00f6r st\u00f6rre karta. Kort landsinformation Vaccinationer Andra infektioner att vara observant p\u00e5 \u00d6vriga reserisker Aktuella utbrott Kort landsinformation Azorerna (befolkning cirka 250 000 inv\u00e5nare) \u00e4r en autonom region i Portugal, bel\u00e4gen i Atlanten, cirka 1 500 kilometer v\u00e4ster om Portugals fastland. \u00d6gruppen\u2026","rel":"","context":"Liknande inl\u00e4gg","block_context":{"text":"Liknande inl\u00e4gg","link":""},"img":{"alt_text":"","src":"https:\/\/i0.wp.com\/resemedicin.se\/reseradet\/wp-content\/uploads\/2024\/10\/azorerna-karta.jpg?resize=350%2C200&ssl=1","width":350,"height":200,"srcset":"https:\/\/i0.wp.com\/resemedicin.se\/reseradet\/wp-content\/uploads\/2024\/10\/azorerna-karta.jpg?resize=350%2C200&ssl=1 1x, https:\/\/i0.wp.com\/resemedicin.se\/reseradet\/wp-content\/uploads\/2024\/10\/azorerna-karta.jpg?resize=525%2C300&ssl=1 1.5x, https:\/\/i0.wp.com\/resemedicin.se\/reseradet\/wp-content\/uploads\/2024\/10\/azorerna-karta.jpg?resize=700%2C400&ssl=1 2x"},"classes":[]}],"jetpack_sharing_enabled":true,"_links":{"self":[{"href":"https:\/\/resemedicin.se\/reseradet\/wp-json\/wp\/v2\/pages\/6519","targetHints":{"allow":["GET"]}}],"collection":[{"href":"https:\/\/resemedicin.se\/reseradet\/wp-json\/wp\/v2\/pages"}],"about":[{"href":"https:\/\/resemedicin.se\/reseradet\/wp-json\/wp\/v2\/types\/page"}],"author":[{"embeddable":true,"href":"https:\/\/resemedicin.se\/reseradet\/wp-json\/wp\/v2\/users\/1"}],"replies":[{"embeddable":true,"href":"https:\/\/resemedicin.se\/reseradet\/wp-json\/wp\/v2\/comments?post=6519"}],"version-history":[{"count":7,"href":"https:\/\/resemedicin.se\/reseradet\/wp-json\/wp\/v2\/pages\/6519\/revisions"}],"predecessor-version":[{"id":9850,"href":"https:\/\/resemedicin.se\/reseradet\/wp-json\/wp\/v2\/pages\/6519\/revisions\/9850"}],"up":[{"embeddable":true,"href":"https:\/\/resemedicin.se\/reseradet\/wp-json\/wp\/v2\/pages\/42"}],"wp:attachment":[{"href":"https:\/\/resemedicin.se\/reseradet\/wp-json\/wp\/v2\/media?parent=6519"}],"curies":[{"name":"wp","href":"https:\/\/api.w.org\/{rel}","templated":true}]}}