{"id":6417,"date":"2024-09-19T12:54:31","date_gmt":"2024-09-19T12:54:31","guid":{"rendered":"https:\/\/resemedicin.se\/reseradet\/?page_id=6417"},"modified":"2025-05-18T11:05:11","modified_gmt":"2025-05-18T10:05:11","slug":"kontakt","status":"publish","type":"page","link":"https:\/\/resemedicin.se\/reseradet\/kontakt\/","title":{"rendered":"Kontakt"},"content":{"rendered":"\n<figure class=\"wp-block-image size-full\"><img data-recalc-dims=\"1\" loading=\"lazy\" decoding=\"async\" width=\"840\" height=\"233\" src=\"https:\/\/i0.wp.com\/resemedicin.se\/reseradet\/wp-content\/uploads\/2024\/09\/kontakt-2.jpg?resize=840%2C233&#038;ssl=1\" alt=\"\" class=\"wp-image-6586\" srcset=\"https:\/\/i0.wp.com\/resemedicin.se\/reseradet\/wp-content\/uploads\/2024\/09\/kontakt-2.jpg?w=1024&amp;ssl=1 1024w, https:\/\/i0.wp.com\/resemedicin.se\/reseradet\/wp-content\/uploads\/2024\/09\/kontakt-2.jpg?resize=300%2C83&amp;ssl=1 300w, https:\/\/i0.wp.com\/resemedicin.se\/reseradet\/wp-content\/uploads\/2024\/09\/kontakt-2.jpg?resize=768%2C213&amp;ssl=1 768w\" sizes=\"auto, (max-width: 709px) 85vw, (max-width: 909px) 67vw, (max-width: 1362px) 62vw, 840px\" \/><\/figure>\n\n\n\n<p style=\"font-size:18px\">Vi p\u00e5 <strong>Reser\u00e5det<\/strong> uppskattar en t\u00e4t dialog med alla anv\u00e4ndare f\u00f6r att g\u00f6ra tj\u00e4nsterna s\u00e5 bra och smidiga som m\u00f6jligt. Vi vill ocks\u00e5 veta om det \u00e4r n\u00e5got som saknas eller \u00e4r oklart p\u00e5 dessa sidor. Kontakta oss d\u00e4rf\u00f6r g\u00e4rna f\u00f6r fr\u00e5gor och synpunkter.<\/p>\n\n\n\n<p style=\"font-size:18px\"><strong>RESER\u00c5DET<\/strong><br>c\/o <a href=\"https:\/\/prosanis.se\" target=\"_blank\" rel=\"noreferrer noopener\">ProSanis Sverige AB<\/a><br><strong>Postadress<\/strong>: Tulegatan 6, SE-602 18 Norrk\u00f6ping<br><strong>Epost:<\/strong> <a href=\"mailto:reseradet@resemedicin.se\">reseradet@resemedicin.se <\/a><br><strong>Mobil<\/strong>: 073 520 07 41<\/p>\n","protected":false},"excerpt":{"rendered":"<p>Vi p\u00e5 Reser\u00e5det uppskattar en t\u00e4t dialog med alla anv\u00e4ndare f\u00f6r att g\u00f6ra tj\u00e4nsterna s\u00e5 bra och smidiga som m\u00f6jligt. Vi vill ocks\u00e5 veta om det \u00e4r n\u00e5got som saknas eller \u00e4r oklart p\u00e5 dessa sidor. Kontakta oss d\u00e4rf\u00f6r g\u00e4rna f\u00f6r fr\u00e5gor och synpunkter. RESER\u00c5DETc\/o ProSanis Sverige ABPostadress: Tulegatan 6, SE-602 18 Norrk\u00f6pingEpost: reseradet@resemedicin.se Mobil: &hellip; <a href=\"https:\/\/resemedicin.se\/reseradet\/kontakt\/\" class=\"more-link\">Forts\u00e4tt l\u00e4sa<span class=\"screen-reader-text\"> \u201dKontakt\u201d<\/span><\/a><\/p>\n","protected":false},"author":1,"featured_media":0,"parent":0,"menu_order":0,"comment_status":"closed","ping_status":"closed","template":"","meta":{"_lmt_disableupdate":"no","_lmt_disable":"","footnotes":""},"class_list":["post-6417","page","type-page","status-publish","hentry"],"jetpack-related-posts":[{"id":3,"url":"https:\/\/resemedicin.se\/reseradet\/integritetspolicy\/","url_meta":{"origin":6417,"position":0},"title":"Integritetspolicy och GDPR","author":"Reser\u00e5det","date":"2024-05-03","format":false,"excerpt":"Information till kunder och anv\u00e4ndare Allm\u00e4nt Cookies (\"kakor\") GDPR R\u00e4ttslig grund Behandling av personuppgifter Dina r\u00e4ttigheter Kontakt Allm\u00e4nt ProSanis Global Resemedicin och Reser\u00e5det (\u00e4gt av ProSanis Sverige AB) behandlar dina personuppgifter p\u00e5 ett s\u00e5dant s\u00e4tt att du kan k\u00e4nna dig trygg. Utg\u00e5ngspunkten vid all personuppgiftsbehandling \u00e4r att respektera din integritet\u2026","rel":"","context":"Liknande inl\u00e4gg","block_context":{"text":"Liknande inl\u00e4gg","link":""},"img":{"alt_text":"","src":"","width":0,"height":0},"classes":[]},{"id":1120,"url":"https:\/\/resemedicin.se\/reseradet\/sjukdomar-och-vacciner\/mers\/","url_meta":{"origin":6417,"position":1},"title":"Middle East Respiratory Syndrome (MERS)","author":"Reser\u00e5det","date":"2024-04-12","format":false,"excerpt":"Information till vaccinat\u00f6rer och reser\u00e5dgivare Smitt\u00e4mnet och smittv\u00e4gar Symptom Diagnostik och behandling Epidemiologi Riskgrupper Prevention Utbrott Smitt\u00e4mnet och smittv\u00e4gar Middle East respiratory syndrome coronavirus (MERS-CoV) \u00e4r ett enkelstr\u00e4ngat RNA-virus i familjen coronavirus. Viruset identifierade f\u00f6rsta g\u00e5ngen 2012 i Saudiarabien. Virusets ursprung \u00e4r sannolikt fladderm\u00f6ss som sedan spritt det vidare till\u2026","rel":"","context":"Liknande inl\u00e4gg","block_context":{"text":"Liknande inl\u00e4gg","link":""},"img":{"alt_text":"","src":"https:\/\/i0.wp.com\/resemedicin.se\/reseradet\/wp-content\/uploads\/2024\/08\/mersk-karta.jpg?resize=350%2C200&ssl=1","width":350,"height":200,"srcset":"https:\/\/i0.wp.com\/resemedicin.se\/reseradet\/wp-content\/uploads\/2024\/08\/mersk-karta.jpg?resize=350%2C200&ssl=1 1x, https:\/\/i0.wp.com\/resemedicin.se\/reseradet\/wp-content\/uploads\/2024\/08\/mersk-karta.jpg?resize=525%2C300&ssl=1 1.5x, https:\/\/i0.wp.com\/resemedicin.se\/reseradet\/wp-content\/uploads\/2024\/08\/mersk-karta.jpg?resize=700%2C400&ssl=1 2x"},"classes":[]},{"id":7737,"url":"https:\/\/resemedicin.se\/reseradet\/landsinformation\/usa\/","url_meta":{"origin":6417,"position":2},"title":"USA","author":"Reser\u00e5det","date":"2024-09-30","format":false,"excerpt":"Information till vaccinat\u00f6rer och reser\u00e5dgivare Klicka p\u00e5 bilden f\u00f6r st\u00f6rre karta. Kort landsinformation Vaccinationer Andra infektioner att vara observant p\u00e5 \u00d6vriga reserisker Aktuella utbrott Kort landsinformation USA (befolkning cirka 332 miljoner inv\u00e5nare) \u00e4r en av v\u00e4rldens st\u00f6rsta och mest inflytelserika nationer, bel\u00e4get i Nordamerika. Landet str\u00e4cker sig fr\u00e5n Atlanten i\u2026","rel":"","context":"Liknande inl\u00e4gg","block_context":{"text":"Liknande inl\u00e4gg","link":""},"img":{"alt_text":"","src":"https:\/\/i0.wp.com\/resemedicin.se\/reseradet\/wp-content\/uploads\/2024\/09\/usa-karta.jpg?resize=350%2C200&ssl=1","width":350,"height":200,"srcset":"https:\/\/i0.wp.com\/resemedicin.se\/reseradet\/wp-content\/uploads\/2024\/09\/usa-karta.jpg?resize=350%2C200&ssl=1 1x, https:\/\/i0.wp.com\/resemedicin.se\/reseradet\/wp-content\/uploads\/2024\/09\/usa-karta.jpg?resize=525%2C300&ssl=1 1.5x, https:\/\/i0.wp.com\/resemedicin.se\/reseradet\/wp-content\/uploads\/2024\/09\/usa-karta.jpg?resize=700%2C400&ssl=1 2x"},"classes":[]},{"id":1105,"url":"https:\/\/resemedicin.se\/reseradet\/sjukdomar-och-vacciner\/mpox\/","url_meta":{"origin":6417,"position":3},"title":"Mpox (apkoppor)","author":"Reser\u00e5det","date":"2024-04-12","format":false,"excerpt":"Information till vaccinat\u00f6rer och reser\u00e5dgivare Smitt\u00e4mnet och smittv\u00e4gar Sjukdomsbild Diagnostik och behandling Epidemiologi S\u00e4rskilda riskgrupper Vaccination och antibiotikaprofylax Vaccinationsindikationer Aktuella utbrott Smitt\u00e4mnet och smittv\u00e4gar Mpox (tidigare apkoppor) \u00e4r en zoonotisk virusinfektion orsakad av monkeypoxvirus (MPXV), ett DNA-virus tillh\u00f6rande familjen poxvirus, genus ortopoxvirus, vilket \u00e4r n\u00e4ra besl\u00e4ktat med variolavirus (smittkoppsvirus), cowpoxvirus\u2026","rel":"","context":"Liknande inl\u00e4gg","block_context":{"text":"Liknande inl\u00e4gg","link":""},"img":{"alt_text":"","src":"https:\/\/i0.wp.com\/resemedicin.se\/reseradet\/wp-content\/uploads\/2024\/09\/mpox-africa-1.jpg?resize=350%2C200&ssl=1","width":350,"height":200,"srcset":"https:\/\/i0.wp.com\/resemedicin.se\/reseradet\/wp-content\/uploads\/2024\/09\/mpox-africa-1.jpg?resize=350%2C200&ssl=1 1x, https:\/\/i0.wp.com\/resemedicin.se\/reseradet\/wp-content\/uploads\/2024\/09\/mpox-africa-1.jpg?resize=525%2C300&ssl=1 1.5x, https:\/\/i0.wp.com\/resemedicin.se\/reseradet\/wp-content\/uploads\/2024\/09\/mpox-africa-1.jpg?resize=700%2C400&ssl=1 2x"},"classes":[]},{"id":8129,"url":"https:\/\/resemedicin.se\/reseradet\/landsinformation\/frankrike\/","url_meta":{"origin":6417,"position":4},"title":"Frankrike, Monaco och Andorra","author":"Reser\u00e5det","date":"2024-10-03","format":false,"excerpt":"Information till vaccinat\u00f6rer och reser\u00e5dgivare Klicka p\u00e5 bilden f\u00f6r st\u00f6rre karta Kort landsinformation Vaccinationer Andra infektioner att vara observant p\u00e5 \u00d6vriga reserisker Aktuella utbrott Kort landsinformation Frankrike (befolkning cirka 68 miljoner inv\u00e5nare) \u00e4r bel\u00e4get i V\u00e4steuropa och gr\u00e4nsar till Belgien, Luxemburg, Tyskland, Schweiz, Italien, Monaco, Spanien och Andorra. Landet har\u2026","rel":"","context":"Liknande inl\u00e4gg","block_context":{"text":"Liknande inl\u00e4gg","link":""},"img":{"alt_text":"","src":"https:\/\/i0.wp.com\/resemedicin.se\/reseradet\/wp-content\/uploads\/2024\/10\/frankrike-karta.jpg?resize=350%2C200&ssl=1","width":350,"height":200,"srcset":"https:\/\/i0.wp.com\/resemedicin.se\/reseradet\/wp-content\/uploads\/2024\/10\/frankrike-karta.jpg?resize=350%2C200&ssl=1 1x, https:\/\/i0.wp.com\/resemedicin.se\/reseradet\/wp-content\/uploads\/2024\/10\/frankrike-karta.jpg?resize=525%2C300&ssl=1 1.5x, https:\/\/i0.wp.com\/resemedicin.se\/reseradet\/wp-content\/uploads\/2024\/10\/frankrike-karta.jpg?resize=700%2C400&ssl=1 2x"},"classes":[]},{"id":11,"url":"https:\/\/resemedicin.se\/reseradet\/","url_meta":{"origin":6417,"position":5},"title":"Reser\u00e5det Pro med Svar ig\u00e5r","author":"Reser\u00e5det","date":"2024-03-04","format":false,"excerpt":"Kunskapsst\u00f6d f\u00f6r vaccination och resemedicin Reser\u00e5det Pro med\u00a0Svar ig\u00e5r\u00a0\u00e4r en del av informationsportalen Reser\u00e5det \u2013 Sveriges mest omfattande kunskapsresurs om vaccinationer och resemedicin. Tj\u00e4nsten \u00e4r utvecklad f\u00f6r l\u00e4kare och sjuksk\u00f6terskor som arbetar med vaccination och resemedicinsk r\u00e5dgivning. H\u00e4r f\u00e5r du snabb tillg\u00e5ng till medicinsk bakgrundsinformation, praktiska rekommendationer och epidemiologiska uppdateringar\u2026","rel":"","context":"Liknande inl\u00e4gg","block_context":{"text":"Liknande inl\u00e4gg","link":""},"img":{"alt_text":"","src":"https:\/\/i0.wp.com\/resemedicin.se\/reseradet\/wp-content\/uploads\/2026\/03\/banner-reseradet.jpg?resize=350%2C200&ssl=1","width":350,"height":200,"srcset":"https:\/\/i0.wp.com\/resemedicin.se\/reseradet\/wp-content\/uploads\/2026\/03\/banner-reseradet.jpg?resize=350%2C200&ssl=1 1x, https:\/\/i0.wp.com\/resemedicin.se\/reseradet\/wp-content\/uploads\/2026\/03\/banner-reseradet.jpg?resize=525%2C300&ssl=1 1.5x, https:\/\/i0.wp.com\/resemedicin.se\/reseradet\/wp-content\/uploads\/2026\/03\/banner-reseradet.jpg?resize=700%2C400&ssl=1 2x"},"classes":[]}],"jetpack_sharing_enabled":true,"_links":{"self":[{"href":"https:\/\/resemedicin.se\/reseradet\/wp-json\/wp\/v2\/pages\/6417","targetHints":{"allow":["GET"]}}],"collection":[{"href":"https:\/\/resemedicin.se\/reseradet\/wp-json\/wp\/v2\/pages"}],"about":[{"href":"https:\/\/resemedicin.se\/reseradet\/wp-json\/wp\/v2\/types\/page"}],"author":[{"embeddable":true,"href":"https:\/\/resemedicin.se\/reseradet\/wp-json\/wp\/v2\/users\/1"}],"replies":[{"embeddable":true,"href":"https:\/\/resemedicin.se\/reseradet\/wp-json\/wp\/v2\/comments?post=6417"}],"version-history":[{"count":16,"href":"https:\/\/resemedicin.se\/reseradet\/wp-json\/wp\/v2\/pages\/6417\/revisions"}],"predecessor-version":[{"id":13371,"href":"https:\/\/resemedicin.se\/reseradet\/wp-json\/wp\/v2\/pages\/6417\/revisions\/13371"}],"wp:attachment":[{"href":"https:\/\/resemedicin.se\/reseradet\/wp-json\/wp\/v2\/media?parent=6417"}],"curies":[{"name":"wp","href":"https:\/\/api.w.org\/{rel}","templated":true}]}}