{"id":6326,"date":"2024-09-18T20:15:03","date_gmt":"2024-09-18T20:15:03","guid":{"rendered":"https:\/\/resemedicin.se\/reseradet\/?page_id=6326"},"modified":"2026-03-26T11:10:15","modified_gmt":"2026-03-26T10:10:15","slug":"singapore","status":"publish","type":"page","link":"https:\/\/resemedicin.se\/reseradet\/landsinformation\/singapore\/","title":{"rendered":"Singapore"},"content":{"rendered":"Du m\u00e5ste vara inloggad f\u00f6r att visa detta inneh\u00e5ll.","protected":false},"excerpt":{"rendered":"Du m\u00e5ste vara inloggad f\u00f6r att visa detta inneh\u00e5ll.","protected":false},"author":1,"featured_media":0,"parent":49,"menu_order":1,"comment_status":"open","ping_status":"closed","template":"","meta":{"_lmt_disableupdate":"no","_lmt_disable":"","footnotes":""},"class_list":["post-6326","page","type-page","status-publish","hentry"],"jetpack-related-posts":[{"id":2288,"url":"https:\/\/resemedicin.se\/reseradet\/vaccination\/avaxim\/","url_meta":{"origin":6326,"position":0},"title":"Avaxim\u00ae","author":"Reser\u00e5det","date":"2024-05-10","format":false,"excerpt":"Information till vaccinat\u00f6rer och reser\u00e5dgivare \u00d6versikt (indikation, skyddseffekt, s\u00e4kerhet) Administration och dosering Kan kombineras med Kontraindikationer och f\u00f6rsiktighet Graviditet och amning Inneh\u00e5ll F\u00f6rpackningsinformation Hantering och h\u00e5llbarhet Vidare information \u00d6versikt (indikation, skyddseffekt, s\u00e4kerhet) Indikation Avaxim\u00ae \u00e4r ett inaktiverat helvirusvaccin mot Hepatit A , som \u00e4r indicerat till icke-immuna vuxna och barn\u2026","rel":"","context":"Liknande inl\u00e4gg","block_context":{"text":"Liknande inl\u00e4gg","link":""},"img":{"alt_text":"","src":"https:\/\/i0.wp.com\/resemedicin.se\/reseradet\/wp-content\/uploads\/2024\/09\/Avaxim.jpg?resize=350%2C200&ssl=1","width":350,"height":200,"srcset":"https:\/\/i0.wp.com\/resemedicin.se\/reseradet\/wp-content\/uploads\/2024\/09\/Avaxim.jpg?resize=350%2C200&ssl=1 1x, https:\/\/i0.wp.com\/resemedicin.se\/reseradet\/wp-content\/uploads\/2024\/09\/Avaxim.jpg?resize=525%2C300&ssl=1 1.5x, https:\/\/i0.wp.com\/resemedicin.se\/reseradet\/wp-content\/uploads\/2024\/09\/Avaxim.jpg?resize=700%2C400&ssl=1 2x"},"classes":[]},{"id":2292,"url":"https:\/\/resemedicin.se\/reseradet\/vaccination\/vaqta\/","url_meta":{"origin":6326,"position":1},"title":"Vaqta\u00ae","author":"Reser\u00e5det","date":"2024-05-10","format":false,"excerpt":"Information till vaccinat\u00f6rer och reser\u00e5dgivare \u00d6versikt (indikation, skyddseffekt, s\u00e4kerhet) Administration och dosering Kan kombineras med Kontraindikationer och f\u00f6rsiktighet Graviditet och amning Inneh\u00e5ll F\u00f6rpackningsinformation Hantering och h\u00e5llbarhet Vidare information \u00d6versikt (indikation, skyddseffekt, s\u00e4kerhet) Indikation Vaqta\u00ae \u00e4r ett inaktiverat helvirusvaccin mot Hepatit A , som \u00e4r indicerat till friska vuxna >18 \u00e5r\u2026","rel":"","context":"Liknande inl\u00e4gg","block_context":{"text":"Liknande inl\u00e4gg","link":""},"img":{"alt_text":"","src":"https:\/\/i0.wp.com\/resemedicin.se\/reseradet\/wp-content\/uploads\/2024\/09\/vaqta.jpg?resize=350%2C200&ssl=1","width":350,"height":200,"srcset":"https:\/\/i0.wp.com\/resemedicin.se\/reseradet\/wp-content\/uploads\/2024\/09\/vaqta.jpg?resize=350%2C200&ssl=1 1x, https:\/\/i0.wp.com\/resemedicin.se\/reseradet\/wp-content\/uploads\/2024\/09\/vaqta.jpg?resize=525%2C300&ssl=1 1.5x, https:\/\/i0.wp.com\/resemedicin.se\/reseradet\/wp-content\/uploads\/2024\/09\/vaqta.jpg?resize=700%2C400&ssl=1 2x"},"classes":[]},{"id":2290,"url":"https:\/\/resemedicin.se\/reseradet\/vaccination\/havrix\/","url_meta":{"origin":6326,"position":2},"title":"Havrix\u00ae","author":"Reser\u00e5det","date":"2024-09-06","format":false,"excerpt":"Information till vaccinat\u00f6rer och reser\u00e5dgivare \u00d6versikt (indikation, skyddseffekt, s\u00e4kerhet) Administration och dosering Kan kombineras med Kontraindikationer och f\u00f6rsiktighet Graviditet och amning Inneh\u00e5ll F\u00f6rpackningsinformation Hantering och h\u00e5llbarhet Vidare information \u00d6versikt (indikation, skyddseffekt, s\u00e4kerhet) Indikation Havrix\u00ae \u00e4r ett inaktiverat helvirusvaccin mot Hepatit A , som \u00e4r indicerat till icke-immuna barn >1 \u00e5r\u2026","rel":"","context":"Liknande inl\u00e4gg","block_context":{"text":"Liknande inl\u00e4gg","link":""},"img":{"alt_text":"","src":"https:\/\/i0.wp.com\/resemedicin.se\/reseradet\/wp-content\/uploads\/2024\/09\/havrix-720.jpg?resize=350%2C200&ssl=1","width":350,"height":200,"srcset":"https:\/\/i0.wp.com\/resemedicin.se\/reseradet\/wp-content\/uploads\/2024\/09\/havrix-720.jpg?resize=350%2C200&ssl=1 1x, https:\/\/i0.wp.com\/resemedicin.se\/reseradet\/wp-content\/uploads\/2024\/09\/havrix-720.jpg?resize=525%2C300&ssl=1 1.5x, https:\/\/i0.wp.com\/resemedicin.se\/reseradet\/wp-content\/uploads\/2024\/09\/havrix-720.jpg?resize=700%2C400&ssl=1 2x"},"classes":[]},{"id":2029,"url":"https:\/\/resemedicin.se\/reseradet\/vaccination\/klorokinfosfat\/","url_meta":{"origin":6326,"position":3},"title":"Klorokinfosfat","author":"Reser\u00e5det","date":"2024-05-07","format":false,"excerpt":"Information till vaccinat\u00f6rer och reser\u00e5dgivare P.g.a. uttalad resistens anv\u00e4nds detta preparat inte l\u00e4ngre i Sverige. L\u00e4kemedlet \u00e4r avregistrerat i Sverige sedan 2025-01-20.","rel":"","context":"Liknande inl\u00e4gg","block_context":{"text":"Liknande inl\u00e4gg","link":""},"img":{"alt_text":"","src":"","width":0,"height":0},"classes":[]},{"id":13297,"url":"https:\/\/resemedicin.se\/reseradet\/prenumerera-kostnadsfritt-pa-epinytt\/","url_meta":{"origin":6326,"position":4},"title":"Prenumerera kostnadsfritt p\u00e5 EpiNytt","author":"Reser\u00e5det","date":"2025-05-12","format":false,"excerpt":"Nyhetsbrevet EpiNytt kommer vanligen ut en g\u00e5ng i veckan (p\u00e5 tisdagar) med aktuell information om utbrott och andra nyheter av relevans f\u00f6r vaccinat\u00f6rer och reser\u00e5dgivare, samt rikligt med l\u00e4nkar till bakgrundsinformation och rekommendationer p\u00e5 Reser\u00e5det Pro. Prenumeration p\u00e5 EpiNytt \u00e4r kostnadsfritt, men f\u00f6r till g\u00e5ng till Reser\u00e5det Pro kr\u00e4vs \u00e5rsprenumeration.","rel":"","context":"Liknande inl\u00e4gg","block_context":{"text":"Liknande inl\u00e4gg","link":""},"img":{"alt_text":"","src":"","width":0,"height":0},"classes":[]},{"id":9475,"url":"https:\/\/resemedicin.se\/reseradet\/vaccination\/bedova-och-tvatta\/","url_meta":{"origin":6326,"position":5},"title":"Bed\u00f6va och tv\u00e4tta innan vaccination?","author":"Reser\u00e5det","date":"2024-10-12","format":false,"excerpt":"Information till vaccinat\u00f6rer och reser\u00e5dgivare Denna text \u00e4r skriven av Dr Lars Rombo och Dr Anja Rosdahl.\u00a0 Ingen har visat att det l\u00f6nar sig att tv\u00e4tta med alkohol f\u00f6re en injektion med vaccin. I dessa tider med en \u00f6kad milj\u00f6medvetenhet \u00e4r det kanske dags att vi slutar sprita av gammal\u2026","rel":"","context":"Liknande inl\u00e4gg","block_context":{"text":"Liknande inl\u00e4gg","link":""},"img":{"alt_text":"","src":"","width":0,"height":0},"classes":[]}],"jetpack_sharing_enabled":true,"_links":{"self":[{"href":"https:\/\/resemedicin.se\/reseradet\/wp-json\/wp\/v2\/pages\/6326","targetHints":{"allow":["GET"]}}],"collection":[{"href":"https:\/\/resemedicin.se\/reseradet\/wp-json\/wp\/v2\/pages"}],"about":[{"href":"https:\/\/resemedicin.se\/reseradet\/wp-json\/wp\/v2\/types\/page"}],"author":[{"embeddable":true,"href":"https:\/\/resemedicin.se\/reseradet\/wp-json\/wp\/v2\/users\/1"}],"replies":[{"embeddable":true,"href":"https:\/\/resemedicin.se\/reseradet\/wp-json\/wp\/v2\/comments?post=6326"}],"version-history":[{"count":26,"href":"https:\/\/resemedicin.se\/reseradet\/wp-json\/wp\/v2\/pages\/6326\/revisions"}],"predecessor-version":[{"id":16414,"href":"https:\/\/resemedicin.se\/reseradet\/wp-json\/wp\/v2\/pages\/6326\/revisions\/16414"}],"up":[{"embeddable":true,"href":"https:\/\/resemedicin.se\/reseradet\/wp-json\/wp\/v2\/pages\/49"}],"wp:attachment":[{"href":"https:\/\/resemedicin.se\/reseradet\/wp-json\/wp\/v2\/media?parent=6326"}],"curies":[{"name":"wp","href":"https:\/\/api.w.org\/{rel}","templated":true}]}}