{"id":5898,"date":"2024-09-14T13:20:05","date_gmt":"2024-09-14T13:20:05","guid":{"rendered":"https:\/\/resemedicin.se\/reseradet\/?page_id=5898"},"modified":"2025-11-27T14:20:49","modified_gmt":"2025-11-27T13:20:49","slug":"vaccination-och-graviditet","status":"publish","type":"page","link":"https:\/\/resemedicin.se\/reseradet\/vaccination\/vaccination-och-graviditet\/","title":{"rendered":"Reser\u00e5dgivning och vaccination till gravida kvinnor"},"content":{"rendered":"Du m\u00e5ste vara inloggad f\u00f6r att visa detta inneh\u00e5ll.","protected":false},"excerpt":{"rendered":"Du m\u00e5ste vara inloggad f\u00f6r att visa detta inneh\u00e5ll.","protected":false},"author":1,"featured_media":0,"parent":1898,"menu_order":1,"comment_status":"open","ping_status":"closed","template":"","meta":{"_lmt_disableupdate":"no","_lmt_disable":"","footnotes":""},"class_list":["post-5898","page","type-page","status-publish","hentry"],"jetpack-related-posts":[{"id":12236,"url":"https:\/\/resemedicin.se\/reseradet\/reserad\/reseradgivning-till-resenarer-med-nedsatt-immunforsvar\/","url_meta":{"origin":5898,"position":0},"title":"Reser\u00e5dgivning till resen\u00e4rer med nedsatt immunf\u00f6rsvar","author":"Reser\u00e5det","date":"2024-11-29","format":false,"excerpt":"Information till vaccinat\u00f6rer och reser\u00e5dgivare Bakgrund Att ge r\u00e5d till immunosupprimerade resen\u00e4rer kr\u00e4ver en noggrann och individualiserad strategi f\u00f6r att s\u00e4kerst\u00e4lla deras h\u00e4lsa och s\u00e4kerhet under internationella resor. Immunosuppression kan bero p\u00e5 olika underliggande tillst\u00e5nd eller medicinska behandlingar, vilket medf\u00f6r en \u00f6kad risk f\u00f6r infektioner och andra h\u00e4lsokomplikationer under resor.\u2026","rel":"","context":"Liknande inl\u00e4gg","block_context":{"text":"Liknande inl\u00e4gg","link":""},"img":{"alt_text":"","src":"https:\/\/i0.wp.com\/resemedicin.se\/reseradet\/wp-content\/uploads\/2024\/11\/aldre-resenarer.jpg?resize=350%2C200&ssl=1","width":350,"height":200,"srcset":"https:\/\/i0.wp.com\/resemedicin.se\/reseradet\/wp-content\/uploads\/2024\/11\/aldre-resenarer.jpg?resize=350%2C200&ssl=1 1x, https:\/\/i0.wp.com\/resemedicin.se\/reseradet\/wp-content\/uploads\/2024\/11\/aldre-resenarer.jpg?resize=525%2C300&ssl=1 1.5x, https:\/\/i0.wp.com\/resemedicin.se\/reseradet\/wp-content\/uploads\/2024\/11\/aldre-resenarer.jpg?resize=700%2C400&ssl=1 2x"},"classes":[]},{"id":16,"url":"https:\/\/resemedicin.se\/reseradet\/om-reseradet\/","url_meta":{"origin":5898,"position":1},"title":"Om oss","author":"Reser\u00e5det","date":"2024-03-04","format":false,"excerpt":"RESER\u00c5DET \u00e4r Sveriges st\u00f6rsta oberoende kunskapsakt\u00f6r inom vaccinationer och reser\u00e5dgivning. Vi erbjuder genom portalen Reser\u00e5det Pro med fr\u00e5getj\u00e4nsten Svar ig\u00e5r, nyhetsbrevet EpiNytt samt kurser och e-utbildningar i Reser\u00e5det Vaccinakademis ett helt\u00e4ckande st\u00f6d till mer \u00e4n 500 vaccinationsmottagningar I Sverige, Norge och Finland.\u00a0Vi kan \u00e4ven erbjuda skr\u00e4ddarsydda l\u00f6sningar som passar just\u2026","rel":"","context":"Liknande inl\u00e4gg","block_context":{"text":"Liknande inl\u00e4gg","link":""},"img":{"alt_text":"","src":"https:\/\/i0.wp.com\/resemedicin.se\/reseradet\/wp-content\/uploads\/2026\/03\/banner-reseradet.jpg?resize=350%2C200&ssl=1","width":350,"height":200,"srcset":"https:\/\/i0.wp.com\/resemedicin.se\/reseradet\/wp-content\/uploads\/2026\/03\/banner-reseradet.jpg?resize=350%2C200&ssl=1 1x, https:\/\/i0.wp.com\/resemedicin.se\/reseradet\/wp-content\/uploads\/2026\/03\/banner-reseradet.jpg?resize=525%2C300&ssl=1 1.5x, https:\/\/i0.wp.com\/resemedicin.se\/reseradet\/wp-content\/uploads\/2026\/03\/banner-reseradet.jpg?resize=700%2C400&ssl=1 2x"},"classes":[]},{"id":1898,"url":"https:\/\/resemedicin.se\/reseradet\/vaccination\/","url_meta":{"origin":5898,"position":2},"title":"Vaccination och reseprofylax","author":"Reser\u00e5det","date":"2024-05-05","format":false,"excerpt":"Vaccinologi - teori, praktik och rutiner Malariaprofylax Vacciner mot bakteriella infektioner Vacciner mot virusinfektioner Vaccinationsintyg Vaccinologi - teori, praktik och rutiner Administrering av vacciner Allergi och vaccination Anafylaxi Barnvaccinationsprogrammet Dosintervall Fr\u00e5geformul\u00e4ret Grundskydd hos adoptivbarn, invandrare och tillf\u00e4lliga bes\u00f6kare Grundvaccination till helt ovaccinerad vuxen \"Gula boken\" - best\u00e4llning (FHM) Information till\u2026","rel":"","context":"Liknande inl\u00e4gg","block_context":{"text":"Liknande inl\u00e4gg","link":""},"img":{"alt_text":"","src":"https:\/\/i0.wp.com\/resemedicin.se\/reseradet\/wp-content\/uploads\/2025\/10\/bakterievaccin.jpg?resize=350%2C200&ssl=1","width":350,"height":200,"srcset":"https:\/\/i0.wp.com\/resemedicin.se\/reseradet\/wp-content\/uploads\/2025\/10\/bakterievaccin.jpg?resize=350%2C200&ssl=1 1x, https:\/\/i0.wp.com\/resemedicin.se\/reseradet\/wp-content\/uploads\/2025\/10\/bakterievaccin.jpg?resize=525%2C300&ssl=1 1.5x, https:\/\/i0.wp.com\/resemedicin.se\/reseradet\/wp-content\/uploads\/2025\/10\/bakterievaccin.jpg?resize=700%2C400&ssl=1 2x"},"classes":[]},{"id":9710,"url":"https:\/\/resemedicin.se\/reseradet\/landsinformation\/paskan\/","url_meta":{"origin":5898,"position":3},"title":"P\u00e5sk\u00f6n (Chile)","author":"Reser\u00e5det","date":"2024-10-14","format":false,"excerpt":"Information till vaccinat\u00f6rer och reser\u00e5dgivare Klicka p\u00e5 bilden f\u00f6r st\u00f6rre karta. Kort landsinformation Vaccinationer Andra infektioner att vara observant p\u00e5 \u00d6vriga reserisker Aktuella utbrott Kort landsinformation P\u00e5sk\u00f6n (Rapa Nui, befolkning cirka 7 700 inv\u00e5nare) \u00e4r en av v\u00e4rldens mest isolerade bebodda \u00f6ar, bel\u00e4gen i s\u00f6dra Stilla havet, cirka 3 500\u2026","rel":"","context":"Liknande inl\u00e4gg","block_context":{"text":"Liknande inl\u00e4gg","link":""},"img":{"alt_text":"","src":"https:\/\/i0.wp.com\/resemedicin.se\/reseradet\/wp-content\/uploads\/2024\/10\/paskon-karta.jpg?resize=350%2C200&ssl=1","width":350,"height":200,"srcset":"https:\/\/i0.wp.com\/resemedicin.se\/reseradet\/wp-content\/uploads\/2024\/10\/paskon-karta.jpg?resize=350%2C200&ssl=1 1x, https:\/\/i0.wp.com\/resemedicin.se\/reseradet\/wp-content\/uploads\/2024\/10\/paskon-karta.jpg?resize=525%2C300&ssl=1 1.5x, https:\/\/i0.wp.com\/resemedicin.se\/reseradet\/wp-content\/uploads\/2024\/10\/paskon-karta.jpg?resize=700%2C400&ssl=1 2x"},"classes":[]},{"id":2334,"url":"https:\/\/resemedicin.se\/reseradet\/vaccination\/priorix\/","url_meta":{"origin":5898,"position":4},"title":"Priorix\u00ae","author":"Reser\u00e5det","date":"2024-05-10","format":false,"excerpt":"Information till vaccinat\u00f6rer och reser\u00e5dgivare Information till vaccinat\u00f6rer och reser\u00e5dgivare \u00d6versikt (indikation, skyddseffekt, s\u00e4kerhet) Administration och dosering Kan kombineras med Kontraindikationer och f\u00f6rsiktighet Graviditet och amning Inneh\u00e5ll F\u00f6rpackningsinformation Hantering och h\u00e5llbarhet \u00d6versikt (indikation, skyddseffekt, s\u00e4kerhet) Priorix\u00ae\u00a0(GSK) \u00e4r ett mycket effektivt levande f\u00f6rsvagat kombinationsvaccin mot m\u00e4ssling (morbilli), p\u00e5ssjuka (parotit) och r\u00f6da\u2026","rel":"","context":"Liknande inl\u00e4gg","block_context":{"text":"Liknande inl\u00e4gg","link":""},"img":{"alt_text":"","src":"https:\/\/i0.wp.com\/resemedicin.se\/reseradet\/wp-content\/uploads\/2024\/09\/priorix.jpg?resize=350%2C200&ssl=1","width":350,"height":200,"srcset":"https:\/\/i0.wp.com\/resemedicin.se\/reseradet\/wp-content\/uploads\/2024\/09\/priorix.jpg?resize=350%2C200&ssl=1 1x, https:\/\/i0.wp.com\/resemedicin.se\/reseradet\/wp-content\/uploads\/2024\/09\/priorix.jpg?resize=525%2C300&ssl=1 1.5x, https:\/\/i0.wp.com\/resemedicin.se\/reseradet\/wp-content\/uploads\/2024\/09\/priorix.jpg?resize=700%2C400&ssl=1 2x"},"classes":[]},{"id":9680,"url":"https:\/\/resemedicin.se\/reseradet\/landsinformation\/kiribati\/","url_meta":{"origin":5898,"position":5},"title":"Kiribati","author":"Reser\u00e5det","date":"2024-10-14","format":false,"excerpt":"Information till vaccinat\u00f6rer och reser\u00e5dgivare Klicka p\u00e5 bilden f\u00f6r st\u00f6rre karta. Kort landsinformation Vaccinationer Andra infektioner att vara observant p\u00e5 \u00d6vriga reserisker Aktuella utbrott Kort landsinformation Kiribati (befolkning cirka 120 000 inv\u00e5nare) \u00e4r en \u00f6nation i centrala Stilla havet, spridd \u00f6ver 32 atoller och en vulkanisk \u00f6, som tillsammans t\u00e4cker\u2026","rel":"","context":"Liknande inl\u00e4gg","block_context":{"text":"Liknande inl\u00e4gg","link":""},"img":{"alt_text":"","src":"https:\/\/i0.wp.com\/resemedicin.se\/reseradet\/wp-content\/uploads\/2024\/10\/kiribati-karta.jpg?resize=350%2C200&ssl=1","width":350,"height":200,"srcset":"https:\/\/i0.wp.com\/resemedicin.se\/reseradet\/wp-content\/uploads\/2024\/10\/kiribati-karta.jpg?resize=350%2C200&ssl=1 1x, https:\/\/i0.wp.com\/resemedicin.se\/reseradet\/wp-content\/uploads\/2024\/10\/kiribati-karta.jpg?resize=525%2C300&ssl=1 1.5x, https:\/\/i0.wp.com\/resemedicin.se\/reseradet\/wp-content\/uploads\/2024\/10\/kiribati-karta.jpg?resize=700%2C400&ssl=1 2x"},"classes":[]}],"jetpack_sharing_enabled":true,"_links":{"self":[{"href":"https:\/\/resemedicin.se\/reseradet\/wp-json\/wp\/v2\/pages\/5898","targetHints":{"allow":["GET"]}}],"collection":[{"href":"https:\/\/resemedicin.se\/reseradet\/wp-json\/wp\/v2\/pages"}],"about":[{"href":"https:\/\/resemedicin.se\/reseradet\/wp-json\/wp\/v2\/types\/page"}],"author":[{"embeddable":true,"href":"https:\/\/resemedicin.se\/reseradet\/wp-json\/wp\/v2\/users\/1"}],"replies":[{"embeddable":true,"href":"https:\/\/resemedicin.se\/reseradet\/wp-json\/wp\/v2\/comments?post=5898"}],"version-history":[{"count":19,"href":"https:\/\/resemedicin.se\/reseradet\/wp-json\/wp\/v2\/pages\/5898\/revisions"}],"predecessor-version":[{"id":15343,"href":"https:\/\/resemedicin.se\/reseradet\/wp-json\/wp\/v2\/pages\/5898\/revisions\/15343"}],"up":[{"embeddable":true,"href":"https:\/\/resemedicin.se\/reseradet\/wp-json\/wp\/v2\/pages\/1898"}],"wp:attachment":[{"href":"https:\/\/resemedicin.se\/reseradet\/wp-json\/wp\/v2\/media?parent=5898"}],"curies":[{"name":"wp","href":"https:\/\/api.w.org\/{rel}","templated":true}]}}