{"id":5117,"date":"2024-09-06T20:41:36","date_gmt":"2024-09-06T20:41:36","guid":{"rendered":"https:\/\/resemedicin.se\/reseradet\/?page_id=5117"},"modified":"2025-05-27T11:28:58","modified_gmt":"2025-05-27T10:28:58","slug":"allergi","status":"publish","type":"page","link":"https:\/\/resemedicin.se\/reseradet\/vaccination\/allergi\/","title":{"rendered":"Allergi och vaccination"},"content":{"rendered":"Du m\u00e5ste vara inloggad f\u00f6r att visa detta inneh\u00e5ll.","protected":false},"excerpt":{"rendered":"Du m\u00e5ste vara inloggad f\u00f6r att visa detta inneh\u00e5ll.","protected":false},"author":1,"featured_media":0,"parent":1898,"menu_order":1,"comment_status":"open","ping_status":"closed","template":"","meta":{"_lmt_disableupdate":"no","_lmt_disable":"","footnotes":""},"class_list":["post-5117","page","type-page","status-publish","hentry"],"jetpack-related-posts":[],"jetpack_sharing_enabled":true,"_links":{"self":[{"href":"https:\/\/resemedicin.se\/reseradet\/wp-json\/wp\/v2\/pages\/5117","targetHints":{"allow":["GET"]}}],"collection":[{"href":"https:\/\/resemedicin.se\/reseradet\/wp-json\/wp\/v2\/pages"}],"about":[{"href":"https:\/\/resemedicin.se\/reseradet\/wp-json\/wp\/v2\/types\/page"}],"author":[{"embeddable":true,"href":"https:\/\/resemedicin.se\/reseradet\/wp-json\/wp\/v2\/users\/1"}],"replies":[{"embeddable":true,"href":"https:\/\/resemedicin.se\/reseradet\/wp-json\/wp\/v2\/comments?post=5117"}],"version-history":[{"count":17,"href":"https:\/\/resemedicin.se\/reseradet\/wp-json\/wp\/v2\/pages\/5117\/revisions"}],"predecessor-version":[{"id":13624,"href":"https:\/\/resemedicin.se\/reseradet\/wp-json\/wp\/v2\/pages\/5117\/revisions\/13624"}],"up":[{"embeddable":true,"href":"https:\/\/resemedicin.se\/reseradet\/wp-json\/wp\/v2\/pages\/1898"}],"wp:attachment":[{"href":"https:\/\/resemedicin.se\/reseradet\/wp-json\/wp\/v2\/media?parent=5117"}],"curies":[{"name":"wp","href":"https:\/\/api.w.org\/{rel}","templated":true}]}}