{"id":4242,"date":"2024-08-21T10:25:33","date_gmt":"2024-08-21T10:25:33","guid":{"rendered":"https:\/\/resemedicin.se\/reseradet\/?page_id=4242"},"modified":"2026-03-26T08:45:23","modified_gmt":"2026-03-26T07:45:23","slug":"oropouchefeber","status":"publish","type":"page","link":"https:\/\/resemedicin.se\/reseradet\/sjukdomar-och-vacciner\/oropouchefeber\/","title":{"rendered":"Oropouchefeber"},"content":{"rendered":"Du m\u00e5ste vara inloggad f\u00f6r att visa detta inneh\u00e5ll.","protected":false},"excerpt":{"rendered":"Du m\u00e5ste vara inloggad f\u00f6r att visa detta inneh\u00e5ll.","protected":false},"author":1,"featured_media":0,"parent":44,"menu_order":0,"comment_status":"open","ping_status":"closed","template":"","meta":{"_lmt_disableupdate":"no","_lmt_disable":"","footnotes":""},"class_list":["post-4242","page","type-page","status-publish","hentry"],"jetpack-related-posts":[{"id":1013,"url":"https:\/\/resemedicin.se\/reseradet\/sjukdomar-och-vacciner\/aterfallsfeber\/","url_meta":{"origin":4242,"position":0},"title":"\u00c5terfallsfeber (relapsing fever)","author":"Reser\u00e5det","date":"2024-04-10","format":false,"excerpt":"Information till vaccinat\u00f6rer och reser\u00e5dgivare Borrelia recurrentis i m\u00f6rkf\u00e4ltsmikroskop Smitt\u00e4mnet och smittv\u00e4gar Symtom Diagnostik och behandling Epidemiologi Riskgrupper Prevention Aktuella utbrott Smitt\u00e4mnet och smittv\u00e4gar \u00c5terfallsfeber \u00e4r en febersjukdom orsakad av Borrelia-spiroketer, och som \u00e5terkommer cykliskt i skov. Den finns i tv\u00e5 varianter av sjukdomen. Den f\u00e4stingburna \u00e5terfallsfebern orsakas vanligen av\u2026","rel":"","context":"Liknande inl\u00e4gg","block_context":{"text":"Liknande inl\u00e4gg","link":""},"img":{"alt_text":"","src":"https:\/\/i0.wp.com\/resemedicin.se\/reseradet\/wp-content\/uploads\/2024\/08\/feberkurva.jpg?resize=350%2C200&ssl=1","width":350,"height":200,"srcset":"https:\/\/i0.wp.com\/resemedicin.se\/reseradet\/wp-content\/uploads\/2024\/08\/feberkurva.jpg?resize=350%2C200&ssl=1 1x, https:\/\/i0.wp.com\/resemedicin.se\/reseradet\/wp-content\/uploads\/2024\/08\/feberkurva.jpg?resize=525%2C300&ssl=1 1.5x, https:\/\/i0.wp.com\/resemedicin.se\/reseradet\/wp-content\/uploads\/2024\/08\/feberkurva.jpg?resize=700%2C400&ssl=1 2x"},"classes":[]},{"id":1671,"url":"https:\/\/resemedicin.se\/reseradet\/sjukdomar-och-vacciner\/q-feber\/","url_meta":{"origin":4242,"position":1},"title":"Q-feber","author":"Reser\u00e5det","date":"2024-04-30","format":false,"excerpt":"Information till vaccinat\u00f6rer och reser\u00e5dgivare Smitt\u00e4mnet och smittv\u00e4gar Symptom Diagnostik och behandling Epidemiologi Riskgrupper Prevention Utbrott Smitt\u00e4mnet och smittv\u00e4gar Q-feber orsakas av bakterien\u00a0Coxiella burnetii, en mycket motst\u00e5ndskraftig intracellul\u00e4r bakterie som kan \u00f6verleva l\u00e4nge i milj\u00f6n. Den infekterar fr\u00e4mst n\u00f6tkreatur, f\u00e5r och getter men kan \u00e4ven f\u00f6rekomma hos andra d\u00e4ggdjur, inklusive\u2026","rel":"","context":"Liknande inl\u00e4gg","block_context":{"text":"Liknande inl\u00e4gg","link":""},"img":{"alt_text":"","src":"https:\/\/i0.wp.com\/resemedicin.se\/reseradet\/wp-content\/uploads\/2026\/04\/sheep-1.jpg?resize=350%2C200&ssl=1","width":350,"height":200,"srcset":"https:\/\/i0.wp.com\/resemedicin.se\/reseradet\/wp-content\/uploads\/2026\/04\/sheep-1.jpg?resize=350%2C200&ssl=1 1x, https:\/\/i0.wp.com\/resemedicin.se\/reseradet\/wp-content\/uploads\/2026\/04\/sheep-1.jpg?resize=525%2C300&ssl=1 1.5x, https:\/\/i0.wp.com\/resemedicin.se\/reseradet\/wp-content\/uploads\/2026\/04\/sheep-1.jpg?resize=700%2C400&ssl=1 2x, https:\/\/i0.wp.com\/resemedicin.se\/reseradet\/wp-content\/uploads\/2026\/04\/sheep-1.jpg?resize=1050%2C600&ssl=1 3x"},"classes":[]},{"id":1689,"url":"https:\/\/resemedicin.se\/reseradet\/sjukdomar-och-vacciner\/hepatit-c\/","url_meta":{"origin":4242,"position":2},"title":"Hepatit C","author":"Reser\u00e5det","date":"2024-05-01","format":false,"excerpt":"Information till vaccinat\u00f6rer och reser\u00e5dgivare Smitt\u00e4mnet och smittv\u00e4gar Symtom Diagnostik och behandling Epidemiologi Riskgrupper Prevention Utbrott Smitt\u00e4mnet och smittv\u00e4gar Hepatit C-virus (HCV) \u00e4r ett RNA-virus som orsakar hepatit C. Sju distinkta HCV-genotyper och 67 subtyper har identifierats, vars f\u00f6rdelning varierar geografiskt \u00f6ver hela v\u00e4rlden. HCV smittar vanligen via blod och\u2026","rel":"","context":"Liknande inl\u00e4gg","block_context":{"text":"Liknande inl\u00e4gg","link":""},"img":{"alt_text":"","src":"https:\/\/i0.wp.com\/resemedicin.se\/reseradet\/wp-content\/uploads\/2024\/08\/hepatit-c.jpg?resize=350%2C200&ssl=1","width":350,"height":200,"srcset":"https:\/\/i0.wp.com\/resemedicin.se\/reseradet\/wp-content\/uploads\/2024\/08\/hepatit-c.jpg?resize=350%2C200&ssl=1 1x, https:\/\/i0.wp.com\/resemedicin.se\/reseradet\/wp-content\/uploads\/2024\/08\/hepatit-c.jpg?resize=525%2C300&ssl=1 1.5x, https:\/\/i0.wp.com\/resemedicin.se\/reseradet\/wp-content\/uploads\/2024\/08\/hepatit-c.jpg?resize=700%2C400&ssl=1 2x"},"classes":[]},{"id":1711,"url":"https:\/\/resemedicin.se\/reseradet\/sjukdomar-och-vacciner\/brucellos\/","url_meta":{"origin":4242,"position":3},"title":"Brucellos (Maltafeber)","author":"Reser\u00e5det","date":"2024-05-01","format":false,"excerpt":"Information till vaccinat\u00f6rer och reser\u00e5dgivare Smitt\u00e4mnet och smittv\u00e4gar Symptom Diagnostik och behandling Epidemiologi Riskgrupper Prevention Utbrott Smitt\u00e4mnet och smittv\u00e4gar Brucellos \u00e4r en bakteriesjukdom orsakad av Brucella abortus, B. melitensis, B. suis och B. canis. Dessa bakterierna \u00e4r t\u00e5liga och kan \u00f6verleva p\u00e5 marken och i opast\u00f6riserade mejeriprodukter i 2 m\u00e5nader.\u2026","rel":"","context":"Liknande inl\u00e4gg","block_context":{"text":"Liknande inl\u00e4gg","link":""},"img":{"alt_text":"","src":"https:\/\/i0.wp.com\/resemedicin.se\/reseradet\/wp-content\/uploads\/2024\/08\/brucellosis-karta.jpg?resize=350%2C200&ssl=1","width":350,"height":200,"srcset":"https:\/\/i0.wp.com\/resemedicin.se\/reseradet\/wp-content\/uploads\/2024\/08\/brucellosis-karta.jpg?resize=350%2C200&ssl=1 1x, https:\/\/i0.wp.com\/resemedicin.se\/reseradet\/wp-content\/uploads\/2024\/08\/brucellosis-karta.jpg?resize=525%2C300&ssl=1 1.5x, https:\/\/i0.wp.com\/resemedicin.se\/reseradet\/wp-content\/uploads\/2024\/08\/brucellosis-karta.jpg?resize=700%2C400&ssl=1 2x"},"classes":[]},{"id":4118,"url":"https:\/\/resemedicin.se\/reseradet\/sjukdomar-och-vacciner\/hakmaskar\/","url_meta":{"origin":4242,"position":4},"title":"Hakmaskinfektioner (ancylostomiasis)","author":"Reser\u00e5det","date":"2024-08-19","format":false,"excerpt":"Information till vaccinat\u00f6rer och reser\u00e5dgivare Smitt\u00e4mnet och smittv\u00e4gar Symptom Diagnostik och behandling Epidemiologi Riskgrupper Prevention Utbrott Smitt\u00e4mnet och smittv\u00e4gar Ancylostomiasis \u00e4r en infektion med hakmaskarna Ancylostoma duodenale eller Necator americanus. \u00c4gg som uts\u00f6ndrats med avf\u00f6ring fr\u00e5n en infekterad individ (g\u00f6dsling med m\u00e4nsklig avf\u00f6ring, underm\u00e5liga sanitetsanl\u00e4ggningar eller sm\u00e5barn som bajsar p\u00e5\u2026","rel":"","context":"Liknande inl\u00e4gg","block_context":{"text":"Liknande inl\u00e4gg","link":""},"img":{"alt_text":"","src":"https:\/\/i0.wp.com\/resemedicin.se\/reseradet\/wp-content\/uploads\/2024\/08\/barfota.jpg?resize=350%2C200&ssl=1","width":350,"height":200,"srcset":"https:\/\/i0.wp.com\/resemedicin.se\/reseradet\/wp-content\/uploads\/2024\/08\/barfota.jpg?resize=350%2C200&ssl=1 1x, https:\/\/i0.wp.com\/resemedicin.se\/reseradet\/wp-content\/uploads\/2024\/08\/barfota.jpg?resize=525%2C300&ssl=1 1.5x, https:\/\/i0.wp.com\/resemedicin.se\/reseradet\/wp-content\/uploads\/2024\/08\/barfota.jpg?resize=700%2C400&ssl=1 2x"},"classes":[]},{"id":981,"url":"https:\/\/resemedicin.se\/reseradet\/sjukdomar-och-vacciner\/afrikansk-somnsjuka\/","url_meta":{"origin":4242,"position":5},"title":"Afrikansk trypanosomiasis (s\u00f6mnsjuka)","author":"Reser\u00e5det","date":"2024-04-10","format":false,"excerpt":"Information till vaccinat\u00f6rer och reser\u00e5dgivare Blodutstryck med Trypanosoma brucei-parasiter. Smitt\u00e4mnet och smittv\u00e4gar Symtom Diagnostik och behandling Epidemiologi Riskgrupper Prevention Aktuella utbrott Smitt\u00e4mnet och smittv\u00e4gar Afrikansk s\u00f6mnsjuka (trypanosomiasis) \u00e4r en infektion av parasiten Trypanosoma brucei som smittar via bett av tsetseflugan. Den vanligaste formen med ett l\u00e5ngsammare f\u00f6rlopp \u00e4r den v\u00e4stafrikanska\u2026","rel":"","context":"Liknande inl\u00e4gg","block_context":{"text":"Liknande inl\u00e4gg","link":""},"img":{"alt_text":"","src":"https:\/\/i0.wp.com\/resemedicin.se\/reseradet\/wp-content\/uploads\/2024\/04\/somnsjuka-patienter.jpg?resize=350%2C200&ssl=1","width":350,"height":200,"srcset":"https:\/\/i0.wp.com\/resemedicin.se\/reseradet\/wp-content\/uploads\/2024\/04\/somnsjuka-patienter.jpg?resize=350%2C200&ssl=1 1x, https:\/\/i0.wp.com\/resemedicin.se\/reseradet\/wp-content\/uploads\/2024\/04\/somnsjuka-patienter.jpg?resize=525%2C300&ssl=1 1.5x, https:\/\/i0.wp.com\/resemedicin.se\/reseradet\/wp-content\/uploads\/2024\/04\/somnsjuka-patienter.jpg?resize=700%2C400&ssl=1 2x"},"classes":[]}],"jetpack_sharing_enabled":true,"_links":{"self":[{"href":"https:\/\/resemedicin.se\/reseradet\/wp-json\/wp\/v2\/pages\/4242","targetHints":{"allow":["GET"]}}],"collection":[{"href":"https:\/\/resemedicin.se\/reseradet\/wp-json\/wp\/v2\/pages"}],"about":[{"href":"https:\/\/resemedicin.se\/reseradet\/wp-json\/wp\/v2\/types\/page"}],"author":[{"embeddable":true,"href":"https:\/\/resemedicin.se\/reseradet\/wp-json\/wp\/v2\/users\/1"}],"replies":[{"embeddable":true,"href":"https:\/\/resemedicin.se\/reseradet\/wp-json\/wp\/v2\/comments?post=4242"}],"version-history":[{"count":19,"href":"https:\/\/resemedicin.se\/reseradet\/wp-json\/wp\/v2\/pages\/4242\/revisions"}],"predecessor-version":[{"id":16276,"href":"https:\/\/resemedicin.se\/reseradet\/wp-json\/wp\/v2\/pages\/4242\/revisions\/16276"}],"up":[{"embeddable":true,"href":"https:\/\/resemedicin.se\/reseradet\/wp-json\/wp\/v2\/pages\/44"}],"wp:attachment":[{"href":"https:\/\/resemedicin.se\/reseradet\/wp-json\/wp\/v2\/media?parent=4242"}],"curies":[{"name":"wp","href":"https:\/\/api.w.org\/{rel}","templated":true}]}}