{"id":260,"date":"2024-03-07T21:06:13","date_gmt":"2024-03-07T20:06:13","guid":{"rendered":"https:\/\/www.friskparesan.se\/?page_id=260"},"modified":"2026-04-13T08:23:16","modified_gmt":"2026-04-13T07:23:16","slug":"gula-febern","status":"publish","type":"page","link":"https:\/\/resemedicin.se\/reseradet\/sjukdomar-och-vacciner\/gula-febern\/","title":{"rendered":"Gula febern"},"content":{"rendered":"Du m\u00e5ste vara inloggad f\u00f6r att visa detta inneh\u00e5ll.","protected":false},"excerpt":{"rendered":"Du m\u00e5ste vara inloggad f\u00f6r att visa detta inneh\u00e5ll.","protected":false},"author":1,"featured_media":0,"parent":44,"menu_order":0,"comment_status":"open","ping_status":"closed","template":"","meta":{"_lmt_disableupdate":"no","_lmt_disable":"","footnotes":""},"class_list":["post-260","page","type-page","status-publish","hentry"],"jetpack-related-posts":[{"id":1671,"url":"https:\/\/resemedicin.se\/reseradet\/sjukdomar-och-vacciner\/q-feber\/","url_meta":{"origin":260,"position":0},"title":"Q-feber","author":"Reser\u00e5det","date":"2024-04-30","format":false,"excerpt":"Information till vaccinat\u00f6rer och reser\u00e5dgivare Smitt\u00e4mnet och smittv\u00e4gar Symptom Diagnostik och behandling Epidemiologi Riskgrupper Prevention Utbrott Smitt\u00e4mnet och smittv\u00e4gar Q-feber orsakas av bakterien\u00a0Coxiella burnetii, en mycket motst\u00e5ndskraftig intracellul\u00e4r bakterie som kan \u00f6verleva l\u00e4nge i milj\u00f6n. Den infekterar fr\u00e4mst n\u00f6tkreatur, f\u00e5r och getter men kan \u00e4ven f\u00f6rekomma hos andra d\u00e4ggdjur, inklusive\u2026","rel":"","context":"Liknande inl\u00e4gg","block_context":{"text":"Liknande inl\u00e4gg","link":""},"img":{"alt_text":"","src":"https:\/\/i0.wp.com\/resemedicin.se\/reseradet\/wp-content\/uploads\/2026\/04\/sheep-1.jpg?resize=350%2C200&ssl=1","width":350,"height":200,"srcset":"https:\/\/i0.wp.com\/resemedicin.se\/reseradet\/wp-content\/uploads\/2026\/04\/sheep-1.jpg?resize=350%2C200&ssl=1 1x, https:\/\/i0.wp.com\/resemedicin.se\/reseradet\/wp-content\/uploads\/2026\/04\/sheep-1.jpg?resize=525%2C300&ssl=1 1.5x, https:\/\/i0.wp.com\/resemedicin.se\/reseradet\/wp-content\/uploads\/2026\/04\/sheep-1.jpg?resize=700%2C400&ssl=1 2x, https:\/\/i0.wp.com\/resemedicin.se\/reseradet\/wp-content\/uploads\/2026\/04\/sheep-1.jpg?resize=1050%2C600&ssl=1 3x"},"classes":[]},{"id":1013,"url":"https:\/\/resemedicin.se\/reseradet\/sjukdomar-och-vacciner\/aterfallsfeber\/","url_meta":{"origin":260,"position":1},"title":"\u00c5terfallsfeber (relapsing fever)","author":"Reser\u00e5det","date":"2024-04-10","format":false,"excerpt":"Information till vaccinat\u00f6rer och reser\u00e5dgivare Borrelia recurrentis i m\u00f6rkf\u00e4ltsmikroskop Smitt\u00e4mnet och smittv\u00e4gar Symtom Diagnostik och behandling Epidemiologi Riskgrupper Prevention Aktuella utbrott Smitt\u00e4mnet och smittv\u00e4gar \u00c5terfallsfeber \u00e4r en febersjukdom orsakad av Borrelia-spiroketer, och som \u00e5terkommer cykliskt i skov. Den finns i tv\u00e5 varianter av sjukdomen. Den f\u00e4stingburna \u00e5terfallsfebern orsakas vanligen av\u2026","rel":"","context":"Liknande inl\u00e4gg","block_context":{"text":"Liknande inl\u00e4gg","link":""},"img":{"alt_text":"","src":"https:\/\/i0.wp.com\/resemedicin.se\/reseradet\/wp-content\/uploads\/2024\/08\/feberkurva.jpg?resize=350%2C200&ssl=1","width":350,"height":200,"srcset":"https:\/\/i0.wp.com\/resemedicin.se\/reseradet\/wp-content\/uploads\/2024\/08\/feberkurva.jpg?resize=350%2C200&ssl=1 1x, https:\/\/i0.wp.com\/resemedicin.se\/reseradet\/wp-content\/uploads\/2024\/08\/feberkurva.jpg?resize=525%2C300&ssl=1 1.5x, https:\/\/i0.wp.com\/resemedicin.se\/reseradet\/wp-content\/uploads\/2024\/08\/feberkurva.jpg?resize=700%2C400&ssl=1 2x"},"classes":[]},{"id":1711,"url":"https:\/\/resemedicin.se\/reseradet\/sjukdomar-och-vacciner\/brucellos\/","url_meta":{"origin":260,"position":2},"title":"Brucellos (Maltafeber)","author":"Reser\u00e5det","date":"2024-05-01","format":false,"excerpt":"Information till vaccinat\u00f6rer och reser\u00e5dgivare Smitt\u00e4mnet och smittv\u00e4gar Symptom Diagnostik och behandling Epidemiologi Riskgrupper Prevention Utbrott Smitt\u00e4mnet och smittv\u00e4gar Brucellos \u00e4r en bakteriesjukdom orsakad av Brucella abortus, B. melitensis, B. suis och B. canis. Dessa bakterierna \u00e4r t\u00e5liga och kan \u00f6verleva p\u00e5 marken och i opast\u00f6riserade mejeriprodukter i 2 m\u00e5nader.\u2026","rel":"","context":"Liknande inl\u00e4gg","block_context":{"text":"Liknande inl\u00e4gg","link":""},"img":{"alt_text":"","src":"https:\/\/i0.wp.com\/resemedicin.se\/reseradet\/wp-content\/uploads\/2024\/08\/brucellosis-karta.jpg?resize=350%2C200&ssl=1","width":350,"height":200,"srcset":"https:\/\/i0.wp.com\/resemedicin.se\/reseradet\/wp-content\/uploads\/2024\/08\/brucellosis-karta.jpg?resize=350%2C200&ssl=1 1x, https:\/\/i0.wp.com\/resemedicin.se\/reseradet\/wp-content\/uploads\/2024\/08\/brucellosis-karta.jpg?resize=525%2C300&ssl=1 1.5x, https:\/\/i0.wp.com\/resemedicin.se\/reseradet\/wp-content\/uploads\/2024\/08\/brucellosis-karta.jpg?resize=700%2C400&ssl=1 2x"},"classes":[]},{"id":999,"url":"https:\/\/resemedicin.se\/reseradet\/sjukdomar-och-vacciner\/nilfeber\/","url_meta":{"origin":260,"position":3},"title":"West Nile fever (Nilfeber)","author":"Reser\u00e5det","date":"2024-04-10","format":false,"excerpt":"Information till vaccinat\u00f6rer och reser\u00e5dgivare Smitt\u00e4mnet och smittv\u00e4gar Symptom Diagnostik och behandling Epidemiologi Riskgrupper Prevention Utbrott Smitt\u00e4mnet och smittv\u00e4gar West Nile fever (nilfeber) orsakas av West Nile virus (WNV), ett RNA-virus i sl\u00e4ktet Flavivirus. Sl\u00e4ktet inkluderar bl.a. \u00e4ven denguevirus, TBE-virus, gula febervirus, Zikavirus och flera andra virus som kan orsaka\u2026","rel":"","context":"Liknande inl\u00e4gg","block_context":{"text":"Liknande inl\u00e4gg","link":""},"img":{"alt_text":"","src":"https:\/\/i0.wp.com\/resemedicin.se\/reseradet\/wp-content\/uploads\/2024\/09\/WNV-EU-2024.jpg?resize=350%2C200&ssl=1","width":350,"height":200,"srcset":"https:\/\/i0.wp.com\/resemedicin.se\/reseradet\/wp-content\/uploads\/2024\/09\/WNV-EU-2024.jpg?resize=350%2C200&ssl=1 1x, https:\/\/i0.wp.com\/resemedicin.se\/reseradet\/wp-content\/uploads\/2024\/09\/WNV-EU-2024.jpg?resize=525%2C300&ssl=1 1.5x, https:\/\/i0.wp.com\/resemedicin.se\/reseradet\/wp-content\/uploads\/2024\/09\/WNV-EU-2024.jpg?resize=700%2C400&ssl=1 2x"},"classes":[]},{"id":1700,"url":"https:\/\/resemedicin.se\/reseradet\/sjukdomar-och-vacciner\/legionella\/","url_meta":{"origin":260,"position":4},"title":"Legion\u00e4rssjuka (legionella)","author":"Reser\u00e5det","date":"2024-05-01","format":false,"excerpt":"Information till vaccinat\u00f6rer och reser\u00e5dgivare Smitt\u00e4mnet och smittv\u00e4gar Symptom Diagnostik och behandling Epidemiologi Riskgrupper Prevention Utbrott Smitt\u00e4mnet och smittv\u00e4gar Legionella pneumophila \u00e4r en gramnegativ bacill som oftast orsakar lunginflammation med extrapulmonella drag. Bakterien identifierades f\u00f6rsta g\u00e5ngen 1976 efter ett stort utbrott vid en kongress i Philadelphia med veteraner fr\u00e5n 2:a\u2026","rel":"","context":"Liknande inl\u00e4gg","block_context":{"text":"Liknande inl\u00e4gg","link":""},"img":{"alt_text":"","src":"https:\/\/i0.wp.com\/resemedicin.se\/reseradet\/wp-content\/uploads\/2024\/08\/legionella.jpg?resize=350%2C200&ssl=1","width":350,"height":200,"srcset":"https:\/\/i0.wp.com\/resemedicin.se\/reseradet\/wp-content\/uploads\/2024\/08\/legionella.jpg?resize=350%2C200&ssl=1 1x, https:\/\/i0.wp.com\/resemedicin.se\/reseradet\/wp-content\/uploads\/2024\/08\/legionella.jpg?resize=525%2C300&ssl=1 1.5x, https:\/\/i0.wp.com\/resemedicin.se\/reseradet\/wp-content\/uploads\/2024\/08\/legionella.jpg?resize=700%2C400&ssl=1 2x"},"classes":[]},{"id":1006,"url":"https:\/\/resemedicin.se\/reseradet\/sjukdomar-och-vacciner\/sandmyggefeber\/","url_meta":{"origin":260,"position":5},"title":"Sandmyggefeber (sand fly fever, flebotomusfeber, pappatacifeber)","author":"Reser\u00e5det","date":"2024-04-10","format":false,"excerpt":"Information till vaccinat\u00f6rer och reser\u00e5dgivare Sandmygga (Phlebotomus), vektor f\u00f6r sandmyggefeber och leishmaniasis. Smitt\u00e4mnet och smittv\u00e4gar Symptom Diagnostik och behandling Epidemiologi Riskgrupper Prevention Utbrott Smitt\u00e4mnet och smittv\u00e4gar Sandmyggefeber, \u00e4ven kallad tredagarsfeber, flebotomusfeber eller pappatacifeber, \u00e4r en virussjukdom orsakad av flera olika n\u00e4rbesl\u00e4ktade Phlebovirus (vanligast toscanavirus, sicilianavirus och naplesvirus), vilka smittar genom\u2026","rel":"","context":"Liknande inl\u00e4gg","block_context":{"text":"Liknande inl\u00e4gg","link":""},"img":{"alt_text":"","src":"https:\/\/i0.wp.com\/resemedicin.se\/reseradet\/wp-content\/uploads\/2024\/08\/sandmyggefeber-1.jpg?resize=350%2C200&ssl=1","width":350,"height":200,"srcset":"https:\/\/i0.wp.com\/resemedicin.se\/reseradet\/wp-content\/uploads\/2024\/08\/sandmyggefeber-1.jpg?resize=350%2C200&ssl=1 1x, https:\/\/i0.wp.com\/resemedicin.se\/reseradet\/wp-content\/uploads\/2024\/08\/sandmyggefeber-1.jpg?resize=525%2C300&ssl=1 1.5x, https:\/\/i0.wp.com\/resemedicin.se\/reseradet\/wp-content\/uploads\/2024\/08\/sandmyggefeber-1.jpg?resize=700%2C400&ssl=1 2x"},"classes":[]}],"jetpack_sharing_enabled":true,"_links":{"self":[{"href":"https:\/\/resemedicin.se\/reseradet\/wp-json\/wp\/v2\/pages\/260","targetHints":{"allow":["GET"]}}],"collection":[{"href":"https:\/\/resemedicin.se\/reseradet\/wp-json\/wp\/v2\/pages"}],"about":[{"href":"https:\/\/resemedicin.se\/reseradet\/wp-json\/wp\/v2\/types\/page"}],"author":[{"embeddable":true,"href":"https:\/\/resemedicin.se\/reseradet\/wp-json\/wp\/v2\/users\/1"}],"replies":[{"embeddable":true,"href":"https:\/\/resemedicin.se\/reseradet\/wp-json\/wp\/v2\/comments?post=260"}],"version-history":[{"count":41,"href":"https:\/\/resemedicin.se\/reseradet\/wp-json\/wp\/v2\/pages\/260\/revisions"}],"predecessor-version":[{"id":16604,"href":"https:\/\/resemedicin.se\/reseradet\/wp-json\/wp\/v2\/pages\/260\/revisions\/16604"}],"up":[{"embeddable":true,"href":"https:\/\/resemedicin.se\/reseradet\/wp-json\/wp\/v2\/pages\/44"}],"wp:attachment":[{"href":"https:\/\/resemedicin.se\/reseradet\/wp-json\/wp\/v2\/media?parent=260"}],"curies":[{"name":"wp","href":"https:\/\/api.w.org\/{rel}","templated":true}]}}