{"id":252,"date":"2024-03-07T18:49:47","date_gmt":"2024-03-07T17:49:47","guid":{"rendered":"https:\/\/www.friskparesan.se\/?page_id=252"},"modified":"2026-03-31T11:06:16","modified_gmt":"2026-03-31T10:06:16","slug":"tbe","status":"publish","type":"page","link":"https:\/\/resemedicin.se\/reseradet\/sjukdomar-och-vacciner\/tbe\/","title":{"rendered":"F\u00e4stingburen hj\u00e4rninflammation (TBE)"},"content":{"rendered":"Du m\u00e5ste vara inloggad f\u00f6r att visa detta inneh\u00e5ll.","protected":false},"excerpt":{"rendered":"Du m\u00e5ste vara inloggad f\u00f6r att visa detta inneh\u00e5ll.","protected":false},"author":1,"featured_media":0,"parent":44,"menu_order":0,"comment_status":"open","ping_status":"closed","template":"","meta":{"_lmt_disableupdate":"no","_lmt_disable":"","footnotes":""},"class_list":["post-252","page","type-page","status-publish","hentry"],"jetpack-related-posts":[],"jetpack_sharing_enabled":true,"_links":{"self":[{"href":"https:\/\/resemedicin.se\/reseradet\/wp-json\/wp\/v2\/pages\/252","targetHints":{"allow":["GET"]}}],"collection":[{"href":"https:\/\/resemedicin.se\/reseradet\/wp-json\/wp\/v2\/pages"}],"about":[{"href":"https:\/\/resemedicin.se\/reseradet\/wp-json\/wp\/v2\/types\/page"}],"author":[{"embeddable":true,"href":"https:\/\/resemedicin.se\/reseradet\/wp-json\/wp\/v2\/users\/1"}],"replies":[{"embeddable":true,"href":"https:\/\/resemedicin.se\/reseradet\/wp-json\/wp\/v2\/comments?post=252"}],"version-history":[{"count":41,"href":"https:\/\/resemedicin.se\/reseradet\/wp-json\/wp\/v2\/pages\/252\/revisions"}],"predecessor-version":[{"id":16582,"href":"https:\/\/resemedicin.se\/reseradet\/wp-json\/wp\/v2\/pages\/252\/revisions\/16582"}],"up":[{"embeddable":true,"href":"https:\/\/resemedicin.se\/reseradet\/wp-json\/wp\/v2\/pages\/44"}],"wp:attachment":[{"href":"https:\/\/resemedicin.se\/reseradet\/wp-json\/wp\/v2\/media?parent=252"}],"curies":[{"name":"wp","href":"https:\/\/api.w.org\/{rel}","templated":true}]}}