{"id":240,"date":"2024-03-07T18:42:49","date_gmt":"2024-03-07T17:42:49","guid":{"rendered":"https:\/\/www.friskparesan.se\/?page_id=240"},"modified":"2026-03-26T09:07:28","modified_gmt":"2026-03-26T08:07:28","slug":"pneumokocker","status":"publish","type":"page","link":"https:\/\/resemedicin.se\/reseradet\/sjukdomar-och-vacciner\/pneumokocker\/","title":{"rendered":"Pneumokocker"},"content":{"rendered":"Du m\u00e5ste vara inloggad f\u00f6r att visa detta inneh\u00e5ll.","protected":false},"excerpt":{"rendered":"Du m\u00e5ste vara inloggad f\u00f6r att visa detta inneh\u00e5ll.","protected":false},"author":1,"featured_media":0,"parent":44,"menu_order":0,"comment_status":"open","ping_status":"closed","template":"","meta":{"_lmt_disableupdate":"no","_lmt_disable":"","footnotes":""},"class_list":["post-240","page","type-page","status-publish","hentry"],"jetpack-related-posts":[{"id":3250,"url":"https:\/\/resemedicin.se\/reseradet\/sjukdomar-och-vacciner\/hib\/","url_meta":{"origin":240,"position":0},"title":"Haemophilus influenzae tyb b (Hib)","author":"Reser\u00e5det","date":"2024-07-08","format":false,"excerpt":"Information till vaccinat\u00f6rer och reser\u00e5dgivare Smitt\u00e4mnet och smittv\u00e4gar Sjukdomsbild Diagnostik och behandling Epidemiologi S\u00e4rskilt riskutsatta resen\u00e4rer Vaccination Haemophilus influenzae typ b (Hib) i elektronmikroskop. Smitt\u00e4mnet och smittv\u00e4gar Haemophilus influenzae \u00e4r en gramnegativ coccobacill som i allm\u00e4nhet \u00e4r aerob, men kan v\u00e4xa som en anaerob under vissa f\u00f6rh\u00e5llanden. Hib \u00f6verlever inte\u2026","rel":"","context":"Liknande inl\u00e4gg","block_context":{"text":"Liknande inl\u00e4gg","link":""},"img":{"alt_text":"","src":"https:\/\/i0.wp.com\/resemedicin.se\/reseradet\/wp-content\/uploads\/2024\/07\/HI-gram.png?resize=350%2C200&ssl=1","width":350,"height":200},"classes":[]},{"id":12225,"url":"https:\/\/resemedicin.se\/reseradet\/reserad\/vaccination-av-splenektomerade\/","url_meta":{"origin":240,"position":1},"title":"Vaccination av splenektomerade","author":"Reser\u00e5det","date":"2024-11-28","format":false,"excerpt":"Information till vaccinat\u00f6rer och reser\u00e5dgivare Bakgrund Personer som har genomg\u00e5tt splenektomi, det vill s\u00e4ga borttagning av mj\u00e4lten, har en \u00f6kad risk f\u00f6r allvarliga infektioner, s\u00e4rskilt orsakade av kapslade bakterier som pneumokocker, meningokocker och Haemophilus influenzae typ b. F\u00f6r att minska denna risk rekommenderas f\u00f6ljande vaccinationer: Pneumokocker Konjugerat pneumokockvaccin (PCV):\u00a0En dos\u2026","rel":"","context":"Liknande inl\u00e4gg","block_context":{"text":"Liknande inl\u00e4gg","link":""},"img":{"alt_text":"","src":"https:\/\/i0.wp.com\/resemedicin.se\/reseradet\/wp-content\/uploads\/2024\/11\/mjalte.jpg?resize=350%2C200&ssl=1","width":350,"height":200,"srcset":"https:\/\/i0.wp.com\/resemedicin.se\/reseradet\/wp-content\/uploads\/2024\/11\/mjalte.jpg?resize=350%2C200&ssl=1 1x, https:\/\/i0.wp.com\/resemedicin.se\/reseradet\/wp-content\/uploads\/2024\/11\/mjalte.jpg?resize=525%2C300&ssl=1 1.5x, https:\/\/i0.wp.com\/resemedicin.se\/reseradet\/wp-content\/uploads\/2024\/11\/mjalte.jpg?resize=700%2C400&ssl=1 2x"},"classes":[]},{"id":9452,"url":"https:\/\/resemedicin.se\/reseradet\/vaccination\/lagsta-vaccinationsalder\/","url_meta":{"origin":240,"position":2},"title":"L\u00e4gsta \u00e5lder vid resevaccination","author":"Reser\u00e5det","date":"2024-10-12","format":false,"excerpt":"Information till vaccinat\u00f6rer och reser\u00e5dgivare\u00a0 Levande vaccinvirus h\u00e4mmas av IgG antikroppar som g\u00e5tt \u00f6ver till fostret via placenta fr\u00e5n modern f\u00f6re f\u00f6rlossningen. L\u00e4gsta \u00e5lder f\u00f6r levande vaccin best\u00e4ms d\u00e4rf\u00f6r av n\u00e4r kvarvarande antikroppsniv\u00e5 \u00e4r s\u00e5 l\u00e5g att virusreplikation inte l\u00e4ngre h\u00e4mmas. Olika vaccin h\u00e4mmas olika l\u00e4nge men aldrig l\u00e4ngre \u00e4n\u2026","rel":"","context":"Liknande inl\u00e4gg","block_context":{"text":"Liknande inl\u00e4gg","link":""},"img":{"alt_text":"","src":"","width":0,"height":0},"classes":[]},{"id":9447,"url":"https:\/\/resemedicin.se\/reseradet\/vaccination\/inte-vet\/","url_meta":{"origin":240,"position":3},"title":"Os\u00e4kert tidigare grundskydd","author":"Reser\u00e5det","date":"2024-10-12","format":false,"excerpt":"Information till vaccinat\u00f6rer och reser\u00e5dgivare Inte s\u00e4llan kommer resen\u00e4rer till vaccinationsmottagningen inf\u00f6r en resa utan att veta vilka vacciner hen har f\u00e5tt som barn och man st\u00e4lls d\u00e5 inf\u00f6r problemet om man ska ge ett vaccin f\u00f6r s\u00e4kerhets skull och vilka risker detta eventuellt skulle kunna f\u00f6ra med sig. Ofta\u2026","rel":"","context":"Liknande inl\u00e4gg","block_context":{"text":"Liknande inl\u00e4gg","link":""},"img":{"alt_text":"","src":"","width":0,"height":0},"classes":[]},{"id":1700,"url":"https:\/\/resemedicin.se\/reseradet\/sjukdomar-och-vacciner\/legionella\/","url_meta":{"origin":240,"position":4},"title":"Legion\u00e4rssjuka (legionella)","author":"Reser\u00e5det","date":"2024-05-01","format":false,"excerpt":"Information till vaccinat\u00f6rer och reser\u00e5dgivare Smitt\u00e4mnet och smittv\u00e4gar Symptom Diagnostik och behandling Epidemiologi Riskgrupper Prevention Utbrott Smitt\u00e4mnet och smittv\u00e4gar Legionella pneumophila \u00e4r en gramnegativ bacill som oftast orsakar lunginflammation med extrapulmonella drag. Bakterien identifierades f\u00f6rsta g\u00e5ngen 1976 efter ett stort utbrott vid en kongress i Philadelphia med veteraner fr\u00e5n 2:a\u2026","rel":"","context":"Liknande inl\u00e4gg","block_context":{"text":"Liknande inl\u00e4gg","link":""},"img":{"alt_text":"","src":"https:\/\/i0.wp.com\/resemedicin.se\/reseradet\/wp-content\/uploads\/2024\/08\/legionella.jpg?resize=350%2C200&ssl=1","width":350,"height":200,"srcset":"https:\/\/i0.wp.com\/resemedicin.se\/reseradet\/wp-content\/uploads\/2024\/08\/legionella.jpg?resize=350%2C200&ssl=1 1x, https:\/\/i0.wp.com\/resemedicin.se\/reseradet\/wp-content\/uploads\/2024\/08\/legionella.jpg?resize=525%2C300&ssl=1 1.5x, https:\/\/i0.wp.com\/resemedicin.se\/reseradet\/wp-content\/uploads\/2024\/08\/legionella.jpg?resize=700%2C400&ssl=1 2x"},"classes":[]},{"id":248,"url":"https:\/\/resemedicin.se\/reseradet\/sjukdomar-och-vacciner\/rubella\/","url_meta":{"origin":240,"position":5},"title":"Rubella (r\u00f6da hund)","author":"Reser\u00e5det","date":"2024-03-07","format":false,"excerpt":"Information till vaccinat\u00f6rer och reser\u00e5dgivare Smitt\u00e4mnet och smittv\u00e4gar Sjukdomsbild Diagnostik och behandling Epidemiologi Riskgrupper Vaccination Aktuella utbrott Smitt\u00e4mnet och smittv\u00e4gar R\u00f6da hund \u00e4r en akut infektionssjukdom orsakad av rubellavirus - ett RNA-virus inom Togavirusfamiljen, med en enda antigen typ. Smitta sker genom person-till-person-kontakt eller via droppar fr\u00e5n luftv\u00e4gssekret fr\u00e5n infekterade\u2026","rel":"","context":"Liknande inl\u00e4gg","block_context":{"text":"Liknande inl\u00e4gg","link":""},"img":{"alt_text":"","src":"https:\/\/i0.wp.com\/resemedicin.se\/reseradet\/wp-content\/uploads\/2024\/09\/rubella-utslag.jpg?resize=350%2C200&ssl=1","width":350,"height":200,"srcset":"https:\/\/i0.wp.com\/resemedicin.se\/reseradet\/wp-content\/uploads\/2024\/09\/rubella-utslag.jpg?resize=350%2C200&ssl=1 1x, https:\/\/i0.wp.com\/resemedicin.se\/reseradet\/wp-content\/uploads\/2024\/09\/rubella-utslag.jpg?resize=525%2C300&ssl=1 1.5x, https:\/\/i0.wp.com\/resemedicin.se\/reseradet\/wp-content\/uploads\/2024\/09\/rubella-utslag.jpg?resize=700%2C400&ssl=1 2x"},"classes":[]}],"jetpack_sharing_enabled":true,"_links":{"self":[{"href":"https:\/\/resemedicin.se\/reseradet\/wp-json\/wp\/v2\/pages\/240","targetHints":{"allow":["GET"]}}],"collection":[{"href":"https:\/\/resemedicin.se\/reseradet\/wp-json\/wp\/v2\/pages"}],"about":[{"href":"https:\/\/resemedicin.se\/reseradet\/wp-json\/wp\/v2\/types\/page"}],"author":[{"embeddable":true,"href":"https:\/\/resemedicin.se\/reseradet\/wp-json\/wp\/v2\/users\/1"}],"replies":[{"embeddable":true,"href":"https:\/\/resemedicin.se\/reseradet\/wp-json\/wp\/v2\/comments?post=240"}],"version-history":[{"count":39,"href":"https:\/\/resemedicin.se\/reseradet\/wp-json\/wp\/v2\/pages\/240\/revisions"}],"predecessor-version":[{"id":16300,"href":"https:\/\/resemedicin.se\/reseradet\/wp-json\/wp\/v2\/pages\/240\/revisions\/16300"}],"up":[{"embeddable":true,"href":"https:\/\/resemedicin.se\/reseradet\/wp-json\/wp\/v2\/pages\/44"}],"wp:attachment":[{"href":"https:\/\/resemedicin.se\/reseradet\/wp-json\/wp\/v2\/media?parent=240"}],"curies":[{"name":"wp","href":"https:\/\/api.w.org\/{rel}","templated":true}]}}