{"id":2347,"date":"2024-05-10T07:30:11","date_gmt":"2024-05-10T07:30:11","guid":{"rendered":"https:\/\/resemedicin.se\/reseradet\/?page_id=2347"},"modified":"2024-10-07T08:24:29","modified_gmt":"2024-10-07T08:24:29","slug":"abrysvo","status":"publish","type":"page","link":"https:\/\/resemedicin.se\/reseradet\/vaccination\/abrysvo\/","title":{"rendered":"Abrysvo\u00ae"},"content":{"rendered":"Du m\u00e5ste vara inloggad f\u00f6r att visa detta inneh\u00e5ll.","protected":false},"excerpt":{"rendered":"Du m\u00e5ste vara inloggad f\u00f6r att visa detta inneh\u00e5ll.","protected":false},"author":1,"featured_media":0,"parent":1898,"menu_order":1,"comment_status":"open","ping_status":"closed","template":"","meta":{"_lmt_disableupdate":"no","_lmt_disable":"","footnotes":""},"class_list":["post-2347","page","type-page","status-publish","hentry"],"jetpack-related-posts":[],"jetpack_sharing_enabled":true,"_links":{"self":[{"href":"https:\/\/resemedicin.se\/reseradet\/wp-json\/wp\/v2\/pages\/2347","targetHints":{"allow":["GET"]}}],"collection":[{"href":"https:\/\/resemedicin.se\/reseradet\/wp-json\/wp\/v2\/pages"}],"about":[{"href":"https:\/\/resemedicin.se\/reseradet\/wp-json\/wp\/v2\/types\/page"}],"author":[{"embeddable":true,"href":"https:\/\/resemedicin.se\/reseradet\/wp-json\/wp\/v2\/users\/1"}],"replies":[{"embeddable":true,"href":"https:\/\/resemedicin.se\/reseradet\/wp-json\/wp\/v2\/comments?post=2347"}],"version-history":[{"count":12,"href":"https:\/\/resemedicin.se\/reseradet\/wp-json\/wp\/v2\/pages\/2347\/revisions"}],"predecessor-version":[{"id":5350,"href":"https:\/\/resemedicin.se\/reseradet\/wp-json\/wp\/v2\/pages\/2347\/revisions\/5350"}],"up":[{"embeddable":true,"href":"https:\/\/resemedicin.se\/reseradet\/wp-json\/wp\/v2\/pages\/1898"}],"wp:attachment":[{"href":"https:\/\/resemedicin.se\/reseradet\/wp-json\/wp\/v2\/media?parent=2347"}],"curies":[{"name":"wp","href":"https:\/\/api.w.org\/{rel}","templated":true}]}}