{"id":2298,"date":"2024-05-10T05:19:55","date_gmt":"2024-05-10T05:19:55","guid":{"rendered":"https:\/\/resemedicin.se\/reseradet\/?page_id=2298"},"modified":"2025-05-27T14:05:30","modified_gmt":"2025-05-27T13:05:30","slug":"twinrix-ambirix","status":"publish","type":"page","link":"https:\/\/resemedicin.se\/reseradet\/vaccination\/twinrix-ambirix\/","title":{"rendered":"Twinrix\u00ae Vuxen, Twinrix\u00ae Paediatric och Ambirix\u00ae"},"content":{"rendered":"Du m\u00e5ste vara inloggad f\u00f6r att visa detta inneh\u00e5ll.","protected":false},"excerpt":{"rendered":"Du m\u00e5ste vara inloggad f\u00f6r att visa detta inneh\u00e5ll.","protected":false},"author":1,"featured_media":0,"parent":1898,"menu_order":1,"comment_status":"open","ping_status":"closed","template":"","meta":{"_lmt_disableupdate":"no","_lmt_disable":"","footnotes":""},"class_list":["post-2298","page","type-page","status-publish","hentry"],"jetpack-related-posts":[{"id":1898,"url":"https:\/\/resemedicin.se\/reseradet\/vaccination\/","url_meta":{"origin":2298,"position":0},"title":"Vaccination och reseprofylax","author":"Reser\u00e5det","date":"2024-05-05","format":false,"excerpt":"Vaccinologi - teori, praktik och rutiner Malariaprofylax Vacciner mot bakteriella infektioner Vacciner mot virusinfektioner Vaccinationsintyg Vaccinologi - teori, praktik och rutiner Administrering av vacciner Allergi och vaccination Anafylaxi Barnvaccinationsprogrammet Dosintervall Fr\u00e5geformul\u00e4ret Grundskydd hos adoptivbarn, invandrare och tillf\u00e4lliga bes\u00f6kare Grundvaccination till helt ovaccinerad vuxen \"Gula boken\" - best\u00e4llning (FHM) Information till\u2026","rel":"","context":"Liknande inl\u00e4gg","block_context":{"text":"Liknande inl\u00e4gg","link":""},"img":{"alt_text":"","src":"https:\/\/i0.wp.com\/resemedicin.se\/reseradet\/wp-content\/uploads\/2025\/10\/bakterievaccin.jpg?resize=350%2C200&ssl=1","width":350,"height":200,"srcset":"https:\/\/i0.wp.com\/resemedicin.se\/reseradet\/wp-content\/uploads\/2025\/10\/bakterievaccin.jpg?resize=350%2C200&ssl=1 1x, https:\/\/i0.wp.com\/resemedicin.se\/reseradet\/wp-content\/uploads\/2025\/10\/bakterievaccin.jpg?resize=525%2C300&ssl=1 1.5x, https:\/\/i0.wp.com\/resemedicin.se\/reseradet\/wp-content\/uploads\/2025\/10\/bakterievaccin.jpg?resize=700%2C400&ssl=1 2x"},"classes":[]},{"id":94,"url":"https:\/\/resemedicin.se\/reseradet\/sjukdomar-och-vacciner\/hepatit-a\/","url_meta":{"origin":2298,"position":1},"title":"Hepatit A","author":"Reser\u00e5det","date":"2024-03-06","format":false,"excerpt":"Information till vaccinat\u00f6rer och reser\u00e5dgivare Smitt\u00e4mnet och smittv\u00e4gar Sjukdomsbild Diagnostik och behandling Epidemiologi S\u00e4rskilt riskutsatta resen\u00e4rer Vaccination Immunglobulin (gammaglobulin) Indikationer f\u00f6r vaccin och gammaglobulin Aktuella utbrott Smitt\u00e4mnet och smittv\u00e4gar Hepatit A (epidemisk gulsot) \u00e4r en virussjukdom orsakad av hepatit A-virus (HAV), ett RNA-virus inom familjen picornavirus. HAV \u00f6verf\u00f6rs med infekterad\u2026","rel":"","context":"Liknande inl\u00e4gg","block_context":{"text":"Liknande inl\u00e4gg","link":""},"img":{"alt_text":"","src":"https:\/\/i0.wp.com\/resemedicin.se\/reseradet\/wp-content\/uploads\/2024\/07\/ikterus.jpg?resize=350%2C200&ssl=1","width":350,"height":200,"srcset":"https:\/\/i0.wp.com\/resemedicin.se\/reseradet\/wp-content\/uploads\/2024\/07\/ikterus.jpg?resize=350%2C200&ssl=1 1x, https:\/\/i0.wp.com\/resemedicin.se\/reseradet\/wp-content\/uploads\/2024\/07\/ikterus.jpg?resize=525%2C300&ssl=1 1.5x, https:\/\/i0.wp.com\/resemedicin.se\/reseradet\/wp-content\/uploads\/2024\/07\/ikterus.jpg?resize=700%2C400&ssl=1 2x, https:\/\/i0.wp.com\/resemedicin.se\/reseradet\/wp-content\/uploads\/2024\/07\/ikterus.jpg?resize=1050%2C600&ssl=1 3x, https:\/\/i0.wp.com\/resemedicin.se\/reseradet\/wp-content\/uploads\/2024\/07\/ikterus.jpg?resize=1400%2C800&ssl=1 4x"},"classes":[]},{"id":262,"url":"https:\/\/resemedicin.se\/reseradet\/sjukdomar-och-vacciner\/hepatit-b\/","url_meta":{"origin":2298,"position":2},"title":"Hepatit B","author":"Reser\u00e5det","date":"2024-03-07","format":false,"excerpt":"Information till vaccinat\u00f6rer och reser\u00e5dgivare Smitt\u00e4mnet och smittv\u00e4gar Sjukdomsbild Diagnostik och behandling Epidemiologi S\u00e4rskilt riskutsatta resen\u00e4rer Vaccination Vaccinationsindikationer Immunprofylax mot hepatit B Aktuella utbrott Smitt\u00e4mnet och smittv\u00e4gar Hepatit B \u00e4r en leverinfektion, orsakad av hepatit B-virus (HBV), ett DNA-virus i familjen Hepadnaviridae. HBV kan delas in i 9 serologiska typer\u2026","rel":"","context":"Liknande inl\u00e4gg","block_context":{"text":"Liknande inl\u00e4gg","link":""},"img":{"alt_text":"","src":"https:\/\/i0.wp.com\/resemedicin.se\/reseradet\/wp-content\/uploads\/2024\/07\/image-3.png?resize=350%2C200&ssl=1","width":350,"height":200,"srcset":"https:\/\/i0.wp.com\/resemedicin.se\/reseradet\/wp-content\/uploads\/2024\/07\/image-3.png?resize=350%2C200&ssl=1 1x, https:\/\/i0.wp.com\/resemedicin.se\/reseradet\/wp-content\/uploads\/2024\/07\/image-3.png?resize=525%2C300&ssl=1 1.5x, https:\/\/i0.wp.com\/resemedicin.se\/reseradet\/wp-content\/uploads\/2024\/07\/image-3.png?resize=700%2C400&ssl=1 2x"},"classes":[]},{"id":1998,"url":"https:\/\/resemedicin.se\/reseradet\/vaccination\/lathund-vacciner\/","url_meta":{"origin":2298,"position":3},"title":"Lathund vacciner A-Z","author":"Reser\u00e5det","date":"2024-05-06","format":false,"excerpt":"Information till vaccinat\u00f6rer och reser\u00e5dgivare Abrysvo\u00ae Vaccintyp: Rekombinanta antigen mot RSV A och B.Dos: 1 dos \u00e1 0,5 ml im till person 60 \u00e5r eller \u00e4ldre samt gravida graviditetsvecka 24-36Biverkningar: Lokala biverkningar p\u00e5 injektionsplatsen, myalgi och huvudv\u00e4rk. Biverkningar \u00e4r lindriga och snabbt \u00f6verg\u00e5ende.Kontraindikationer: Infektion med feber. \u00d6verk\u00e4nslighet mot komponent i\u2026","rel":"","context":"Liknande inl\u00e4gg","block_context":{"text":"Liknande inl\u00e4gg","link":""},"img":{"alt_text":"","src":"https:\/\/i0.wp.com\/resemedicin.se\/reseradet\/wp-content\/uploads\/2024\/09\/twinrix-ambirix.jpg?resize=350%2C200&ssl=1","width":350,"height":200,"srcset":"https:\/\/i0.wp.com\/resemedicin.se\/reseradet\/wp-content\/uploads\/2024\/09\/twinrix-ambirix.jpg?resize=350%2C200&ssl=1 1x, https:\/\/i0.wp.com\/resemedicin.se\/reseradet\/wp-content\/uploads\/2024\/09\/twinrix-ambirix.jpg?resize=525%2C300&ssl=1 1.5x, https:\/\/i0.wp.com\/resemedicin.se\/reseradet\/wp-content\/uploads\/2024\/09\/twinrix-ambirix.jpg?resize=700%2C400&ssl=1 2x"},"classes":[]},{"id":2303,"url":"https:\/\/resemedicin.se\/reseradet\/vaccination\/engerix-b\/","url_meta":{"origin":2298,"position":4},"title":"Engerix\u00ae-B","author":"Reser\u00e5det","date":"2024-05-10","format":false,"excerpt":"Information till vaccinat\u00f6rer och reser\u00e5dgivare \u00d6versikt (indikation, skyddseffekt, s\u00e4kerhet) Administration och dosering Kan kombineras med Kontraindikationer och f\u00f6rsiktighet Graviditet och amning Inneh\u00e5ll F\u00f6rpackningsinformation Hantering och h\u00e5llbarhet \u00d6versikt (indikation, skyddseffekt, s\u00e4kerhet) Engerix-B\u00ae \u00e4r ett vaccin mot alla k\u00e4nda subtyper av Hepatit B, som inneh\u00e5ller rekombinant ytprotein (HBsAg). Vaccinet finns i tv\u00e5\u2026","rel":"","context":"Liknande inl\u00e4gg","block_context":{"text":"Liknande inl\u00e4gg","link":""},"img":{"alt_text":"","src":"https:\/\/i0.wp.com\/resemedicin.se\/reseradet\/wp-content\/uploads\/2024\/09\/engerix-b.jpg?resize=350%2C200&ssl=1","width":350,"height":200,"srcset":"https:\/\/i0.wp.com\/resemedicin.se\/reseradet\/wp-content\/uploads\/2024\/09\/engerix-b.jpg?resize=350%2C200&ssl=1 1x, https:\/\/i0.wp.com\/resemedicin.se\/reseradet\/wp-content\/uploads\/2024\/09\/engerix-b.jpg?resize=525%2C300&ssl=1 1.5x, https:\/\/i0.wp.com\/resemedicin.se\/reseradet\/wp-content\/uploads\/2024\/09\/engerix-b.jpg?resize=700%2C400&ssl=1 2x"},"classes":[]},{"id":2307,"url":"https:\/\/resemedicin.se\/reseradet\/vaccination\/hbvaxpro\/","url_meta":{"origin":2298,"position":5},"title":"HBVAXPRO\u00ae","author":"Reser\u00e5det","date":"2024-05-10","format":false,"excerpt":"Information till vaccinat\u00f6rer och reser\u00e5dgivare \u00d6versikt (indikation, skyddseffekt, s\u00e4kerhet) Administration och dosering Kan kombineras med Kontraindikationer och f\u00f6rsiktighet Graviditet och amning Inneh\u00e5ll F\u00f6rpackningsinformation Hantering och h\u00e5llbarhet \u00d6versikt (indikation, skyddseffekt, s\u00e4kerhet) HBVAXPRO\u00ae \u00e4r ett vaccin mot mot alla k\u00e4nda subtyper av Hepatit B, som inneh\u00e5ller rekombinant ytprotein (HBsAg). Vaccinet finns i\u2026","rel":"","context":"Liknande inl\u00e4gg","block_context":{"text":"Liknande inl\u00e4gg","link":""},"img":{"alt_text":"","src":"https:\/\/i0.wp.com\/resemedicin.se\/reseradet\/wp-content\/uploads\/2024\/09\/hbvaxpro.jpg?resize=350%2C200&ssl=1","width":350,"height":200,"srcset":"https:\/\/i0.wp.com\/resemedicin.se\/reseradet\/wp-content\/uploads\/2024\/09\/hbvaxpro.jpg?resize=350%2C200&ssl=1 1x, https:\/\/i0.wp.com\/resemedicin.se\/reseradet\/wp-content\/uploads\/2024\/09\/hbvaxpro.jpg?resize=525%2C300&ssl=1 1.5x, https:\/\/i0.wp.com\/resemedicin.se\/reseradet\/wp-content\/uploads\/2024\/09\/hbvaxpro.jpg?resize=700%2C400&ssl=1 2x"},"classes":[]}],"jetpack_sharing_enabled":true,"_links":{"self":[{"href":"https:\/\/resemedicin.se\/reseradet\/wp-json\/wp\/v2\/pages\/2298","targetHints":{"allow":["GET"]}}],"collection":[{"href":"https:\/\/resemedicin.se\/reseradet\/wp-json\/wp\/v2\/pages"}],"about":[{"href":"https:\/\/resemedicin.se\/reseradet\/wp-json\/wp\/v2\/types\/page"}],"author":[{"embeddable":true,"href":"https:\/\/resemedicin.se\/reseradet\/wp-json\/wp\/v2\/users\/1"}],"replies":[{"embeddable":true,"href":"https:\/\/resemedicin.se\/reseradet\/wp-json\/wp\/v2\/comments?post=2298"}],"version-history":[{"count":9,"href":"https:\/\/resemedicin.se\/reseradet\/wp-json\/wp\/v2\/pages\/2298\/revisions"}],"predecessor-version":[{"id":13633,"href":"https:\/\/resemedicin.se\/reseradet\/wp-json\/wp\/v2\/pages\/2298\/revisions\/13633"}],"up":[{"embeddable":true,"href":"https:\/\/resemedicin.se\/reseradet\/wp-json\/wp\/v2\/pages\/1898"}],"wp:attachment":[{"href":"https:\/\/resemedicin.se\/reseradet\/wp-json\/wp\/v2\/media?parent=2298"}],"curies":[{"name":"wp","href":"https:\/\/api.w.org\/{rel}","templated":true}]}}