{"id":228,"date":"2024-03-07T18:35:26","date_gmt":"2024-03-07T17:35:26","guid":{"rendered":"https:\/\/www.friskparesan.se\/?page_id=228"},"modified":"2026-03-26T12:39:02","modified_gmt":"2026-03-26T11:39:02","slug":"covid-19","status":"publish","type":"page","link":"https:\/\/resemedicin.se\/reseradet\/sjukdomar-och-vacciner\/covid-19\/","title":{"rendered":"Covid-19"},"content":{"rendered":"Du m\u00e5ste vara inloggad f\u00f6r att visa detta inneh\u00e5ll.","protected":false},"excerpt":{"rendered":"Du m\u00e5ste vara inloggad f\u00f6r att visa detta inneh\u00e5ll.","protected":false},"author":1,"featured_media":0,"parent":44,"menu_order":0,"comment_status":"open","ping_status":"closed","template":"","meta":{"_lmt_disableupdate":"no","_lmt_disable":"","footnotes":""},"class_list":["post-228","page","type-page","status-publish","hentry"],"jetpack-related-posts":[{"id":1700,"url":"https:\/\/resemedicin.se\/reseradet\/sjukdomar-och-vacciner\/legionella\/","url_meta":{"origin":228,"position":0},"title":"Legion\u00e4rssjuka (legionella)","author":"Reser\u00e5det","date":"2024-05-01","format":false,"excerpt":"Information till vaccinat\u00f6rer och reser\u00e5dgivare Smitt\u00e4mnet och smittv\u00e4gar Symptom Diagnostik och behandling Epidemiologi Riskgrupper Prevention Utbrott Smitt\u00e4mnet och smittv\u00e4gar Legionella pneumophila \u00e4r en gramnegativ bacill som oftast orsakar lunginflammation med extrapulmonella drag. Bakterien identifierades f\u00f6rsta g\u00e5ngen 1976 efter ett stort utbrott vid en kongress i Philadelphia med veteraner fr\u00e5n 2:a\u2026","rel":"","context":"Liknande inl\u00e4gg","block_context":{"text":"Liknande inl\u00e4gg","link":""},"img":{"alt_text":"","src":"https:\/\/i0.wp.com\/resemedicin.se\/reseradet\/wp-content\/uploads\/2024\/08\/legionella.jpg?resize=350%2C200&ssl=1","width":350,"height":200,"srcset":"https:\/\/i0.wp.com\/resemedicin.se\/reseradet\/wp-content\/uploads\/2024\/08\/legionella.jpg?resize=350%2C200&ssl=1 1x, https:\/\/i0.wp.com\/resemedicin.se\/reseradet\/wp-content\/uploads\/2024\/08\/legionella.jpg?resize=525%2C300&ssl=1 1.5x, https:\/\/i0.wp.com\/resemedicin.se\/reseradet\/wp-content\/uploads\/2024\/08\/legionella.jpg?resize=700%2C400&ssl=1 2x"},"classes":[]},{"id":1711,"url":"https:\/\/resemedicin.se\/reseradet\/sjukdomar-och-vacciner\/brucellos\/","url_meta":{"origin":228,"position":1},"title":"Brucellos (Maltafeber)","author":"Reser\u00e5det","date":"2024-05-01","format":false,"excerpt":"Information till vaccinat\u00f6rer och reser\u00e5dgivare Smitt\u00e4mnet och smittv\u00e4gar Symptom Diagnostik och behandling Epidemiologi Riskgrupper Prevention Utbrott Smitt\u00e4mnet och smittv\u00e4gar Brucellos \u00e4r en bakteriesjukdom orsakad av Brucella abortus, B. melitensis, B. suis och B. canis. Dessa bakterierna \u00e4r t\u00e5liga och kan \u00f6verleva p\u00e5 marken och i opast\u00f6riserade mejeriprodukter i 2 m\u00e5nader.\u2026","rel":"","context":"Liknande inl\u00e4gg","block_context":{"text":"Liknande inl\u00e4gg","link":""},"img":{"alt_text":"","src":"https:\/\/i0.wp.com\/resemedicin.se\/reseradet\/wp-content\/uploads\/2024\/08\/brucellosis-karta.jpg?resize=350%2C200&ssl=1","width":350,"height":200,"srcset":"https:\/\/i0.wp.com\/resemedicin.se\/reseradet\/wp-content\/uploads\/2024\/08\/brucellosis-karta.jpg?resize=350%2C200&ssl=1 1x, https:\/\/i0.wp.com\/resemedicin.se\/reseradet\/wp-content\/uploads\/2024\/08\/brucellosis-karta.jpg?resize=525%2C300&ssl=1 1.5x, https:\/\/i0.wp.com\/resemedicin.se\/reseradet\/wp-content\/uploads\/2024\/08\/brucellosis-karta.jpg?resize=700%2C400&ssl=1 2x"},"classes":[]},{"id":3250,"url":"https:\/\/resemedicin.se\/reseradet\/sjukdomar-och-vacciner\/hib\/","url_meta":{"origin":228,"position":2},"title":"Haemophilus influenzae tyb b (Hib)","author":"Reser\u00e5det","date":"2024-07-08","format":false,"excerpt":"Information till vaccinat\u00f6rer och reser\u00e5dgivare Smitt\u00e4mnet och smittv\u00e4gar Sjukdomsbild Diagnostik och behandling Epidemiologi S\u00e4rskilt riskutsatta resen\u00e4rer Vaccination Haemophilus influenzae typ b (Hib) i elektronmikroskop. Smitt\u00e4mnet och smittv\u00e4gar Haemophilus influenzae \u00e4r en gramnegativ coccobacill som i allm\u00e4nhet \u00e4r aerob, men kan v\u00e4xa som en anaerob under vissa f\u00f6rh\u00e5llanden. Hib \u00f6verlever inte\u2026","rel":"","context":"Liknande inl\u00e4gg","block_context":{"text":"Liknande inl\u00e4gg","link":""},"img":{"alt_text":"","src":"https:\/\/i0.wp.com\/resemedicin.se\/reseradet\/wp-content\/uploads\/2024\/07\/HI-gram.png?resize=350%2C200&ssl=1","width":350,"height":200},"classes":[]},{"id":1669,"url":"https:\/\/resemedicin.se\/reseradet\/sjukdomar-och-vacciner\/antrax\/","url_meta":{"origin":228,"position":3},"title":"Antrax (mj\u00e4ltbrand)","author":"Reser\u00e5det","date":"2024-04-30","format":false,"excerpt":"Information till vaccinat\u00f6rer och reser\u00e5dgivare Smitt\u00e4mnet och smittv\u00e4gar Symptom Diagnostik och behandling Epidemiologi Riskgrupper Prevention Utbrott Smitt\u00e4mnet och smittv\u00e4gar Antrax (mj\u00e4ltbrand) \u00e4r en allvarlig infektionssjukdom orsakad av den sporbildande mj\u00e4ltbrandsbakterien, Bacillus anthracis. Sporer kan \u00f6verleva under decennier i naturen och har visat sig fortfarande kunna vara infekti\u00f6sa efter 45 \u00e5r.\u2026","rel":"","context":"Liknande inl\u00e4gg","block_context":{"text":"Liknande inl\u00e4gg","link":""},"img":{"alt_text":"","src":"https:\/\/i0.wp.com\/resemedicin.se\/reseradet\/wp-content\/uploads\/2024\/08\/antrax-karta.jpg?resize=350%2C200&ssl=1","width":350,"height":200,"srcset":"https:\/\/i0.wp.com\/resemedicin.se\/reseradet\/wp-content\/uploads\/2024\/08\/antrax-karta.jpg?resize=350%2C200&ssl=1 1x, https:\/\/i0.wp.com\/resemedicin.se\/reseradet\/wp-content\/uploads\/2024\/08\/antrax-karta.jpg?resize=525%2C300&ssl=1 1.5x, https:\/\/i0.wp.com\/resemedicin.se\/reseradet\/wp-content\/uploads\/2024\/08\/antrax-karta.jpg?resize=700%2C400&ssl=1 2x"},"classes":[]},{"id":248,"url":"https:\/\/resemedicin.se\/reseradet\/sjukdomar-och-vacciner\/rubella\/","url_meta":{"origin":228,"position":4},"title":"Rubella (r\u00f6da hund)","author":"Reser\u00e5det","date":"2024-03-07","format":false,"excerpt":"Information till vaccinat\u00f6rer och reser\u00e5dgivare Smitt\u00e4mnet och smittv\u00e4gar Sjukdomsbild Diagnostik och behandling Epidemiologi Riskgrupper Vaccination Aktuella utbrott Smitt\u00e4mnet och smittv\u00e4gar R\u00f6da hund \u00e4r en akut infektionssjukdom orsakad av rubellavirus - ett RNA-virus inom Togavirusfamiljen, med en enda antigen typ. Smitta sker genom person-till-person-kontakt eller via droppar fr\u00e5n luftv\u00e4gssekret fr\u00e5n infekterade\u2026","rel":"","context":"Liknande inl\u00e4gg","block_context":{"text":"Liknande inl\u00e4gg","link":""},"img":{"alt_text":"","src":"https:\/\/i0.wp.com\/resemedicin.se\/reseradet\/wp-content\/uploads\/2024\/09\/rubella-utslag.jpg?resize=350%2C200&ssl=1","width":350,"height":200,"srcset":"https:\/\/i0.wp.com\/resemedicin.se\/reseradet\/wp-content\/uploads\/2024\/09\/rubella-utslag.jpg?resize=350%2C200&ssl=1 1x, https:\/\/i0.wp.com\/resemedicin.se\/reseradet\/wp-content\/uploads\/2024\/09\/rubella-utslag.jpg?resize=525%2C300&ssl=1 1.5x, https:\/\/i0.wp.com\/resemedicin.se\/reseradet\/wp-content\/uploads\/2024\/09\/rubella-utslag.jpg?resize=700%2C400&ssl=1 2x"},"classes":[]},{"id":986,"url":"https:\/\/resemedicin.se\/reseradet\/sjukdomar-och-vacciner\/chaga\/","url_meta":{"origin":228,"position":5},"title":"Chagas sjukdom (amerikansk trypanosomiasis)","author":"Reser\u00e5det","date":"2024-04-10","format":false,"excerpt":"Information till vaccinat\u00f6rer och reser\u00e5dgivare Typisk smittmilj\u00f6 f\u00f6r Chagas sjukdom. Smitt\u00e4mnet och smittv\u00e4gar Symptom Diagnostik och behandling Epidemiologi Riskgrupper Prevention Utbrott Smitt\u00e4mnet och smittv\u00e4gar Chagas sjukdom (amerikansk trypanosomiasis) \u00e4r en parasitsjukdom orsakad av en protozo, Trypanosoma cruzi. Smitta \u00f6verf\u00f6rs till m\u00e4nniskor genom kontakt med infekterad avf\u00f6ring fr\u00e5n den skalbaggsliknande insekten\u2026","rel":"","context":"Liknande inl\u00e4gg","block_context":{"text":"Liknande inl\u00e4gg","link":""},"img":{"alt_text":"","src":"https:\/\/i0.wp.com\/resemedicin.se\/reseradet\/wp-content\/uploads\/2024\/08\/romanas-tecken.jpg?resize=350%2C200&ssl=1","width":350,"height":200,"srcset":"https:\/\/i0.wp.com\/resemedicin.se\/reseradet\/wp-content\/uploads\/2024\/08\/romanas-tecken.jpg?resize=350%2C200&ssl=1 1x, https:\/\/i0.wp.com\/resemedicin.se\/reseradet\/wp-content\/uploads\/2024\/08\/romanas-tecken.jpg?resize=525%2C300&ssl=1 1.5x, https:\/\/i0.wp.com\/resemedicin.se\/reseradet\/wp-content\/uploads\/2024\/08\/romanas-tecken.jpg?resize=700%2C400&ssl=1 2x"},"classes":[]}],"jetpack_sharing_enabled":true,"_links":{"self":[{"href":"https:\/\/resemedicin.se\/reseradet\/wp-json\/wp\/v2\/pages\/228","targetHints":{"allow":["GET"]}}],"collection":[{"href":"https:\/\/resemedicin.se\/reseradet\/wp-json\/wp\/v2\/pages"}],"about":[{"href":"https:\/\/resemedicin.se\/reseradet\/wp-json\/wp\/v2\/types\/page"}],"author":[{"embeddable":true,"href":"https:\/\/resemedicin.se\/reseradet\/wp-json\/wp\/v2\/users\/1"}],"replies":[{"embeddable":true,"href":"https:\/\/resemedicin.se\/reseradet\/wp-json\/wp\/v2\/comments?post=228"}],"version-history":[{"count":22,"href":"https:\/\/resemedicin.se\/reseradet\/wp-json\/wp\/v2\/pages\/228\/revisions"}],"predecessor-version":[{"id":16468,"href":"https:\/\/resemedicin.se\/reseradet\/wp-json\/wp\/v2\/pages\/228\/revisions\/16468"}],"up":[{"embeddable":true,"href":"https:\/\/resemedicin.se\/reseradet\/wp-json\/wp\/v2\/pages\/44"}],"wp:attachment":[{"href":"https:\/\/resemedicin.se\/reseradet\/wp-json\/wp\/v2\/media?parent=228"}],"curies":[{"name":"wp","href":"https:\/\/api.w.org\/{rel}","templated":true}]}}