{"id":2279,"date":"2024-05-10T05:01:22","date_gmt":"2024-05-10T05:01:22","guid":{"rendered":"https:\/\/resemedicin.se\/reseradet\/?page_id=2279"},"modified":"2025-07-07T16:47:38","modified_gmt":"2025-07-07T15:47:38","slug":"encepur-barn","status":"publish","type":"page","link":"https:\/\/resemedicin.se\/reseradet\/vaccination\/encepur-barn\/","title":{"rendered":"Encepur\u00ae Barn"},"content":{"rendered":"Du m\u00e5ste vara inloggad f\u00f6r att visa detta inneh\u00e5ll.","protected":false},"excerpt":{"rendered":"Du m\u00e5ste vara inloggad f\u00f6r att visa detta inneh\u00e5ll.","protected":false},"author":1,"featured_media":0,"parent":1898,"menu_order":1,"comment_status":"open","ping_status":"closed","template":"","meta":{"_lmt_disableupdate":"no","_lmt_disable":"","footnotes":""},"class_list":["post-2279","page","type-page","status-publish","hentry"],"jetpack-related-posts":[],"jetpack_sharing_enabled":true,"_links":{"self":[{"href":"https:\/\/resemedicin.se\/reseradet\/wp-json\/wp\/v2\/pages\/2279","targetHints":{"allow":["GET"]}}],"collection":[{"href":"https:\/\/resemedicin.se\/reseradet\/wp-json\/wp\/v2\/pages"}],"about":[{"href":"https:\/\/resemedicin.se\/reseradet\/wp-json\/wp\/v2\/types\/page"}],"author":[{"embeddable":true,"href":"https:\/\/resemedicin.se\/reseradet\/wp-json\/wp\/v2\/users\/1"}],"replies":[{"embeddable":true,"href":"https:\/\/resemedicin.se\/reseradet\/wp-json\/wp\/v2\/comments?post=2279"}],"version-history":[{"count":14,"href":"https:\/\/resemedicin.se\/reseradet\/wp-json\/wp\/v2\/pages\/2279\/revisions"}],"predecessor-version":[{"id":14482,"href":"https:\/\/resemedicin.se\/reseradet\/wp-json\/wp\/v2\/pages\/2279\/revisions\/14482"}],"up":[{"embeddable":true,"href":"https:\/\/resemedicin.se\/reseradet\/wp-json\/wp\/v2\/pages\/1898"}],"wp:attachment":[{"href":"https:\/\/resemedicin.se\/reseradet\/wp-json\/wp\/v2\/media?parent=2279"}],"curies":[{"name":"wp","href":"https:\/\/api.w.org\/{rel}","templated":true}]}}