{"id":220,"date":"2024-03-07T18:14:27","date_gmt":"2024-03-07T17:14:27","guid":{"rendered":"https:\/\/www.friskparesan.se\/?page_id=220"},"modified":"2024-10-07T07:54:32","modified_gmt":"2024-10-07T07:54:32","slug":"blodproppar","status":"publish","type":"page","link":"https:\/\/resemedicin.se\/reseradet\/reserad\/blodproppar\/","title":{"rendered":"Flygrelaterade tromboembolier"},"content":{"rendered":"Du m\u00e5ste vara inloggad f\u00f6r att visa detta inneh\u00e5ll.","protected":false},"excerpt":{"rendered":"Du m\u00e5ste vara inloggad f\u00f6r att visa detta inneh\u00e5ll.","protected":false},"author":1,"featured_media":0,"parent":42,"menu_order":0,"comment_status":"open","ping_status":"closed","template":"","meta":{"_lmt_disableupdate":"no","_lmt_disable":"","footnotes":""},"class_list":["post-220","page","type-page","status-publish","hentry"],"jetpack-related-posts":[{"id":200,"url":"https:\/\/resemedicin.se\/reseradet\/reserad\/hoga-hojder\/","url_meta":{"origin":220,"position":0},"title":"H\u00f6ga h\u00f6jder och h\u00f6jdsjuka","author":"Reser\u00e5det","date":"2024-03-07","format":false,"excerpt":"Information till vaccinat\u00f6rer och reser\u00e5dgivare Kortfakta P\u00e5verkan p\u00e5 kroppen Acklimatisering Akut h\u00f6jdsjuka Lung\u00f6dem Hj\u00e4rn\u00f6dem Vem drabbas av h\u00f6jdsjuka? Planera din h\u00f6gh\u00f6jdsvistelse Profylax och egenbehandling Underliggande sjukdomar Kortfakta \u00c4ventyrsturism som inkluderar bergsbestigningar och vandringar p\u00e5 h\u00f6ga h\u00f6jder \u00f6ver havet har blivit popul\u00e4ra, men \u00e4r f\u00f6renade med h\u00e4lsorisker orsakade av syrebrist p\u00e5\u2026","rel":"","context":"Liknande inl\u00e4gg","block_context":{"text":"Liknande inl\u00e4gg","link":""},"img":{"alt_text":"","src":"https:\/\/i0.wp.com\/resemedicin.se\/reseradet\/wp-content\/uploads\/2024\/08\/hoghojd.jpg?resize=350%2C200&ssl=1","width":350,"height":200,"srcset":"https:\/\/i0.wp.com\/resemedicin.se\/reseradet\/wp-content\/uploads\/2024\/08\/hoghojd.jpg?resize=350%2C200&ssl=1 1x, https:\/\/i0.wp.com\/resemedicin.se\/reseradet\/wp-content\/uploads\/2024\/08\/hoghojd.jpg?resize=525%2C300&ssl=1 1.5x, https:\/\/i0.wp.com\/resemedicin.se\/reseradet\/wp-content\/uploads\/2024\/08\/hoghojd.jpg?resize=700%2C400&ssl=1 2x"},"classes":[]},{"id":12395,"url":"https:\/\/resemedicin.se\/reseradet\/vaccination\/anafylaxi\/","url_meta":{"origin":220,"position":1},"title":"Anafylaxi","author":"Reser\u00e5det","date":"2024-12-16","format":false,"excerpt":"Information till vaccinat\u00f6rer och reser\u00e5dgivare Texten p\u00e5 denna sida \u00e4r en sammanfattning av Nationellt V\u00e5rdprogram f\u00f6r Anafylaxi, utarbetat av Svensk Allergologisk F\u00f6rening. Bakgrund Patofysiologi Utl\u00f6sande orsaker och riskfaktorer Diagnoskriterier Akut omh\u00e4ndertagande Fl\u00f6desschema Bakgrund Anafylaxi \u00e4r en akut, sv\u00e5r och ofta snabbt ins\u00e4ttande systemisk \u00f6verk\u00e4nslighetsreaktion som involverar flera organsystem och \u00e4r\u2026","rel":"","context":"Liknande inl\u00e4gg","block_context":{"text":"Liknande inl\u00e4gg","link":""},"img":{"alt_text":"","src":"https:\/\/i0.wp.com\/resemedicin.se\/reseradet\/wp-content\/uploads\/2024\/12\/anafylaxi.jpg?resize=350%2C200&ssl=1","width":350,"height":200,"srcset":"https:\/\/i0.wp.com\/resemedicin.se\/reseradet\/wp-content\/uploads\/2024\/12\/anafylaxi.jpg?resize=350%2C200&ssl=1 1x, https:\/\/i0.wp.com\/resemedicin.se\/reseradet\/wp-content\/uploads\/2024\/12\/anafylaxi.jpg?resize=525%2C300&ssl=1 1.5x, https:\/\/i0.wp.com\/resemedicin.se\/reseradet\/wp-content\/uploads\/2024\/12\/anafylaxi.jpg?resize=700%2C400&ssl=1 2x"},"classes":[]},{"id":996,"url":"https:\/\/resemedicin.se\/reseradet\/sjukdomar-och-vacciner\/bunyavirus\/","url_meta":{"origin":220,"position":2},"title":"Bunyavirus-bl\u00f6darfebrar","author":"Reser\u00e5det","date":"2024-04-10","format":false,"excerpt":"Information till vaccinat\u00f6rer och reser\u00e5dgivare \u00d6versikt Hantavirus-hemorragisk feber Krim-Kongo hemorragisk feber Rift Valley fever Diagnostik och behandling Prevention Utbrott \u00d6versikt Ett v\u00e4xande antal bunyavirus \u00e4r k\u00e4nda f\u00f6r att orsaka viral hemorragisk feber (VHF), en allvarlig febersjukdom som kan utvecklas till hypovolemisk chock och multiorgansvikt och k\u00e4nnetecknas av hematologiska abnormiteter och\u2026","rel":"","context":"Liknande inl\u00e4gg","block_context":{"text":"Liknande inl\u00e4gg","link":""},"img":{"alt_text":"","src":"https:\/\/i0.wp.com\/resemedicin.se\/reseradet\/wp-content\/uploads\/2024\/08\/RVF-utbredning.png?resize=350%2C200&ssl=1","width":350,"height":200,"srcset":"https:\/\/i0.wp.com\/resemedicin.se\/reseradet\/wp-content\/uploads\/2024\/08\/RVF-utbredning.png?resize=350%2C200&ssl=1 1x, https:\/\/i0.wp.com\/resemedicin.se\/reseradet\/wp-content\/uploads\/2024\/08\/RVF-utbredning.png?resize=525%2C300&ssl=1 1.5x, https:\/\/i0.wp.com\/resemedicin.se\/reseradet\/wp-content\/uploads\/2024\/08\/RVF-utbredning.png?resize=700%2C400&ssl=1 2x"},"classes":[]},{"id":228,"url":"https:\/\/resemedicin.se\/reseradet\/sjukdomar-och-vacciner\/covid-19\/","url_meta":{"origin":220,"position":3},"title":"Covid-19","author":"Reser\u00e5det","date":"2024-03-07","format":false,"excerpt":"Information till vaccinat\u00f6rer och reser\u00e5dgivare Smitt\u00e4mnet och smittv\u00e4gar Sjukdomsbild Diagnostik och behandling Epidemiologi Riskgrupper Vaccination och \u00f6vrig prevention Nyheter SARS-CoV-2. Foto: CDC Public Health Image library. Smitt\u00e4mnet och smittv\u00e4gar Covid-19 (eng. coronavirus disease 2019) \u00e4r en sjukdom som orsakas av coronaviruset SARS-CoV-2. Fr\u00e5n den ursprungliga alfa-varianten har ett nytt antal\u2026","rel":"","context":"Liknande inl\u00e4gg","block_context":{"text":"Liknande inl\u00e4gg","link":""},"img":{"alt_text":"","src":"https:\/\/i0.wp.com\/resemedicin.se\/reseradet\/wp-content\/uploads\/2024\/03\/SARS-CoV-2.jpg?resize=350%2C200&ssl=1","width":350,"height":200,"srcset":"https:\/\/i0.wp.com\/resemedicin.se\/reseradet\/wp-content\/uploads\/2024\/03\/SARS-CoV-2.jpg?resize=350%2C200&ssl=1 1x, https:\/\/i0.wp.com\/resemedicin.se\/reseradet\/wp-content\/uploads\/2024\/03\/SARS-CoV-2.jpg?resize=525%2C300&ssl=1 1.5x, https:\/\/i0.wp.com\/resemedicin.se\/reseradet\/wp-content\/uploads\/2024\/03\/SARS-CoV-2.jpg?resize=700%2C400&ssl=1 2x"},"classes":[]},{"id":1100,"url":"https:\/\/resemedicin.se\/reseradet\/sjukdomar-och-vacciner\/leptospiros\/","url_meta":{"origin":220,"position":4},"title":"Leptospiros (Weills sjukdom)","author":"Reser\u00e5det","date":"2024-04-12","format":false,"excerpt":"Information till vaccinat\u00f6rer och reser\u00e5dgivare Smitt\u00e4mnet och smittv\u00e4gar Symtom Diagnostik och behandling Epidemiologi Riskgrupper Prevention Aktuella utbrott Smitt\u00e4mnet och smittv\u00e4gar Smitt\u00e4mnet Leptospiros \u00e4r en potentiell d\u00f6dlig sjukdom orsakad av spiralformade bakterier av sl\u00e4ktet Leptospira, med ett 15-tal arter som \u00e4r patogena f\u00f6r m\u00e4nniskor, och ett betydligt st\u00f6rre antal apatogena arter.\u2026","rel":"","context":"Liknande inl\u00e4gg","block_context":{"text":"Liknande inl\u00e4gg","link":""},"img":{"alt_text":"","src":"https:\/\/i0.wp.com\/resemedicin.se\/reseradet\/wp-content\/uploads\/2024\/05\/bamboo-rafting.jpg?resize=350%2C200&ssl=1","width":350,"height":200,"srcset":"https:\/\/i0.wp.com\/resemedicin.se\/reseradet\/wp-content\/uploads\/2024\/05\/bamboo-rafting.jpg?resize=350%2C200&ssl=1 1x, https:\/\/i0.wp.com\/resemedicin.se\/reseradet\/wp-content\/uploads\/2024\/05\/bamboo-rafting.jpg?resize=525%2C300&ssl=1 1.5x, https:\/\/i0.wp.com\/resemedicin.se\/reseradet\/wp-content\/uploads\/2024\/05\/bamboo-rafting.jpg?resize=700%2C400&ssl=1 2x"},"classes":[]},{"id":12236,"url":"https:\/\/resemedicin.se\/reseradet\/reserad\/reseradgivning-till-resenarer-med-nedsatt-immunforsvar\/","url_meta":{"origin":220,"position":5},"title":"Reser\u00e5dgivning till resen\u00e4rer med nedsatt immunf\u00f6rsvar","author":"Reser\u00e5det","date":"2024-11-29","format":false,"excerpt":"Information till vaccinat\u00f6rer och reser\u00e5dgivare Bakgrund Att ge r\u00e5d till immunosupprimerade resen\u00e4rer kr\u00e4ver en noggrann och individualiserad strategi f\u00f6r att s\u00e4kerst\u00e4lla deras h\u00e4lsa och s\u00e4kerhet under internationella resor. Immunosuppression kan bero p\u00e5 olika underliggande tillst\u00e5nd eller medicinska behandlingar, vilket medf\u00f6r en \u00f6kad risk f\u00f6r infektioner och andra h\u00e4lsokomplikationer under resor.\u2026","rel":"","context":"Liknande inl\u00e4gg","block_context":{"text":"Liknande inl\u00e4gg","link":""},"img":{"alt_text":"","src":"https:\/\/i0.wp.com\/resemedicin.se\/reseradet\/wp-content\/uploads\/2024\/11\/aldre-resenarer.jpg?resize=350%2C200&ssl=1","width":350,"height":200,"srcset":"https:\/\/i0.wp.com\/resemedicin.se\/reseradet\/wp-content\/uploads\/2024\/11\/aldre-resenarer.jpg?resize=350%2C200&ssl=1 1x, https:\/\/i0.wp.com\/resemedicin.se\/reseradet\/wp-content\/uploads\/2024\/11\/aldre-resenarer.jpg?resize=525%2C300&ssl=1 1.5x, https:\/\/i0.wp.com\/resemedicin.se\/reseradet\/wp-content\/uploads\/2024\/11\/aldre-resenarer.jpg?resize=700%2C400&ssl=1 2x"},"classes":[]}],"jetpack_sharing_enabled":true,"_links":{"self":[{"href":"https:\/\/resemedicin.se\/reseradet\/wp-json\/wp\/v2\/pages\/220","targetHints":{"allow":["GET"]}}],"collection":[{"href":"https:\/\/resemedicin.se\/reseradet\/wp-json\/wp\/v2\/pages"}],"about":[{"href":"https:\/\/resemedicin.se\/reseradet\/wp-json\/wp\/v2\/types\/page"}],"author":[{"embeddable":true,"href":"https:\/\/resemedicin.se\/reseradet\/wp-json\/wp\/v2\/users\/1"}],"replies":[{"embeddable":true,"href":"https:\/\/resemedicin.se\/reseradet\/wp-json\/wp\/v2\/comments?post=220"}],"version-history":[{"count":5,"href":"https:\/\/resemedicin.se\/reseradet\/wp-json\/wp\/v2\/pages\/220\/revisions"}],"predecessor-version":[{"id":4823,"href":"https:\/\/resemedicin.se\/reseradet\/wp-json\/wp\/v2\/pages\/220\/revisions\/4823"}],"up":[{"embeddable":true,"href":"https:\/\/resemedicin.se\/reseradet\/wp-json\/wp\/v2\/pages\/42"}],"wp:attachment":[{"href":"https:\/\/resemedicin.se\/reseradet\/wp-json\/wp\/v2\/media?parent=220"}],"curies":[{"name":"wp","href":"https:\/\/api.w.org\/{rel}","templated":true}]}}