{"id":2159,"date":"2024-05-09T13:16:56","date_gmt":"2024-05-09T13:16:56","guid":{"rendered":"https:\/\/resemedicin.se\/reseradet\/?page_id=2159"},"modified":"2024-12-11T12:25:46","modified_gmt":"2024-12-11T11:25:46","slug":"dukoral","status":"publish","type":"page","link":"https:\/\/resemedicin.se\/reseradet\/vaccination\/dukoral\/","title":{"rendered":"Dukoral\u00ae"},"content":{"rendered":"Du m\u00e5ste vara inloggad f\u00f6r att visa detta inneh\u00e5ll.","protected":false},"excerpt":{"rendered":"Du m\u00e5ste vara inloggad f\u00f6r att visa detta inneh\u00e5ll.","protected":false},"author":1,"featured_media":0,"parent":1898,"menu_order":1,"comment_status":"open","ping_status":"closed","template":"","meta":{"_lmt_disableupdate":"no","_lmt_disable":"","footnotes":""},"class_list":["post-2159","page","type-page","status-publish","hentry"],"jetpack-related-posts":[],"jetpack_sharing_enabled":true,"_links":{"self":[{"href":"https:\/\/resemedicin.se\/reseradet\/wp-json\/wp\/v2\/pages\/2159","targetHints":{"allow":["GET"]}}],"collection":[{"href":"https:\/\/resemedicin.se\/reseradet\/wp-json\/wp\/v2\/pages"}],"about":[{"href":"https:\/\/resemedicin.se\/reseradet\/wp-json\/wp\/v2\/types\/page"}],"author":[{"embeddable":true,"href":"https:\/\/resemedicin.se\/reseradet\/wp-json\/wp\/v2\/users\/1"}],"replies":[{"embeddable":true,"href":"https:\/\/resemedicin.se\/reseradet\/wp-json\/wp\/v2\/comments?post=2159"}],"version-history":[{"count":16,"href":"https:\/\/resemedicin.se\/reseradet\/wp-json\/wp\/v2\/pages\/2159\/revisions"}],"predecessor-version":[{"id":12387,"href":"https:\/\/resemedicin.se\/reseradet\/wp-json\/wp\/v2\/pages\/2159\/revisions\/12387"}],"up":[{"embeddable":true,"href":"https:\/\/resemedicin.se\/reseradet\/wp-json\/wp\/v2\/pages\/1898"}],"wp:attachment":[{"href":"https:\/\/resemedicin.se\/reseradet\/wp-json\/wp\/v2\/media?parent=2159"}],"curies":[{"name":"wp","href":"https:\/\/api.w.org\/{rel}","templated":true}]}}