{"id":212,"date":"2024-03-07T18:07:15","date_gmt":"2024-03-07T17:07:15","guid":{"rendered":"https:\/\/www.friskparesan.se\/?page_id=212"},"modified":"2024-10-14T15:35:39","modified_gmt":"2024-10-14T15:35:39","slug":"varme","status":"publish","type":"page","link":"https:\/\/resemedicin.se\/reseradet\/reserad\/varme\/","title":{"rendered":"V\u00e4rme och v\u00e4rmeslag"},"content":{"rendered":"Du m\u00e5ste vara inloggad f\u00f6r att visa detta inneh\u00e5ll.","protected":false},"excerpt":{"rendered":"Du m\u00e5ste vara inloggad f\u00f6r att visa detta inneh\u00e5ll.","protected":false},"author":1,"featured_media":0,"parent":42,"menu_order":0,"comment_status":"open","ping_status":"closed","template":"","meta":{"_lmt_disableupdate":"no","_lmt_disable":"","footnotes":""},"class_list":["post-212","page","type-page","status-publish","hentry"],"jetpack-related-posts":[{"id":9388,"url":"https:\/\/resemedicin.se\/reseradet\/vaccination\/patientinfo\/","url_meta":{"origin":212,"position":0},"title":"H\u00e4lsor\u00e5d och information till resen\u00e4rer","author":"Reser\u00e5det","date":"2024-10-12","format":false,"excerpt":"H\u00e4nvisa g\u00e4rna dina kunder\/patienter till den omfattande publika sajten Reser\u00e5det - Frisk p\u00e5 Resan. Nedan finns \u00e4ven ett antal informationsblad och intyg som du kan skriva ut och ge kunden i handen. H\u00e4lsor\u00e5d per v\u00e4rldsdel Annan information Bakgrundsinfo f\u00f6r r\u00e5dgivning H\u00e4lsor\u00e5d och vaccinationer per v\u00e4rldsdel (f\u00f6r utskrift) Informationsblad i pdf-format\u2026","rel":"","context":"Liknande inl\u00e4gg","block_context":{"text":"Liknande inl\u00e4gg","link":""},"img":{"alt_text":"","src":"https:\/\/i0.wp.com\/resemedicin.se\/reseradet\/wp-content\/uploads\/2024\/10\/reseinformation.jpg?resize=350%2C200&ssl=1","width":350,"height":200,"srcset":"https:\/\/i0.wp.com\/resemedicin.se\/reseradet\/wp-content\/uploads\/2024\/10\/reseinformation.jpg?resize=350%2C200&ssl=1 1x, https:\/\/i0.wp.com\/resemedicin.se\/reseradet\/wp-content\/uploads\/2024\/10\/reseinformation.jpg?resize=525%2C300&ssl=1 1.5x, https:\/\/i0.wp.com\/resemedicin.se\/reseradet\/wp-content\/uploads\/2024\/10\/reseinformation.jpg?resize=700%2C400&ssl=1 2x"},"classes":[]},{"id":42,"url":"https:\/\/resemedicin.se\/reseradet\/reserad\/","url_meta":{"origin":212,"position":1},"title":"H\u00e4lsor\u00e5d och information till resen\u00e4rer","author":"Reser\u00e5det","date":"2024-03-05","format":false,"excerpt":"H\u00e4nvisa g\u00e4rna dina kunder\/patienter till den omfattande publika sajten Reser\u00e5det - Frisk p\u00e5 Resan. Nedan finns \u00e4ven ett antal informationsblad och intyg som du kan skriva ut och ge kunden i handen. Information per v\u00e4rldsdel Intyg Annan patientinformation Bakgrundsinfo f\u00f6r r\u00e5dgivning om reserisker H\u00e4lsor\u00e5d och vaccinationer per v\u00e4rldsdel (f\u00f6r utskrift)\u2026","rel":"","context":"Liknande inl\u00e4gg","block_context":{"text":"Liknande inl\u00e4gg","link":""},"img":{"alt_text":"","src":"https:\/\/i0.wp.com\/resemedicin.se\/reseradet\/wp-content\/uploads\/2024\/10\/reseinformation.jpg?resize=350%2C200&ssl=1","width":350,"height":200,"srcset":"https:\/\/i0.wp.com\/resemedicin.se\/reseradet\/wp-content\/uploads\/2024\/10\/reseinformation.jpg?resize=350%2C200&ssl=1 1x, https:\/\/i0.wp.com\/resemedicin.se\/reseradet\/wp-content\/uploads\/2024\/10\/reseinformation.jpg?resize=525%2C300&ssl=1 1.5x, https:\/\/i0.wp.com\/resemedicin.se\/reseradet\/wp-content\/uploads\/2024\/10\/reseinformation.jpg?resize=700%2C400&ssl=1 2x"},"classes":[]},{"id":7593,"url":"https:\/\/resemedicin.se\/reseradet\/landsinformation\/kroatien\/","url_meta":{"origin":212,"position":2},"title":"Kroatien","author":"Reser\u00e5det","date":"2024-09-29","format":false,"excerpt":"Information till vaccinat\u00f6rer och reser\u00e5dgivare Klicka p\u00e5 bilden f\u00f6r st\u00f6rre karta. Kort landsinformation Vaccinationer Andra infektioner att vara observant p\u00e5 \u00d6vriga reserisker Aktuella utbrott Kort landsinformation Kroatien (befolkning cirka 3,9 miljoner inv\u00e5nare) \u00e4r ett land bel\u00e4get i syd\u00f6stra Europa, vid Adriatiska havets \u00f6stra kust. Det gr\u00e4nsar till Slovenien i nordv\u00e4st,\u2026","rel":"","context":"Liknande inl\u00e4gg","block_context":{"text":"Liknande inl\u00e4gg","link":""},"img":{"alt_text":"","src":"https:\/\/i0.wp.com\/resemedicin.se\/reseradet\/wp-content\/uploads\/2024\/09\/kroatien-karta.jpg?resize=350%2C200&ssl=1","width":350,"height":200,"srcset":"https:\/\/i0.wp.com\/resemedicin.se\/reseradet\/wp-content\/uploads\/2024\/09\/kroatien-karta.jpg?resize=350%2C200&ssl=1 1x, https:\/\/i0.wp.com\/resemedicin.se\/reseradet\/wp-content\/uploads\/2024\/09\/kroatien-karta.jpg?resize=525%2C300&ssl=1 1.5x, https:\/\/i0.wp.com\/resemedicin.se\/reseradet\/wp-content\/uploads\/2024\/09\/kroatien-karta.jpg?resize=700%2C400&ssl=1 2x"},"classes":[]},{"id":8205,"url":"https:\/\/resemedicin.se\/reseradet\/landsinformation\/azorerna\/","url_meta":{"origin":212,"position":3},"title":"Azorerna (Portugal)","author":"Reser\u00e5det","date":"2024-10-03","format":false,"excerpt":"Information till vaccinat\u00f6rer och reser\u00e5dgivare Klicka p\u00e5 bilden f\u00f6r st\u00f6rre karta. Kort landsinformation Vaccinationer Andra infektioner att vara observant p\u00e5 \u00d6vriga reserisker Aktuella utbrott Kort landsinformation Azorerna (befolkning cirka 250 000 inv\u00e5nare) \u00e4r en autonom region i Portugal, bel\u00e4gen i Atlanten, cirka 1 500 kilometer v\u00e4ster om Portugals fastland. \u00d6gruppen\u2026","rel":"","context":"Liknande inl\u00e4gg","block_context":{"text":"Liknande inl\u00e4gg","link":""},"img":{"alt_text":"","src":"https:\/\/i0.wp.com\/resemedicin.se\/reseradet\/wp-content\/uploads\/2024\/10\/azorerna-karta.jpg?resize=350%2C200&ssl=1","width":350,"height":200,"srcset":"https:\/\/i0.wp.com\/resemedicin.se\/reseradet\/wp-content\/uploads\/2024\/10\/azorerna-karta.jpg?resize=350%2C200&ssl=1 1x, https:\/\/i0.wp.com\/resemedicin.se\/reseradet\/wp-content\/uploads\/2024\/10\/azorerna-karta.jpg?resize=525%2C300&ssl=1 1.5x, https:\/\/i0.wp.com\/resemedicin.se\/reseradet\/wp-content\/uploads\/2024\/10\/azorerna-karta.jpg?resize=700%2C400&ssl=1 2x"},"classes":[]},{"id":8067,"url":"https:\/\/resemedicin.se\/reseradet\/landsinformation\/grekland\/","url_meta":{"origin":212,"position":4},"title":"Grekland","author":"Reser\u00e5det","date":"2024-10-03","format":false,"excerpt":"Information till vaccinat\u00f6rer och reser\u00e5dgivare Klicka p\u00e5 bilden f\u00f6r st\u00f6rre karta. Kort landsinformation Vaccinationer Andra infektioner att vara observant p\u00e5 \u00d6vriga reserisker Aktuella utbrott Kort landsinformation Grekland (befolkning cirka 10,5 miljoner inv\u00e5nare) \u00e4r bel\u00e4get i syd\u00f6stra Europa p\u00e5 den s\u00f6dra spetsen av Balkanhalv\u00f6n. Landet gr\u00e4nsar till Albanien, Nordmakedonien, Bulgarien och\u2026","rel":"","context":"Liknande inl\u00e4gg","block_context":{"text":"Liknande inl\u00e4gg","link":""},"img":{"alt_text":"","src":"https:\/\/i0.wp.com\/resemedicin.se\/reseradet\/wp-content\/uploads\/2024\/10\/Grekland.jpg?resize=350%2C200&ssl=1","width":350,"height":200,"srcset":"https:\/\/i0.wp.com\/resemedicin.se\/reseradet\/wp-content\/uploads\/2024\/10\/Grekland.jpg?resize=350%2C200&ssl=1 1x, https:\/\/i0.wp.com\/resemedicin.se\/reseradet\/wp-content\/uploads\/2024\/10\/Grekland.jpg?resize=525%2C300&ssl=1 1.5x, https:\/\/i0.wp.com\/resemedicin.se\/reseradet\/wp-content\/uploads\/2024\/10\/Grekland.jpg?resize=700%2C400&ssl=1 2x"},"classes":[]},{"id":8116,"url":"https:\/\/resemedicin.se\/reseradet\/landsinformation\/malta\/","url_meta":{"origin":212,"position":5},"title":"Malta","author":"Reser\u00e5det","date":"2024-10-03","format":false,"excerpt":"Information till vaccinat\u00f6rer och reser\u00e5dgivare Klicka p\u00e5 bilden f\u00f6r st\u00f6rre karta. Kort landsinformation Vaccinationer Andra infektioner att vara observant p\u00e5 \u00d6vriga reserisker Aktuella utbrott Kort landsinformation Malta (befolkning cirka 514 000 inv\u00e5nare) \u00e4r en \u00f6stat bel\u00e4gen i centrala Medelhavet, s\u00f6der om Italien och norr om Libyen. Landet best\u00e5r av tre\u2026","rel":"","context":"Liknande inl\u00e4gg","block_context":{"text":"Liknande inl\u00e4gg","link":""},"img":{"alt_text":"","src":"https:\/\/i0.wp.com\/resemedicin.se\/reseradet\/wp-content\/uploads\/2024\/10\/malta-karta.jpg?resize=350%2C200&ssl=1","width":350,"height":200,"srcset":"https:\/\/i0.wp.com\/resemedicin.se\/reseradet\/wp-content\/uploads\/2024\/10\/malta-karta.jpg?resize=350%2C200&ssl=1 1x, https:\/\/i0.wp.com\/resemedicin.se\/reseradet\/wp-content\/uploads\/2024\/10\/malta-karta.jpg?resize=525%2C300&ssl=1 1.5x, https:\/\/i0.wp.com\/resemedicin.se\/reseradet\/wp-content\/uploads\/2024\/10\/malta-karta.jpg?resize=700%2C400&ssl=1 2x"},"classes":[]}],"jetpack_sharing_enabled":true,"_links":{"self":[{"href":"https:\/\/resemedicin.se\/reseradet\/wp-json\/wp\/v2\/pages\/212","targetHints":{"allow":["GET"]}}],"collection":[{"href":"https:\/\/resemedicin.se\/reseradet\/wp-json\/wp\/v2\/pages"}],"about":[{"href":"https:\/\/resemedicin.se\/reseradet\/wp-json\/wp\/v2\/types\/page"}],"author":[{"embeddable":true,"href":"https:\/\/resemedicin.se\/reseradet\/wp-json\/wp\/v2\/users\/1"}],"replies":[{"embeddable":true,"href":"https:\/\/resemedicin.se\/reseradet\/wp-json\/wp\/v2\/comments?post=212"}],"version-history":[{"count":2,"href":"https:\/\/resemedicin.se\/reseradet\/wp-json\/wp\/v2\/pages\/212\/revisions"}],"predecessor-version":[{"id":9837,"href":"https:\/\/resemedicin.se\/reseradet\/wp-json\/wp\/v2\/pages\/212\/revisions\/9837"}],"up":[{"embeddable":true,"href":"https:\/\/resemedicin.se\/reseradet\/wp-json\/wp\/v2\/pages\/42"}],"wp:attachment":[{"href":"https:\/\/resemedicin.se\/reseradet\/wp-json\/wp\/v2\/media?parent=212"}],"curies":[{"name":"wp","href":"https:\/\/api.w.org\/{rel}","templated":true}]}}