{"id":205,"date":"2024-03-07T18:02:42","date_gmt":"2024-03-07T17:02:42","guid":{"rendered":"https:\/\/www.friskparesan.se\/?page_id=205"},"modified":"2024-10-09T20:31:00","modified_gmt":"2024-10-09T20:31:00","slug":"simma-och-dyka","status":"publish","type":"page","link":"https:\/\/resemedicin.se\/reseradet\/reserad\/simma-och-dyka\/","title":{"rendered":"Simma och dyka"},"content":{"rendered":"Du m\u00e5ste vara inloggad f\u00f6r att visa detta inneh\u00e5ll.","protected":false},"excerpt":{"rendered":"Du m\u00e5ste vara inloggad f\u00f6r att visa detta inneh\u00e5ll.","protected":false},"author":1,"featured_media":0,"parent":42,"menu_order":0,"comment_status":"open","ping_status":"closed","template":"","meta":{"_lmt_disableupdate":"no","_lmt_disable":"","footnotes":""},"class_list":["post-205","page","type-page","status-publish","hentry"],"jetpack-related-posts":[{"id":207,"url":"https:\/\/resemedicin.se\/reseradet\/reserad\/solskydd\/","url_meta":{"origin":205,"position":0},"title":"Solskydd","author":"Reser\u00e5det","date":"2024-03-07","format":false,"excerpt":"Information till vaccinat\u00f6rer och reser\u00e5dgivare Risker med Solen Resor till tropikerna och andra varma l\u00e4nder inneb\u00e4r en \u00f6kad risk f\u00f6r \u00f6verexponering f\u00f6r solen, vilket kan leda till allvarliga h\u00e4lsoproblem. UV-str\u00e5lning \u00e4r som starkast n\u00e4ra ekvatorn och under sommarm\u00e5naderna, vilket g\u00f6r att resen\u00e4rer l\u00f6per en h\u00f6gre risk f\u00f6r solskador. Enligt V\u00e4rldsh\u00e4lsoorganisationen\u2026","rel":"","context":"Liknande inl\u00e4gg","block_context":{"text":"Liknande inl\u00e4gg","link":""},"img":{"alt_text":"","src":"https:\/\/i0.wp.com\/resemedicin.se\/reseradet\/wp-content\/uploads\/2024\/10\/solning.jpg?resize=350%2C200&ssl=1","width":350,"height":200,"srcset":"https:\/\/i0.wp.com\/resemedicin.se\/reseradet\/wp-content\/uploads\/2024\/10\/solning.jpg?resize=350%2C200&ssl=1 1x, https:\/\/i0.wp.com\/resemedicin.se\/reseradet\/wp-content\/uploads\/2024\/10\/solning.jpg?resize=525%2C300&ssl=1 1.5x, https:\/\/i0.wp.com\/resemedicin.se\/reseradet\/wp-content\/uploads\/2024\/10\/solning.jpg?resize=700%2C400&ssl=1 2x"},"classes":[]},{"id":1709,"url":"https:\/\/resemedicin.se\/reseradet\/sjukdomar-och-vacciner\/schistosomiasis\/","url_meta":{"origin":205,"position":1},"title":"Schistosomiasis (bilharzia, sn\u00e4ckfeber","author":"Reser\u00e5det","date":"2024-05-01","format":false,"excerpt":"Information till vaccinat\u00f6rer och reser\u00e5dgivare Smitt\u00e4mnet och smittv\u00e4gar Symtom Diagnostik och behandling Epidemiologi Riskgrupper Prevention Aktuella utbrott Smitt\u00e4mnet och smittv\u00e4gar Smitt\u00e4mnet Schistosomiasis (bilharzia eller sn\u00e4ckfeber) \u00e4r en parasitisk maskinfektion, med f\u00f6rekomst i tropiska och subtropiska omr\u00e5den i Afrika, Asien och Latinamerika. Sjukdomen orsakas av trematoder av sl\u00e4ktet Schistosoma, varav 5\u2026","rel":"","context":"Liknande inl\u00e4gg","block_context":{"text":"Liknande inl\u00e4gg","link":""},"img":{"alt_text":"","src":"https:\/\/i0.wp.com\/resemedicin.se\/reseradet\/wp-content\/uploads\/2024\/05\/schistosomiasis-karta-liten.jpg?resize=350%2C200&ssl=1","width":350,"height":200,"srcset":"https:\/\/i0.wp.com\/resemedicin.se\/reseradet\/wp-content\/uploads\/2024\/05\/schistosomiasis-karta-liten.jpg?resize=350%2C200&ssl=1 1x, https:\/\/i0.wp.com\/resemedicin.se\/reseradet\/wp-content\/uploads\/2024\/05\/schistosomiasis-karta-liten.jpg?resize=525%2C300&ssl=1 1.5x, https:\/\/i0.wp.com\/resemedicin.se\/reseradet\/wp-content\/uploads\/2024\/05\/schistosomiasis-karta-liten.jpg?resize=700%2C400&ssl=1 2x"},"classes":[]},{"id":1100,"url":"https:\/\/resemedicin.se\/reseradet\/sjukdomar-och-vacciner\/leptospiros\/","url_meta":{"origin":205,"position":2},"title":"Leptospiros (Weills sjukdom)","author":"Reser\u00e5det","date":"2024-04-12","format":false,"excerpt":"Information till vaccinat\u00f6rer och reser\u00e5dgivare Smitt\u00e4mnet och smittv\u00e4gar Symtom Diagnostik och behandling Epidemiologi Riskgrupper Prevention Aktuella utbrott Smitt\u00e4mnet och smittv\u00e4gar Smitt\u00e4mnet Leptospiros \u00e4r en potentiell d\u00f6dlig sjukdom orsakad av spiralformade bakterier av sl\u00e4ktet Leptospira, med ett 15-tal arter som \u00e4r patogena f\u00f6r m\u00e4nniskor, och ett betydligt st\u00f6rre antal apatogena arter.\u2026","rel":"","context":"Liknande inl\u00e4gg","block_context":{"text":"Liknande inl\u00e4gg","link":""},"img":{"alt_text":"","src":"https:\/\/i0.wp.com\/resemedicin.se\/reseradet\/wp-content\/uploads\/2024\/05\/bamboo-rafting.jpg?resize=350%2C200&ssl=1","width":350,"height":200,"srcset":"https:\/\/i0.wp.com\/resemedicin.se\/reseradet\/wp-content\/uploads\/2024\/05\/bamboo-rafting.jpg?resize=350%2C200&ssl=1 1x, https:\/\/i0.wp.com\/resemedicin.se\/reseradet\/wp-content\/uploads\/2024\/05\/bamboo-rafting.jpg?resize=525%2C300&ssl=1 1.5x, https:\/\/i0.wp.com\/resemedicin.se\/reseradet\/wp-content\/uploads\/2024\/05\/bamboo-rafting.jpg?resize=700%2C400&ssl=1 2x"},"classes":[]},{"id":9388,"url":"https:\/\/resemedicin.se\/reseradet\/vaccination\/patientinfo\/","url_meta":{"origin":205,"position":3},"title":"H\u00e4lsor\u00e5d och information till resen\u00e4rer","author":"Reser\u00e5det","date":"2024-10-12","format":false,"excerpt":"H\u00e4nvisa g\u00e4rna dina kunder\/patienter till den omfattande publika sajten Reser\u00e5det - Frisk p\u00e5 Resan. Nedan finns \u00e4ven ett antal informationsblad och intyg som du kan skriva ut och ge kunden i handen. H\u00e4lsor\u00e5d per v\u00e4rldsdel Annan information Bakgrundsinfo f\u00f6r r\u00e5dgivning H\u00e4lsor\u00e5d och vaccinationer per v\u00e4rldsdel (f\u00f6r utskrift) Informationsblad i pdf-format\u2026","rel":"","context":"Liknande inl\u00e4gg","block_context":{"text":"Liknande inl\u00e4gg","link":""},"img":{"alt_text":"","src":"https:\/\/i0.wp.com\/resemedicin.se\/reseradet\/wp-content\/uploads\/2024\/10\/reseinformation.jpg?resize=350%2C200&ssl=1","width":350,"height":200,"srcset":"https:\/\/i0.wp.com\/resemedicin.se\/reseradet\/wp-content\/uploads\/2024\/10\/reseinformation.jpg?resize=350%2C200&ssl=1 1x, https:\/\/i0.wp.com\/resemedicin.se\/reseradet\/wp-content\/uploads\/2024\/10\/reseinformation.jpg?resize=525%2C300&ssl=1 1.5x, https:\/\/i0.wp.com\/resemedicin.se\/reseradet\/wp-content\/uploads\/2024\/10\/reseinformation.jpg?resize=700%2C400&ssl=1 2x"},"classes":[]},{"id":2033,"url":"https:\/\/resemedicin.se\/reseradet\/vaccination\/doxycyklin\/","url_meta":{"origin":205,"position":4},"title":"Doxycyklin","author":"Reser\u00e5det","date":"2024-05-07","format":false,"excerpt":"Information till vaccinat\u00f6rer och reser\u00e5dgivare Sammanfattning malariaprofylax Preparat:\u00a0Doxyferm\u00ae och Doxycyklin EQL Pharma. Styrka och f\u00f6rpackningsstorlek\u00a0: Tablett 100 mg (10, 15, 20, 30, 100 st). Anv\u00e4ndning: P\u00e5b\u00f6rjas senast ankomstdagen och forts\u00e4tts 4 veckor efter utresa. Biverkningar: Risk f\u00f6r diarr\u00e9 och f\u00f6r svampinfektioner i underliv. Soleksem (3%). Effekt: Sannolikt lika god effekt\u2026","rel":"","context":"Liknande inl\u00e4gg","block_context":{"text":"Liknande inl\u00e4gg","link":""},"img":{"alt_text":"","src":"","width":0,"height":0},"classes":[]},{"id":9470,"url":"https:\/\/resemedicin.se\/reseradet\/vaccination\/samtidiga-vacciner\/","url_meta":{"origin":205,"position":5},"title":"Samtidiga vacciner &#8211; hur m\u00e5nga?","author":"Reser\u00e5det","date":"2024-10-12","format":false,"excerpt":"Information till vaccinat\u00f6rer och reser\u00e5dgivare Denna text \u00e4r skriven av Dr Lars Rombo och Dr Anja Rosdahl. Fler \u00e4n 5 vacciner kanske inte skall ges vid samma vaccinationstillf\u00e4lle \u2013 patienter brukar tveka. En bed\u00f6mning av risken f\u00f6r biverkningar mynnar dock snarare ut i att det \u00e4r b\u00e4ttre att ge fler\u2026","rel":"","context":"Liknande inl\u00e4gg","block_context":{"text":"Liknande inl\u00e4gg","link":""},"img":{"alt_text":"","src":"","width":0,"height":0},"classes":[]}],"jetpack_sharing_enabled":true,"_links":{"self":[{"href":"https:\/\/resemedicin.se\/reseradet\/wp-json\/wp\/v2\/pages\/205","targetHints":{"allow":["GET"]}}],"collection":[{"href":"https:\/\/resemedicin.se\/reseradet\/wp-json\/wp\/v2\/pages"}],"about":[{"href":"https:\/\/resemedicin.se\/reseradet\/wp-json\/wp\/v2\/types\/page"}],"author":[{"embeddable":true,"href":"https:\/\/resemedicin.se\/reseradet\/wp-json\/wp\/v2\/users\/1"}],"replies":[{"embeddable":true,"href":"https:\/\/resemedicin.se\/reseradet\/wp-json\/wp\/v2\/comments?post=205"}],"version-history":[{"count":15,"href":"https:\/\/resemedicin.se\/reseradet\/wp-json\/wp\/v2\/pages\/205\/revisions"}],"predecessor-version":[{"id":9284,"href":"https:\/\/resemedicin.se\/reseradet\/wp-json\/wp\/v2\/pages\/205\/revisions\/9284"}],"up":[{"embeddable":true,"href":"https:\/\/resemedicin.se\/reseradet\/wp-json\/wp\/v2\/pages\/42"}],"wp:attachment":[{"href":"https:\/\/resemedicin.se\/reseradet\/wp-json\/wp\/v2\/media?parent=205"}],"curies":[{"name":"wp","href":"https:\/\/api.w.org\/{rel}","templated":true}]}}