{"id":2033,"date":"2024-05-07T14:21:48","date_gmt":"2024-05-07T14:21:48","guid":{"rendered":"https:\/\/resemedicin.se\/reseradet\/?page_id=2033"},"modified":"2024-10-07T08:27:01","modified_gmt":"2024-10-07T08:27:01","slug":"doxycyklin","status":"publish","type":"page","link":"https:\/\/resemedicin.se\/reseradet\/vaccination\/doxycyklin\/","title":{"rendered":"Doxycyklin"},"content":{"rendered":"Du m\u00e5ste vara inloggad f\u00f6r att visa detta inneh\u00e5ll.","protected":false},"excerpt":{"rendered":"Du m\u00e5ste vara inloggad f\u00f6r att visa detta inneh\u00e5ll.","protected":false},"author":1,"featured_media":0,"parent":1898,"menu_order":1,"comment_status":"open","ping_status":"closed","template":"","meta":{"_lmt_disableupdate":"no","_lmt_disable":"","footnotes":""},"class_list":["post-2033","page","type-page","status-publish","hentry"],"jetpack-related-posts":[{"id":9501,"url":"https:\/\/resemedicin.se\/reseradet\/reserad\/malariaprofylax-med-doxycyklin\/","url_meta":{"origin":2033,"position":0},"title":"Malariaprofylax med doxycyklin","author":"Reser\u00e5det","date":"2024-10-12","format":false,"excerpt":"Information till resen\u00e4rer Till dig som rekommenderats malariaprofylax med doxycyklin Flera fabrikanter s\u00e4ljer doxycyklin ( =Doxyferm m.fl). I Sverige anses doxycyklin s\u00e4kert under f\u00f6rsta h\u00e4lften av graviditeten och \u00e4r s\u00e4rskilt l\u00e4mpligt f\u00f6r dem som planerar att bli gravida. Doxycyklin skall inte anv\u00e4ndas av barn som \u00e4r yngre \u00e4n 8 \u00e5r\u2026","rel":"","context":"Liknande inl\u00e4gg","block_context":{"text":"Liknande inl\u00e4gg","link":""},"img":{"alt_text":"","src":"","width":0,"height":0},"classes":[]},{"id":2027,"url":"https:\/\/resemedicin.se\/reseradet\/vaccination\/malariaprofylax-oversikt\/","url_meta":{"origin":2033,"position":1},"title":"Malariaprofylax och egenbehandling &#8211;  \u00f6versikt","author":"Reser\u00e5det","date":"2024-05-07","format":false,"excerpt":"Information till vaccinat\u00f6rer och reser\u00e5dgivare Allm\u00e4nna \u00f6verv\u00e4ganden Att rekommendera malariaprofylax L\u00e4kemedel Profylax f\u00f6r s\u00e4rskilda riskgrupper Geografisk riskbed\u00f6mning Rekommendationer per v\u00e4rldsdel Egenbehandling Nyheter Allm\u00e4nna \u00f6verv\u00e4ganden Myggskydd och kemoprofylax Profylax mot malaria best\u00e5r av en kombination av myggskydd och kemoprofylax. F\u00f6rebyggande \u00e5tg\u00e4rder m\u00e5ste vara effektiva mot alla malariaarter i reseomr\u00e5det och g\u00e4lla\u2026","rel":"","context":"Liknande inl\u00e4gg","block_context":{"text":"Liknande inl\u00e4gg","link":""},"img":{"alt_text":"","src":"https:\/\/i0.wp.com\/resemedicin.se\/reseradet\/wp-content\/uploads\/2024\/09\/anopheles-header-1.jpg?resize=350%2C200&ssl=1","width":350,"height":200,"srcset":"https:\/\/i0.wp.com\/resemedicin.se\/reseradet\/wp-content\/uploads\/2024\/09\/anopheles-header-1.jpg?resize=350%2C200&ssl=1 1x, https:\/\/i0.wp.com\/resemedicin.se\/reseradet\/wp-content\/uploads\/2024\/09\/anopheles-header-1.jpg?resize=525%2C300&ssl=1 1.5x, https:\/\/i0.wp.com\/resemedicin.se\/reseradet\/wp-content\/uploads\/2024\/09\/anopheles-header-1.jpg?resize=700%2C400&ssl=1 2x"},"classes":[]},{"id":1700,"url":"https:\/\/resemedicin.se\/reseradet\/sjukdomar-och-vacciner\/legionella\/","url_meta":{"origin":2033,"position":2},"title":"Legion\u00e4rssjuka (legionella)","author":"Reser\u00e5det","date":"2024-05-01","format":false,"excerpt":"Information till vaccinat\u00f6rer och reser\u00e5dgivare Smitt\u00e4mnet och smittv\u00e4gar Symptom Diagnostik och behandling Epidemiologi Riskgrupper Prevention Utbrott Smitt\u00e4mnet och smittv\u00e4gar Legionella pneumophila \u00e4r en gramnegativ bacill som oftast orsakar lunginflammation med extrapulmonella drag. Bakterien identifierades f\u00f6rsta g\u00e5ngen 1976 efter ett stort utbrott vid en kongress i Philadelphia med veteraner fr\u00e5n 2:a\u2026","rel":"","context":"Liknande inl\u00e4gg","block_context":{"text":"Liknande inl\u00e4gg","link":""},"img":{"alt_text":"","src":"https:\/\/i0.wp.com\/resemedicin.se\/reseradet\/wp-content\/uploads\/2024\/08\/legionella.jpg?resize=350%2C200&ssl=1","width":350,"height":200,"srcset":"https:\/\/i0.wp.com\/resemedicin.se\/reseradet\/wp-content\/uploads\/2024\/08\/legionella.jpg?resize=350%2C200&ssl=1 1x, https:\/\/i0.wp.com\/resemedicin.se\/reseradet\/wp-content\/uploads\/2024\/08\/legionella.jpg?resize=525%2C300&ssl=1 1.5x, https:\/\/i0.wp.com\/resemedicin.se\/reseradet\/wp-content\/uploads\/2024\/08\/legionella.jpg?resize=700%2C400&ssl=1 2x"},"classes":[]},{"id":1100,"url":"https:\/\/resemedicin.se\/reseradet\/sjukdomar-och-vacciner\/leptospiros\/","url_meta":{"origin":2033,"position":3},"title":"Leptospiros (Weills sjukdom)","author":"Reser\u00e5det","date":"2024-04-12","format":false,"excerpt":"Information till vaccinat\u00f6rer och reser\u00e5dgivare Smitt\u00e4mnet och smittv\u00e4gar Symtom Diagnostik och behandling Epidemiologi Riskgrupper Prevention Aktuella utbrott Smitt\u00e4mnet och smittv\u00e4gar Smitt\u00e4mnet Leptospiros \u00e4r en potentiell d\u00f6dlig sjukdom orsakad av spiralformade bakterier av sl\u00e4ktet Leptospira, med ett 15-tal arter som \u00e4r patogena f\u00f6r m\u00e4nniskor, och ett betydligt st\u00f6rre antal apatogena arter.\u2026","rel":"","context":"Liknande inl\u00e4gg","block_context":{"text":"Liknande inl\u00e4gg","link":""},"img":{"alt_text":"","src":"https:\/\/i0.wp.com\/resemedicin.se\/reseradet\/wp-content\/uploads\/2024\/05\/bamboo-rafting.jpg?resize=350%2C200&ssl=1","width":350,"height":200,"srcset":"https:\/\/i0.wp.com\/resemedicin.se\/reseradet\/wp-content\/uploads\/2024\/05\/bamboo-rafting.jpg?resize=350%2C200&ssl=1 1x, https:\/\/i0.wp.com\/resemedicin.se\/reseradet\/wp-content\/uploads\/2024\/05\/bamboo-rafting.jpg?resize=525%2C300&ssl=1 1.5x, https:\/\/i0.wp.com\/resemedicin.se\/reseradet\/wp-content\/uploads\/2024\/05\/bamboo-rafting.jpg?resize=700%2C400&ssl=1 2x"},"classes":[]},{"id":9388,"url":"https:\/\/resemedicin.se\/reseradet\/vaccination\/patientinfo\/","url_meta":{"origin":2033,"position":4},"title":"H\u00e4lsor\u00e5d och information till resen\u00e4rer","author":"Reser\u00e5det","date":"2024-10-12","format":false,"excerpt":"H\u00e4nvisa g\u00e4rna dina kunder\/patienter till den omfattande publika sajten Reser\u00e5det - Frisk p\u00e5 Resan. Nedan finns \u00e4ven ett antal informationsblad och intyg som du kan skriva ut och ge kunden i handen. H\u00e4lsor\u00e5d per v\u00e4rldsdel Annan information Bakgrundsinfo f\u00f6r r\u00e5dgivning H\u00e4lsor\u00e5d och vaccinationer per v\u00e4rldsdel (f\u00f6r utskrift) Informationsblad i pdf-format\u2026","rel":"","context":"Liknande inl\u00e4gg","block_context":{"text":"Liknande inl\u00e4gg","link":""},"img":{"alt_text":"","src":"https:\/\/i0.wp.com\/resemedicin.se\/reseradet\/wp-content\/uploads\/2024\/10\/reseinformation.jpg?resize=350%2C200&ssl=1","width":350,"height":200,"srcset":"https:\/\/i0.wp.com\/resemedicin.se\/reseradet\/wp-content\/uploads\/2024\/10\/reseinformation.jpg?resize=350%2C200&ssl=1 1x, https:\/\/i0.wp.com\/resemedicin.se\/reseradet\/wp-content\/uploads\/2024\/10\/reseinformation.jpg?resize=525%2C300&ssl=1 1.5x, https:\/\/i0.wp.com\/resemedicin.se\/reseradet\/wp-content\/uploads\/2024\/10\/reseinformation.jpg?resize=700%2C400&ssl=1 2x"},"classes":[]},{"id":42,"url":"https:\/\/resemedicin.se\/reseradet\/reserad\/","url_meta":{"origin":2033,"position":5},"title":"H\u00e4lsor\u00e5d och information till resen\u00e4rer","author":"Reser\u00e5det","date":"2024-03-05","format":false,"excerpt":"H\u00e4nvisa g\u00e4rna dina kunder\/patienter till den omfattande publika sajten Reser\u00e5det - Frisk p\u00e5 Resan. Nedan finns \u00e4ven ett antal informationsblad och intyg som du kan skriva ut och ge kunden i handen. Information per v\u00e4rldsdel Intyg Annan patientinformation Bakgrundsinfo f\u00f6r r\u00e5dgivning om reserisker H\u00e4lsor\u00e5d och vaccinationer per v\u00e4rldsdel (f\u00f6r utskrift)\u2026","rel":"","context":"Liknande inl\u00e4gg","block_context":{"text":"Liknande inl\u00e4gg","link":""},"img":{"alt_text":"","src":"https:\/\/i0.wp.com\/resemedicin.se\/reseradet\/wp-content\/uploads\/2024\/10\/reseinformation.jpg?resize=350%2C200&ssl=1","width":350,"height":200,"srcset":"https:\/\/i0.wp.com\/resemedicin.se\/reseradet\/wp-content\/uploads\/2024\/10\/reseinformation.jpg?resize=350%2C200&ssl=1 1x, https:\/\/i0.wp.com\/resemedicin.se\/reseradet\/wp-content\/uploads\/2024\/10\/reseinformation.jpg?resize=525%2C300&ssl=1 1.5x, https:\/\/i0.wp.com\/resemedicin.se\/reseradet\/wp-content\/uploads\/2024\/10\/reseinformation.jpg?resize=700%2C400&ssl=1 2x"},"classes":[]}],"jetpack_sharing_enabled":true,"_links":{"self":[{"href":"https:\/\/resemedicin.se\/reseradet\/wp-json\/wp\/v2\/pages\/2033","targetHints":{"allow":["GET"]}}],"collection":[{"href":"https:\/\/resemedicin.se\/reseradet\/wp-json\/wp\/v2\/pages"}],"about":[{"href":"https:\/\/resemedicin.se\/reseradet\/wp-json\/wp\/v2\/types\/page"}],"author":[{"embeddable":true,"href":"https:\/\/resemedicin.se\/reseradet\/wp-json\/wp\/v2\/users\/1"}],"replies":[{"embeddable":true,"href":"https:\/\/resemedicin.se\/reseradet\/wp-json\/wp\/v2\/comments?post=2033"}],"version-history":[{"count":12,"href":"https:\/\/resemedicin.se\/reseradet\/wp-json\/wp\/v2\/pages\/2033\/revisions"}],"predecessor-version":[{"id":5866,"href":"https:\/\/resemedicin.se\/reseradet\/wp-json\/wp\/v2\/pages\/2033\/revisions\/5866"}],"up":[{"embeddable":true,"href":"https:\/\/resemedicin.se\/reseradet\/wp-json\/wp\/v2\/pages\/1898"}],"wp:attachment":[{"href":"https:\/\/resemedicin.se\/reseradet\/wp-json\/wp\/v2\/media?parent=2033"}],"curies":[{"name":"wp","href":"https:\/\/api.w.org\/{rel}","templated":true}]}}