{"id":2029,"date":"2024-05-07T14:20:08","date_gmt":"2024-05-07T14:20:08","guid":{"rendered":"https:\/\/resemedicin.se\/reseradet\/?page_id=2029"},"modified":"2025-05-27T07:12:41","modified_gmt":"2025-05-27T06:12:41","slug":"klorokinfosfat","status":"publish","type":"page","link":"https:\/\/resemedicin.se\/reseradet\/vaccination\/klorokinfosfat\/","title":{"rendered":"Klorokinfosfat"},"content":{"rendered":"Du m\u00e5ste vara inloggad f\u00f6r att visa detta inneh\u00e5ll.","protected":false},"excerpt":{"rendered":"Du m\u00e5ste vara inloggad f\u00f6r att visa detta inneh\u00e5ll.","protected":false},"author":1,"featured_media":0,"parent":1898,"menu_order":1,"comment_status":"open","ping_status":"closed","template":"","meta":{"_lmt_disableupdate":"no","_lmt_disable":"","footnotes":""},"class_list":["post-2029","page","type-page","status-publish","hentry"],"jetpack-related-posts":[{"id":675,"url":"https:\/\/resemedicin.se\/reseradet\/reserad\/resa-med-hund-och-katt\/","url_meta":{"origin":2029,"position":0},"title":"Resa med hund och katt","author":"Reser\u00e5det","date":"2024-03-31","format":false,"excerpt":"Kortfakta Resa med hund och katt inom EU Inresa till Sverige fr\u00e5n ett land utanf\u00f6r EU d\u00e4r rabiessituationen f\u00f6ljs Inresa till Sverige fr\u00e5n ett land utanf\u00f6r EU d\u00e4r rabiessituationen inte \u00e4r under kontroll Flyg- och b\u00e5tresor Kortfakta Att resa utanf\u00f6r Sverige med s\u00e4llskapsdjur kr\u00e4ver planering p\u00e5 f\u00f6rhand, inte minst med\u2026","rel":"","context":"Liknande inl\u00e4gg","block_context":{"text":"Liknande inl\u00e4gg","link":""},"img":{"alt_text":"","src":"https:\/\/i0.wp.com\/resemedicin.se\/reseradet\/wp-content\/uploads\/2024\/04\/halsointyg.png?resize=350%2C200&ssl=1","width":350,"height":200},"classes":[]},{"id":252,"url":"https:\/\/resemedicin.se\/reseradet\/sjukdomar-och-vacciner\/tbe\/","url_meta":{"origin":2029,"position":1},"title":"F\u00e4stingburen hj\u00e4rninflammation (TBE)","author":"Reser\u00e5det","date":"2024-03-07","format":false,"excerpt":"Information till vaccinat\u00f6rer och reser\u00e5dgivare Smitt\u00e4mnet och smittv\u00e4gar Sjukdomsbild Diagnostik och behandling Epidemiologi S\u00e4rskilt riskutsatta resen\u00e4rer Vaccination och \u00f6vrig prevention Aktuella utbrott Smitt\u00e4mnet och smittv\u00e4gar F\u00e4stingburen hj\u00e4rninflammation (TBE) \u00e4r en virusorsakad infektionssjukdom orsakad av TBE-virus. Viruset f\u00f6rekommer som tre typer, Europeisk TBEV (EurTBEV), Sibirisk TBEV (Sib-TBEV)\u00a0och Fj\u00e4rran \u00f6stern TBEV (FE-TBEV)\u2026","rel":"","context":"Liknande inl\u00e4gg","block_context":{"text":"Liknande inl\u00e4gg","link":""},"img":{"alt_text":"","src":"https:\/\/i0.wp.com\/resemedicin.se\/reseradet\/wp-content\/uploads\/2024\/09\/fastingbett.jpg?resize=350%2C200&ssl=1","width":350,"height":200,"srcset":"https:\/\/i0.wp.com\/resemedicin.se\/reseradet\/wp-content\/uploads\/2024\/09\/fastingbett.jpg?resize=350%2C200&ssl=1 1x, https:\/\/i0.wp.com\/resemedicin.se\/reseradet\/wp-content\/uploads\/2024\/09\/fastingbett.jpg?resize=525%2C300&ssl=1 1.5x, https:\/\/i0.wp.com\/resemedicin.se\/reseradet\/wp-content\/uploads\/2024\/09\/fastingbett.jpg?resize=700%2C400&ssl=1 2x"},"classes":[]},{"id":677,"url":"https:\/\/resemedicin.se\/reseradet\/reserad\/mediciner\/","url_meta":{"origin":2029,"position":2},"title":"Resa med mediciner","author":"Reser\u00e5det","date":"2024-04-01","format":false,"excerpt":"Kortfakta Regler f\u00f6r inf\u00f6rsel och f\u00f6rs\u00e4ljning av l\u00e4kemedel Schengenintyg f\u00f6r narkotiklassade l\u00e4kemedel R\u00e4tt hantering av sina mediciner F\u00f6rfalskade mediciner Kortfakta M\u00e5nga resen\u00e4rer som medicinerar mot akuta eller kroniska sjukdomar kan beh\u00f6va ta med sig sina mediciner vid utlandsresa. Lagstiftningen kring f\u00f6rs\u00e4ljning, inf\u00f6rsel och anv\u00e4ndning av l\u00e4kemedel variera dock stort mellan\u2026","rel":"","context":"Liknande inl\u00e4gg","block_context":{"text":"Liknande inl\u00e4gg","link":""},"img":{"alt_text":"","src":"https:\/\/i0.wp.com\/resemedicin.se\/reseradet\/wp-content\/uploads\/2024\/04\/fake.jpg?resize=350%2C200&ssl=1","width":350,"height":200,"srcset":"https:\/\/i0.wp.com\/resemedicin.se\/reseradet\/wp-content\/uploads\/2024\/04\/fake.jpg?resize=350%2C200&ssl=1 1x, https:\/\/i0.wp.com\/resemedicin.se\/reseradet\/wp-content\/uploads\/2024\/04\/fake.jpg?resize=525%2C300&ssl=1 1.5x, https:\/\/i0.wp.com\/resemedicin.se\/reseradet\/wp-content\/uploads\/2024\/04\/fake.jpg?resize=700%2C400&ssl=1 2x"},"classes":[]},{"id":6417,"url":"https:\/\/resemedicin.se\/reseradet\/kontakt\/","url_meta":{"origin":2029,"position":3},"title":"Kontakt","author":"Reser\u00e5det","date":"2024-09-19","format":false,"excerpt":"Vi p\u00e5 Reser\u00e5det uppskattar en t\u00e4t dialog med alla anv\u00e4ndare f\u00f6r att g\u00f6ra tj\u00e4nsterna s\u00e5 bra och smidiga som m\u00f6jligt. Vi vill ocks\u00e5 veta om det \u00e4r n\u00e5got som saknas eller \u00e4r oklart p\u00e5 dessa sidor. Kontakta oss d\u00e4rf\u00f6r g\u00e4rna f\u00f6r fr\u00e5gor och synpunkter. RESER\u00c5DETc\/o ProSanis Sverige ABPostadress: Tulegatan 6,\u2026","rel":"","context":"Liknande inl\u00e4gg","block_context":{"text":"Liknande inl\u00e4gg","link":""},"img":{"alt_text":"","src":"https:\/\/i0.wp.com\/resemedicin.se\/reseradet\/wp-content\/uploads\/2024\/09\/kontakt-2.jpg?resize=350%2C200&ssl=1","width":350,"height":200,"srcset":"https:\/\/i0.wp.com\/resemedicin.se\/reseradet\/wp-content\/uploads\/2024\/09\/kontakt-2.jpg?resize=350%2C200&ssl=1 1x, https:\/\/i0.wp.com\/resemedicin.se\/reseradet\/wp-content\/uploads\/2024\/09\/kontakt-2.jpg?resize=525%2C300&ssl=1 1.5x, https:\/\/i0.wp.com\/resemedicin.se\/reseradet\/wp-content\/uploads\/2024\/09\/kontakt-2.jpg?resize=700%2C400&ssl=1 2x"},"classes":[]},{"id":16,"url":"https:\/\/resemedicin.se\/reseradet\/om-reseradet\/","url_meta":{"origin":2029,"position":4},"title":"Om oss","author":"Reser\u00e5det","date":"2024-03-04","format":false,"excerpt":"RESER\u00c5DET \u00e4r Sveriges st\u00f6rsta oberoende kunskapsakt\u00f6r inom vaccinationer och reser\u00e5dgivning. Vi erbjuder genom portalen Reser\u00e5det Pro med fr\u00e5getj\u00e4nsten Svar ig\u00e5r, nyhetsbrevet EpiNytt samt kurser och e-utbildningar i Reser\u00e5det Vaccinakademis ett helt\u00e4ckande st\u00f6d till mer \u00e4n 500 vaccinationsmottagningar I Sverige, Norge och Finland.\u00a0Vi kan \u00e4ven erbjuda skr\u00e4ddarsydda l\u00f6sningar som passar just\u2026","rel":"","context":"Liknande inl\u00e4gg","block_context":{"text":"Liknande inl\u00e4gg","link":""},"img":{"alt_text":"","src":"https:\/\/i0.wp.com\/resemedicin.se\/reseradet\/wp-content\/uploads\/2026\/03\/banner-reseradet.jpg?resize=350%2C200&ssl=1","width":350,"height":200,"srcset":"https:\/\/i0.wp.com\/resemedicin.se\/reseradet\/wp-content\/uploads\/2026\/03\/banner-reseradet.jpg?resize=350%2C200&ssl=1 1x, https:\/\/i0.wp.com\/resemedicin.se\/reseradet\/wp-content\/uploads\/2026\/03\/banner-reseradet.jpg?resize=525%2C300&ssl=1 1.5x, https:\/\/i0.wp.com\/resemedicin.se\/reseradet\/wp-content\/uploads\/2026\/03\/banner-reseradet.jpg?resize=700%2C400&ssl=1 2x"},"classes":[]},{"id":172,"url":"https:\/\/resemedicin.se\/reseradet\/reserad\/sexuell-halsa\/","url_meta":{"origin":2029,"position":5},"title":"Sexuell h\u00e4lsa","author":"Reser\u00e5det","date":"2024-03-07","format":false,"excerpt":"Information till vaccinat\u00f6rer och reser\u00e5dgivare Bakgrund Semester och resor inbjuder ibland till tillf\u00e4lliga sexuella kontakter. Resan i sig och k\u00e4nslan av att vara borta fr\u00e5n vardagen, kanske i kombination med alkohol, kan \u00f6ka risken f\u00f6r ett st\u00f6rre sexuellt risktagande \u00e4n vanligtvis, med risk att smittas med en sexuellt \u00f6verf\u00f6rbar infektion\u2026","rel":"","context":"Liknande inl\u00e4gg","block_context":{"text":"Liknande inl\u00e4gg","link":""},"img":{"alt_text":"","src":"https:\/\/i0.wp.com\/resemedicin.se\/reseradet\/wp-content\/uploads\/2024\/09\/sex.jpg?resize=350%2C200&ssl=1","width":350,"height":200,"srcset":"https:\/\/i0.wp.com\/resemedicin.se\/reseradet\/wp-content\/uploads\/2024\/09\/sex.jpg?resize=350%2C200&ssl=1 1x, https:\/\/i0.wp.com\/resemedicin.se\/reseradet\/wp-content\/uploads\/2024\/09\/sex.jpg?resize=525%2C300&ssl=1 1.5x, https:\/\/i0.wp.com\/resemedicin.se\/reseradet\/wp-content\/uploads\/2024\/09\/sex.jpg?resize=700%2C400&ssl=1 2x"},"classes":[]}],"jetpack_sharing_enabled":true,"_links":{"self":[{"href":"https:\/\/resemedicin.se\/reseradet\/wp-json\/wp\/v2\/pages\/2029","targetHints":{"allow":["GET"]}}],"collection":[{"href":"https:\/\/resemedicin.se\/reseradet\/wp-json\/wp\/v2\/pages"}],"about":[{"href":"https:\/\/resemedicin.se\/reseradet\/wp-json\/wp\/v2\/types\/page"}],"author":[{"embeddable":true,"href":"https:\/\/resemedicin.se\/reseradet\/wp-json\/wp\/v2\/users\/1"}],"replies":[{"embeddable":true,"href":"https:\/\/resemedicin.se\/reseradet\/wp-json\/wp\/v2\/comments?post=2029"}],"version-history":[{"count":9,"href":"https:\/\/resemedicin.se\/reseradet\/wp-json\/wp\/v2\/pages\/2029\/revisions"}],"predecessor-version":[{"id":13587,"href":"https:\/\/resemedicin.se\/reseradet\/wp-json\/wp\/v2\/pages\/2029\/revisions\/13587"}],"up":[{"embeddable":true,"href":"https:\/\/resemedicin.se\/reseradet\/wp-json\/wp\/v2\/pages\/1898"}],"wp:attachment":[{"href":"https:\/\/resemedicin.se\/reseradet\/wp-json\/wp\/v2\/media?parent=2029"}],"curies":[{"name":"wp","href":"https:\/\/api.w.org\/{rel}","templated":true}]}}