{"id":2027,"date":"2024-05-07T14:18:06","date_gmt":"2024-05-07T14:18:06","guid":{"rendered":"https:\/\/resemedicin.se\/reseradet\/?page_id=2027"},"modified":"2025-05-27T09:51:25","modified_gmt":"2025-05-27T08:51:25","slug":"malariaprofylax-oversikt","status":"publish","type":"page","link":"https:\/\/resemedicin.se\/reseradet\/vaccination\/malariaprofylax-oversikt\/","title":{"rendered":"Malariaprofylax och egenbehandling &#8211;  \u00f6versikt"},"content":{"rendered":"Du m\u00e5ste vara inloggad f\u00f6r att visa detta inneh\u00e5ll.","protected":false},"excerpt":{"rendered":"Du m\u00e5ste vara inloggad f\u00f6r att visa detta inneh\u00e5ll.","protected":false},"author":1,"featured_media":0,"parent":1898,"menu_order":1,"comment_status":"open","ping_status":"closed","template":"","meta":{"_lmt_disableupdate":"no","_lmt_disable":"","footnotes":""},"class_list":["post-2027","page","type-page","status-publish","hentry"],"jetpack-related-posts":[{"id":9512,"url":"https:\/\/resemedicin.se\/reseradet\/reserad\/malariaprofylax-med-meflokin\/","url_meta":{"origin":2027,"position":0},"title":"Malariaprofylax med meflokin","author":"Reser\u00e5det","date":"2024-10-12","format":false,"excerpt":"Information till resen\u00e4rer Informationen utarbetad av Dr Lars Rombo. Till dig som rekommenderats malariaprofylax med meflokin Meflokin (f\u00f6rs\u00e4ljningsnamn Lariam\u00ae) \u00e4r ett av de vanligast anv\u00e4nda profylaxmedlen mot malaria. Dosering\u00a0 B\u00f6rja g\u00e4rna profylax redan 3 veckor f\u00f6re utresa eftersom eventuella biverkningar oftast m\u00e4rks redan efter de f\u00f6rsta tre doserna och alternativ\u2026","rel":"","context":"Liknande inl\u00e4gg","block_context":{"text":"Liknande inl\u00e4gg","link":""},"img":{"alt_text":"","src":"","width":0,"height":0},"classes":[]},{"id":9497,"url":"https:\/\/resemedicin.se\/reseradet\/reserad\/malariaprofylax-med-atovakvon-proguanil\/","url_meta":{"origin":2027,"position":1},"title":"Malariaprofylax med atovakvon\/proguanil","author":"Reser\u00e5det","date":"2024-10-12","format":false,"excerpt":"Information till resen\u00e4rer Till dig som rekommenderats malariaprofylax med atovakvon\/proguanil Atovakvon\/proguanil (handelsnamn Malarone Junior\u00ae, Malastad\u00ae, Provaqomyl\u00ae eller Atovakvon\/proguanil Glenmark) anv\u00e4nds b\u00e5de f\u00f6r profylax och behandling av malaria. \u00c4ven om fosterskador inte \u00e4r sannolika b\u00f6r gravida \u00e4nnu inte anv\u00e4nda atovakvon\/proguanil som profylax. Graviditet b\u00f6r ocks\u00e5 undvikas tv\u00e5 veckor efter avslutad profylax.\u2026","rel":"","context":"Liknande inl\u00e4gg","block_context":{"text":"Liknande inl\u00e4gg","link":""},"img":{"alt_text":"","src":"","width":0,"height":0},"classes":[]},{"id":9501,"url":"https:\/\/resemedicin.se\/reseradet\/reserad\/malariaprofylax-med-doxycyklin\/","url_meta":{"origin":2027,"position":2},"title":"Malariaprofylax med doxycyklin","author":"Reser\u00e5det","date":"2024-10-12","format":false,"excerpt":"Information till resen\u00e4rer Till dig som rekommenderats malariaprofylax med doxycyklin Flera fabrikanter s\u00e4ljer doxycyklin ( =Doxyferm m.fl). I Sverige anses doxycyklin s\u00e4kert under f\u00f6rsta h\u00e4lften av graviditeten och \u00e4r s\u00e4rskilt l\u00e4mpligt f\u00f6r dem som planerar att bli gravida. Doxycyklin skall inte anv\u00e4ndas av barn som \u00e4r yngre \u00e4n 8 \u00e5r\u2026","rel":"","context":"Liknande inl\u00e4gg","block_context":{"text":"Liknande inl\u00e4gg","link":""},"img":{"alt_text":"","src":"","width":0,"height":0},"classes":[]},{"id":9388,"url":"https:\/\/resemedicin.se\/reseradet\/vaccination\/patientinfo\/","url_meta":{"origin":2027,"position":3},"title":"H\u00e4lsor\u00e5d och information till resen\u00e4rer","author":"Reser\u00e5det","date":"2024-10-12","format":false,"excerpt":"H\u00e4nvisa g\u00e4rna dina kunder\/patienter till den omfattande publika sajten Reser\u00e5det - Frisk p\u00e5 Resan. Nedan finns \u00e4ven ett antal informationsblad och intyg som du kan skriva ut och ge kunden i handen. H\u00e4lsor\u00e5d per v\u00e4rldsdel Annan information Bakgrundsinfo f\u00f6r r\u00e5dgivning H\u00e4lsor\u00e5d och vaccinationer per v\u00e4rldsdel (f\u00f6r utskrift) Informationsblad i pdf-format\u2026","rel":"","context":"Liknande inl\u00e4gg","block_context":{"text":"Liknande inl\u00e4gg","link":""},"img":{"alt_text":"","src":"https:\/\/i0.wp.com\/resemedicin.se\/reseradet\/wp-content\/uploads\/2024\/10\/reseinformation.jpg?resize=350%2C200&ssl=1","width":350,"height":200,"srcset":"https:\/\/i0.wp.com\/resemedicin.se\/reseradet\/wp-content\/uploads\/2024\/10\/reseinformation.jpg?resize=350%2C200&ssl=1 1x, https:\/\/i0.wp.com\/resemedicin.se\/reseradet\/wp-content\/uploads\/2024\/10\/reseinformation.jpg?resize=525%2C300&ssl=1 1.5x, https:\/\/i0.wp.com\/resemedicin.se\/reseradet\/wp-content\/uploads\/2024\/10\/reseinformation.jpg?resize=700%2C400&ssl=1 2x"},"classes":[]},{"id":42,"url":"https:\/\/resemedicin.se\/reseradet\/reserad\/","url_meta":{"origin":2027,"position":4},"title":"H\u00e4lsor\u00e5d och information till resen\u00e4rer","author":"Reser\u00e5det","date":"2024-03-05","format":false,"excerpt":"H\u00e4nvisa g\u00e4rna dina kunder\/patienter till den omfattande publika sajten Reser\u00e5det - Frisk p\u00e5 Resan. Nedan finns \u00e4ven ett antal informationsblad och intyg som du kan skriva ut och ge kunden i handen. Information per v\u00e4rldsdel Intyg Annan patientinformation Bakgrundsinfo f\u00f6r r\u00e5dgivning om reserisker H\u00e4lsor\u00e5d och vaccinationer per v\u00e4rldsdel (f\u00f6r utskrift)\u2026","rel":"","context":"Liknande inl\u00e4gg","block_context":{"text":"Liknande inl\u00e4gg","link":""},"img":{"alt_text":"","src":"https:\/\/i0.wp.com\/resemedicin.se\/reseradet\/wp-content\/uploads\/2024\/10\/reseinformation.jpg?resize=350%2C200&ssl=1","width":350,"height":200,"srcset":"https:\/\/i0.wp.com\/resemedicin.se\/reseradet\/wp-content\/uploads\/2024\/10\/reseinformation.jpg?resize=350%2C200&ssl=1 1x, https:\/\/i0.wp.com\/resemedicin.se\/reseradet\/wp-content\/uploads\/2024\/10\/reseinformation.jpg?resize=525%2C300&ssl=1 1.5x, https:\/\/i0.wp.com\/resemedicin.se\/reseradet\/wp-content\/uploads\/2024\/10\/reseinformation.jpg?resize=700%2C400&ssl=1 2x"},"classes":[]},{"id":14013,"url":"https:\/\/resemedicin.se\/reseradet\/referenser\/svenska-kallor\/infektionslakarforeningen\/","url_meta":{"origin":2027,"position":5},"title":"Infektionsl\u00e4karf\u00f6reningen","author":"Reser\u00e5det","date":"2025-06-12","format":false,"excerpt":"Tillbaka till v\u00e5r evidensbas Malariaprofylax (2025) Meningokockvaccinering inf\u00f6r internationella scoutm\u00f6te (2003) Vaccination av vuxna inf\u00f6r och efter splenektomi (2023) Vaccination av vuxna vid anamnes p\u00e5 \u00e4ggallergi (2024) Vaccination med Qdenga till svenska resen\u00e4rer (2023) Vaccination vid\u00a0immunsuppressiv behandling\u00a0(2025)","rel":"","context":"Liknande inl\u00e4gg","block_context":{"text":"Liknande inl\u00e4gg","link":""},"img":{"alt_text":"","src":"","width":0,"height":0},"classes":[]}],"jetpack_sharing_enabled":true,"_links":{"self":[{"href":"https:\/\/resemedicin.se\/reseradet\/wp-json\/wp\/v2\/pages\/2027","targetHints":{"allow":["GET"]}}],"collection":[{"href":"https:\/\/resemedicin.se\/reseradet\/wp-json\/wp\/v2\/pages"}],"about":[{"href":"https:\/\/resemedicin.se\/reseradet\/wp-json\/wp\/v2\/types\/page"}],"author":[{"embeddable":true,"href":"https:\/\/resemedicin.se\/reseradet\/wp-json\/wp\/v2\/users\/1"}],"replies":[{"embeddable":true,"href":"https:\/\/resemedicin.se\/reseradet\/wp-json\/wp\/v2\/comments?post=2027"}],"version-history":[{"count":96,"href":"https:\/\/resemedicin.se\/reseradet\/wp-json\/wp\/v2\/pages\/2027\/revisions"}],"predecessor-version":[{"id":13618,"href":"https:\/\/resemedicin.se\/reseradet\/wp-json\/wp\/v2\/pages\/2027\/revisions\/13618"}],"up":[{"embeddable":true,"href":"https:\/\/resemedicin.se\/reseradet\/wp-json\/wp\/v2\/pages\/1898"}],"wp:attachment":[{"href":"https:\/\/resemedicin.se\/reseradet\/wp-json\/wp\/v2\/media?parent=2027"}],"curies":[{"name":"wp","href":"https:\/\/api.w.org\/{rel}","templated":true}]}}