{"id":2019,"date":"2024-05-07T13:39:38","date_gmt":"2024-05-07T13:39:38","guid":{"rendered":"https:\/\/resemedicin.se\/reseradet\/?page_id=2019"},"modified":"2024-10-09T21:23:59","modified_gmt":"2024-10-09T21:23:59","slug":"frageformularet","status":"publish","type":"page","link":"https:\/\/resemedicin.se\/reseradet\/vaccination\/frageformularet\/","title":{"rendered":"Fr\u00e5geformul\u00e4ret"},"content":{"rendered":"Du m\u00e5ste vara inloggad f\u00f6r att visa detta inneh\u00e5ll.","protected":false},"excerpt":{"rendered":"Du m\u00e5ste vara inloggad f\u00f6r att visa detta inneh\u00e5ll.","protected":false},"author":1,"featured_media":0,"parent":1898,"menu_order":1,"comment_status":"open","ping_status":"closed","template":"","meta":{"_lmt_disableupdate":"no","_lmt_disable":"","footnotes":""},"class_list":["post-2019","page","type-page","status-publish","hentry"],"jetpack-related-posts":[{"id":5898,"url":"https:\/\/resemedicin.se\/reseradet\/vaccination\/vaccination-och-graviditet\/","url_meta":{"origin":2019,"position":0},"title":"Reser\u00e5dgivning och vaccination till gravida kvinnor","author":"Reser\u00e5det","date":"2024-09-14","format":false,"excerpt":"Information till vaccinat\u00f6rer och reser\u00e5dgivare Riskbed\u00f6mning Reser\u00e5dgivning Vaccination under graviditet Vaccinationer inf\u00f6r planerad graviditet Amning och vaccination Specifika infektioner och graviditet Riskbed\u00f6mning Reser\u00e5dgivning och vaccination till gravida kvinnor st\u00e4ller s\u00e4rskilda krav p\u00e5 ett helhetsperspektiv p\u00e5 risker och nytta\/gl\u00e4dje b\u00e5de med resan sj\u00e4lv och inf\u00f6r st\u00e4llningstagande till vaccination. Flera reserelaterade tillst\u00e5nd\u2026","rel":"","context":"Liknande inl\u00e4gg","block_context":{"text":"Liknande inl\u00e4gg","link":""},"img":{"alt_text":"","src":"https:\/\/i0.wp.com\/resemedicin.se\/reseradet\/wp-content\/uploads\/2024\/04\/gravid.png?resize=350%2C200&ssl=1","width":350,"height":200,"srcset":"https:\/\/i0.wp.com\/resemedicin.se\/reseradet\/wp-content\/uploads\/2024\/04\/gravid.png?resize=350%2C200&ssl=1 1x, https:\/\/i0.wp.com\/resemedicin.se\/reseradet\/wp-content\/uploads\/2024\/04\/gravid.png?resize=525%2C300&ssl=1 1.5x, https:\/\/i0.wp.com\/resemedicin.se\/reseradet\/wp-content\/uploads\/2024\/04\/gravid.png?resize=700%2C400&ssl=1 2x"},"classes":[]},{"id":2181,"url":"https:\/\/resemedicin.se\/reseradet\/vaccination\/boostrix-polio\/","url_meta":{"origin":2019,"position":1},"title":"Boostrix\u00ae Polio","author":"Reser\u00e5det","date":"2024-05-09","format":false,"excerpt":"Information till vaccinat\u00f6rer och reser\u00e5dgivare \u00d6versikt (indikation, skyddseffekt, s\u00e4kerhet) Administration och dosering Kan kombineras med Kontraindikationer och f\u00f6rsiktighet Graviditet och amning Inneh\u00e5ll F\u00f6rpackningsinformation Hantering och h\u00e5llbarhet \u00d6versikt (indikation, skyddseffekt, s\u00e4kerhet) Boostrix\u00aePolio (dTp-IPV) (GSK) \u00e4r fr\u00e4mst avsett f\u00f6r boostervaccination av personer som tidigare blivit grundvaccinerade mot difteri, tetanus (stelkramp), pertussis (kikhosta)\u2026","rel":"","context":"Liknande inl\u00e4gg","block_context":{"text":"Liknande inl\u00e4gg","link":""},"img":{"alt_text":"","src":"https:\/\/i0.wp.com\/resemedicin.se\/reseradet\/wp-content\/uploads\/2024\/09\/boostrix-polio-1.jpg?resize=350%2C200&ssl=1","width":350,"height":200,"srcset":"https:\/\/i0.wp.com\/resemedicin.se\/reseradet\/wp-content\/uploads\/2024\/09\/boostrix-polio-1.jpg?resize=350%2C200&ssl=1 1x, https:\/\/i0.wp.com\/resemedicin.se\/reseradet\/wp-content\/uploads\/2024\/09\/boostrix-polio-1.jpg?resize=525%2C300&ssl=1 1.5x"},"classes":[]},{"id":2217,"url":"https:\/\/resemedicin.se\/reseradet\/vaccination\/boostrix\/","url_meta":{"origin":2019,"position":2},"title":"Boostrix\u00ae","author":"Reser\u00e5det","date":"2024-05-09","format":false,"excerpt":"Information till vaccinat\u00f6rer och reser\u00e5dgivare \u00d6versikt (indikation, skyddseffekt, s\u00e4kerhet) Administration och dosering Kan kombineras med Kontraindikationer och f\u00f6rsiktighet Graviditet och amning Inneh\u00e5ll F\u00f6rpackningsinformation Hantering och h\u00e5llbarhet \u00d6versikt (indikation, skyddseffekt, s\u00e4kerhet) Boostrix\u00ae (dTp) (GSK) \u00e4r avsett f\u00f6r boostervaccination av personer som tidigare blivit grundvaccinerade mot difteri, tetanus (stelkramp) och pertussis (kikhosta)\u2026","rel":"","context":"Liknande inl\u00e4gg","block_context":{"text":"Liknande inl\u00e4gg","link":""},"img":{"alt_text":"","src":"https:\/\/i0.wp.com\/resemedicin.se\/reseradet\/wp-content\/uploads\/2024\/09\/Boostrix.jpg?resize=350%2C200&ssl=1","width":350,"height":200},"classes":[]},{"id":2275,"url":"https:\/\/resemedicin.se\/reseradet\/vaccination\/qdenga\/","url_meta":{"origin":2019,"position":3},"title":"Qdenga\u00ae","author":"Reser\u00e5det","date":"2024-05-10","format":false,"excerpt":"Information till vaccinat\u00f6rer och reser\u00e5dgivare \u00d6versikt (indikation, skyddseffekt, s\u00e4kerhet) Administration och dosering Kan kombineras med Kontraindikationer och f\u00f6rsiktighet Graviditet och amning Inneh\u00e5ll F\u00f6rpackningsinformation Hantering och h\u00e5llbarhet \u00d6versikt (indikation, skyddseffekt, s\u00e4kerhet) Ett nytt levande f\u00f6rsvagat vaccin mot denguefeber, Qdenga\u00ae\u00a0(Takeda Pharma) finns registrerat i Europa sedan december 2022. Vaccinet replikeras lokalt och\u2026","rel":"","context":"Liknande inl\u00e4gg","block_context":{"text":"Liknande inl\u00e4gg","link":""},"img":{"alt_text":"","src":"https:\/\/i0.wp.com\/resemedicin.se\/reseradet\/wp-content\/uploads\/2024\/05\/Qdenga.jpg?resize=350%2C200&ssl=1","width":350,"height":200,"srcset":"https:\/\/i0.wp.com\/resemedicin.se\/reseradet\/wp-content\/uploads\/2024\/05\/Qdenga.jpg?resize=350%2C200&ssl=1 1x, https:\/\/i0.wp.com\/resemedicin.se\/reseradet\/wp-content\/uploads\/2024\/05\/Qdenga.jpg?resize=525%2C300&ssl=1 1.5x, https:\/\/i0.wp.com\/resemedicin.se\/reseradet\/wp-content\/uploads\/2024\/05\/Qdenga.jpg?resize=700%2C400&ssl=1 2x"},"classes":[]},{"id":2220,"url":"https:\/\/resemedicin.se\/reseradet\/vaccination\/ditekibooster\/","url_meta":{"origin":2019,"position":4},"title":"diTekiBooster\u00ae","author":"Reser\u00e5det","date":"2024-05-09","format":false,"excerpt":"Information till vaccinat\u00f6rer och reser\u00e5dgivare \u00d6versikt (indikation, skyddseffekt, s\u00e4kerhet) Administration och dosering Kan kombineras med Kontraindikationer och f\u00f6rsiktighet Graviditet och amning Inneh\u00e5ll F\u00f6rpackningsinformation Hantering och h\u00e5llbarhet \u00d6versikt (indikation, skyddseffekt, s\u00e4kerhet) diTekiBooster\u00ae (dTp) (Scandinavian Biopharma) \u00e4r fr\u00e4mst avsett f\u00f6r boostervaccination av personer som tidigare blivit grundvaccinerade mot difteri, tetanus (stelkramp) och\u2026","rel":"","context":"Liknande inl\u00e4gg","block_context":{"text":"Liknande inl\u00e4gg","link":""},"img":{"alt_text":"","src":"https:\/\/i0.wp.com\/resemedicin.se\/reseradet\/wp-content\/uploads\/2024\/09\/diTekiBooster.jpg?resize=350%2C200&ssl=1","width":350,"height":200},"classes":[]},{"id":11,"url":"https:\/\/resemedicin.se\/reseradet\/","url_meta":{"origin":2019,"position":5},"title":"Reser\u00e5det Pro med Svar ig\u00e5r","author":"Reser\u00e5det","date":"2024-03-04","format":false,"excerpt":"Kunskapsst\u00f6d f\u00f6r vaccination och resemedicin Reser\u00e5det Pro med\u00a0Svar ig\u00e5r\u00a0\u00e4r en del av informationsportalen Reser\u00e5det \u2013 Sveriges mest omfattande kunskapsresurs om vaccinationer och resemedicin. Tj\u00e4nsten \u00e4r utvecklad f\u00f6r l\u00e4kare och sjuksk\u00f6terskor som arbetar med vaccination och resemedicinsk r\u00e5dgivning. H\u00e4r f\u00e5r du snabb tillg\u00e5ng till medicinsk bakgrundsinformation, praktiska rekommendationer och epidemiologiska uppdateringar\u2026","rel":"","context":"Liknande inl\u00e4gg","block_context":{"text":"Liknande inl\u00e4gg","link":""},"img":{"alt_text":"","src":"https:\/\/i0.wp.com\/resemedicin.se\/reseradet\/wp-content\/uploads\/2026\/03\/banner-reseradet.jpg?resize=350%2C200&ssl=1","width":350,"height":200,"srcset":"https:\/\/i0.wp.com\/resemedicin.se\/reseradet\/wp-content\/uploads\/2026\/03\/banner-reseradet.jpg?resize=350%2C200&ssl=1 1x, https:\/\/i0.wp.com\/resemedicin.se\/reseradet\/wp-content\/uploads\/2026\/03\/banner-reseradet.jpg?resize=525%2C300&ssl=1 1.5x, https:\/\/i0.wp.com\/resemedicin.se\/reseradet\/wp-content\/uploads\/2026\/03\/banner-reseradet.jpg?resize=700%2C400&ssl=1 2x"},"classes":[]}],"jetpack_sharing_enabled":true,"_links":{"self":[{"href":"https:\/\/resemedicin.se\/reseradet\/wp-json\/wp\/v2\/pages\/2019","targetHints":{"allow":["GET"]}}],"collection":[{"href":"https:\/\/resemedicin.se\/reseradet\/wp-json\/wp\/v2\/pages"}],"about":[{"href":"https:\/\/resemedicin.se\/reseradet\/wp-json\/wp\/v2\/types\/page"}],"author":[{"embeddable":true,"href":"https:\/\/resemedicin.se\/reseradet\/wp-json\/wp\/v2\/users\/1"}],"replies":[{"embeddable":true,"href":"https:\/\/resemedicin.se\/reseradet\/wp-json\/wp\/v2\/comments?post=2019"}],"version-history":[{"count":6,"href":"https:\/\/resemedicin.se\/reseradet\/wp-json\/wp\/v2\/pages\/2019\/revisions"}],"predecessor-version":[{"id":9311,"href":"https:\/\/resemedicin.se\/reseradet\/wp-json\/wp\/v2\/pages\/2019\/revisions\/9311"}],"up":[{"embeddable":true,"href":"https:\/\/resemedicin.se\/reseradet\/wp-json\/wp\/v2\/pages\/1898"}],"wp:attachment":[{"href":"https:\/\/resemedicin.se\/reseradet\/wp-json\/wp\/v2\/media?parent=2019"}],"curies":[{"name":"wp","href":"https:\/\/api.w.org\/{rel}","templated":true}]}}