{"id":200,"date":"2024-03-07T17:58:14","date_gmt":"2024-03-07T16:58:14","guid":{"rendered":"https:\/\/www.friskparesan.se\/?page_id=200"},"modified":"2025-10-27T20:08:41","modified_gmt":"2025-10-27T19:08:41","slug":"hoga-hojder","status":"publish","type":"page","link":"https:\/\/resemedicin.se\/reseradet\/reserad\/hoga-hojder\/","title":{"rendered":"H\u00f6ga h\u00f6jder och h\u00f6jdsjuka"},"content":{"rendered":"Du m\u00e5ste vara inloggad f\u00f6r att visa detta inneh\u00e5ll.","protected":false},"excerpt":{"rendered":"Du m\u00e5ste vara inloggad f\u00f6r att visa detta inneh\u00e5ll.","protected":false},"author":1,"featured_media":0,"parent":42,"menu_order":0,"comment_status":"open","ping_status":"closed","template":"","meta":{"_lmt_disableupdate":"no","_lmt_disable":"","footnotes":""},"class_list":["post-200","page","type-page","status-publish","hentry"],"jetpack-related-posts":[{"id":1888,"url":"https:\/\/resemedicin.se\/reseradet\/reserad\/halsorad-for-resenarer-till-sydostasien-och-oceanien\/","url_meta":{"origin":200,"position":0},"title":"H\u00e4lsor\u00e5d f\u00f6r resen\u00e4rer till Sydostasien och Oceanien","author":"Reser\u00e5det","date":"2024-05-04","format":false,"excerpt":"R\u00e5den \u00e4r f\u00f6rfattade av Dr Lars Rombo Allm\u00e4nt De resen\u00e4rer som lider av en l\u00e5ngvarig\/kronisk sjukdom (bl a tum\u00f6rsjukdomar, HIVinfektion, diabetes, epilepsi och vissa grovtarmssjukdomar som Ulcer\u00f6s colit och Morbus Crohn) b\u00f6r konsultera sin ordinarie l\u00e4kare innan resan best\u00e4ms. Gl\u00f6m inte heller att ber\u00e4tta om Du lider av nedsatt hj\u00e4rtfunktion,\u2026","rel":"","context":"Liknande inl\u00e4gg","block_context":{"text":"Liknande inl\u00e4gg","link":""},"img":{"alt_text":"","src":"","width":0,"height":0},"classes":[]},{"id":1882,"url":"https:\/\/resemedicin.se\/reseradet\/reserad\/syd-och-mellanamerika\/","url_meta":{"origin":200,"position":1},"title":"H\u00e4lsor\u00e5d f\u00f6r resen\u00e4rer till Syd- och Mellanamerika","author":"Reser\u00e5det","date":"2024-05-04","format":false,"excerpt":"R\u00e5den \u00e4r f\u00f6rfattade av Dr Lars Rombo De resen\u00e4rer som lider av en l\u00e5ngvarig sjukdom (bl.a. tum\u00f6rsjukdomar, HIV-infektion, diabetes, epilepsi och vissa tarmsjukdomar som Ulcer\u00f6s kolit och Morbus Crohn) b\u00f6r konsultera sin ordinarie l\u00e4kare innan resan best\u00e4ms. Gl\u00f6m inte heller att ber\u00e4tta om du lider av nedsatt hj\u00e4rtfunktion, h\u00f6gt blodtryck,\u2026","rel":"","context":"Liknande inl\u00e4gg","block_context":{"text":"Liknande inl\u00e4gg","link":""},"img":{"alt_text":"","src":"","width":0,"height":0},"classes":[]},{"id":212,"url":"https:\/\/resemedicin.se\/reseradet\/reserad\/varme\/","url_meta":{"origin":200,"position":2},"title":"V\u00e4rme och v\u00e4rmeslag","author":"Reser\u00e5det","date":"2024-03-07","format":false,"excerpt":"Information till vaccinat\u00f6rer och reser\u00e5dgivare Resor till tropikerna och andra varma l\u00e4nder medf\u00f6r en \u00f6kad risk f\u00f6r v\u00e4rmerelaterade sjukdomar, inklusive v\u00e4rmeslag. V\u00e4rmeslag intr\u00e4ffar n\u00e4r kroppen inte kan reglera sin temperatur effektivt, vilket leder till en farligt h\u00f6g kroppstemperatur som oftast \u00f6verstiger 40 \u00b0C. Enligt V\u00e4rldsh\u00e4lsoorganisationen (WHO) rapporteras tusentals fall av\u2026","rel":"","context":"Liknande inl\u00e4gg","block_context":{"text":"Liknande inl\u00e4gg","link":""},"img":{"alt_text":"","src":"https:\/\/i0.wp.com\/resemedicin.se\/reseradet\/wp-content\/uploads\/2024\/10\/varmeslag.jpg?resize=350%2C200&ssl=1","width":350,"height":200,"srcset":"https:\/\/i0.wp.com\/resemedicin.se\/reseradet\/wp-content\/uploads\/2024\/10\/varmeslag.jpg?resize=350%2C200&ssl=1 1x, https:\/\/i0.wp.com\/resemedicin.se\/reseradet\/wp-content\/uploads\/2024\/10\/varmeslag.jpg?resize=525%2C300&ssl=1 1.5x, https:\/\/i0.wp.com\/resemedicin.se\/reseradet\/wp-content\/uploads\/2024\/10\/varmeslag.jpg?resize=700%2C400&ssl=1 2x"},"classes":[]},{"id":13297,"url":"https:\/\/resemedicin.se\/reseradet\/prenumerera-kostnadsfritt-pa-epinytt\/","url_meta":{"origin":200,"position":3},"title":"Prenumerera kostnadsfritt p\u00e5 EpiNytt","author":"Reser\u00e5det","date":"2025-05-12","format":false,"excerpt":"Nyhetsbrevet EpiNytt kommer vanligen ut en g\u00e5ng i veckan (p\u00e5 tisdagar) med aktuell information om utbrott och andra nyheter av relevans f\u00f6r vaccinat\u00f6rer och reser\u00e5dgivare, samt rikligt med l\u00e4nkar till bakgrundsinformation och rekommendationer p\u00e5 Reser\u00e5det Pro. Prenumeration p\u00e5 EpiNytt \u00e4r kostnadsfritt, men f\u00f6r till g\u00e5ng till Reser\u00e5det Pro kr\u00e4vs \u00e5rsprenumeration.","rel":"","context":"Liknande inl\u00e4gg","block_context":{"text":"Liknande inl\u00e4gg","link":""},"img":{"alt_text":"","src":"","width":0,"height":0},"classes":[]},{"id":226,"url":"https:\/\/resemedicin.se\/reseradet\/reserad\/psykisk-halsa\/","url_meta":{"origin":200,"position":4},"title":"Psykisk h\u00e4lsa","author":"Reser\u00e5det","date":"2024-03-07","format":false,"excerpt":"Information till vaccinat\u00f6rer och reser\u00e5dgivare Kortfakta F\u00f6rberedelser inf\u00f6r resan Psykiska problem under resan Psykiska problem efter resan Kortfakta Alla utlandsresor (alltifr\u00e5n korta semesterresor till l\u00e4ngre \u00e4ventyrsresor, l\u00e5ngvariga utlandsstationeringar eller bist\u00e5ndsarbete) kan i varierande grad vara psykiskt p\u00e5frestande. Stressfaktorerna i samband med resan kan vara den utl\u00f6sande faktorn f\u00f6r en nytillkommen,\u2026","rel":"","context":"Liknande inl\u00e4gg","block_context":{"text":"Liknande inl\u00e4gg","link":""},"img":{"alt_text":"","src":"https:\/\/i0.wp.com\/resemedicin.se\/reseradet\/wp-content\/uploads\/2024\/04\/psykofarmaka.jpg?resize=350%2C200&ssl=1","width":350,"height":200,"srcset":"https:\/\/i0.wp.com\/resemedicin.se\/reseradet\/wp-content\/uploads\/2024\/04\/psykofarmaka.jpg?resize=350%2C200&ssl=1 1x, https:\/\/i0.wp.com\/resemedicin.se\/reseradet\/wp-content\/uploads\/2024\/04\/psykofarmaka.jpg?resize=525%2C300&ssl=1 1.5x, https:\/\/i0.wp.com\/resemedicin.se\/reseradet\/wp-content\/uploads\/2024\/04\/psykofarmaka.jpg?resize=700%2C400&ssl=1 2x"},"classes":[]},{"id":220,"url":"https:\/\/resemedicin.se\/reseradet\/reserad\/blodproppar\/","url_meta":{"origin":200,"position":5},"title":"Flygrelaterade tromboembolier","author":"Reser\u00e5det","date":"2024-03-07","format":false,"excerpt":"Kortfakta Uppkomst och riskfaktorer Symtom och behandling F\u00f6rekomst F\u00f6rebyggande \u00e5tg\u00e4rder Kortfakta L\u00e5nga resor med stillasittande p\u00e5 flyg, t\u00e5g och i bil \u00f6kar risken f\u00f6r djup ventrombos i de stora venerna i benen, vilka sedan kan lossna och f\u00e4rdas till lungorna som en lungemboli (ven\u00f6s tromboembolism - VTE), ett potentiellt livshotande\u2026","rel":"","context":"Liknande inl\u00e4gg","block_context":{"text":"Liknande inl\u00e4gg","link":""},"img":{"alt_text":"","src":"https:\/\/i0.wp.com\/resemedicin.se\/reseradet\/wp-content\/uploads\/2024\/04\/kompressionsstrumpa.jpg?resize=350%2C200&ssl=1","width":350,"height":200,"srcset":"https:\/\/i0.wp.com\/resemedicin.se\/reseradet\/wp-content\/uploads\/2024\/04\/kompressionsstrumpa.jpg?resize=350%2C200&ssl=1 1x, https:\/\/i0.wp.com\/resemedicin.se\/reseradet\/wp-content\/uploads\/2024\/04\/kompressionsstrumpa.jpg?resize=525%2C300&ssl=1 1.5x, https:\/\/i0.wp.com\/resemedicin.se\/reseradet\/wp-content\/uploads\/2024\/04\/kompressionsstrumpa.jpg?resize=700%2C400&ssl=1 2x"},"classes":[]}],"jetpack_sharing_enabled":true,"_links":{"self":[{"href":"https:\/\/resemedicin.se\/reseradet\/wp-json\/wp\/v2\/pages\/200","targetHints":{"allow":["GET"]}}],"collection":[{"href":"https:\/\/resemedicin.se\/reseradet\/wp-json\/wp\/v2\/pages"}],"about":[{"href":"https:\/\/resemedicin.se\/reseradet\/wp-json\/wp\/v2\/types\/page"}],"author":[{"embeddable":true,"href":"https:\/\/resemedicin.se\/reseradet\/wp-json\/wp\/v2\/users\/1"}],"replies":[{"embeddable":true,"href":"https:\/\/resemedicin.se\/reseradet\/wp-json\/wp\/v2\/comments?post=200"}],"version-history":[{"count":21,"href":"https:\/\/resemedicin.se\/reseradet\/wp-json\/wp\/v2\/pages\/200\/revisions"}],"predecessor-version":[{"id":4873,"href":"https:\/\/resemedicin.se\/reseradet\/wp-json\/wp\/v2\/pages\/200\/revisions\/4873"}],"up":[{"embeddable":true,"href":"https:\/\/resemedicin.se\/reseradet\/wp-json\/wp\/v2\/pages\/42"}],"wp:attachment":[{"href":"https:\/\/resemedicin.se\/reseradet\/wp-json\/wp\/v2\/media?parent=200"}],"curies":[{"name":"wp","href":"https:\/\/api.w.org\/{rel}","templated":true}]}}