{"id":1689,"date":"2024-05-01T09:19:45","date_gmt":"2024-05-01T08:19:45","guid":{"rendered":"https:\/\/www.friskparesan.se\/?page_id=1689"},"modified":"2024-10-07T08:03:19","modified_gmt":"2024-10-07T08:03:19","slug":"hepatit-c","status":"publish","type":"page","link":"https:\/\/resemedicin.se\/reseradet\/sjukdomar-och-vacciner\/hepatit-c\/","title":{"rendered":"Hepatit C"},"content":{"rendered":"Du m\u00e5ste vara inloggad f\u00f6r att visa detta inneh\u00e5ll.","protected":false},"excerpt":{"rendered":"Du m\u00e5ste vara inloggad f\u00f6r att visa detta inneh\u00e5ll.","protected":false},"author":1,"featured_media":0,"parent":44,"menu_order":0,"comment_status":"open","ping_status":"closed","template":"","meta":{"_lmt_disableupdate":"no","_lmt_disable":"","footnotes":""},"class_list":["post-1689","page","type-page","status-publish","hentry"],"jetpack-related-posts":[{"id":1671,"url":"https:\/\/resemedicin.se\/reseradet\/sjukdomar-och-vacciner\/q-feber\/","url_meta":{"origin":1689,"position":0},"title":"Q-feber","author":"Reser\u00e5det","date":"2024-04-30","format":false,"excerpt":"Information till vaccinat\u00f6rer och reser\u00e5dgivare Smitt\u00e4mnet och smittv\u00e4gar Symptom Diagnostik och behandling Epidemiologi Riskgrupper Prevention Utbrott Smitt\u00e4mnet och smittv\u00e4gar Q-feber orsakas av bakterien\u00a0Coxiella burnetii, en mycket motst\u00e5ndskraftig intracellul\u00e4r bakterie som kan \u00f6verleva l\u00e4nge i milj\u00f6n. Den infekterar fr\u00e4mst n\u00f6tkreatur, f\u00e5r och getter men kan \u00e4ven f\u00f6rekomma hos andra d\u00e4ggdjur, inklusive\u2026","rel":"","context":"Liknande inl\u00e4gg","block_context":{"text":"Liknande inl\u00e4gg","link":""},"img":{"alt_text":"","src":"https:\/\/i0.wp.com\/resemedicin.se\/reseradet\/wp-content\/uploads\/2026\/04\/sheep-1.jpg?resize=350%2C200&ssl=1","width":350,"height":200,"srcset":"https:\/\/i0.wp.com\/resemedicin.se\/reseradet\/wp-content\/uploads\/2026\/04\/sheep-1.jpg?resize=350%2C200&ssl=1 1x, https:\/\/i0.wp.com\/resemedicin.se\/reseradet\/wp-content\/uploads\/2026\/04\/sheep-1.jpg?resize=525%2C300&ssl=1 1.5x, https:\/\/i0.wp.com\/resemedicin.se\/reseradet\/wp-content\/uploads\/2026\/04\/sheep-1.jpg?resize=700%2C400&ssl=1 2x, https:\/\/i0.wp.com\/resemedicin.se\/reseradet\/wp-content\/uploads\/2026\/04\/sheep-1.jpg?resize=1050%2C600&ssl=1 3x"},"classes":[]},{"id":1700,"url":"https:\/\/resemedicin.se\/reseradet\/sjukdomar-och-vacciner\/legionella\/","url_meta":{"origin":1689,"position":1},"title":"Legion\u00e4rssjuka (legionella)","author":"Reser\u00e5det","date":"2024-05-01","format":false,"excerpt":"Information till vaccinat\u00f6rer och reser\u00e5dgivare Smitt\u00e4mnet och smittv\u00e4gar Symptom Diagnostik och behandling Epidemiologi Riskgrupper Prevention Utbrott Smitt\u00e4mnet och smittv\u00e4gar Legionella pneumophila \u00e4r en gramnegativ bacill som oftast orsakar lunginflammation med extrapulmonella drag. Bakterien identifierades f\u00f6rsta g\u00e5ngen 1976 efter ett stort utbrott vid en kongress i Philadelphia med veteraner fr\u00e5n 2:a\u2026","rel":"","context":"Liknande inl\u00e4gg","block_context":{"text":"Liknande inl\u00e4gg","link":""},"img":{"alt_text":"","src":"https:\/\/i0.wp.com\/resemedicin.se\/reseradet\/wp-content\/uploads\/2024\/08\/legionella.jpg?resize=350%2C200&ssl=1","width":350,"height":200,"srcset":"https:\/\/i0.wp.com\/resemedicin.se\/reseradet\/wp-content\/uploads\/2024\/08\/legionella.jpg?resize=350%2C200&ssl=1 1x, https:\/\/i0.wp.com\/resemedicin.se\/reseradet\/wp-content\/uploads\/2024\/08\/legionella.jpg?resize=525%2C300&ssl=1 1.5x, https:\/\/i0.wp.com\/resemedicin.se\/reseradet\/wp-content\/uploads\/2024\/08\/legionella.jpg?resize=700%2C400&ssl=1 2x"},"classes":[]},{"id":1013,"url":"https:\/\/resemedicin.se\/reseradet\/sjukdomar-och-vacciner\/aterfallsfeber\/","url_meta":{"origin":1689,"position":2},"title":"\u00c5terfallsfeber (relapsing fever)","author":"Reser\u00e5det","date":"2024-04-10","format":false,"excerpt":"Information till vaccinat\u00f6rer och reser\u00e5dgivare Borrelia recurrentis i m\u00f6rkf\u00e4ltsmikroskop Smitt\u00e4mnet och smittv\u00e4gar Symtom Diagnostik och behandling Epidemiologi Riskgrupper Prevention Aktuella utbrott Smitt\u00e4mnet och smittv\u00e4gar \u00c5terfallsfeber \u00e4r en febersjukdom orsakad av Borrelia-spiroketer, och som \u00e5terkommer cykliskt i skov. Den finns i tv\u00e5 varianter av sjukdomen. Den f\u00e4stingburna \u00e5terfallsfebern orsakas vanligen av\u2026","rel":"","context":"Liknande inl\u00e4gg","block_context":{"text":"Liknande inl\u00e4gg","link":""},"img":{"alt_text":"","src":"https:\/\/i0.wp.com\/resemedicin.se\/reseradet\/wp-content\/uploads\/2024\/08\/feberkurva.jpg?resize=350%2C200&ssl=1","width":350,"height":200,"srcset":"https:\/\/i0.wp.com\/resemedicin.se\/reseradet\/wp-content\/uploads\/2024\/08\/feberkurva.jpg?resize=350%2C200&ssl=1 1x, https:\/\/i0.wp.com\/resemedicin.se\/reseradet\/wp-content\/uploads\/2024\/08\/feberkurva.jpg?resize=525%2C300&ssl=1 1.5x, https:\/\/i0.wp.com\/resemedicin.se\/reseradet\/wp-content\/uploads\/2024\/08\/feberkurva.jpg?resize=700%2C400&ssl=1 2x"},"classes":[]},{"id":4242,"url":"https:\/\/resemedicin.se\/reseradet\/sjukdomar-och-vacciner\/oropouchefeber\/","url_meta":{"origin":1689,"position":3},"title":"Oropouchefeber","author":"Reser\u00e5det","date":"2024-08-21","format":false,"excerpt":"Information till vaccinat\u00f6rer och reser\u00e5dgivare Smitt\u00e4mnet och smittv\u00e4gar Symtom Diagnostik och behandling Epidemiologi Riskgrupper Prevention Utbrott Smitt\u00e4mnet och smittv\u00e4gar Oropouchefeber \u00e4r en tropisk virusinfektion orsakad av Oropouche orthobunyavirus\u00a0(OROV), vilka fr\u00e4mst infekterar m\u00e4nniskor via bett av Culicoides-knott, men som ocks\u00e5 kan \u00f6verf\u00f6ras av\u00a0Aedes-\u00a0och\u00a0Culex-myggor. Reservoaren \u00e4r seng\u00e5ngare, primater och f\u00e5glar. Namnet kommer\u2026","rel":"","context":"Liknande inl\u00e4gg","block_context":{"text":"Liknande inl\u00e4gg","link":""},"img":{"alt_text":"","src":"https:\/\/i0.wp.com\/resemedicin.se\/reseradet\/wp-content\/uploads\/2024\/08\/oropouche-mygga.jpg?resize=350%2C200&ssl=1","width":350,"height":200,"srcset":"https:\/\/i0.wp.com\/resemedicin.se\/reseradet\/wp-content\/uploads\/2024\/08\/oropouche-mygga.jpg?resize=350%2C200&ssl=1 1x, https:\/\/i0.wp.com\/resemedicin.se\/reseradet\/wp-content\/uploads\/2024\/08\/oropouche-mygga.jpg?resize=525%2C300&ssl=1 1.5x, https:\/\/i0.wp.com\/resemedicin.se\/reseradet\/wp-content\/uploads\/2024\/08\/oropouche-mygga.jpg?resize=700%2C400&ssl=1 2x, https:\/\/i0.wp.com\/resemedicin.se\/reseradet\/wp-content\/uploads\/2024\/08\/oropouche-mygga.jpg?resize=1050%2C600&ssl=1 3x"},"classes":[]},{"id":1711,"url":"https:\/\/resemedicin.se\/reseradet\/sjukdomar-och-vacciner\/brucellos\/","url_meta":{"origin":1689,"position":4},"title":"Brucellos (Maltafeber)","author":"Reser\u00e5det","date":"2024-05-01","format":false,"excerpt":"Information till vaccinat\u00f6rer och reser\u00e5dgivare Smitt\u00e4mnet och smittv\u00e4gar Symptom Diagnostik och behandling Epidemiologi Riskgrupper Prevention Utbrott Smitt\u00e4mnet och smittv\u00e4gar Brucellos \u00e4r en bakteriesjukdom orsakad av Brucella abortus, B. melitensis, B. suis och B. canis. Dessa bakterierna \u00e4r t\u00e5liga och kan \u00f6verleva p\u00e5 marken och i opast\u00f6riserade mejeriprodukter i 2 m\u00e5nader.\u2026","rel":"","context":"Liknande inl\u00e4gg","block_context":{"text":"Liknande inl\u00e4gg","link":""},"img":{"alt_text":"","src":"https:\/\/i0.wp.com\/resemedicin.se\/reseradet\/wp-content\/uploads\/2024\/08\/brucellosis-karta.jpg?resize=350%2C200&ssl=1","width":350,"height":200,"srcset":"https:\/\/i0.wp.com\/resemedicin.se\/reseradet\/wp-content\/uploads\/2024\/08\/brucellosis-karta.jpg?resize=350%2C200&ssl=1 1x, https:\/\/i0.wp.com\/resemedicin.se\/reseradet\/wp-content\/uploads\/2024\/08\/brucellosis-karta.jpg?resize=525%2C300&ssl=1 1.5x, https:\/\/i0.wp.com\/resemedicin.se\/reseradet\/wp-content\/uploads\/2024\/08\/brucellosis-karta.jpg?resize=700%2C400&ssl=1 2x"},"classes":[]},{"id":4118,"url":"https:\/\/resemedicin.se\/reseradet\/sjukdomar-och-vacciner\/hakmaskar\/","url_meta":{"origin":1689,"position":5},"title":"Hakmaskinfektioner (ancylostomiasis)","author":"Reser\u00e5det","date":"2024-08-19","format":false,"excerpt":"Information till vaccinat\u00f6rer och reser\u00e5dgivare Smitt\u00e4mnet och smittv\u00e4gar Symptom Diagnostik och behandling Epidemiologi Riskgrupper Prevention Utbrott Smitt\u00e4mnet och smittv\u00e4gar Ancylostomiasis \u00e4r en infektion med hakmaskarna Ancylostoma duodenale eller Necator americanus. \u00c4gg som uts\u00f6ndrats med avf\u00f6ring fr\u00e5n en infekterad individ (g\u00f6dsling med m\u00e4nsklig avf\u00f6ring, underm\u00e5liga sanitetsanl\u00e4ggningar eller sm\u00e5barn som bajsar p\u00e5\u2026","rel":"","context":"Liknande inl\u00e4gg","block_context":{"text":"Liknande inl\u00e4gg","link":""},"img":{"alt_text":"","src":"https:\/\/i0.wp.com\/resemedicin.se\/reseradet\/wp-content\/uploads\/2024\/08\/barfota.jpg?resize=350%2C200&ssl=1","width":350,"height":200,"srcset":"https:\/\/i0.wp.com\/resemedicin.se\/reseradet\/wp-content\/uploads\/2024\/08\/barfota.jpg?resize=350%2C200&ssl=1 1x, https:\/\/i0.wp.com\/resemedicin.se\/reseradet\/wp-content\/uploads\/2024\/08\/barfota.jpg?resize=525%2C300&ssl=1 1.5x, https:\/\/i0.wp.com\/resemedicin.se\/reseradet\/wp-content\/uploads\/2024\/08\/barfota.jpg?resize=700%2C400&ssl=1 2x"},"classes":[]}],"jetpack_sharing_enabled":true,"_links":{"self":[{"href":"https:\/\/resemedicin.se\/reseradet\/wp-json\/wp\/v2\/pages\/1689","targetHints":{"allow":["GET"]}}],"collection":[{"href":"https:\/\/resemedicin.se\/reseradet\/wp-json\/wp\/v2\/pages"}],"about":[{"href":"https:\/\/resemedicin.se\/reseradet\/wp-json\/wp\/v2\/types\/page"}],"author":[{"embeddable":true,"href":"https:\/\/resemedicin.se\/reseradet\/wp-json\/wp\/v2\/users\/1"}],"replies":[{"embeddable":true,"href":"https:\/\/resemedicin.se\/reseradet\/wp-json\/wp\/v2\/comments?post=1689"}],"version-history":[{"count":12,"href":"https:\/\/resemedicin.se\/reseradet\/wp-json\/wp\/v2\/pages\/1689\/revisions"}],"predecessor-version":[{"id":4770,"href":"https:\/\/resemedicin.se\/reseradet\/wp-json\/wp\/v2\/pages\/1689\/revisions\/4770"}],"up":[{"embeddable":true,"href":"https:\/\/resemedicin.se\/reseradet\/wp-json\/wp\/v2\/pages\/44"}],"wp:attachment":[{"href":"https:\/\/resemedicin.se\/reseradet\/wp-json\/wp\/v2\/media?parent=1689"}],"curies":[{"name":"wp","href":"https:\/\/api.w.org\/{rel}","templated":true}]}}