{"id":165,"date":"2024-03-06T22:10:12","date_gmt":"2024-03-06T21:10:12","guid":{"rendered":"https:\/\/www.friskparesan.se\/?page_id=165"},"modified":"2025-05-16T13:31:27","modified_gmt":"2025-05-16T12:31:27","slug":"skydd-mot-insekter-och-fastingar","status":"publish","type":"page","link":"https:\/\/resemedicin.se\/reseradet\/reserad\/skydd-mot-insekter-och-fastingar\/","title":{"rendered":"Skydd mot myggor, f\u00e4stingar och andra leddjur"},"content":{"rendered":"Du m\u00e5ste vara inloggad f\u00f6r att visa detta inneh\u00e5ll.","protected":false},"excerpt":{"rendered":"Du m\u00e5ste vara inloggad f\u00f6r att visa detta inneh\u00e5ll.","protected":false},"author":1,"featured_media":0,"parent":42,"menu_order":0,"comment_status":"open","ping_status":"closed","template":"","meta":{"_lmt_disableupdate":"no","_lmt_disable":"","footnotes":""},"class_list":["post-165","page","type-page","status-publish","hentry"],"jetpack-related-posts":[{"id":9388,"url":"https:\/\/resemedicin.se\/reseradet\/vaccination\/patientinfo\/","url_meta":{"origin":165,"position":0},"title":"H\u00e4lsor\u00e5d och information till resen\u00e4rer","author":"Reser\u00e5det","date":"2024-10-12","format":false,"excerpt":"H\u00e4nvisa g\u00e4rna dina kunder\/patienter till den omfattande publika sajten Reser\u00e5det - Frisk p\u00e5 Resan. Nedan finns \u00e4ven ett antal informationsblad och intyg som du kan skriva ut och ge kunden i handen. H\u00e4lsor\u00e5d per v\u00e4rldsdel Annan information Bakgrundsinfo f\u00f6r r\u00e5dgivning H\u00e4lsor\u00e5d och vaccinationer per v\u00e4rldsdel (f\u00f6r utskrift) Informationsblad i pdf-format\u2026","rel":"","context":"Liknande inl\u00e4gg","block_context":{"text":"Liknande inl\u00e4gg","link":""},"img":{"alt_text":"","src":"https:\/\/i0.wp.com\/resemedicin.se\/reseradet\/wp-content\/uploads\/2024\/10\/reseinformation.jpg?resize=350%2C200&ssl=1","width":350,"height":200,"srcset":"https:\/\/i0.wp.com\/resemedicin.se\/reseradet\/wp-content\/uploads\/2024\/10\/reseinformation.jpg?resize=350%2C200&ssl=1 1x, https:\/\/i0.wp.com\/resemedicin.se\/reseradet\/wp-content\/uploads\/2024\/10\/reseinformation.jpg?resize=525%2C300&ssl=1 1.5x, https:\/\/i0.wp.com\/resemedicin.se\/reseradet\/wp-content\/uploads\/2024\/10\/reseinformation.jpg?resize=700%2C400&ssl=1 2x"},"classes":[]},{"id":999,"url":"https:\/\/resemedicin.se\/reseradet\/sjukdomar-och-vacciner\/nilfeber\/","url_meta":{"origin":165,"position":1},"title":"West Nile fever (Nilfeber)","author":"Reser\u00e5det","date":"2024-04-10","format":false,"excerpt":"Information till vaccinat\u00f6rer och reser\u00e5dgivare Smitt\u00e4mnet och smittv\u00e4gar Symptom Diagnostik och behandling Epidemiologi Riskgrupper Prevention Utbrott Smitt\u00e4mnet och smittv\u00e4gar West Nile fever (nilfeber) orsakas av West Nile virus (WNV), ett RNA-virus i sl\u00e4ktet Flavivirus. Sl\u00e4ktet inkluderar bl.a. \u00e4ven denguevirus, TBE-virus, gula febervirus, Zikavirus och flera andra virus som kan orsaka\u2026","rel":"","context":"Liknande inl\u00e4gg","block_context":{"text":"Liknande inl\u00e4gg","link":""},"img":{"alt_text":"","src":"https:\/\/i0.wp.com\/resemedicin.se\/reseradet\/wp-content\/uploads\/2024\/09\/WNV-EU-2024.jpg?resize=350%2C200&ssl=1","width":350,"height":200,"srcset":"https:\/\/i0.wp.com\/resemedicin.se\/reseradet\/wp-content\/uploads\/2024\/09\/WNV-EU-2024.jpg?resize=350%2C200&ssl=1 1x, https:\/\/i0.wp.com\/resemedicin.se\/reseradet\/wp-content\/uploads\/2024\/09\/WNV-EU-2024.jpg?resize=525%2C300&ssl=1 1.5x, https:\/\/i0.wp.com\/resemedicin.se\/reseradet\/wp-content\/uploads\/2024\/09\/WNV-EU-2024.jpg?resize=700%2C400&ssl=1 2x"},"classes":[]},{"id":42,"url":"https:\/\/resemedicin.se\/reseradet\/reserad\/","url_meta":{"origin":165,"position":2},"title":"H\u00e4lsor\u00e5d och information till resen\u00e4rer","author":"Reser\u00e5det","date":"2024-03-05","format":false,"excerpt":"H\u00e4nvisa g\u00e4rna dina kunder\/patienter till den omfattande publika sajten Reser\u00e5det - Frisk p\u00e5 Resan. Nedan finns \u00e4ven ett antal informationsblad och intyg som du kan skriva ut och ge kunden i handen. Information per v\u00e4rldsdel Intyg Annan patientinformation Bakgrundsinfo f\u00f6r r\u00e5dgivning om reserisker H\u00e4lsor\u00e5d och vaccinationer per v\u00e4rldsdel (f\u00f6r utskrift)\u2026","rel":"","context":"Liknande inl\u00e4gg","block_context":{"text":"Liknande inl\u00e4gg","link":""},"img":{"alt_text":"","src":"https:\/\/i0.wp.com\/resemedicin.se\/reseradet\/wp-content\/uploads\/2024\/10\/reseinformation.jpg?resize=350%2C200&ssl=1","width":350,"height":200,"srcset":"https:\/\/i0.wp.com\/resemedicin.se\/reseradet\/wp-content\/uploads\/2024\/10\/reseinformation.jpg?resize=350%2C200&ssl=1 1x, https:\/\/i0.wp.com\/resemedicin.se\/reseradet\/wp-content\/uploads\/2024\/10\/reseinformation.jpg?resize=525%2C300&ssl=1 1.5x, https:\/\/i0.wp.com\/resemedicin.se\/reseradet\/wp-content\/uploads\/2024\/10\/reseinformation.jpg?resize=700%2C400&ssl=1 2x"},"classes":[]},{"id":1008,"url":"https:\/\/resemedicin.se\/reseradet\/sjukdomar-och-vacciner\/tularemi\/","url_meta":{"origin":165,"position":3},"title":"Tularemi (harpest)","author":"Reser\u00e5det","date":"2024-04-10","format":false,"excerpt":"Information till vaccinat\u00f6rer och reser\u00e5dgivare Tularemis\u00e5r finger. K\u00e4lla: CDC. Smitt\u00e4mnet och smittv\u00e4gar Symptom Diagnostik och behandling Epidemiologi Riskgrupper Prevention Utbrott Smitt\u00e4mnet och smittv\u00e4gar Tularemi (harpest) \u00e4r en zoonotisk febersjukdom orsakad av den gramnegativa bakterien Francisella tularensis, som kan likna tyfoidfeber. F. tularensis \u00e4r begr\u00e4nsad till till norra halvklotet och finns\u2026","rel":"","context":"Liknande inl\u00e4gg","block_context":{"text":"Liknande inl\u00e4gg","link":""},"img":{"alt_text":"","src":"https:\/\/i0.wp.com\/resemedicin.se\/reseradet\/wp-content\/uploads\/2024\/08\/tularemi-finger.jpg?resize=350%2C200&ssl=1","width":350,"height":200,"srcset":"https:\/\/i0.wp.com\/resemedicin.se\/reseradet\/wp-content\/uploads\/2024\/08\/tularemi-finger.jpg?resize=350%2C200&ssl=1 1x, https:\/\/i0.wp.com\/resemedicin.se\/reseradet\/wp-content\/uploads\/2024\/08\/tularemi-finger.jpg?resize=525%2C300&ssl=1 1.5x, https:\/\/i0.wp.com\/resemedicin.se\/reseradet\/wp-content\/uploads\/2024\/08\/tularemi-finger.jpg?resize=700%2C400&ssl=1 2x, https:\/\/i0.wp.com\/resemedicin.se\/reseradet\/wp-content\/uploads\/2024\/08\/tularemi-finger.jpg?resize=1050%2C600&ssl=1 3x"},"classes":[]},{"id":9810,"url":"https:\/\/resemedicin.se\/reseradet\/landsinformation\/oman\/","url_meta":{"origin":165,"position":4},"title":"Oman","author":"Reser\u00e5det","date":"2024-10-14","format":false,"excerpt":"Information till vaccinat\u00f6rer och reser\u00e5dgivare Klicka p\u00e5 bilden f\u00f6r st\u00f6rre karta Kort landsinformation Vaccinationer och malariaprofylax Andra infektioner att vara observant p\u00e5 \u00d6vriga reserisker Aktuella utbrott Kort landsinformation Oman (befolkning cirka 4,5 miljoner) ligger p\u00e5 den syd\u00f6stra spetsen av Arabiska halv\u00f6n och gr\u00e4nsar till Saudiarabien, F\u00f6renade Arabemiraten, Jemen samt har\u2026","rel":"","context":"Liknande inl\u00e4gg","block_context":{"text":"Liknande inl\u00e4gg","link":""},"img":{"alt_text":"","src":"https:\/\/i0.wp.com\/resemedicin.se\/reseradet\/wp-content\/uploads\/2024\/10\/oman-karta.jpg?resize=350%2C200&ssl=1","width":350,"height":200,"srcset":"https:\/\/i0.wp.com\/resemedicin.se\/reseradet\/wp-content\/uploads\/2024\/10\/oman-karta.jpg?resize=350%2C200&ssl=1 1x, https:\/\/i0.wp.com\/resemedicin.se\/reseradet\/wp-content\/uploads\/2024\/10\/oman-karta.jpg?resize=525%2C300&ssl=1 1.5x, https:\/\/i0.wp.com\/resemedicin.se\/reseradet\/wp-content\/uploads\/2024\/10\/oman-karta.jpg?resize=700%2C400&ssl=1 2x"},"classes":[]},{"id":7526,"url":"https:\/\/resemedicin.se\/reseradet\/landsinformation\/australien\/","url_meta":{"origin":165,"position":5},"title":"Australien","author":"Reser\u00e5det","date":"2024-09-28","format":false,"excerpt":"Information till vaccinat\u00f6rer och reser\u00e5dgivare Klicka p\u00e5 bilden f\u00f6r st\u00f6rre karta Kort landsinformation Vaccinationer och malariaprofylax Andra infektioner att vara observant p\u00e5 \u00d6vriga reserisker Aktuella utbrott Kort landsinformation Australien (befolkning cirka 26 miljoner inv\u00e5nare) \u00e4r det sj\u00e4tte st\u00f6rsta landet i v\u00e4rlden till ytan och det st\u00f6rsta landet p\u00e5 kontinenten Oceanien.\u2026","rel":"","context":"Liknande inl\u00e4gg","block_context":{"text":"Liknande inl\u00e4gg","link":""},"img":{"alt_text":"","src":"https:\/\/i0.wp.com\/resemedicin.se\/reseradet\/wp-content\/uploads\/2024\/09\/australien-karta.jpg?resize=350%2C200&ssl=1","width":350,"height":200,"srcset":"https:\/\/i0.wp.com\/resemedicin.se\/reseradet\/wp-content\/uploads\/2024\/09\/australien-karta.jpg?resize=350%2C200&ssl=1 1x, https:\/\/i0.wp.com\/resemedicin.se\/reseradet\/wp-content\/uploads\/2024\/09\/australien-karta.jpg?resize=525%2C300&ssl=1 1.5x, https:\/\/i0.wp.com\/resemedicin.se\/reseradet\/wp-content\/uploads\/2024\/09\/australien-karta.jpg?resize=700%2C400&ssl=1 2x"},"classes":[]}],"jetpack_sharing_enabled":true,"_links":{"self":[{"href":"https:\/\/resemedicin.se\/reseradet\/wp-json\/wp\/v2\/pages\/165","targetHints":{"allow":["GET"]}}],"collection":[{"href":"https:\/\/resemedicin.se\/reseradet\/wp-json\/wp\/v2\/pages"}],"about":[{"href":"https:\/\/resemedicin.se\/reseradet\/wp-json\/wp\/v2\/types\/page"}],"author":[{"embeddable":true,"href":"https:\/\/resemedicin.se\/reseradet\/wp-json\/wp\/v2\/users\/1"}],"replies":[{"embeddable":true,"href":"https:\/\/resemedicin.se\/reseradet\/wp-json\/wp\/v2\/comments?post=165"}],"version-history":[{"count":46,"href":"https:\/\/resemedicin.se\/reseradet\/wp-json\/wp\/v2\/pages\/165\/revisions"}],"predecessor-version":[{"id":13366,"href":"https:\/\/resemedicin.se\/reseradet\/wp-json\/wp\/v2\/pages\/165\/revisions\/13366"}],"up":[{"embeddable":true,"href":"https:\/\/resemedicin.se\/reseradet\/wp-json\/wp\/v2\/pages\/42"}],"wp:attachment":[{"href":"https:\/\/resemedicin.se\/reseradet\/wp-json\/wp\/v2\/media?parent=165"}],"curies":[{"name":"wp","href":"https:\/\/api.w.org\/{rel}","templated":true}]}}