{"id":13884,"date":"2025-06-10T20:16:36","date_gmt":"2025-06-10T19:16:36","guid":{"rendered":"https:\/\/resemedicin.se\/reseradet\/?page_id=13884"},"modified":"2025-10-12T16:32:21","modified_gmt":"2025-10-12T15:32:21","slug":"referenser","status":"publish","type":"page","link":"https:\/\/resemedicin.se\/reseradet\/referenser\/","title":{"rendered":"V\u00e5r evidensbas"},"content":{"rendered":"Du m\u00e5ste vara inloggad f\u00f6r att visa detta inneh\u00e5ll.","protected":false},"excerpt":{"rendered":"Du m\u00e5ste vara inloggad f\u00f6r att visa detta inneh\u00e5ll.","protected":false},"author":1,"featured_media":0,"parent":0,"menu_order":0,"comment_status":"closed","ping_status":"closed","template":"","meta":{"_lmt_disableupdate":"no","_lmt_disable":"","footnotes":""},"class_list":["post-13884","page","type-page","status-publish","hentry"],"jetpack-related-posts":[{"id":14022,"url":"https:\/\/resemedicin.se\/reseradet\/referenser\/svenska-kallor\/internetmedicin-2\/","url_meta":{"origin":13884,"position":0},"title":"Internetmedicin","author":"Reser\u00e5det","date":"2025-06-12","format":false,"excerpt":"Tillbaka till referenser Tillbaka till svenska k\u00e4llor","rel":"","context":"Liknande inl\u00e4gg","block_context":{"text":"Liknande inl\u00e4gg","link":""},"img":{"alt_text":"","src":"","width":0,"height":0},"classes":[]},{"id":13886,"url":"https:\/\/resemedicin.se\/reseradet\/referenser\/svenska-kallor\/","url_meta":{"origin":13884,"position":1},"title":"Svenska k\u00e4llor","author":"Reser\u00e5det","date":"2025-06-10","format":false,"excerpt":"Tillbaka till referenser Folkh\u00e4lsomyndigheten Infektionsl\u00e4karf\u00f6reningen InfPreg Internetmedicin Rikshandboken Barnh\u00e4lsov\u00e5rd (Gr\u00f6na Boken)","rel":"","context":"Liknande inl\u00e4gg","block_context":{"text":"Liknande inl\u00e4gg","link":""},"img":{"alt_text":"","src":"","width":0,"height":0},"classes":[]},{"id":14018,"url":"https:\/\/resemedicin.se\/reseradet\/referenser\/svenska-kallor\/internetmedicin\/","url_meta":{"origin":13884,"position":2},"title":"Internetmedicin","author":"Reser\u00e5det","date":"2025-06-12","format":false,"excerpt":"Tillbaka till v\u00e5r evidensbas","rel":"","context":"Liknande inl\u00e4gg","block_context":{"text":"Liknande inl\u00e4gg","link":""},"img":{"alt_text":"","src":"","width":0,"height":0},"classes":[]},{"id":14013,"url":"https:\/\/resemedicin.se\/reseradet\/referenser\/svenska-kallor\/infektionslakarforeningen\/","url_meta":{"origin":13884,"position":3},"title":"Infektionsl\u00e4karf\u00f6reningen","author":"Reser\u00e5det","date":"2025-06-12","format":false,"excerpt":"Tillbaka till v\u00e5r evidensbas Malariaprofylax (2025) Meningokockvaccinering inf\u00f6r internationella scoutm\u00f6te (2003) Vaccination av vuxna inf\u00f6r och efter splenektomi (2023) Vaccination av vuxna vid anamnes p\u00e5 \u00e4ggallergi (2024) Vaccination med Qdenga till svenska resen\u00e4rer (2023) Vaccination vid\u00a0immunsuppressiv behandling\u00a0(2025)","rel":"","context":"Liknande inl\u00e4gg","block_context":{"text":"Liknande inl\u00e4gg","link":""},"img":{"alt_text":"","src":"","width":0,"height":0},"classes":[]},{"id":14869,"url":"https:\/\/resemedicin.se\/reseradet\/referenser\/svenska-kallor\/lakemedelsverket\/","url_meta":{"origin":13884,"position":4},"title":"L\u00e4kemedelsverket","author":"Reser\u00e5det","date":"2025-09-01","format":false,"excerpt":"Allm\u00e4nt Resa med medicin Vaccin och vaccination L\u00e4kemedelsmonografier Abryssvo Arexvy Beyfortus Shingrix Tillbaka till v\u00e5r evidensbas","rel":"","context":"Liknande inl\u00e4gg","block_context":{"text":"Liknande inl\u00e4gg","link":""},"img":{"alt_text":"","src":"","width":0,"height":0},"classes":[]},{"id":14005,"url":"https:\/\/resemedicin.se\/reseradet\/referenser\/svenska-kallor\/infpreg\/","url_meta":{"origin":13884,"position":5},"title":"InfPreg","author":"Reser\u00e5det","date":"2025-06-12","format":false,"excerpt":"Tillbaka till v\u00e5r evidensbas Covid-19\u00a0 Hepatit A\u00a0 Hepatit B\u00a0 HPV-infektion (Humant Papillom Virus)\u00a0 Infektionsscreening av gravida kvinnor\u00a0 Influensa\u00a0 Malaria\u00a0 M\u00e4ssling (Morbilli)\u00a0 Pertussis (Kikhosta)\u00a0 Rubella (R\u00f6da Hund)\u00a0 TBE (Tick borne encephalitis) Tuberkulos (TBC)\u00a0 Vaccinationer\u00a0 Varicella Zoster (Vattkoppor)\u00a0 Zikavirus","rel":"","context":"Liknande inl\u00e4gg","block_context":{"text":"Liknande inl\u00e4gg","link":""},"img":{"alt_text":"","src":"","width":0,"height":0},"classes":[]}],"jetpack_sharing_enabled":true,"_links":{"self":[{"href":"https:\/\/resemedicin.se\/reseradet\/wp-json\/wp\/v2\/pages\/13884","targetHints":{"allow":["GET"]}}],"collection":[{"href":"https:\/\/resemedicin.se\/reseradet\/wp-json\/wp\/v2\/pages"}],"about":[{"href":"https:\/\/resemedicin.se\/reseradet\/wp-json\/wp\/v2\/types\/page"}],"author":[{"embeddable":true,"href":"https:\/\/resemedicin.se\/reseradet\/wp-json\/wp\/v2\/users\/1"}],"replies":[{"embeddable":true,"href":"https:\/\/resemedicin.se\/reseradet\/wp-json\/wp\/v2\/comments?post=13884"}],"version-history":[{"count":20,"href":"https:\/\/resemedicin.se\/reseradet\/wp-json\/wp\/v2\/pages\/13884\/revisions"}],"predecessor-version":[{"id":15050,"href":"https:\/\/resemedicin.se\/reseradet\/wp-json\/wp\/v2\/pages\/13884\/revisions\/15050"}],"wp:attachment":[{"href":"https:\/\/resemedicin.se\/reseradet\/wp-json\/wp\/v2\/media?parent=13884"}],"curies":[{"name":"wp","href":"https:\/\/api.w.org\/{rel}","templated":true}]}}