{"id":12788,"date":"2025-03-18T16:45:07","date_gmt":"2025-03-18T15:45:07","guid":{"rendered":"https:\/\/resemedicin.se\/reseradet\/?page_id=12788"},"modified":"2025-03-18T17:00:57","modified_gmt":"2025-03-18T16:00:57","slug":"barnvaccinationsprogrammet-tabell","status":"publish","type":"page","link":"https:\/\/resemedicin.se\/reseradet\/vaccination\/barnvaccinationsprogrammet-tabell\/","title":{"rendered":"Barnvaccinationsprogrammet &#8211; tabell"},"content":{"rendered":"Du m\u00e5ste vara inloggad f\u00f6r att visa detta inneh\u00e5ll.","protected":false},"excerpt":{"rendered":"Du m\u00e5ste vara inloggad f\u00f6r att visa detta inneh\u00e5ll.","protected":false},"author":1,"featured_media":0,"parent":1898,"menu_order":1,"comment_status":"open","ping_status":"closed","template":"","meta":{"_lmt_disableupdate":"no","_lmt_disable":"","footnotes":""},"class_list":["post-12788","page","type-page","status-publish","hentry"],"jetpack-related-posts":[{"id":1985,"url":"https:\/\/resemedicin.se\/reseradet\/vaccination\/barnvaccinationsprogrammet\/","url_meta":{"origin":12788,"position":0},"title":"Barnvaccinationsprogrammet","author":"Reser\u00e5det","date":"2024-05-06","format":false,"excerpt":"Information till vaccinat\u00f6rer och reser\u00e5dgivare \u00d6versikt Riktad vaccination till barn som tillh\u00f6r riskgrupp Doser, \u00e5lder och intervall P\u00e5skyndat vaccinationsschema inf\u00f6r resa \u00d6versikt Informationen p\u00e5 denna sida \u00e4r en text- och tabellsammanst\u00e4llning h\u00e4mtad fr\u00e5n Folkh\u00e4lsomyndigheten, Janusinfo och Rikshandboken Barnh\u00e4lsov\u00e5rd (Gr\u00f6na boken). Det svenska barnvaccinationsprogrammet \u00e4r kostnadsfritt och erbjuds alla barn som\u2026","rel":"","context":"Liknande inl\u00e4gg","block_context":{"text":"Liknande inl\u00e4gg","link":""},"img":{"alt_text":"","src":"https:\/\/i0.wp.com\/resemedicin.se\/reseradet\/wp-content\/uploads\/2024\/09\/barnvaccinationsprogrammet.jpg?resize=350%2C200&ssl=1","width":350,"height":200,"srcset":"https:\/\/i0.wp.com\/resemedicin.se\/reseradet\/wp-content\/uploads\/2024\/09\/barnvaccinationsprogrammet.jpg?resize=350%2C200&ssl=1 1x, https:\/\/i0.wp.com\/resemedicin.se\/reseradet\/wp-content\/uploads\/2024\/09\/barnvaccinationsprogrammet.jpg?resize=525%2C300&ssl=1 1.5x, https:\/\/i0.wp.com\/resemedicin.se\/reseradet\/wp-content\/uploads\/2024\/09\/barnvaccinationsprogrammet.jpg?resize=700%2C400&ssl=1 2x"},"classes":[]},{"id":9452,"url":"https:\/\/resemedicin.se\/reseradet\/vaccination\/lagsta-vaccinationsalder\/","url_meta":{"origin":12788,"position":1},"title":"L\u00e4gsta \u00e5lder vid resevaccination","author":"Reser\u00e5det","date":"2024-10-12","format":false,"excerpt":"Information till vaccinat\u00f6rer och reser\u00e5dgivare\u00a0 Levande vaccinvirus h\u00e4mmas av IgG antikroppar som g\u00e5tt \u00f6ver till fostret via placenta fr\u00e5n modern f\u00f6re f\u00f6rlossningen. L\u00e4gsta \u00e5lder f\u00f6r levande vaccin best\u00e4ms d\u00e4rf\u00f6r av n\u00e4r kvarvarande antikroppsniv\u00e5 \u00e4r s\u00e5 l\u00e5g att virusreplikation inte l\u00e4ngre h\u00e4mmas. Olika vaccin h\u00e4mmas olika l\u00e4nge men aldrig l\u00e4ngre \u00e4n\u2026","rel":"","context":"Liknande inl\u00e4gg","block_context":{"text":"Liknande inl\u00e4gg","link":""},"img":{"alt_text":"","src":"","width":0,"height":0},"classes":[]},{"id":2257,"url":"https:\/\/resemedicin.se\/reseradet\/vaccination\/prevenar-20\/","url_meta":{"origin":12788,"position":2},"title":"Prevenar 20\u00ae","author":"Reser\u00e5det","date":"2024-05-10","format":false,"excerpt":"Information till vaccinat\u00f6rer och reser\u00e5dgivare \u00d6versikt (indikation, skyddseffekt, s\u00e4kerhet) Administration och dosering Kan kombineras med Kontraindikationer och f\u00f6rsiktighet Graviditet och amning Inneh\u00e5ll F\u00f6rpackningsinformation Hantering och h\u00e5llbarhet \u00d6versikt (skyddseffekt, indikation, s\u00e4kerhet) \u00d6versikt F\u00f6r n\u00e4rvarande anv\u00e4nds tv\u00e5 olika proteinkonjugatvacciner (PCV) mot invasiv pneumokockinfektion i Sverige, det 20-valenta Prevenar 20\u00ae\u00a0(Pfizer) (PCV20) och det\u2026","rel":"","context":"Liknande inl\u00e4gg","block_context":{"text":"Liknande inl\u00e4gg","link":""},"img":{"alt_text":"","src":"https:\/\/i0.wp.com\/resemedicin.se\/reseradet\/wp-content\/uploads\/2024\/09\/prevenar-20.jpg?resize=350%2C200&ssl=1","width":350,"height":200,"srcset":"https:\/\/i0.wp.com\/resemedicin.se\/reseradet\/wp-content\/uploads\/2024\/09\/prevenar-20.jpg?resize=350%2C200&ssl=1 1x, https:\/\/i0.wp.com\/resemedicin.se\/reseradet\/wp-content\/uploads\/2024\/09\/prevenar-20.jpg?resize=525%2C300&ssl=1 1.5x, https:\/\/i0.wp.com\/resemedicin.se\/reseradet\/wp-content\/uploads\/2024\/09\/prevenar-20.jpg?resize=700%2C400&ssl=1 2x"},"classes":[]},{"id":2211,"url":"https:\/\/resemedicin.se\/reseradet\/vaccination\/tetravac\/","url_meta":{"origin":12788,"position":3},"title":"Tetravac\u00ae","author":"Reser\u00e5det","date":"2024-05-09","format":false,"excerpt":"Information till vaccinat\u00f6rer och reser\u00e5dgivare \u00d6versikt (indikation, skyddseffekt, s\u00e4kerhet) Administration och dosering Kan kombineras med Kontraindikationer och f\u00f6rsiktighet Graviditet och amning Inneh\u00e5ll F\u00f6rpackningsinformation Hantering och h\u00e5llbarhet \u00d6versikt (indikation, skyddseffekt, s\u00e4kerhet) Tetravac\u00ae\u00a0(Sanofi)\u00a0\u00e4r ett fulldos 4-valent kombinationsvaccin (DTP-IPV) mot difteri, tetanus, pertussis och polio avsett f\u00f6r grundimmunisering av sp\u00e4dbarn och barn fr\u00e5n\u2026","rel":"","context":"Liknande inl\u00e4gg","block_context":{"text":"Liknande inl\u00e4gg","link":""},"img":{"alt_text":"","src":"https:\/\/i0.wp.com\/resemedicin.se\/reseradet\/wp-content\/uploads\/2024\/09\/tetravac-1.jpg?resize=350%2C200&ssl=1","width":350,"height":200},"classes":[]},{"id":2353,"url":"https:\/\/resemedicin.se\/reseradet\/vaccination\/varilrix\/","url_meta":{"origin":12788,"position":4},"title":"Varilrix\u00ae","author":"Reser\u00e5det","date":"2024-05-10","format":false,"excerpt":"Information till vaccinat\u00f6rer och reser\u00e5dgivare \u00d6versikt (indikation, skyddseffekt, s\u00e4kerhet) Administration och dosering Kan kombineras med Kontraindikationer och f\u00f6rsiktighet Graviditet och amning Inneh\u00e5ll F\u00f6rpackningsinformation Hantering och h\u00e5llbarhet \u00d6versikt (indikation, skyddseffekt, s\u00e4kerhet) Varilrix\u00ae\u00a0(GSK) \u00e4r ett levande f\u00f6rsvagat virus av Oka-stam f\u00f6r immunisering mot vattkoppor (varicella). Vaccinet ges som 2 doser till barn\u2026","rel":"","context":"Liknande inl\u00e4gg","block_context":{"text":"Liknande inl\u00e4gg","link":""},"img":{"alt_text":"","src":"https:\/\/i0.wp.com\/resemedicin.se\/reseradet\/wp-content\/uploads\/2024\/09\/varilrix.jpg?resize=350%2C200&ssl=1","width":350,"height":200,"srcset":"https:\/\/i0.wp.com\/resemedicin.se\/reseradet\/wp-content\/uploads\/2024\/09\/varilrix.jpg?resize=350%2C200&ssl=1 1x, https:\/\/i0.wp.com\/resemedicin.se\/reseradet\/wp-content\/uploads\/2024\/09\/varilrix.jpg?resize=525%2C300&ssl=1 1.5x"},"classes":[]},{"id":2355,"url":"https:\/\/resemedicin.se\/reseradet\/vaccination\/varivax\/","url_meta":{"origin":12788,"position":5},"title":"Varivax\u00ae","author":"Reser\u00e5det","date":"2024-05-10","format":false,"excerpt":"Information till vaccinat\u00f6rer och reser\u00e5dgivare \u00d6versikt (indikation, skyddseffekt, s\u00e4kerhet) Administration och dosering Kan kombineras med Kontraindikationer och f\u00f6rsiktighet Graviditet och amning Inneh\u00e5ll F\u00f6rpackningsinformation Hantering och h\u00e5llbarhet \u00d6versikt (indikation, skyddseffekt, s\u00e4kerhet) Varivax\u00ae\u00a0(MSD) \u00e4r ett levande f\u00f6rsvagat virus av Oka-stam f\u00f6r immunisering mot vattkoppor (varicella). Vaccinet ges som 2 doser till barn\u2026","rel":"","context":"Liknande inl\u00e4gg","block_context":{"text":"Liknande inl\u00e4gg","link":""},"img":{"alt_text":"","src":"https:\/\/i0.wp.com\/resemedicin.se\/reseradet\/wp-content\/uploads\/2024\/09\/varivax-2.jpg?resize=350%2C200&ssl=1","width":350,"height":200,"srcset":"https:\/\/i0.wp.com\/resemedicin.se\/reseradet\/wp-content\/uploads\/2024\/09\/varivax-2.jpg?resize=350%2C200&ssl=1 1x, https:\/\/i0.wp.com\/resemedicin.se\/reseradet\/wp-content\/uploads\/2024\/09\/varivax-2.jpg?resize=525%2C300&ssl=1 1.5x"},"classes":[]}],"jetpack_sharing_enabled":true,"_links":{"self":[{"href":"https:\/\/resemedicin.se\/reseradet\/wp-json\/wp\/v2\/pages\/12788","targetHints":{"allow":["GET"]}}],"collection":[{"href":"https:\/\/resemedicin.se\/reseradet\/wp-json\/wp\/v2\/pages"}],"about":[{"href":"https:\/\/resemedicin.se\/reseradet\/wp-json\/wp\/v2\/types\/page"}],"author":[{"embeddable":true,"href":"https:\/\/resemedicin.se\/reseradet\/wp-json\/wp\/v2\/users\/1"}],"replies":[{"embeddable":true,"href":"https:\/\/resemedicin.se\/reseradet\/wp-json\/wp\/v2\/comments?post=12788"}],"version-history":[{"count":3,"href":"https:\/\/resemedicin.se\/reseradet\/wp-json\/wp\/v2\/pages\/12788\/revisions"}],"predecessor-version":[{"id":12793,"href":"https:\/\/resemedicin.se\/reseradet\/wp-json\/wp\/v2\/pages\/12788\/revisions\/12793"}],"up":[{"embeddable":true,"href":"https:\/\/resemedicin.se\/reseradet\/wp-json\/wp\/v2\/pages\/1898"}],"wp:attachment":[{"href":"https:\/\/resemedicin.se\/reseradet\/wp-json\/wp\/v2\/media?parent=12788"}],"curies":[{"name":"wp","href":"https:\/\/api.w.org\/{rel}","templated":true}]}}