{"id":12499,"date":"2025-01-07T12:51:01","date_gmt":"2025-01-07T11:51:01","guid":{"rendered":"https:\/\/resemedicin.se\/reseradet\/?page_id=12499"},"modified":"2025-01-07T12:56:02","modified_gmt":"2025-01-07T11:56:02","slug":"aterstallning-av-losenord","status":"publish","type":"page","link":"https:\/\/resemedicin.se\/reseradet\/inloggning\/aterstallning-av-losenord\/","title":{"rendered":"\u00c5terst\u00e4llning av l\u00f6senord"},"content":{"rendered":"\n<p>Om du har gl\u00f6mt ditt l\u00f6senord f\u00f6r Nya Reser\u00e5det eller enbart har ett l\u00f6senord f\u00f6r tidigare Reser\u00e5det (reseradet.com) kan du som registrerad anv\u00e4ndare 2024 eller 2025  <a href=\"https:\/\/resemedicin.se\/reseradet\/wp-login.php?action=lostpassword\">klicka h\u00e4r<\/a>.<\/p>\n","protected":false},"excerpt":{"rendered":"<p>Om du har gl\u00f6mt ditt l\u00f6senord f\u00f6r Nya Reser\u00e5det eller enbart har ett l\u00f6senord f\u00f6r tidigare Reser\u00e5det (reseradet.com) kan du som registrerad anv\u00e4ndare 2024 eller 2025 klicka h\u00e4r.<\/p>\n","protected":false},"author":1,"featured_media":0,"parent":2871,"menu_order":0,"comment_status":"closed","ping_status":"closed","template":"","meta":{"_lmt_disableupdate":"no","_lmt_disable":"","footnotes":""},"class_list":["post-12499","page","type-page","status-publish","hentry"],"jetpack-related-posts":[{"id":2877,"url":"https:\/\/resemedicin.se\/reseradet\/inloggning\/losenord\/","url_meta":{"origin":12499,"position":0},"title":"Inloggning och l\u00f6senord","author":"Reser\u00e5det","date":"2024-07-02","format":false,"excerpt":"Om du redan \u00e4r inloggad har du direkt tillg\u00e5ng till hela sajten. Om du inte \u00e4r inloggad (ny anv\u00e4ndare eller utloggad tidigare anv\u00e4ndare) kan du g\u00e5 vidare p\u00e5 sajten, men beh\u00f6ver d\u00e5 logga in n\u00e4r du f\u00f6rsta g\u00e5ngen kommer till en sida som enbart \u00e4r \u00f6ppen f\u00f6r registrerade anv\u00e4ndare. Du\u2026","rel":"","context":"Liknande inl\u00e4gg","block_context":{"text":"Liknande inl\u00e4gg","link":""},"img":{"alt_text":"","src":"","width":0,"height":0},"classes":[]},{"id":11,"url":"https:\/\/resemedicin.se\/reseradet\/","url_meta":{"origin":12499,"position":1},"title":"Reser\u00e5det Pro med Svar ig\u00e5r","author":"Reser\u00e5det","date":"2024-03-04","format":false,"excerpt":"Kunskapsst\u00f6d f\u00f6r vaccination och resemedicin Reser\u00e5det Pro med\u00a0Svar ig\u00e5r\u00a0\u00e4r en del av informationsportalen Reser\u00e5det \u2013 Sveriges mest omfattande kunskapsresurs om vaccinationer och resemedicin. Tj\u00e4nsten \u00e4r utvecklad f\u00f6r l\u00e4kare och sjuksk\u00f6terskor som arbetar med vaccination och resemedicinsk r\u00e5dgivning. H\u00e4r f\u00e5r du snabb tillg\u00e5ng till medicinsk bakgrundsinformation, praktiska rekommendationer och epidemiologiska uppdateringar\u2026","rel":"","context":"Liknande inl\u00e4gg","block_context":{"text":"Liknande inl\u00e4gg","link":""},"img":{"alt_text":"","src":"https:\/\/i0.wp.com\/resemedicin.se\/reseradet\/wp-content\/uploads\/2026\/03\/banner-reseradet.jpg?resize=350%2C200&ssl=1","width":350,"height":200,"srcset":"https:\/\/i0.wp.com\/resemedicin.se\/reseradet\/wp-content\/uploads\/2026\/03\/banner-reseradet.jpg?resize=350%2C200&ssl=1 1x, https:\/\/i0.wp.com\/resemedicin.se\/reseradet\/wp-content\/uploads\/2026\/03\/banner-reseradet.jpg?resize=525%2C300&ssl=1 1.5x, https:\/\/i0.wp.com\/resemedicin.se\/reseradet\/wp-content\/uploads\/2026\/03\/banner-reseradet.jpg?resize=700%2C400&ssl=1 2x"},"classes":[]},{"id":10304,"url":"https:\/\/resemedicin.se\/reseradet\/prenumeration\/","url_meta":{"origin":12499,"position":2},"title":"Prenumeration och fakturering","author":"Reser\u00e5det","date":"2024-10-22","format":false,"excerpt":"Detta ing\u00e5r i prenumerationen Priser Fakturering Detta ing\u00e5r i en prenumeration av Reser\u00e5det Pro En prenumeration p\u00e5\u00a0Reser\u00e5det Pro\u00a0ger Dig tillg\u00e5ng till mer \u00e4n 400 sidor kontinuerligt uppdaterad information om allt du beh\u00f6ver veta som vaccinat\u00f6r och reser\u00e5dgivare. Du f\u00e5r ocks\u00e5 tillg\u00e5ng till samtliga de fr\u00e5gor och svar som besvarats sedan\u2026","rel":"","context":"Liknande inl\u00e4gg","block_context":{"text":"Liknande inl\u00e4gg","link":""},"img":{"alt_text":"","src":"https:\/\/i0.wp.com\/resemedicin.se\/reseradet\/wp-content\/uploads\/2026\/03\/banner-reseradet.jpg?resize=350%2C200&ssl=1","width":350,"height":200,"srcset":"https:\/\/i0.wp.com\/resemedicin.se\/reseradet\/wp-content\/uploads\/2026\/03\/banner-reseradet.jpg?resize=350%2C200&ssl=1 1x, https:\/\/i0.wp.com\/resemedicin.se\/reseradet\/wp-content\/uploads\/2026\/03\/banner-reseradet.jpg?resize=525%2C300&ssl=1 1.5x, https:\/\/i0.wp.com\/resemedicin.se\/reseradet\/wp-content\/uploads\/2026\/03\/banner-reseradet.jpg?resize=700%2C400&ssl=1 2x"},"classes":[]},{"id":6417,"url":"https:\/\/resemedicin.se\/reseradet\/kontakt\/","url_meta":{"origin":12499,"position":3},"title":"Kontakt","author":"Reser\u00e5det","date":"2024-09-19","format":false,"excerpt":"Vi p\u00e5 Reser\u00e5det uppskattar en t\u00e4t dialog med alla anv\u00e4ndare f\u00f6r att g\u00f6ra tj\u00e4nsterna s\u00e5 bra och smidiga som m\u00f6jligt. Vi vill ocks\u00e5 veta om det \u00e4r n\u00e5got som saknas eller \u00e4r oklart p\u00e5 dessa sidor. Kontakta oss d\u00e4rf\u00f6r g\u00e4rna f\u00f6r fr\u00e5gor och synpunkter. RESER\u00c5DETc\/o ProSanis Sverige ABPostadress: Tulegatan 6,\u2026","rel":"","context":"Liknande inl\u00e4gg","block_context":{"text":"Liknande inl\u00e4gg","link":""},"img":{"alt_text":"","src":"https:\/\/i0.wp.com\/resemedicin.se\/reseradet\/wp-content\/uploads\/2024\/09\/kontakt-2.jpg?resize=350%2C200&ssl=1","width":350,"height":200,"srcset":"https:\/\/i0.wp.com\/resemedicin.se\/reseradet\/wp-content\/uploads\/2024\/09\/kontakt-2.jpg?resize=350%2C200&ssl=1 1x, https:\/\/i0.wp.com\/resemedicin.se\/reseradet\/wp-content\/uploads\/2024\/09\/kontakt-2.jpg?resize=525%2C300&ssl=1 1.5x, https:\/\/i0.wp.com\/resemedicin.se\/reseradet\/wp-content\/uploads\/2024\/09\/kontakt-2.jpg?resize=700%2C400&ssl=1 2x"},"classes":[]},{"id":988,"url":"https:\/\/resemedicin.se\/reseradet\/sjukdomar-och-vacciner\/chikungunya\/","url_meta":{"origin":12499,"position":4},"title":"Chikungunyafeber","author":"Reser\u00e5det","date":"2024-04-10","format":false,"excerpt":"Information till vaccinat\u00f6rer och reser\u00e5dgivare Smitt\u00e4mnet och smittv\u00e4gar Symtom Diagnostik och behandling Epidemiologi Riskgrupper Prevention Aktuella utbrott och andra nyheter Smitt\u00e4mnet och smittv\u00e4gar Smitt\u00e4mnet Chikungunya \u00e4r en myggburen virussjukdom som orsakas av ett alfavirus fr\u00e5n familjen Togaviridae och som f\u00f6rst beskrevs under ett utbrott i s\u00f6dra Tanzania 1952. Viruset \u00e4r\u2026","rel":"","context":"Liknande inl\u00e4gg","block_context":{"text":"Liknande inl\u00e4gg","link":""},"img":{"alt_text":"","src":"https:\/\/i0.wp.com\/resemedicin.se\/reseradet\/wp-content\/uploads\/2024\/09\/chickengunya-symtom-1.jpg?resize=350%2C200&ssl=1","width":350,"height":200,"srcset":"https:\/\/i0.wp.com\/resemedicin.se\/reseradet\/wp-content\/uploads\/2024\/09\/chickengunya-symtom-1.jpg?resize=350%2C200&ssl=1 1x, https:\/\/i0.wp.com\/resemedicin.se\/reseradet\/wp-content\/uploads\/2024\/09\/chickengunya-symtom-1.jpg?resize=525%2C300&ssl=1 1.5x, https:\/\/i0.wp.com\/resemedicin.se\/reseradet\/wp-content\/uploads\/2024\/09\/chickengunya-symtom-1.jpg?resize=700%2C400&ssl=1 2x"},"classes":[]},{"id":13297,"url":"https:\/\/resemedicin.se\/reseradet\/prenumerera-kostnadsfritt-pa-epinytt\/","url_meta":{"origin":12499,"position":5},"title":"Prenumerera kostnadsfritt p\u00e5 EpiNytt","author":"Reser\u00e5det","date":"2025-05-12","format":false,"excerpt":"Nyhetsbrevet EpiNytt kommer vanligen ut en g\u00e5ng i veckan (p\u00e5 tisdagar) med aktuell information om utbrott och andra nyheter av relevans f\u00f6r vaccinat\u00f6rer och reser\u00e5dgivare, samt rikligt med l\u00e4nkar till bakgrundsinformation och rekommendationer p\u00e5 Reser\u00e5det Pro. Prenumeration p\u00e5 EpiNytt \u00e4r kostnadsfritt, men f\u00f6r till g\u00e5ng till Reser\u00e5det Pro kr\u00e4vs \u00e5rsprenumeration.","rel":"","context":"Liknande inl\u00e4gg","block_context":{"text":"Liknande inl\u00e4gg","link":""},"img":{"alt_text":"","src":"","width":0,"height":0},"classes":[]}],"jetpack_sharing_enabled":true,"_links":{"self":[{"href":"https:\/\/resemedicin.se\/reseradet\/wp-json\/wp\/v2\/pages\/12499","targetHints":{"allow":["GET"]}}],"collection":[{"href":"https:\/\/resemedicin.se\/reseradet\/wp-json\/wp\/v2\/pages"}],"about":[{"href":"https:\/\/resemedicin.se\/reseradet\/wp-json\/wp\/v2\/types\/page"}],"author":[{"embeddable":true,"href":"https:\/\/resemedicin.se\/reseradet\/wp-json\/wp\/v2\/users\/1"}],"replies":[{"embeddable":true,"href":"https:\/\/resemedicin.se\/reseradet\/wp-json\/wp\/v2\/comments?post=12499"}],"version-history":[{"count":2,"href":"https:\/\/resemedicin.se\/reseradet\/wp-json\/wp\/v2\/pages\/12499\/revisions"}],"predecessor-version":[{"id":12502,"href":"https:\/\/resemedicin.se\/reseradet\/wp-json\/wp\/v2\/pages\/12499\/revisions\/12502"}],"up":[{"embeddable":true,"href":"https:\/\/resemedicin.se\/reseradet\/wp-json\/wp\/v2\/pages\/2871"}],"wp:attachment":[{"href":"https:\/\/resemedicin.se\/reseradet\/wp-json\/wp\/v2\/media?parent=12499"}],"curies":[{"name":"wp","href":"https:\/\/api.w.org\/{rel}","templated":true}]}}