{"id":12395,"date":"2024-12-16T11:58:30","date_gmt":"2024-12-16T10:58:30","guid":{"rendered":"https:\/\/resemedicin.se\/reseradet\/?page_id=12395"},"modified":"2026-04-30T19:01:12","modified_gmt":"2026-04-30T18:01:12","slug":"anafylaxi","status":"publish","type":"page","link":"https:\/\/resemedicin.se\/reseradet\/vaccination\/anafylaxi\/","title":{"rendered":"Anafylaxi"},"content":{"rendered":"Du m\u00e5ste vara inloggad f\u00f6r att visa detta inneh\u00e5ll.","protected":false},"excerpt":{"rendered":"Du m\u00e5ste vara inloggad f\u00f6r att visa detta inneh\u00e5ll.","protected":false},"author":1,"featured_media":0,"parent":1898,"menu_order":1,"comment_status":"open","ping_status":"closed","template":"","meta":{"_lmt_disableupdate":"no","_lmt_disable":"","footnotes":""},"class_list":["post-12395","page","type-page","status-publish","hentry"],"jetpack-related-posts":[{"id":5117,"url":"https:\/\/resemedicin.se\/reseradet\/vaccination\/allergi\/","url_meta":{"origin":12395,"position":0},"title":"Allergi och vaccination","author":"Reser\u00e5det","date":"2024-09-06","format":false,"excerpt":"Information till vaccinat\u00f6rer och reser\u00e5dgivare \u00d6versikt Vilken typ av \u00f6verk\u00e4nslighetsreaktion r\u00f6r det sig om? Vilket \u00e4mne \u00e4r individen allergisk mot? Hur hanterar man anamnes p\u00e5 allergi? Referenser \u00d6versikt Allergi anges ofta som kontraindikation i produktresum\u00e9er, men i klinisk praxis utg\u00f6r allergi\u00a0s\u00e4llan ett hinder f\u00f6r vaccination. En alltf\u00f6r f\u00f6rsiktig h\u00e5llning riskerar\u2026","rel":"","context":"Liknande inl\u00e4gg","block_context":{"text":"Liknande inl\u00e4gg","link":""},"img":{"alt_text":"","src":"https:\/\/i0.wp.com\/resemedicin.se\/reseradet\/wp-content\/uploads\/2024\/09\/allergi.jpg?resize=350%2C200&ssl=1","width":350,"height":200,"srcset":"https:\/\/i0.wp.com\/resemedicin.se\/reseradet\/wp-content\/uploads\/2024\/09\/allergi.jpg?resize=350%2C200&ssl=1 1x, https:\/\/i0.wp.com\/resemedicin.se\/reseradet\/wp-content\/uploads\/2024\/09\/allergi.jpg?resize=525%2C300&ssl=1 1.5x, https:\/\/i0.wp.com\/resemedicin.se\/reseradet\/wp-content\/uploads\/2024\/09\/allergi.jpg?resize=700%2C400&ssl=1 2x"},"classes":[]},{"id":1998,"url":"https:\/\/resemedicin.se\/reseradet\/vaccination\/lathund-vacciner\/","url_meta":{"origin":12395,"position":1},"title":"Lathund vacciner A-Z","author":"Reser\u00e5det","date":"2024-05-06","format":false,"excerpt":"Information till vaccinat\u00f6rer och reser\u00e5dgivare Abrysvo\u00ae Vaccintyp: Rekombinanta antigen mot RSV A och B.Dos: 1 dos \u00e1 0,5 ml im till person 60 \u00e5r eller \u00e4ldre samt gravida graviditetsvecka 24-36Biverkningar: Lokala biverkningar p\u00e5 injektionsplatsen, myalgi och huvudv\u00e4rk. Biverkningar \u00e4r lindriga och snabbt \u00f6verg\u00e5ende.Kontraindikationer: Infektion med feber. \u00d6verk\u00e4nslighet mot komponent i\u2026","rel":"","context":"Liknande inl\u00e4gg","block_context":{"text":"Liknande inl\u00e4gg","link":""},"img":{"alt_text":"","src":"https:\/\/i0.wp.com\/resemedicin.se\/reseradet\/wp-content\/uploads\/2024\/09\/twinrix-ambirix.jpg?resize=350%2C200&ssl=1","width":350,"height":200,"srcset":"https:\/\/i0.wp.com\/resemedicin.se\/reseradet\/wp-content\/uploads\/2024\/09\/twinrix-ambirix.jpg?resize=350%2C200&ssl=1 1x, https:\/\/i0.wp.com\/resemedicin.se\/reseradet\/wp-content\/uploads\/2024\/09\/twinrix-ambirix.jpg?resize=525%2C300&ssl=1 1.5x, https:\/\/i0.wp.com\/resemedicin.se\/reseradet\/wp-content\/uploads\/2024\/09\/twinrix-ambirix.jpg?resize=700%2C400&ssl=1 2x"},"classes":[]},{"id":14001,"url":"https:\/\/resemedicin.se\/reseradet\/referenser\/svenska-kallor\/rikshandboken-barnhalsovard-grona-boken\/","url_meta":{"origin":12395,"position":2},"title":"Rikshandboken Barnh\u00e4lsov\u00e5rd (Gr\u00f6na Boken)","author":"Reser\u00e5det","date":"2025-06-12","format":false,"excerpt":"Tillbaka till v\u00e5r evidensbas Vaccinationsprogram Vaccinationsprogrammet f\u00f6r barn Vacciner i det allm\u00e4nna barnvaccinationsprogrammet Hepatit B-vaccination BCG-vaccination Tuberkulintest, TST Vaccin mot influensa, TBE, vattkoppor och resevacciner Vaccination av barn med oklar vaccinationsbakgrund Praktiska riktlinjer och checklistor Injektionstekniker vid vaccinationer Sm\u00e4rtlindring vid vaccinering Manual och checklista inf\u00f6r vaccination mot tuberkulos- och rotavirusinfektion\u2026","rel":"","context":"Liknande inl\u00e4gg","block_context":{"text":"Liknande inl\u00e4gg","link":""},"img":{"alt_text":"","src":"","width":0,"height":0},"classes":[]},{"id":9436,"url":"https:\/\/resemedicin.se\/reseradet\/vaccination\/kontraindikationer\/","url_meta":{"origin":12395,"position":3},"title":"Allm\u00e4nna kontraindikationer f\u00f6r vaccination","author":"Reser\u00e5det","date":"2024-10-12","format":false,"excerpt":"Information till vaccinat\u00f6rer och reser\u00e5dgivare\u00a0\u00a0 Denna text \u00e4r skriven av Dr Lars Rombo och Dr Anja Rosdahl. Tidigare reaktion mot aktuellt vaccin En betydande lokalreaktion efter f\u00f6reg\u00e5ende dos kan vara en relativ kontraindikation beroende p\u00e5 hur angel\u00e4get vaccinet \u00e4r. Det finns f\u00f6rst\u00e5s en risk f\u00f6r likartade eller till och med\u2026","rel":"","context":"Liknande inl\u00e4gg","block_context":{"text":"Liknande inl\u00e4gg","link":""},"img":{"alt_text":"","src":"","width":0,"height":0},"classes":[]},{"id":2215,"url":"https:\/\/resemedicin.se\/reseradet\/vaccination\/act-hib\/","url_meta":{"origin":12395,"position":4},"title":"Act-HIB\u00ae","author":"Reser\u00e5det","date":"2024-05-09","format":false,"excerpt":"Information till vaccinat\u00f6rer och reser\u00e5dgivare \u00d6versikt (indikation, skyddseffekt, s\u00e4kerhet) Administration och dosering Kan kombineras med Kontraindikationer och f\u00f6rsiktighet Graviditet och amning Inneh\u00e5ll F\u00f6rpackningsinformation Hantering och h\u00e5llbarhet \u00d6versikt (indikation, skyddseffekt, s\u00e4kerhet) Act-HIB\u00ae \u00e4r ett proteinkonjugerat polysackaridvaccin mot invasiv sjukdom med Haemophilus influenzae typ b (Hib), med en synnerligen god skyddseffekt. Det\u2026","rel":"","context":"Liknande inl\u00e4gg","block_context":{"text":"Liknande inl\u00e4gg","link":""},"img":{"alt_text":"","src":"https:\/\/i0.wp.com\/resemedicin.se\/reseradet\/wp-content\/uploads\/2024\/09\/act-hib.jpg?resize=350%2C200&ssl=1","width":350,"height":200},"classes":[]},{"id":2172,"url":"https:\/\/resemedicin.se\/reseradet\/vaccination\/ditebooster\/","url_meta":{"origin":12395,"position":5},"title":"diTeBooster\u00ae","author":"Reser\u00e5det","date":"2024-05-09","format":false,"excerpt":"Information till vaccinat\u00f6rer och reser\u00e5dgivare \u00d6versikt (indikation, skyddseffekt, s\u00e4kerhet) Administration och dosering Kan kombineras med Kontraindikationer och f\u00f6rsiktighet Graviditet och amning Inneh\u00e5ll F\u00f6rpackningsinformation Hantering och h\u00e5llbarhet \u00d6versikt (indikation, skyddseffekt, s\u00e4kerhet) diTeBooster\u00ae (dT) (Scandinavian Biopharma) \u00e4r fr\u00e4mst avsett f\u00f6r boostervaccination av personer som tidigare blivit grundvaccinerade mot difteri och tetanus (stelkramp).\u2026","rel":"","context":"Liknande inl\u00e4gg","block_context":{"text":"Liknande inl\u00e4gg","link":""},"img":{"alt_text":"","src":"https:\/\/i0.wp.com\/resemedicin.se\/reseradet\/wp-content\/uploads\/2024\/09\/ditebooster-1.jpg?resize=350%2C200&ssl=1","width":350,"height":200},"classes":[]}],"jetpack_sharing_enabled":true,"_links":{"self":[{"href":"https:\/\/resemedicin.se\/reseradet\/wp-json\/wp\/v2\/pages\/12395","targetHints":{"allow":["GET"]}}],"collection":[{"href":"https:\/\/resemedicin.se\/reseradet\/wp-json\/wp\/v2\/pages"}],"about":[{"href":"https:\/\/resemedicin.se\/reseradet\/wp-json\/wp\/v2\/types\/page"}],"author":[{"embeddable":true,"href":"https:\/\/resemedicin.se\/reseradet\/wp-json\/wp\/v2\/users\/1"}],"replies":[{"embeddable":true,"href":"https:\/\/resemedicin.se\/reseradet\/wp-json\/wp\/v2\/comments?post=12395"}],"version-history":[{"count":10,"href":"https:\/\/resemedicin.se\/reseradet\/wp-json\/wp\/v2\/pages\/12395\/revisions"}],"predecessor-version":[{"id":16789,"href":"https:\/\/resemedicin.se\/reseradet\/wp-json\/wp\/v2\/pages\/12395\/revisions\/16789"}],"up":[{"embeddable":true,"href":"https:\/\/resemedicin.se\/reseradet\/wp-json\/wp\/v2\/pages\/1898"}],"wp:attachment":[{"href":"https:\/\/resemedicin.se\/reseradet\/wp-json\/wp\/v2\/media?parent=12395"}],"curies":[{"name":"wp","href":"https:\/\/api.w.org\/{rel}","templated":true}]}}