{"id":12236,"date":"2024-11-29T10:46:12","date_gmt":"2024-11-29T09:46:12","guid":{"rendered":"https:\/\/resemedicin.se\/reseradet\/?page_id=12236"},"modified":"2024-11-29T10:46:15","modified_gmt":"2024-11-29T09:46:15","slug":"reseradgivning-till-resenarer-med-nedsatt-immunforsvar","status":"publish","type":"page","link":"https:\/\/resemedicin.se\/reseradet\/reserad\/reseradgivning-till-resenarer-med-nedsatt-immunforsvar\/","title":{"rendered":"Reser\u00e5dgivning till resen\u00e4rer med nedsatt immunf\u00f6rsvar"},"content":{"rendered":"Du m\u00e5ste vara inloggad f\u00f6r att visa detta inneh\u00e5ll.","protected":false},"excerpt":{"rendered":"Du m\u00e5ste vara inloggad f\u00f6r att visa detta inneh\u00e5ll.","protected":false},"author":1,"featured_media":0,"parent":42,"menu_order":0,"comment_status":"open","ping_status":"closed","template":"","meta":{"_lmt_disableupdate":"no","_lmt_disable":"","footnotes":""},"class_list":["post-12236","page","type-page","status-publish","hentry"],"jetpack-related-posts":[{"id":9388,"url":"https:\/\/resemedicin.se\/reseradet\/vaccination\/patientinfo\/","url_meta":{"origin":12236,"position":0},"title":"H\u00e4lsor\u00e5d och information till resen\u00e4rer","author":"Reser\u00e5det","date":"2024-10-12","format":false,"excerpt":"H\u00e4nvisa g\u00e4rna dina kunder\/patienter till den omfattande publika sajten Reser\u00e5det - Frisk p\u00e5 Resan. Nedan finns \u00e4ven ett antal informationsblad och intyg som du kan skriva ut och ge kunden i handen. H\u00e4lsor\u00e5d per v\u00e4rldsdel Annan information Bakgrundsinfo f\u00f6r r\u00e5dgivning H\u00e4lsor\u00e5d och vaccinationer per v\u00e4rldsdel (f\u00f6r utskrift) Informationsblad i pdf-format\u2026","rel":"","context":"Liknande inl\u00e4gg","block_context":{"text":"Liknande inl\u00e4gg","link":""},"img":{"alt_text":"","src":"https:\/\/i0.wp.com\/resemedicin.se\/reseradet\/wp-content\/uploads\/2024\/10\/reseinformation.jpg?resize=350%2C200&ssl=1","width":350,"height":200,"srcset":"https:\/\/i0.wp.com\/resemedicin.se\/reseradet\/wp-content\/uploads\/2024\/10\/reseinformation.jpg?resize=350%2C200&ssl=1 1x, https:\/\/i0.wp.com\/resemedicin.se\/reseradet\/wp-content\/uploads\/2024\/10\/reseinformation.jpg?resize=525%2C300&ssl=1 1.5x, https:\/\/i0.wp.com\/resemedicin.se\/reseradet\/wp-content\/uploads\/2024\/10\/reseinformation.jpg?resize=700%2C400&ssl=1 2x"},"classes":[]},{"id":42,"url":"https:\/\/resemedicin.se\/reseradet\/reserad\/","url_meta":{"origin":12236,"position":1},"title":"H\u00e4lsor\u00e5d och information till resen\u00e4rer","author":"Reser\u00e5det","date":"2024-03-05","format":false,"excerpt":"H\u00e4nvisa g\u00e4rna dina kunder\/patienter till den omfattande publika sajten Reser\u00e5det - Frisk p\u00e5 Resan. Nedan finns \u00e4ven ett antal informationsblad och intyg som du kan skriva ut och ge kunden i handen. Information per v\u00e4rldsdel Intyg Annan patientinformation Bakgrundsinfo f\u00f6r r\u00e5dgivning om reserisker H\u00e4lsor\u00e5d och vaccinationer per v\u00e4rldsdel (f\u00f6r utskrift)\u2026","rel":"","context":"Liknande inl\u00e4gg","block_context":{"text":"Liknande inl\u00e4gg","link":""},"img":{"alt_text":"","src":"https:\/\/i0.wp.com\/resemedicin.se\/reseradet\/wp-content\/uploads\/2024\/10\/reseinformation.jpg?resize=350%2C200&ssl=1","width":350,"height":200,"srcset":"https:\/\/i0.wp.com\/resemedicin.se\/reseradet\/wp-content\/uploads\/2024\/10\/reseinformation.jpg?resize=350%2C200&ssl=1 1x, https:\/\/i0.wp.com\/resemedicin.se\/reseradet\/wp-content\/uploads\/2024\/10\/reseinformation.jpg?resize=525%2C300&ssl=1 1.5x, https:\/\/i0.wp.com\/resemedicin.se\/reseradet\/wp-content\/uploads\/2024\/10\/reseinformation.jpg?resize=700%2C400&ssl=1 2x"},"classes":[]},{"id":9697,"url":"https:\/\/resemedicin.se\/reseradet\/landsinformation\/niue\/","url_meta":{"origin":12236,"position":2},"title":"Niue (Nya Zeeland)","author":"Reser\u00e5det","date":"2024-10-14","format":false,"excerpt":"Information till vaccinat\u00f6rer och reser\u00e5dgivare Klicka p\u00e5 bilden f\u00f6r st\u00f6rre karta. Kort landsinformation Vaccinationer Andra infektioner att vara observant p\u00e5 \u00d6vriga reserisker Aktuella utbrott Kort landsinformation Niue (befolkning cirka 1 600 inv\u00e5nare) \u00e4r en liten \u00f6stat bel\u00e4gen i s\u00f6dra Stilla havet, \u00f6ster om Tonga och s\u00f6der om Samoa. Niue \u00e4r\u2026","rel":"","context":"Liknande inl\u00e4gg","block_context":{"text":"Liknande inl\u00e4gg","link":""},"img":{"alt_text":"","src":"https:\/\/i0.wp.com\/resemedicin.se\/reseradet\/wp-content\/uploads\/2024\/10\/niue-karta.jpg?resize=350%2C200&ssl=1","width":350,"height":200,"srcset":"https:\/\/i0.wp.com\/resemedicin.se\/reseradet\/wp-content\/uploads\/2024\/10\/niue-karta.jpg?resize=350%2C200&ssl=1 1x, https:\/\/i0.wp.com\/resemedicin.se\/reseradet\/wp-content\/uploads\/2024\/10\/niue-karta.jpg?resize=525%2C300&ssl=1 1.5x, https:\/\/i0.wp.com\/resemedicin.se\/reseradet\/wp-content\/uploads\/2024\/10\/niue-karta.jpg?resize=700%2C400&ssl=1 2x"},"classes":[]},{"id":7828,"url":"https:\/\/resemedicin.se\/reseradet\/landsinformation\/trinidad-tobago\/","url_meta":{"origin":12236,"position":3},"title":"Trinidad &#038; Tobago","author":"Reser\u00e5det","date":"2024-10-01","format":false,"excerpt":"Information till vaccinat\u00f6rer och reser\u00e5dgivare Klicka p\u00e5 bilden f\u00f6r st\u00f6rre karta. Kort landsinformation och turistm\u00e5l Vaccinationer Andra infektioner att vara observant p\u00e5 \u00d6vriga reserisker Aktuella utbrott Kort landsinformation och turistm\u00e5l Trinidad och Tobago (befolkning cirka 1,4 miljoner inv\u00e5nare) \u00e4r en \u00f6stat bel\u00e4gen i s\u00f6dra Karibiska havet, n\u00e4ra Venezuelas kust. Landet\u2026","rel":"","context":"Liknande inl\u00e4gg","block_context":{"text":"Liknande inl\u00e4gg","link":""},"img":{"alt_text":"","src":"https:\/\/i0.wp.com\/resemedicin.se\/reseradet\/wp-content\/uploads\/2024\/10\/trinidad-och-tobago.jpg?resize=350%2C200&ssl=1","width":350,"height":200,"srcset":"https:\/\/i0.wp.com\/resemedicin.se\/reseradet\/wp-content\/uploads\/2024\/10\/trinidad-och-tobago.jpg?resize=350%2C200&ssl=1 1x, https:\/\/i0.wp.com\/resemedicin.se\/reseradet\/wp-content\/uploads\/2024\/10\/trinidad-och-tobago.jpg?resize=525%2C300&ssl=1 1.5x, https:\/\/i0.wp.com\/resemedicin.se\/reseradet\/wp-content\/uploads\/2024\/10\/trinidad-och-tobago.jpg?resize=700%2C400&ssl=1 2x"},"classes":[]},{"id":9700,"url":"https:\/\/resemedicin.se\/reseradet\/landsinformation\/nyakaledonien\/","url_meta":{"origin":12236,"position":4},"title":"Nya Kaledonien (Frankrike)","author":"Reser\u00e5det","date":"2024-10-14","format":false,"excerpt":"Information till vaccinat\u00f6rer och reser\u00e5dgivare Klicka p\u00e5 bilden f\u00f6r st\u00f6rre karta. Kort landsinformation Vaccinationer Andra infektioner att vara observant p\u00e5 \u00d6vriga reserisker Aktuella utbrott Kort landsinformation Nya Kaledonien (befolkning cirka 290 000 inv\u00e5nare) \u00e4r ett franskt utomeuropeiskt territorium bel\u00e4get i sydv\u00e4stra Stilla havet, \u00f6ster om Australien och norr om Nya\u2026","rel":"","context":"Liknande inl\u00e4gg","block_context":{"text":"Liknande inl\u00e4gg","link":""},"img":{"alt_text":"","src":"https:\/\/i0.wp.com\/resemedicin.se\/reseradet\/wp-content\/uploads\/2024\/10\/nya-kaledonien-karta.jpg?resize=350%2C200&ssl=1","width":350,"height":200,"srcset":"https:\/\/i0.wp.com\/resemedicin.se\/reseradet\/wp-content\/uploads\/2024\/10\/nya-kaledonien-karta.jpg?resize=350%2C200&ssl=1 1x, https:\/\/i0.wp.com\/resemedicin.se\/reseradet\/wp-content\/uploads\/2024\/10\/nya-kaledonien-karta.jpg?resize=525%2C300&ssl=1 1.5x, https:\/\/i0.wp.com\/resemedicin.se\/reseradet\/wp-content\/uploads\/2024\/10\/nya-kaledonien-karta.jpg?resize=700%2C400&ssl=1 2x"},"classes":[]},{"id":8296,"url":"https:\/\/resemedicin.se\/reseradet\/landsinformation\/mayotte\/","url_meta":{"origin":12236,"position":5},"title":"Mayotte (Frankrike)","author":"Reser\u00e5det","date":"2024-10-03","format":false,"excerpt":"Information till vaccinat\u00f6rer och reser\u00e5dgivare Klicka p\u00e5 bilden f\u00f6r st\u00f6rre karta Kort landsinformation Vaccinationer och malariaprofylax Andra infektioner att vara observant p\u00e5 \u00d6vriga reserisker Aktuella utbrott Kort landsinformation Mayotte (befolkning cirka 300 000 inv\u00e5nare) \u00e4r en fransk \u00f6grupp bel\u00e4gen i Indiska oceanen mellan nordv\u00e4stra Madagaskar och nord\u00f6stra Mo\u00e7ambique. Mayotte best\u00e5r\u2026","rel":"","context":"Liknande inl\u00e4gg","block_context":{"text":"Liknande inl\u00e4gg","link":""},"img":{"alt_text":"","src":"https:\/\/i0.wp.com\/resemedicin.se\/reseradet\/wp-content\/uploads\/2024\/10\/Mayotte-karta.jpg?resize=350%2C200&ssl=1","width":350,"height":200,"srcset":"https:\/\/i0.wp.com\/resemedicin.se\/reseradet\/wp-content\/uploads\/2024\/10\/Mayotte-karta.jpg?resize=350%2C200&ssl=1 1x, https:\/\/i0.wp.com\/resemedicin.se\/reseradet\/wp-content\/uploads\/2024\/10\/Mayotte-karta.jpg?resize=525%2C300&ssl=1 1.5x, https:\/\/i0.wp.com\/resemedicin.se\/reseradet\/wp-content\/uploads\/2024\/10\/Mayotte-karta.jpg?resize=700%2C400&ssl=1 2x"},"classes":[]}],"jetpack_sharing_enabled":true,"_links":{"self":[{"href":"https:\/\/resemedicin.se\/reseradet\/wp-json\/wp\/v2\/pages\/12236","targetHints":{"allow":["GET"]}}],"collection":[{"href":"https:\/\/resemedicin.se\/reseradet\/wp-json\/wp\/v2\/pages"}],"about":[{"href":"https:\/\/resemedicin.se\/reseradet\/wp-json\/wp\/v2\/types\/page"}],"author":[{"embeddable":true,"href":"https:\/\/resemedicin.se\/reseradet\/wp-json\/wp\/v2\/users\/1"}],"replies":[{"embeddable":true,"href":"https:\/\/resemedicin.se\/reseradet\/wp-json\/wp\/v2\/comments?post=12236"}],"version-history":[{"count":1,"href":"https:\/\/resemedicin.se\/reseradet\/wp-json\/wp\/v2\/pages\/12236\/revisions"}],"predecessor-version":[{"id":12240,"href":"https:\/\/resemedicin.se\/reseradet\/wp-json\/wp\/v2\/pages\/12236\/revisions\/12240"}],"up":[{"embeddable":true,"href":"https:\/\/resemedicin.se\/reseradet\/wp-json\/wp\/v2\/pages\/42"}],"wp:attachment":[{"href":"https:\/\/resemedicin.se\/reseradet\/wp-json\/wp\/v2\/media?parent=12236"}],"curies":[{"name":"wp","href":"https:\/\/api.w.org\/{rel}","templated":true}]}}