{"id":12090,"date":"2024-11-11T15:30:16","date_gmt":"2024-11-11T14:30:16","guid":{"rendered":"https:\/\/resemedicin.se\/reseradet\/?page_id=12090"},"modified":"2026-03-31T10:34:15","modified_gmt":"2026-03-31T09:34:15","slug":"atkomst","status":"publish","type":"page","link":"https:\/\/resemedicin.se\/reseradet\/atkomst\/","title":{"rendered":"Inloggning och registrering"},"content":{"rendered":"Du m\u00e5ste vara inloggad f\u00f6r att visa detta inneh\u00e5ll.","protected":false},"excerpt":{"rendered":"Du m\u00e5ste vara inloggad f\u00f6r att visa detta inneh\u00e5ll.","protected":false},"author":1,"featured_media":0,"parent":0,"menu_order":1,"comment_status":"closed","ping_status":"closed","template":"","meta":{"_lmt_disableupdate":"no","_lmt_disable":"","footnotes":""},"class_list":["post-12090","page","type-page","status-publish","hentry"],"jetpack-related-posts":[{"id":2877,"url":"https:\/\/resemedicin.se\/reseradet\/inloggning\/losenord\/","url_meta":{"origin":12090,"position":0},"title":"Inloggning och l\u00f6senord","author":"Reser\u00e5det","date":"2024-07-02","format":false,"excerpt":"Om du redan \u00e4r inloggad har du direkt tillg\u00e5ng till hela sajten. Om du inte \u00e4r inloggad (ny anv\u00e4ndare eller utloggad tidigare anv\u00e4ndare) kan du g\u00e5 vidare p\u00e5 sajten, men beh\u00f6ver d\u00e5 logga in n\u00e4r du f\u00f6rsta g\u00e5ngen kommer till en sida som enbart \u00e4r \u00f6ppen f\u00f6r registrerade anv\u00e4ndare. Du\u2026","rel":"","context":"Liknande inl\u00e4gg","block_context":{"text":"Liknande inl\u00e4gg","link":""},"img":{"alt_text":"","src":"","width":0,"height":0},"classes":[]},{"id":10304,"url":"https:\/\/resemedicin.se\/reseradet\/prenumeration\/","url_meta":{"origin":12090,"position":1},"title":"Prenumeration och fakturering","author":"Reser\u00e5det","date":"2024-10-22","format":false,"excerpt":"Detta ing\u00e5r i prenumerationen Priser Fakturering Detta ing\u00e5r i en prenumeration av Reser\u00e5det Pro En prenumeration p\u00e5\u00a0Reser\u00e5det Pro\u00a0ger Dig tillg\u00e5ng till mer \u00e4n 400 sidor kontinuerligt uppdaterad information om allt du beh\u00f6ver veta som vaccinat\u00f6r och reser\u00e5dgivare. Du f\u00e5r ocks\u00e5 tillg\u00e5ng till samtliga de fr\u00e5gor och svar som besvarats sedan\u2026","rel":"","context":"Liknande inl\u00e4gg","block_context":{"text":"Liknande inl\u00e4gg","link":""},"img":{"alt_text":"","src":"https:\/\/i0.wp.com\/resemedicin.se\/reseradet\/wp-content\/uploads\/2026\/03\/banner-reseradet.jpg?resize=350%2C200&ssl=1","width":350,"height":200,"srcset":"https:\/\/i0.wp.com\/resemedicin.se\/reseradet\/wp-content\/uploads\/2026\/03\/banner-reseradet.jpg?resize=350%2C200&ssl=1 1x, https:\/\/i0.wp.com\/resemedicin.se\/reseradet\/wp-content\/uploads\/2026\/03\/banner-reseradet.jpg?resize=525%2C300&ssl=1 1.5x, https:\/\/i0.wp.com\/resemedicin.se\/reseradet\/wp-content\/uploads\/2026\/03\/banner-reseradet.jpg?resize=700%2C400&ssl=1 2x"},"classes":[]},{"id":11,"url":"https:\/\/resemedicin.se\/reseradet\/","url_meta":{"origin":12090,"position":2},"title":"Reser\u00e5det Pro med Svar ig\u00e5r","author":"Reser\u00e5det","date":"2024-03-04","format":false,"excerpt":"Kunskapsst\u00f6d f\u00f6r vaccination och resemedicin Reser\u00e5det Pro med\u00a0Svar ig\u00e5r\u00a0\u00e4r en del av informationsportalen Reser\u00e5det \u2013 Sveriges mest omfattande kunskapsresurs om vaccinationer och resemedicin. Tj\u00e4nsten \u00e4r utvecklad f\u00f6r l\u00e4kare och sjuksk\u00f6terskor som arbetar med vaccination och resemedicinsk r\u00e5dgivning. H\u00e4r f\u00e5r du snabb tillg\u00e5ng till medicinsk bakgrundsinformation, praktiska rekommendationer och epidemiologiska uppdateringar\u2026","rel":"","context":"Liknande inl\u00e4gg","block_context":{"text":"Liknande inl\u00e4gg","link":""},"img":{"alt_text":"","src":"https:\/\/i0.wp.com\/resemedicin.se\/reseradet\/wp-content\/uploads\/2026\/03\/banner-reseradet.jpg?resize=350%2C200&ssl=1","width":350,"height":200,"srcset":"https:\/\/i0.wp.com\/resemedicin.se\/reseradet\/wp-content\/uploads\/2026\/03\/banner-reseradet.jpg?resize=350%2C200&ssl=1 1x, https:\/\/i0.wp.com\/resemedicin.se\/reseradet\/wp-content\/uploads\/2026\/03\/banner-reseradet.jpg?resize=525%2C300&ssl=1 1.5x, https:\/\/i0.wp.com\/resemedicin.se\/reseradet\/wp-content\/uploads\/2026\/03\/banner-reseradet.jpg?resize=700%2C400&ssl=1 2x"},"classes":[]},{"id":16,"url":"https:\/\/resemedicin.se\/reseradet\/om-reseradet\/","url_meta":{"origin":12090,"position":3},"title":"Om oss","author":"Reser\u00e5det","date":"2024-03-04","format":false,"excerpt":"RESER\u00c5DET \u00e4r Sveriges st\u00f6rsta oberoende kunskapsakt\u00f6r inom vaccinationer och reser\u00e5dgivning. Vi erbjuder genom portalen Reser\u00e5det Pro med fr\u00e5getj\u00e4nsten Svar ig\u00e5r, nyhetsbrevet EpiNytt samt kurser och e-utbildningar i Reser\u00e5det Vaccinakademis ett helt\u00e4ckande st\u00f6d till mer \u00e4n 500 vaccinationsmottagningar I Sverige, Norge och Finland.\u00a0Vi kan \u00e4ven erbjuda skr\u00e4ddarsydda l\u00f6sningar som passar just\u2026","rel":"","context":"Liknande inl\u00e4gg","block_context":{"text":"Liknande inl\u00e4gg","link":""},"img":{"alt_text":"","src":"https:\/\/i0.wp.com\/resemedicin.se\/reseradet\/wp-content\/uploads\/2026\/03\/banner-reseradet.jpg?resize=350%2C200&ssl=1","width":350,"height":200,"srcset":"https:\/\/i0.wp.com\/resemedicin.se\/reseradet\/wp-content\/uploads\/2026\/03\/banner-reseradet.jpg?resize=350%2C200&ssl=1 1x, https:\/\/i0.wp.com\/resemedicin.se\/reseradet\/wp-content\/uploads\/2026\/03\/banner-reseradet.jpg?resize=525%2C300&ssl=1 1.5x, https:\/\/i0.wp.com\/resemedicin.se\/reseradet\/wp-content\/uploads\/2026\/03\/banner-reseradet.jpg?resize=700%2C400&ssl=1 2x"},"classes":[]},{"id":13297,"url":"https:\/\/resemedicin.se\/reseradet\/prenumerera-kostnadsfritt-pa-epinytt\/","url_meta":{"origin":12090,"position":4},"title":"Prenumerera kostnadsfritt p\u00e5 EpiNytt","author":"Reser\u00e5det","date":"2025-05-12","format":false,"excerpt":"Nyhetsbrevet EpiNytt kommer vanligen ut en g\u00e5ng i veckan (p\u00e5 tisdagar) med aktuell information om utbrott och andra nyheter av relevans f\u00f6r vaccinat\u00f6rer och reser\u00e5dgivare, samt rikligt med l\u00e4nkar till bakgrundsinformation och rekommendationer p\u00e5 Reser\u00e5det Pro. Prenumeration p\u00e5 EpiNytt \u00e4r kostnadsfritt, men f\u00f6r till g\u00e5ng till Reser\u00e5det Pro kr\u00e4vs \u00e5rsprenumeration.","rel":"","context":"Liknande inl\u00e4gg","block_context":{"text":"Liknande inl\u00e4gg","link":""},"img":{"alt_text":"","src":"","width":0,"height":0},"classes":[]},{"id":8543,"url":"https:\/\/resemedicin.se\/reseradet\/landsinformation\/falklandsoarna\/","url_meta":{"origin":12090,"position":5},"title":"Falklands\u00f6arna (Storbritannien)","author":"Reser\u00e5det","date":"2024-10-05","format":false,"excerpt":"Information till vaccinat\u00f6rer och reser\u00e5dgivare Klicka p\u00e5 bilden f\u00f6r st\u00f6rre karta Kort landsinformationVaccinationerAndra infektioner att vara observant p\u00e5\u00d6vriga reseriskerAktuella utbrott Kort landsinformation Falklands\u00f6arna (befolkning cirka 3 500 inv\u00e5nare) \u00e4r en brittisk utomeuropeisk \u00f6grupp bel\u00e4gen i s\u00f6dra Atlanten, cirka 500 kilometer \u00f6ster om Argentinas kust. Huvudstaden \u00e4r Stanley, som ligger p\u00e5\u2026","rel":"","context":"Liknande inl\u00e4gg","block_context":{"text":"Liknande inl\u00e4gg","link":""},"img":{"alt_text":"","src":"https:\/\/i0.wp.com\/resemedicin.se\/reseradet\/wp-content\/uploads\/2024\/10\/falklandsoarna-karta.jpg?resize=350%2C200&ssl=1","width":350,"height":200,"srcset":"https:\/\/i0.wp.com\/resemedicin.se\/reseradet\/wp-content\/uploads\/2024\/10\/falklandsoarna-karta.jpg?resize=350%2C200&ssl=1 1x, https:\/\/i0.wp.com\/resemedicin.se\/reseradet\/wp-content\/uploads\/2024\/10\/falklandsoarna-karta.jpg?resize=525%2C300&ssl=1 1.5x, https:\/\/i0.wp.com\/resemedicin.se\/reseradet\/wp-content\/uploads\/2024\/10\/falklandsoarna-karta.jpg?resize=700%2C400&ssl=1 2x"},"classes":[]}],"jetpack_sharing_enabled":true,"_links":{"self":[{"href":"https:\/\/resemedicin.se\/reseradet\/wp-json\/wp\/v2\/pages\/12090","targetHints":{"allow":["GET"]}}],"collection":[{"href":"https:\/\/resemedicin.se\/reseradet\/wp-json\/wp\/v2\/pages"}],"about":[{"href":"https:\/\/resemedicin.se\/reseradet\/wp-json\/wp\/v2\/types\/page"}],"author":[{"embeddable":true,"href":"https:\/\/resemedicin.se\/reseradet\/wp-json\/wp\/v2\/users\/1"}],"replies":[{"embeddable":true,"href":"https:\/\/resemedicin.se\/reseradet\/wp-json\/wp\/v2\/comments?post=12090"}],"version-history":[{"count":10,"href":"https:\/\/resemedicin.se\/reseradet\/wp-json\/wp\/v2\/pages\/12090\/revisions"}],"predecessor-version":[{"id":16579,"href":"https:\/\/resemedicin.se\/reseradet\/wp-json\/wp\/v2\/pages\/12090\/revisions\/16579"}],"wp:attachment":[{"href":"https:\/\/resemedicin.se\/reseradet\/wp-json\/wp\/v2\/media?parent=12090"}],"curies":[{"name":"wp","href":"https:\/\/api.w.org\/{rel}","templated":true}]}}