{"id":11,"date":"2024-03-04T14:44:14","date_gmt":"2024-03-04T14:44:14","guid":{"rendered":"https:\/\/www.friskparesan.se\/?page_id=11"},"modified":"2026-03-31T10:23:03","modified_gmt":"2026-03-31T09:23:03","slug":"reseradet","status":"publish","type":"page","link":"https:\/\/resemedicin.se\/reseradet\/","title":{"rendered":"Reser\u00e5det Pro med Svar ig\u00e5r"},"content":{"rendered":"\n<figure class=\"wp-block-image size-full\"><img data-recalc-dims=\"1\" loading=\"lazy\" decoding=\"async\" width=\"840\" height=\"289\" src=\"https:\/\/i0.wp.com\/resemedicin.se\/reseradet\/wp-content\/uploads\/2026\/03\/banner-reseradet.jpg?resize=840%2C289&#038;ssl=1\" alt=\"\" class=\"wp-image-16574\" srcset=\"https:\/\/i0.wp.com\/resemedicin.se\/reseradet\/wp-content\/uploads\/2026\/03\/banner-reseradet.jpg?w=1024&amp;ssl=1 1024w, https:\/\/i0.wp.com\/resemedicin.se\/reseradet\/wp-content\/uploads\/2026\/03\/banner-reseradet.jpg?resize=300%2C103&amp;ssl=1 300w, https:\/\/i0.wp.com\/resemedicin.se\/reseradet\/wp-content\/uploads\/2026\/03\/banner-reseradet.jpg?resize=768%2C264&amp;ssl=1 768w\" sizes=\"auto, (max-width: 709px) 85vw, (max-width: 909px) 67vw, (max-width: 1362px) 62vw, 840px\" \/><\/figure>\n\n\n\n<h2 class=\"wp-block-heading has-text-color has-link-color wp-elements-0b18790e26687e1d4c7e6c5edc74d3c4\" style=\"color:#2b7c08\">Kunskapsst\u00f6d f\u00f6r vaccination och resemedicin<\/h2>\n\n\n\n<p style=\"font-size:18px\">Reser\u00e5det Pro med&nbsp;<strong>Svar ig\u00e5r<\/strong>&nbsp;\u00e4r en del av informationsportalen <a href=\"https:\/\/resemedicin.se\">Reser\u00e5det<\/a> \u2013 Sveriges mest omfattande kunskapsresurs om vaccinationer och resemedicin.<\/p>\n\n\n\n<p style=\"font-size:18px\">Tj\u00e4nsten \u00e4r utvecklad f\u00f6r l\u00e4kare och sjuksk\u00f6terskor som arbetar med vaccination och resemedicinsk r\u00e5dgivning. H\u00e4r f\u00e5r du snabb tillg\u00e5ng till medicinsk bakgrundsinformation, praktiska rekommendationer och epidemiologiska uppdateringar som kan anv\u00e4ndas direkt i den kliniska r\u00e5dgivningen.<\/p>\n\n\n\n<div class=\"wp-block-buttons is-content-justification-center is-layout-flex wp-container-core-buttons-is-layout-16018d1d wp-block-buttons-is-layout-flex\">\n<div class=\"wp-block-button\"><a class=\"wp-block-button__link has-background wp-element-button\" href=\"https:\/\/resemedicin.se\/reseradet\/atkomst\/\" style=\"background-color:#2b7c08\">inloggning och registrering<\/a><\/div>\n<\/div>\n\n\n\n<hr class=\"wp-block-separator has-alpha-channel-opacity\"\/>\n\n\n\n<h2 class=\"wp-block-heading has-text-color has-link-color wp-elements-5d0e3498eb6dd333ba0ac63f3e4f5d77\" style=\"color:#2b7c08\">Vad inneh\u00e5ller Reser\u00e5det Pro?<\/h2>\n\n\n\n<p style=\"font-size:18px\">Reser\u00e5det Pro samlar kunskap och praktiska beslutsst\u00f6d f\u00f6r arbetet p\u00e5 vaccinationsmottagning.<\/p>\n\n\n\n<p style=\"font-size:18px\">Som prenumerant f\u00e5r du tillg\u00e5ng till:<\/p>\n\n\n\n<p style=\"font-size:18px\">\u2022 medicinsk bakgrund om infektionsrisker vid resor<br>\u2022 praktiska rekommendationer om resevacciner<br>\u2022 epidemiologiska uppdateringar via&nbsp;<strong>EpiNytt<\/strong><br>\u2022 f\u00f6rdjupningsartiklar om infektionssjukdomar av betydelse i resemedicin<br>\u2022&nbsp;<strong>Svar ig\u00e5r<\/strong>&nbsp;\u2013 m\u00f6jlighet att st\u00e4lla kliniska fr\u00e5gor om vaccination och resemedicin<\/p>\n\n\n\n<p style=\"font-size:18px\">Materialet \u00e4r strukturerat f\u00f6r att snabbt kunna anv\u00e4ndas i r\u00e5dgivning inf\u00f6r resa.<\/p>\n\n\n\n<p style=\"font-size:18px\">Om du \u00e4r resen\u00e4r som beh\u00f6ver r\u00e5d inf\u00f6r din resa h\u00e4nvisar vi i st\u00e4llet till , v\u00e5r sajt f\u00f6r <strong>resen\u00e4rer och allm\u00e4nheten<\/strong>.<\/p>\n\n\n\n<div class=\"wp-block-buttons is-content-justification-center is-layout-flex wp-container-core-buttons-is-layout-16018d1d wp-block-buttons-is-layout-flex\">\n<div class=\"wp-block-button\"><a class=\"wp-block-button__link has-background wp-element-button\" href=\"https:\/\/resemedicin.se\/reseradet\/om-reseradet\/#reseradet\" style=\"background-color:#2b7c08\">mer om inneh\u00e5llet<\/a><\/div>\n<\/div>\n\n\n\n<hr class=\"wp-block-separator has-alpha-channel-opacity\"\/>\n\n\n\n<h2 class=\"wp-block-heading has-text-color has-link-color wp-elements-77c1f8fb016f07e33ba43da290f7e940\" style=\"color:#2b7c08\">F\u00f6r vem \u00e4r Reser\u00e5det Pro?<\/h2>\n\n\n\n<p style=\"font-size:18px\">Reser\u00e5det Pro riktar sig till:<\/p>\n\n\n\n<p style=\"font-size:18px\">\u2022 l\u00e4kare inom infektion, allm\u00e4nmedicin och barnmedicin<br>\u2022 sjuksk\u00f6terskor p\u00e5 vaccinationsmottagningar<br>\u2022 personal inom resemedicin och f\u00f6retagsh\u00e4lsov\u00e5rd<br>\u2022 andra v\u00e5rdgivare som arbetar med vaccinationsr\u00e5dgivning inf\u00f6r resor<\/p>\n\n\n\n<p style=\"font-size:18px\">Om du i st\u00e4llet \u00e4r resen\u00e4r som s\u00f6ker r\u00e5d inf\u00f6r en resa h\u00e4nvisar vi till&nbsp;<strong><a href=\"https:\/\/resemedicin.se\/friskparesan\/\">Reser\u00e5det &#8211; Frisk p\u00e5 Resan<\/a><\/strong>, v\u00e5r informationssajt f\u00f6r allm\u00e4nheten.<\/p>\n\n\n\n<hr class=\"wp-block-separator has-alpha-channel-opacity\"\/>\n\n\n\n<h2 class=\"wp-block-heading has-text-color has-link-color wp-elements-cac66f4361bd7ee96a541ed1eb331558\" style=\"color:#2b7c08\">Prova Reser\u00e5det Pro<\/h2>\n\n\n\n<p style=\"font-size:18px\">Arbetar du professionellt med vaccinationsfr\u00e5gor eller resemedicin men \u00e4r \u00e4nnu inte prenumerant?<\/p>\n\n\n\n<p style=\"font-size:18px\">Du kan&nbsp;<strong>prova Reser\u00e5det Pro med Svar ig\u00e5r <a href=\"https:\/\/resemedicin.se\/reseradet\/gratis-prova-pa\/\">utan f\u00f6rpliktelse under 1 m\u00e5nad <\/a>.<\/strong><\/p>\n\n\n\n<h2 class=\"wp-block-heading has-text-color has-link-color wp-elements-0e0a4eaab06db008defd4b6b36192ac5\" style=\"color:#2b7c08\">Inloggning<\/h2>\n\n\n\n<p style=\"font-size:18px\">F\u00f6r att komma \u00e5t inneh\u00e5llet p\u00e5 Reser\u00e5det Pro beh\u00f6ver du vara registrerad anv\u00e4ndare. Logga in med anv\u00e4ndarnamn eller e-postadress och l\u00f6senord.<\/p>\n\n\n\n<p style=\"font-size:18px\">Har du gl\u00f6mt ditt l\u00f6senord kan du enkelt best\u00e4lla ett nytt via funktionen&nbsp;<strong>Gl\u00f6mt l\u00f6senord<\/strong>.<\/p>\n\n\n\n<p style=\"font-size:18px\">Vid tekniska problem kan du kontakta: <strong><a>reseradet@resemedicin.se<\/a><\/strong><\/p>\n\n\n\n<div class=\"wp-block-buttons is-content-justification-center is-layout-flex wp-container-core-buttons-is-layout-16018d1d wp-block-buttons-is-layout-flex\">\n<div class=\"wp-block-button\"><a class=\"wp-block-button__link has-background wp-element-button\" href=\"https:\/\/resemedicin.se\/reseradet\/atkomst\/\" style=\"background-color:#2b7c08\">inloggning och registrering<\/a><\/div>\n<\/div>\n\n\n\n<hr class=\"wp-block-separator has-alpha-channel-opacity\"\/>\n\n\n\n<h2 class=\"wp-block-heading has-text-color has-link-color wp-elements-6ce87e593baa17482b415ace5725f505\" style=\"color:#2b7c08\">Fortbildning i vaccinationer och resemedicin<\/h2>\n\n\n\n<p style=\"font-size:18px\"><strong>Reser\u00e5det Vaccinakademi&nbsp;<\/strong>erbjuder strukturerad vidareutbildning f\u00f6r l\u00e4kare, sjuksk\u00f6terskor och andra som arbetar professionellt med vaccinationer och resemedicin. Utbildningarna omfattar hela kunskapsomr\u00e5det \u2013 fr\u00e5n grundl\u00e4ggande vaccinologi och praktisk vaccinationsverksamhet till f\u00f6rdjupning inom infektionssjukdomar, vaccinationsstrategier och resemedicin.<\/p>\n\n\n\n<p style=\"font-size:18px\">Reser\u00e5det Vaccinakademis utbildningar \u00e4r organiserade som ett sammanh\u00e4ngande fortbildningsprogram inom vaccinationer och resemedicin. Programmet omfattar:<\/p>\n\n\n\n<ul class=\"wp-block-list\">\n<li style=\"font-size:18px\">Tre utbildningsniv\u00e5er:&nbsp;<strong>Grund \u2013 Forts\u00e4ttning \u2013 F\u00f6rdjupning<\/strong><\/li>\n\n\n\n<li style=\"font-size:18px\">\u00c5rliga p\u00e5-plats-kurser<\/li>\n\n\n\n<li style=\"font-size:18px\">Webbaserade e-utbildningar som kan genomf\u00f6ras i egen takt<\/li>\n\n\n\n<li style=\"font-size:18px\">Fallbaserad undervisning med kliniska situationer<\/li>\n\n\n\n<li style=\"font-size:18px\">Kursintyg efter godk\u00e4nd kurs<\/li>\n<\/ul>\n\n\n\n<p style=\"font-size:18px\">Kurserna kan l\u00e4sas frist\u00e5ende men \u00e4r ocks\u00e5 utformade s\u00e5 att de tillsammans bildar en progressiv utbildningsserie.<\/p>\n\n\n\n<div class=\"wp-block-buttons is-content-justification-center is-layout-flex wp-container-core-buttons-is-layout-16018d1d wp-block-buttons-is-layout-flex\">\n<div class=\"wp-block-button\"><a class=\"wp-block-button__link has-background wp-element-button\" href=\"https:\/\/resemedicin.se\/utbildning\/\" style=\"background-color:#2b7c08\" target=\"_blank\" rel=\"noreferrer noopener\">alla utbildningar<\/a><\/div>\n<\/div>\n","protected":false},"excerpt":{"rendered":"<p>Kunskapsst\u00f6d f\u00f6r vaccination och resemedicin Reser\u00e5det Pro med&nbsp;Svar ig\u00e5r&nbsp;\u00e4r en del av informationsportalen Reser\u00e5det \u2013 Sveriges mest omfattande kunskapsresurs om vaccinationer och resemedicin. Tj\u00e4nsten \u00e4r utvecklad f\u00f6r l\u00e4kare och sjuksk\u00f6terskor som arbetar med vaccination och resemedicinsk r\u00e5dgivning. H\u00e4r f\u00e5r du snabb tillg\u00e5ng till medicinsk bakgrundsinformation, praktiska rekommendationer och epidemiologiska uppdateringar som kan anv\u00e4ndas direkt i &hellip; <a href=\"https:\/\/resemedicin.se\/reseradet\/\" class=\"more-link\">Forts\u00e4tt l\u00e4sa<span class=\"screen-reader-text\"> \u201dReser\u00e5det Pro med Svar ig\u00e5r\u201d<\/span><\/a><\/p>\n","protected":false},"author":1,"featured_media":0,"parent":0,"menu_order":0,"comment_status":"closed","ping_status":"closed","template":"","meta":{"_lmt_disableupdate":"no","_lmt_disable":"","footnotes":""},"class_list":["post-11","page","type-page","status-publish","hentry"],"jetpack-related-posts":[{"id":16,"url":"https:\/\/resemedicin.se\/reseradet\/om-reseradet\/","url_meta":{"origin":11,"position":0},"title":"Om oss","author":"Reser\u00e5det","date":"2024-03-04","format":false,"excerpt":"Reser\u00e5det\u00ae \u00e4r Sveriges st\u00f6rsta oberoende kunskapsakt\u00f6r inom omr\u00e5det vaccinationer och medicinsk reser\u00e5dgivning. Vi erbjuder genom portalen Reser\u00e5det\u00ae Pro med fr\u00e5getj\u00e4nsten Svar ig\u00e5r, samt kurser och e-utbildningar i Vaccinakademin\u00ae ett helt\u00e4ckande kompetensst\u00f6d till mer \u00e4n 500 vaccinationsmottagningar i Sverige, Norge och Finland.\u00a0Det kommenterande nyhetsbrevet EpiNytt\u00ae f\u00f6rser varje vecka fler \u00e4n 2\u2026","rel":"","context":"Liknande inl\u00e4gg","block_context":{"text":"Liknande inl\u00e4gg","link":""},"img":{"alt_text":"","src":"https:\/\/i0.wp.com\/resemedicin.se\/reseradet\/wp-content\/uploads\/2026\/03\/banner-reseradet.jpg?resize=350%2C200&ssl=1","width":350,"height":200,"srcset":"https:\/\/i0.wp.com\/resemedicin.se\/reseradet\/wp-content\/uploads\/2026\/03\/banner-reseradet.jpg?resize=350%2C200&ssl=1 1x, https:\/\/i0.wp.com\/resemedicin.se\/reseradet\/wp-content\/uploads\/2026\/03\/banner-reseradet.jpg?resize=525%2C300&ssl=1 1.5x, https:\/\/i0.wp.com\/resemedicin.se\/reseradet\/wp-content\/uploads\/2026\/03\/banner-reseradet.jpg?resize=700%2C400&ssl=1 2x"},"classes":[]},{"id":10304,"url":"https:\/\/resemedicin.se\/reseradet\/prenumeration\/","url_meta":{"origin":11,"position":1},"title":"Prenumeration och fakturering","author":"Reser\u00e5det","date":"2024-10-22","format":false,"excerpt":"Detta ing\u00e5r i prenumerationen Priser Fakturering Detta ing\u00e5r i en prenumeration av Reser\u00e5det Pro En prenumeration p\u00e5\u00a0Reser\u00e5det Pro\u00a0ger Dig tillg\u00e5ng till mer \u00e4n 400 sidor kontinuerligt uppdaterad information om allt du beh\u00f6ver veta som vaccinat\u00f6r och reser\u00e5dgivare. Du f\u00e5r ocks\u00e5 tillg\u00e5ng till samtliga de fr\u00e5gor och svar som besvarats sedan\u2026","rel":"","context":"Liknande inl\u00e4gg","block_context":{"text":"Liknande inl\u00e4gg","link":""},"img":{"alt_text":"","src":"https:\/\/i0.wp.com\/resemedicin.se\/reseradet\/wp-content\/uploads\/2026\/03\/banner-reseradet.jpg?resize=350%2C200&ssl=1","width":350,"height":200,"srcset":"https:\/\/i0.wp.com\/resemedicin.se\/reseradet\/wp-content\/uploads\/2026\/03\/banner-reseradet.jpg?resize=350%2C200&ssl=1 1x, https:\/\/i0.wp.com\/resemedicin.se\/reseradet\/wp-content\/uploads\/2026\/03\/banner-reseradet.jpg?resize=525%2C300&ssl=1 1.5x, https:\/\/i0.wp.com\/resemedicin.se\/reseradet\/wp-content\/uploads\/2026\/03\/banner-reseradet.jpg?resize=700%2C400&ssl=1 2x"},"classes":[]},{"id":10888,"url":"https:\/\/resemedicin.se\/reseradet\/gratis-prova-pa\/","url_meta":{"origin":11,"position":2},"title":"Gratis prova p\u00e5","author":"Reser\u00e5det","date":"2024-10-28","format":false,"excerpt":"Du som professionellt arbetar med vaccinationsfr\u00e5gor eller resemedicin kan utan kostnad prova p\u00e5 Reser\u00e5det Pro och Svar ig\u00e5r. Detta ing\u00e5r: Mer \u00e4n 400 sidor kontinuerligt uppdaterad information r\u00f6rande resemedicin och anv\u00e4ndning av samtliga tillg\u00e4ngliga vacciner och medel f\u00f6r malariaprofylax i Sverige; ing\u00e5ende rese- och vaccinationsrekommendationer f\u00f6r mer \u00e4n 240 l\u00e4nder\u2026","rel":"","context":"Liknande inl\u00e4gg","block_context":{"text":"Liknande inl\u00e4gg","link":""},"img":{"alt_text":"","src":"https:\/\/i0.wp.com\/resemedicin.se\/reseradet\/wp-content\/uploads\/2026\/03\/banner-reseradet.jpg?resize=350%2C200&ssl=1","width":350,"height":200,"srcset":"https:\/\/i0.wp.com\/resemedicin.se\/reseradet\/wp-content\/uploads\/2026\/03\/banner-reseradet.jpg?resize=350%2C200&ssl=1 1x, https:\/\/i0.wp.com\/resemedicin.se\/reseradet\/wp-content\/uploads\/2026\/03\/banner-reseradet.jpg?resize=525%2C300&ssl=1 1.5x, https:\/\/i0.wp.com\/resemedicin.se\/reseradet\/wp-content\/uploads\/2026\/03\/banner-reseradet.jpg?resize=700%2C400&ssl=1 2x"},"classes":[]},{"id":13884,"url":"https:\/\/resemedicin.se\/reseradet\/referenser\/","url_meta":{"origin":11,"position":3},"title":"V\u00e5r evidensbas","author":"Reser\u00e5det","date":"2025-06-10","format":false,"excerpt":"Fakta, r\u00e5d och rekommendationer bygger p\u00e5 ett stort antal svenska och internationella k\u00e4llor, varav m\u00e5nga \u00e4r listade nedan. Svenska k\u00e4llor Folkh\u00e4lsomyndigheten Infektionsl\u00e4karf\u00f6reningen InfPreg Internetmedicin L\u00e4kemedelsverket Rikshandboken Barnh\u00e4lsov\u00e5rd (Gr\u00f6na Boken) Brittiska k\u00e4llor UK Green book NaTHNaC - Travel Health Pro Gov UK - Infectious Diseases Fit for Travel (NHS Scotland) Amerikanska\u2026","rel":"","context":"Liknande inl\u00e4gg","block_context":{"text":"Liknande inl\u00e4gg","link":""},"img":{"alt_text":"","src":"","width":0,"height":0},"classes":[]},{"id":13297,"url":"https:\/\/resemedicin.se\/reseradet\/prenumerera-kostnadsfritt-pa-epinytt\/","url_meta":{"origin":11,"position":4},"title":"Prenumerera kostnadsfritt p\u00e5 EpiNytt","author":"Reser\u00e5det","date":"2025-05-12","format":false,"excerpt":"Nyhetsbrevet EpiNytt kommer vanligen ut en g\u00e5ng i veckan (p\u00e5 tisdagar) med aktuell information om utbrott och andra nyheter av relevans f\u00f6r vaccinat\u00f6rer och reser\u00e5dgivare, samt rikligt med l\u00e4nkar till bakgrundsinformation och rekommendationer p\u00e5 Reser\u00e5det Pro. Prenumeration p\u00e5 EpiNytt \u00e4r kostnadsfritt, men f\u00f6r till g\u00e5ng till Reser\u00e5det Pro kr\u00e4vs \u00e5rsprenumeration.","rel":"","context":"Liknande inl\u00e4gg","block_context":{"text":"Liknande inl\u00e4gg","link":""},"img":{"alt_text":"","src":"","width":0,"height":0},"classes":[]},{"id":12090,"url":"https:\/\/resemedicin.se\/reseradet\/atkomst\/","url_meta":{"origin":11,"position":5},"title":"Inloggning och registrering","author":"Reser\u00e5det","date":"2024-11-11","format":false,"excerpt":"Grattis du \u00e4r inloggad p\u00e5 Reser\u00e5det Pro och kan g\u00e5 vidare p\u00e5 sajten genom att klicka p\u00e5 n\u00e5gon av menyerna ovan!","rel":"","context":"Liknande inl\u00e4gg","block_context":{"text":"Liknande inl\u00e4gg","link":""},"img":{"alt_text":"","src":"https:\/\/i0.wp.com\/resemedicin.se\/reseradet\/wp-content\/uploads\/2026\/03\/banner-reseradet.jpg?resize=350%2C200&ssl=1","width":350,"height":200,"srcset":"https:\/\/i0.wp.com\/resemedicin.se\/reseradet\/wp-content\/uploads\/2026\/03\/banner-reseradet.jpg?resize=350%2C200&ssl=1 1x, https:\/\/i0.wp.com\/resemedicin.se\/reseradet\/wp-content\/uploads\/2026\/03\/banner-reseradet.jpg?resize=525%2C300&ssl=1 1.5x, https:\/\/i0.wp.com\/resemedicin.se\/reseradet\/wp-content\/uploads\/2026\/03\/banner-reseradet.jpg?resize=700%2C400&ssl=1 2x"},"classes":[]}],"jetpack_sharing_enabled":true,"_links":{"self":[{"href":"https:\/\/resemedicin.se\/reseradet\/wp-json\/wp\/v2\/pages\/11","targetHints":{"allow":["GET"]}}],"collection":[{"href":"https:\/\/resemedicin.se\/reseradet\/wp-json\/wp\/v2\/pages"}],"about":[{"href":"https:\/\/resemedicin.se\/reseradet\/wp-json\/wp\/v2\/types\/page"}],"author":[{"embeddable":true,"href":"https:\/\/resemedicin.se\/reseradet\/wp-json\/wp\/v2\/users\/1"}],"replies":[{"embeddable":true,"href":"https:\/\/resemedicin.se\/reseradet\/wp-json\/wp\/v2\/comments?post=11"}],"version-history":[{"count":153,"href":"https:\/\/resemedicin.se\/reseradet\/wp-json\/wp\/v2\/pages\/11\/revisions"}],"predecessor-version":[{"id":16575,"href":"https:\/\/resemedicin.se\/reseradet\/wp-json\/wp\/v2\/pages\/11\/revisions\/16575"}],"wp:attachment":[{"href":"https:\/\/resemedicin.se\/reseradet\/wp-json\/wp\/v2\/media?parent=11"}],"curies":[{"name":"wp","href":"https:\/\/api.w.org\/{rel}","templated":true}]}}