{"id":10888,"date":"2024-10-28T05:56:45","date_gmt":"2024-10-28T05:56:45","guid":{"rendered":"https:\/\/resemedicin.se\/reseradet\/?page_id=10888"},"modified":"2026-03-31T10:36:02","modified_gmt":"2026-03-31T09:36:02","slug":"gratis-prova-pa","status":"publish","type":"page","link":"https:\/\/resemedicin.se\/reseradet\/gratis-prova-pa\/","title":{"rendered":"Gratis prova p\u00e5"},"content":{"rendered":"\n<figure class=\"wp-block-image size-full\"><img data-recalc-dims=\"1\" loading=\"lazy\" decoding=\"async\" width=\"840\" height=\"289\" src=\"https:\/\/i0.wp.com\/resemedicin.se\/reseradet\/wp-content\/uploads\/2026\/03\/banner-reseradet.jpg?resize=840%2C289&#038;ssl=1\" alt=\"\" class=\"wp-image-16574\" srcset=\"https:\/\/i0.wp.com\/resemedicin.se\/reseradet\/wp-content\/uploads\/2026\/03\/banner-reseradet.jpg?w=1024&amp;ssl=1 1024w, https:\/\/i0.wp.com\/resemedicin.se\/reseradet\/wp-content\/uploads\/2026\/03\/banner-reseradet.jpg?resize=300%2C103&amp;ssl=1 300w, https:\/\/i0.wp.com\/resemedicin.se\/reseradet\/wp-content\/uploads\/2026\/03\/banner-reseradet.jpg?resize=768%2C264&amp;ssl=1 768w\" sizes=\"auto, (max-width: 709px) 85vw, (max-width: 909px) 67vw, (max-width: 1362px) 62vw, 840px\" \/><\/figure>\n\n\n\n<p style=\"font-size:18px\"><strong>Du som professionellt arbetar med vaccinationsfr\u00e5gor eller resemedicin kan utan kostnad prova p\u00e5<\/strong> <em><strong>Reser\u00e5det Pro<\/strong><\/em> och <strong><em>Svar ig\u00e5r<\/em><\/strong>.<strong>  Detta ing\u00e5r:<\/strong><\/p>\n\n\n\n<ul class=\"wp-block-list\">\n<li>Mer \u00e4n 400 sidor kontinuerligt uppdaterad information r\u00f6rande resemedicin och anv\u00e4ndning av samtliga tillg\u00e4ngliga vacciner och medel f\u00f6r malariaprofylax i Sverige;<\/li>\n\n\n\n<li>ing\u00e5ende rese- och vaccinationsrekommendationer f\u00f6r mer \u00e4n 240 l\u00e4nder och omr\u00e5den;<\/li>\n\n\n\n<li>f\u00f6rdjupad information om ett sjuttiotal relevanta sjukdomar med detaljerad epidemiologi;<\/li>\n\n\n\n<li>h\u00e4lsor\u00e5d och information om olika reserisker som st\u00f6d f\u00f6r r\u00e5dgivningen;<\/li>\n\n\n\n<li>en veckovis uppdaterad omv\u00e4rldsbevakning med bed\u00f6mning av relevansen av olika utbrott f\u00f6r r\u00e5dgivningen samt nyheter p\u00e5 vaccinationsfronten<\/li>\n\n\n\n<li>tillg\u00e5ng till flera tusen fr\u00e5gor och svar under vinjetten &#8217;Svar ig\u00e5r&#8217; med fr\u00e5gor sedan 2022 i s\u00f6kbar databas (m\u00f6jlighet att sj\u00e4lv st\u00e4lla fr\u00e5gor kr\u00e4ver till\u00e4ggsprenumeration).<\/li>\n<\/ul>\n\n\n\n<h3 class=\"wp-block-heading has-white-color has-text-color has-background has-link-color wp-elements-4e629b04c661596ab431f2eb6ce65f84\" style=\"background-color:#2b7c08\">Prenumeration med en m\u00e5nads gratis &#8221;prova-p\u00e5&#8221;-period<\/h3>\n\n\n\n<p style=\"font-size:18px\">Om du <a href=\"https:\/\/resemedicin.se\/reseradet\/atkomst\/\">registrerar dig<\/a> som ny <a href=\"https:\/\/resemedicin.se\/reseradet\/prenumeration\/\">prenumerant<\/a> kommer du att faktureras med 30 dagars netto betalning. Du kan under denna m\u00e5nad utan kostnad eller f\u00f6rpliktelse prova p\u00e5 om tj\u00e4nsten uppfyller dina f\u00f6rv\u00e4ntningar. Om du av n\u00e5gon anledning inte vill forts\u00e4tta, g\u00e5r det bra att med v\u00e5r <strong>&#8221;n\u00f6jd-kund-garanti&#8221;<\/strong> n\u00e4r som helst under denna tid skriftligen s\u00e4ga upp prenumerationen s\u00e5 stryker vi fakturan.<\/p>\n\n\n\n<p><\/p>\n","protected":false},"excerpt":{"rendered":"<p>Du som professionellt arbetar med vaccinationsfr\u00e5gor eller resemedicin kan utan kostnad prova p\u00e5 Reser\u00e5det Pro och Svar ig\u00e5r. Detta ing\u00e5r: Prenumeration med en m\u00e5nads gratis &#8221;prova-p\u00e5&#8221;-period Om du registrerar dig som ny prenumerant kommer du att faktureras med 30 dagars netto betalning. Du kan under denna m\u00e5nad utan kostnad eller f\u00f6rpliktelse prova p\u00e5 om tj\u00e4nsten &hellip; <a href=\"https:\/\/resemedicin.se\/reseradet\/gratis-prova-pa\/\" class=\"more-link\">Forts\u00e4tt l\u00e4sa<span class=\"screen-reader-text\"> \u201dGratis prova p\u00e5\u201d<\/span><\/a><\/p>\n","protected":false},"author":1,"featured_media":0,"parent":0,"menu_order":0,"comment_status":"closed","ping_status":"closed","template":"","meta":{"_lmt_disableupdate":"","_lmt_disable":"","footnotes":""},"class_list":["post-10888","page","type-page","status-publish","hentry"],"jetpack-related-posts":[{"id":10304,"url":"https:\/\/resemedicin.se\/reseradet\/prenumeration\/","url_meta":{"origin":10888,"position":0},"title":"Prenumeration och fakturering","author":"Reser\u00e5det","date":"2024-10-22","format":false,"excerpt":"Detta ing\u00e5r i prenumerationen Priser Fakturering Detta ing\u00e5r i en prenumeration av Reser\u00e5det Pro En prenumeration p\u00e5\u00a0Reser\u00e5det Pro\u00a0ger Dig tillg\u00e5ng till mer \u00e4n 400 sidor kontinuerligt uppdaterad information om allt du beh\u00f6ver veta som vaccinat\u00f6r och reser\u00e5dgivare. Du f\u00e5r ocks\u00e5 tillg\u00e5ng till samtliga de fr\u00e5gor och svar som besvarats sedan\u2026","rel":"","context":"Liknande inl\u00e4gg","block_context":{"text":"Liknande inl\u00e4gg","link":""},"img":{"alt_text":"","src":"https:\/\/i0.wp.com\/resemedicin.se\/reseradet\/wp-content\/uploads\/2026\/03\/banner-reseradet.jpg?resize=350%2C200&ssl=1","width":350,"height":200,"srcset":"https:\/\/i0.wp.com\/resemedicin.se\/reseradet\/wp-content\/uploads\/2026\/03\/banner-reseradet.jpg?resize=350%2C200&ssl=1 1x, https:\/\/i0.wp.com\/resemedicin.se\/reseradet\/wp-content\/uploads\/2026\/03\/banner-reseradet.jpg?resize=525%2C300&ssl=1 1.5x, https:\/\/i0.wp.com\/resemedicin.se\/reseradet\/wp-content\/uploads\/2026\/03\/banner-reseradet.jpg?resize=700%2C400&ssl=1 2x"},"classes":[]},{"id":11,"url":"https:\/\/resemedicin.se\/reseradet\/","url_meta":{"origin":10888,"position":1},"title":"Reser\u00e5det Pro med Svar ig\u00e5r","author":"Reser\u00e5det","date":"2024-03-04","format":false,"excerpt":"Kunskapsst\u00f6d f\u00f6r vaccination och resemedicin Reser\u00e5det Pro med\u00a0Svar ig\u00e5r\u00a0\u00e4r en del av informationsportalen Reser\u00e5det \u2013 Sveriges mest omfattande kunskapsresurs om vaccinationer och resemedicin. Tj\u00e4nsten \u00e4r utvecklad f\u00f6r l\u00e4kare och sjuksk\u00f6terskor som arbetar med vaccination och resemedicinsk r\u00e5dgivning. H\u00e4r f\u00e5r du snabb tillg\u00e5ng till medicinsk bakgrundsinformation, praktiska rekommendationer och epidemiologiska uppdateringar\u2026","rel":"","context":"Liknande inl\u00e4gg","block_context":{"text":"Liknande inl\u00e4gg","link":""},"img":{"alt_text":"","src":"https:\/\/i0.wp.com\/resemedicin.se\/reseradet\/wp-content\/uploads\/2026\/03\/banner-reseradet.jpg?resize=350%2C200&ssl=1","width":350,"height":200,"srcset":"https:\/\/i0.wp.com\/resemedicin.se\/reseradet\/wp-content\/uploads\/2026\/03\/banner-reseradet.jpg?resize=350%2C200&ssl=1 1x, https:\/\/i0.wp.com\/resemedicin.se\/reseradet\/wp-content\/uploads\/2026\/03\/banner-reseradet.jpg?resize=525%2C300&ssl=1 1.5x, https:\/\/i0.wp.com\/resemedicin.se\/reseradet\/wp-content\/uploads\/2026\/03\/banner-reseradet.jpg?resize=700%2C400&ssl=1 2x"},"classes":[]},{"id":16,"url":"https:\/\/resemedicin.se\/reseradet\/om-reseradet\/","url_meta":{"origin":10888,"position":2},"title":"Om oss","author":"Reser\u00e5det","date":"2024-03-04","format":false,"excerpt":"RESER\u00c5DET \u00e4r Sveriges st\u00f6rsta oberoende kunskapsakt\u00f6r inom vaccinationer och reser\u00e5dgivning. Vi erbjuder genom portalen Reser\u00e5det Pro med fr\u00e5getj\u00e4nsten Svar ig\u00e5r, nyhetsbrevet EpiNytt samt kurser och e-utbildningar i Reser\u00e5det Vaccinakademis ett helt\u00e4ckande st\u00f6d till mer \u00e4n 500 vaccinationsmottagningar I Sverige, Norge och Finland.\u00a0Vi kan \u00e4ven erbjuda skr\u00e4ddarsydda l\u00f6sningar som passar just\u2026","rel":"","context":"Liknande inl\u00e4gg","block_context":{"text":"Liknande inl\u00e4gg","link":""},"img":{"alt_text":"","src":"https:\/\/i0.wp.com\/resemedicin.se\/reseradet\/wp-content\/uploads\/2026\/03\/banner-reseradet.jpg?resize=350%2C200&ssl=1","width":350,"height":200,"srcset":"https:\/\/i0.wp.com\/resemedicin.se\/reseradet\/wp-content\/uploads\/2026\/03\/banner-reseradet.jpg?resize=350%2C200&ssl=1 1x, https:\/\/i0.wp.com\/resemedicin.se\/reseradet\/wp-content\/uploads\/2026\/03\/banner-reseradet.jpg?resize=525%2C300&ssl=1 1.5x, https:\/\/i0.wp.com\/resemedicin.se\/reseradet\/wp-content\/uploads\/2026\/03\/banner-reseradet.jpg?resize=700%2C400&ssl=1 2x"},"classes":[]},{"id":6519,"url":"https:\/\/resemedicin.se\/reseradet\/reserad\/diarrebehandling\/","url_meta":{"origin":10888,"position":3},"title":"Diarr\u00e9behandling","author":"Reser\u00e5det","date":"2024-09-20","format":false,"excerpt":"Information till vaccinat\u00f6rer och reser\u00e5dgivare Informationen p\u00e5 denna sida \u00e4r f\u00f6rfattad av Dr Lars Rombo. F\u00f6rsiktighet med mat och dryck \u00e4r absolut ingen garanti mot insjuknande. \u201dBoil it, Cook it, peel it or forget it\u201d l\u00e5ter bra men fungerar ofta inte! Enligt en f\u00f6rel\u00e4sare p\u00e5 resekongressen i Geneve 1997 \u00e4r\u2026","rel":"","context":"Liknande inl\u00e4gg","block_context":{"text":"Liknande inl\u00e4gg","link":""},"img":{"alt_text":"","src":"https:\/\/i0.wp.com\/resemedicin.se\/reseradet\/wp-content\/uploads\/2024\/10\/diarrebehandling.jpg?resize=350%2C200&ssl=1","width":350,"height":200,"srcset":"https:\/\/i0.wp.com\/resemedicin.se\/reseradet\/wp-content\/uploads\/2024\/10\/diarrebehandling.jpg?resize=350%2C200&ssl=1 1x, https:\/\/i0.wp.com\/resemedicin.se\/reseradet\/wp-content\/uploads\/2024\/10\/diarrebehandling.jpg?resize=525%2C300&ssl=1 1.5x, https:\/\/i0.wp.com\/resemedicin.se\/reseradet\/wp-content\/uploads\/2024\/10\/diarrebehandling.jpg?resize=700%2C400&ssl=1 2x"},"classes":[]},{"id":9671,"url":"https:\/\/resemedicin.se\/reseradet\/landsinformation\/pitcairn\/","url_meta":{"origin":10888,"position":4},"title":"Pitcairn\u00f6arna*","author":"Reser\u00e5det","date":"2024-10-14","format":false,"excerpt":"Information till vaccinat\u00f6rer och reser\u00e5dgivare * Informationen p\u00e5 denna sida \u00e4r direkt h\u00e4mtad fr\u00e5n \"gamla\" Reser\u00e5det. Sidan kommer att uppdateras inom kort. Lathund Resen\u00e4rskategoriTid: <3 veckorTid: 3 veckor - 3m\u00e5nTid: >3 m\u00e5nAllagrundskydd hepatit A hepatit B? (se information) turistdiarr\u00e9 h\u00e4lsor\u00e5dDessutom: hepatit BtyfoidDessutom: Ytterligare information H\u00e4lsor\u00e5dL\u00e4s h\u00e4lsor\u00e5den f\u00f6r resen\u00e4rer till Sydostasien\u2026","rel":"","context":"Liknande inl\u00e4gg","block_context":{"text":"Liknande inl\u00e4gg","link":""},"img":{"alt_text":"","src":"","width":0,"height":0},"classes":[]},{"id":244,"url":"https:\/\/resemedicin.se\/reseradet\/sjukdomar-och-vacciner\/parotit\/","url_meta":{"origin":10888,"position":5},"title":"Parotit (p\u00e5ssjuka)","author":"Reser\u00e5det","date":"2024-03-07","format":false,"excerpt":"Information till vaccinat\u00f6rer och reser\u00e5dgivare Smitt\u00e4mnet och smittv\u00e4gar Sjukdomsbild Diagnostik och behandling Epidemiologi Riskgrupper Vaccination Aktuella utbrott Smitt\u00e4mnet och smittv\u00e4gar P\u00e5ssjuka (parotit) \u00e4r en akut infektionssjukdom orsakad av parotitvirus, ett RNA-virus ur familjen Paramyxoviridae, sl\u00e4ktet Rubulavirus. Viruset \u00e4r besl\u00e4ktat med andra paramyxovirus som t.ex. parainfluensavirus, med vilket de producerar korsreagerance\u2026","rel":"","context":"Liknande inl\u00e4gg","block_context":{"text":"Liknande inl\u00e4gg","link":""},"img":{"alt_text":"","src":"https:\/\/i0.wp.com\/resemedicin.se\/reseradet\/wp-content\/uploads\/2024\/07\/parotit.jpg?resize=350%2C200&ssl=1","width":350,"height":200,"srcset":"https:\/\/i0.wp.com\/resemedicin.se\/reseradet\/wp-content\/uploads\/2024\/07\/parotit.jpg?resize=350%2C200&ssl=1 1x, https:\/\/i0.wp.com\/resemedicin.se\/reseradet\/wp-content\/uploads\/2024\/07\/parotit.jpg?resize=525%2C300&ssl=1 1.5x, https:\/\/i0.wp.com\/resemedicin.se\/reseradet\/wp-content\/uploads\/2024\/07\/parotit.jpg?resize=700%2C400&ssl=1 2x, https:\/\/i0.wp.com\/resemedicin.se\/reseradet\/wp-content\/uploads\/2024\/07\/parotit.jpg?resize=1050%2C600&ssl=1 3x"},"classes":[]}],"jetpack_sharing_enabled":true,"_links":{"self":[{"href":"https:\/\/resemedicin.se\/reseradet\/wp-json\/wp\/v2\/pages\/10888","targetHints":{"allow":["GET"]}}],"collection":[{"href":"https:\/\/resemedicin.se\/reseradet\/wp-json\/wp\/v2\/pages"}],"about":[{"href":"https:\/\/resemedicin.se\/reseradet\/wp-json\/wp\/v2\/types\/page"}],"author":[{"embeddable":true,"href":"https:\/\/resemedicin.se\/reseradet\/wp-json\/wp\/v2\/users\/1"}],"replies":[{"embeddable":true,"href":"https:\/\/resemedicin.se\/reseradet\/wp-json\/wp\/v2\/comments?post=10888"}],"version-history":[{"count":18,"href":"https:\/\/resemedicin.se\/reseradet\/wp-json\/wp\/v2\/pages\/10888\/revisions"}],"predecessor-version":[{"id":16581,"href":"https:\/\/resemedicin.se\/reseradet\/wp-json\/wp\/v2\/pages\/10888\/revisions\/16581"}],"wp:attachment":[{"href":"https:\/\/resemedicin.se\/reseradet\/wp-json\/wp\/v2\/media?parent=10888"}],"curies":[{"name":"wp","href":"https:\/\/api.w.org\/{rel}","templated":true}]}}