{"id":10697,"date":"2024-10-26T10:40:03","date_gmt":"2024-10-26T10:40:03","guid":{"rendered":"https:\/\/resemedicin.se\/reseradet\/?page_id=10697"},"modified":"2026-03-26T08:01:36","modified_gmt":"2026-03-26T07:01:36","slug":"franskapolynesien","status":"publish","type":"page","link":"https:\/\/resemedicin.se\/reseradet\/landsinformation\/franskapolynesien\/","title":{"rendered":"Franska polynesien"},"content":{"rendered":"Du m\u00e5ste vara inloggad f\u00f6r att visa detta inneh\u00e5ll.","protected":false},"excerpt":{"rendered":"Du m\u00e5ste vara inloggad f\u00f6r att visa detta inneh\u00e5ll.","protected":false},"author":1,"featured_media":0,"parent":49,"menu_order":1,"comment_status":"open","ping_status":"closed","template":"","meta":{"_lmt_disableupdate":"no","_lmt_disable":"","footnotes":""},"class_list":["post-10697","page","type-page","status-publish","hentry"],"jetpack-related-posts":[{"id":9042,"url":"https:\/\/resemedicin.se\/reseradet\/landsinformation\/belgien\/","url_meta":{"origin":10697,"position":0},"title":"Belgien","author":"Reser\u00e5det","date":"2024-10-08","format":false,"excerpt":"Information till vaccinat\u00f6rer och reser\u00e5dgivare Klicka p\u00e5 bilden f\u00f6r st\u00f6rre karta Kort landsinformation Vaccinationer Andra infektioner att vara observant p\u00e5 \u00d6vriga reserisker Aktuella utbrott Kort landsinformation Belgien (befolkning cirka 11,5 miljoner inv\u00e5nare) \u00e4r ett litet, men t\u00e4tt befolkat land i V\u00e4steuropa. Det gr\u00e4nsar till Nederl\u00e4nderna i norr, Tyskland i \u00f6ster,\u2026","rel":"","context":"Liknande inl\u00e4gg","block_context":{"text":"Liknande inl\u00e4gg","link":""},"img":{"alt_text":"","src":"https:\/\/i0.wp.com\/resemedicin.se\/reseradet\/wp-content\/uploads\/2024\/10\/belgien-karta.jpg?resize=350%2C200&ssl=1","width":350,"height":200,"srcset":"https:\/\/i0.wp.com\/resemedicin.se\/reseradet\/wp-content\/uploads\/2024\/10\/belgien-karta.jpg?resize=350%2C200&ssl=1 1x, https:\/\/i0.wp.com\/resemedicin.se\/reseradet\/wp-content\/uploads\/2024\/10\/belgien-karta.jpg?resize=525%2C300&ssl=1 1.5x, https:\/\/i0.wp.com\/resemedicin.se\/reseradet\/wp-content\/uploads\/2024\/10\/belgien-karta.jpg?resize=700%2C400&ssl=1 2x"},"classes":[]},{"id":8129,"url":"https:\/\/resemedicin.se\/reseradet\/landsinformation\/frankrike\/","url_meta":{"origin":10697,"position":1},"title":"Frankrike, Monaco och Andorra","author":"Reser\u00e5det","date":"2024-10-03","format":false,"excerpt":"Information till vaccinat\u00f6rer och reser\u00e5dgivare Klicka p\u00e5 bilden f\u00f6r st\u00f6rre karta Kort landsinformation Vaccinationer Andra infektioner att vara observant p\u00e5 \u00d6vriga reserisker Aktuella utbrott Kort landsinformation Frankrike (befolkning cirka 68 miljoner inv\u00e5nare) \u00e4r bel\u00e4get i V\u00e4steuropa och gr\u00e4nsar till Belgien, Luxemburg, Tyskland, Schweiz, Italien, Monaco, Spanien och Andorra. Landet har\u2026","rel":"","context":"Liknande inl\u00e4gg","block_context":{"text":"Liknande inl\u00e4gg","link":""},"img":{"alt_text":"","src":"https:\/\/i0.wp.com\/resemedicin.se\/reseradet\/wp-content\/uploads\/2024\/10\/frankrike-karta.jpg?resize=350%2C200&ssl=1","width":350,"height":200,"srcset":"https:\/\/i0.wp.com\/resemedicin.se\/reseradet\/wp-content\/uploads\/2024\/10\/frankrike-karta.jpg?resize=350%2C200&ssl=1 1x, https:\/\/i0.wp.com\/resemedicin.se\/reseradet\/wp-content\/uploads\/2024\/10\/frankrike-karta.jpg?resize=525%2C300&ssl=1 1.5x, https:\/\/i0.wp.com\/resemedicin.se\/reseradet\/wp-content\/uploads\/2024\/10\/frankrike-karta.jpg?resize=700%2C400&ssl=1 2x"},"classes":[]},{"id":1011,"url":"https:\/\/resemedicin.se\/reseradet\/sjukdomar-och-vacciner\/zika\/","url_meta":{"origin":10697,"position":2},"title":"Zikavirusinfektion","author":"Reser\u00e5det","date":"2024-04-10","format":false,"excerpt":"Information till vaccinat\u00f6rer och reser\u00e5dgivare Smitt\u00e4mnet och smittv\u00e4gar Symptom Diagnostik och behandling Epidemiologi Riskgrupper Prevention Aktuella utbrott och andra nyheter Smitt\u00e4mnet och smittv\u00e4gar Zikavirusinfektion \u00e4r en myggburen sjukdom som orsakas av Zikavirus (ZIKV), ett enkelstr\u00e4ngat RNA-virus fr\u00e5n familjen flavivirus, n\u00e4ra besl\u00e4ktade med denguevirus, West Nile-virus och japansk encefalitvirus. Viruset isolerades\u2026","rel":"","context":"Liknande inl\u00e4gg","block_context":{"text":"Liknande inl\u00e4gg","link":""},"img":{"alt_text":"","src":"https:\/\/i0.wp.com\/resemedicin.se\/reseradet\/wp-content\/uploads\/2024\/08\/ZIKV.jpg?resize=350%2C200&ssl=1","width":350,"height":200,"srcset":"https:\/\/i0.wp.com\/resemedicin.se\/reseradet\/wp-content\/uploads\/2024\/08\/ZIKV.jpg?resize=350%2C200&ssl=1 1x, https:\/\/i0.wp.com\/resemedicin.se\/reseradet\/wp-content\/uploads\/2024\/08\/ZIKV.jpg?resize=525%2C300&ssl=1 1.5x, https:\/\/i0.wp.com\/resemedicin.se\/reseradet\/wp-content\/uploads\/2024\/08\/ZIKV.jpg?resize=700%2C400&ssl=1 2x"},"classes":[]},{"id":9108,"url":"https:\/\/resemedicin.se\/reseradet\/landsinformation\/schweiz\/","url_meta":{"origin":10697,"position":3},"title":"Schweiz och Liechtenstein","author":"Reser\u00e5det","date":"2024-10-08","format":false,"excerpt":"Information till vaccinat\u00f6rer och reser\u00e5dgivare Klicka p\u00e5 bilden f\u00f6r st\u00f6rre karta. Kort landsinformation Vaccinationer Andra infektioner att vara observant p\u00e5 \u00d6vriga reserisker Aktuella utbrott Kort landsinformation Schweiz (befolkning cirka 8,7 miljoner inv\u00e5nare) \u00e4r ett litet men v\u00e4lm\u00e5ende land i Centraleuropa, k\u00e4nt f\u00f6r sina imponerande berg, vackra sj\u00f6ar och internationella diplomatiska\u2026","rel":"","context":"Liknande inl\u00e4gg","block_context":{"text":"Liknande inl\u00e4gg","link":""},"img":{"alt_text":"","src":"https:\/\/i0.wp.com\/resemedicin.se\/reseradet\/wp-content\/uploads\/2024\/10\/schweiz-karta.jpg?resize=350%2C200&ssl=1","width":350,"height":200,"srcset":"https:\/\/i0.wp.com\/resemedicin.se\/reseradet\/wp-content\/uploads\/2024\/10\/schweiz-karta.jpg?resize=350%2C200&ssl=1 1x, https:\/\/i0.wp.com\/resemedicin.se\/reseradet\/wp-content\/uploads\/2024\/10\/schweiz-karta.jpg?resize=525%2C300&ssl=1 1.5x, https:\/\/i0.wp.com\/resemedicin.se\/reseradet\/wp-content\/uploads\/2024\/10\/schweiz-karta.jpg?resize=700%2C400&ssl=1 2x"},"classes":[]},{"id":9051,"url":"https:\/\/resemedicin.se\/reseradet\/landsinformation\/nederlanderna\/","url_meta":{"origin":10697,"position":4},"title":"Nederl\u00e4nderna","author":"Reser\u00e5det","date":"2024-10-08","format":false,"excerpt":"Information till vaccinat\u00f6rer och reser\u00e5dgivare Klicka p\u00e5 bilden f\u00f6r st\u00f6rre karta Kort landsinformation Vaccinationer Andra infektioner att vara observant p\u00e5 \u00d6vriga reserisker Aktuella utbrott Kort landsinformation Nederl\u00e4nderna (befolkning cirka 17,5 miljoner inv\u00e5nare) \u00e4r ett land i V\u00e4steuropa, som gr\u00e4nsar till Belgien i s\u00f6der, Tyskland i \u00f6ster och Nordsj\u00f6n i v\u00e4ster\u2026","rel":"","context":"Liknande inl\u00e4gg","block_context":{"text":"Liknande inl\u00e4gg","link":""},"img":{"alt_text":"","src":"https:\/\/i0.wp.com\/resemedicin.se\/reseradet\/wp-content\/uploads\/2024\/10\/nederlanderna-karta.jpg?resize=350%2C200&ssl=1","width":350,"height":200,"srcset":"https:\/\/i0.wp.com\/resemedicin.se\/reseradet\/wp-content\/uploads\/2024\/10\/nederlanderna-karta.jpg?resize=350%2C200&ssl=1 1x, https:\/\/i0.wp.com\/resemedicin.se\/reseradet\/wp-content\/uploads\/2024\/10\/nederlanderna-karta.jpg?resize=525%2C300&ssl=1 1.5x, https:\/\/i0.wp.com\/resemedicin.se\/reseradet\/wp-content\/uploads\/2024\/10\/nederlanderna-karta.jpg?resize=700%2C400&ssl=1 2x"},"classes":[]},{"id":8088,"url":"https:\/\/resemedicin.se\/reseradet\/landsinformation\/cypern\/","url_meta":{"origin":10697,"position":5},"title":"Cypern","author":"Reser\u00e5det","date":"2024-10-03","format":false,"excerpt":"Information till vaccinat\u00f6rer och reser\u00e5dgivare Klicka p\u00e5 bilden f\u00f6r st\u00f6rre karta. Kort landsinformation Vaccinationer Andra infektioner att vara observant p\u00e5 \u00d6vriga reserisker Aktuella utbrott Kort landsinformation Cypern (befolkning cirka 1,2 miljoner inv\u00e5nare) \u00e4r en \u00f6stat bel\u00e4gen i \u00f6stra Medelhavet, s\u00f6der om Turkiet och v\u00e4ster om Syrien och Libanon. Landet har\u2026","rel":"","context":"Liknande inl\u00e4gg","block_context":{"text":"Liknande inl\u00e4gg","link":""},"img":{"alt_text":"","src":"https:\/\/i0.wp.com\/resemedicin.se\/reseradet\/wp-content\/uploads\/2024\/10\/cypern-karta.jpg?resize=350%2C200&ssl=1","width":350,"height":200,"srcset":"https:\/\/i0.wp.com\/resemedicin.se\/reseradet\/wp-content\/uploads\/2024\/10\/cypern-karta.jpg?resize=350%2C200&ssl=1 1x, https:\/\/i0.wp.com\/resemedicin.se\/reseradet\/wp-content\/uploads\/2024\/10\/cypern-karta.jpg?resize=525%2C300&ssl=1 1.5x, https:\/\/i0.wp.com\/resemedicin.se\/reseradet\/wp-content\/uploads\/2024\/10\/cypern-karta.jpg?resize=700%2C400&ssl=1 2x"},"classes":[]}],"jetpack_sharing_enabled":true,"_links":{"self":[{"href":"https:\/\/resemedicin.se\/reseradet\/wp-json\/wp\/v2\/pages\/10697","targetHints":{"allow":["GET"]}}],"collection":[{"href":"https:\/\/resemedicin.se\/reseradet\/wp-json\/wp\/v2\/pages"}],"about":[{"href":"https:\/\/resemedicin.se\/reseradet\/wp-json\/wp\/v2\/types\/page"}],"author":[{"embeddable":true,"href":"https:\/\/resemedicin.se\/reseradet\/wp-json\/wp\/v2\/users\/1"}],"replies":[{"embeddable":true,"href":"https:\/\/resemedicin.se\/reseradet\/wp-json\/wp\/v2\/comments?post=10697"}],"version-history":[{"count":13,"href":"https:\/\/resemedicin.se\/reseradet\/wp-json\/wp\/v2\/pages\/10697\/revisions"}],"predecessor-version":[{"id":16237,"href":"https:\/\/resemedicin.se\/reseradet\/wp-json\/wp\/v2\/pages\/10697\/revisions\/16237"}],"up":[{"embeddable":true,"href":"https:\/\/resemedicin.se\/reseradet\/wp-json\/wp\/v2\/pages\/49"}],"wp:attachment":[{"href":"https:\/\/resemedicin.se\/reseradet\/wp-json\/wp\/v2\/media?parent=10697"}],"curies":[{"name":"wp","href":"https:\/\/api.w.org\/{rel}","templated":true}]}}