{"id":4190,"date":"2024-08-20T14:28:23","date_gmt":"2024-08-20T14:28:23","guid":{"rendered":"https:\/\/resemedicin.se\/reseradet\/?page_id=4190"},"modified":"2024-11-16T20:30:03","modified_gmt":"2024-11-16T19:30:03","slug":"sti","status":"publish","type":"page","link":"https:\/\/resemedicin.se\/friskparesan\/sjukdomar-och-vacciner\/sti\/","title":{"rendered":"Sexuellt \u00f6verf\u00f6rbara infektioner (STI)"},"content":{"rendered":"\n<h3 class=\"wp-block-heading\" id=\"sidtopp\">Information till resen\u00e4rer<\/h3>\n\n\n\n<div class=\"wp-block-columns is-layout-flex wp-container-core-columns-is-layout-9d6595d7 wp-block-columns-is-layout-flex\" style=\"line-height:1.4\">\n<div class=\"wp-block-column is-layout-flow wp-block-column-is-layout-flow\">\n<p><a href=\"https:\/\/resemedicin.se\/friskparesan\/sjukdomar-och-vacciner\/sti\/#oversikt\">\u00d6versikt<\/a><\/p>\n\n\n\n<p><a href=\"https:\/\/resemedicin.se\/friskparesan\/sjukdomar-och-vacciner\/sti\/#gonorre\">Gonorr\u00e9<\/a><\/p>\n\n\n\n<p><a href=\"https:\/\/resemedicin.se\/friskparesan\/sjukdomar-och-vacciner\/sti\/#hiv\">HIV-infektion<\/a><\/p>\n<\/div>\n\n\n\n<div class=\"wp-block-column is-layout-flow wp-block-column-is-layout-flow\">\n<p><a href=\"https:\/\/resemedicin.se\/friskparesan\/sjukdomar-och-vacciner\/sti\/#klamydia\">Klamydiainfektion<\/a><\/p>\n\n\n\n<p><a href=\"https:\/\/resemedicin.se\/friskparesan\/sjukdomar-och-vacciner\/sti\/#syfilis\">Syfilis<\/a><\/p>\n\n\n\n<p><a href=\"https:\/\/resemedicin.se\/friskparesan\/sjukdomar-och-vacciner\/sti\/#ulcus-molle\">Ulcus molle<\/a><\/p>\n<\/div>\n\n\n\n<div class=\"wp-block-column is-layout-flow wp-block-column-is-layout-flow\">\n<p><a href=\"https:\/\/resemedicin.se\/friskparesan\/sjukdomar-och-vacciner\/sti\/#ovriga-sti\">\u00d6vriga STI<\/a><\/p>\n\n\n\n<p><a href=\"https:\/\/resemedicin.se\/friskparesan\/sjukdomar-och-vacciner\/sti\/#riskgrupper\">Riskgrupper<\/a><\/p>\n\n\n\n<p><a href=\"https:\/\/resemedicin.se\/friskparesan\/sjukdomar-och-vacciner\/sti\/#prevention\">Hur man skyddar sig<\/a><\/p>\n<\/div>\n<\/div>\n\n\n\n<h3 class=\"wp-block-heading has-white-color has-text-color has-background has-link-color wp-elements-f2a5344bb46da409e41f11489ecd4f08\" id=\"oversikt\" style=\"background-color:#2b7c08\">\u00d6versikt<\/h3>\n\n\n\n<p>F\u00f6rutom de traditionella k\u00f6nssjukdomarna, s\u00e5som gonorr\u00e9, klamydia, syfilis, hiv-infektion och HPV, kan totalt ett 30-tal olika bakterier, virus och parasiter \u00f6verf\u00f6ras vid sex (vaginalt, oralt och analt), varav flera ocks\u00e5 kan \u00f6verf\u00f6ras fr\u00e5n mor till barn under graviditet och f\u00f6rlossning.<\/p>\n\n\n\n<p>Andra smitt\u00e4mnen som kan \u00f6verf\u00f6ras sexuellt inkluderar bl.a. <a href=\"https:\/\/resemedicin.se\/friskparesan\/sjukdomar-och-vacciner\/diarre-oversikt\/#entamoeba\"><em>Entamoeba histolytic<\/em>a<\/a>, <em><a href=\"https:\/\/resemedicin.se\/friskparesan\/sjukdomar-och-vacciner\/diarre-oversikt\/#giardia\">Giardia intestinalis<\/a>,<\/em> <a href=\"https:\/\/www.resemedicin.se\/friskparesan\/sjukdomar-och-vacciner\/hepatit-a\/\">hepatit A virus<\/a>, <a href=\"https:\/\/www.resemedicin.se\/friskparesan\/sjukdomar-och-vacciner\/hepatit-b\">hepatit B virus<\/a>, <a href=\"https:\/\/www.resemedicin.se\/friskparesan\/sjukdomar-och-vacciner\/hepatit-c\">hepatit C virus<\/a>, <a href=\"https:\/\/www.resemedicin.se\/friskparesan\/sjukdomar-och-vacciner\/hpv\/\">humant papillomvirus<\/a>, <a href=\"https:\/\/www.resemedicin.se\/friskparesan\/sjukdomar-och-vacciner\/mpox\/\">Mpox virus<\/a>, <a href=\"https:\/\/resemedicin.se\/reseradet\/sjukdomar-och-vacciner\/diarre-oversikt\/#shigella\"><em>Shigella sonnei<\/em><\/a>, och <a href=\"https:\/\/www.resemedicin.se\/friskparesan\/sjukdomar-och-vacciner\/zika\">zikavirus<\/a>.<\/p>\n\n\n\n<p><a href=\"https:\/\/resemedicin.se\/friskparesan\/sjukdomar-och-vacciner\/sti\/#sidtopp\">Till sidtoppen<\/a><\/p>\n\n\n\n<h3 class=\"wp-block-heading has-white-color has-text-color has-background has-link-color wp-elements-efb1f926e4bcb51134717b5e22eae634\" id=\"klassiska-sti\" style=\"background-color:#2b7c08\">Klassiska k\u00f6nssjukdomar<\/h3>\n\n\n\n<h5 class=\"wp-block-heading\" id=\"gonorre\">Gonorr\u00e9<\/h5>\n\n\n\n<p><strong>Smitt\u00e4mne: <\/strong>Bakterien <em>Neisseria gonorrhoeae<\/em>.<br><strong>Inkubationstid (tid fr\u00e5n smitta till symtom):<\/strong> 1-10 (vanligen 2-5) dagar.<br><strong>Akuta symtom:<\/strong> Urinsveda, flytningar (hos b\u00e5da k\u00f6nen). Buksm\u00e4rta och vaginalbl\u00f6dningar efter sex (hos kvinnor). Testikelsm\u00e4rta (hos m\u00e4n). Symtom fr\u00e5n andra lokaler f\u00f6rekommer inkl. \u00e4ndtarmen (analkl\u00e5da, flytningar, bl\u00f6dningar), \u00f6gon (varig \u00f6goninflammation, sm\u00e4rtor, ljusk\u00e4nslighet), leder (ledinfektion).<br><strong><strong><strong>F\u00f6rekomst<\/strong><\/strong>:<\/strong> Gonorr\u00e9 \u00e4r den n\u00e4st vanligaste sexuellt \u00f6verf\u00f6rbara infektionen efter klamydia, med uppskattningsvis &gt;80 miljoner nya fall per \u00e5r i \u00e5ldrarna 15-49 \u00e5r (en n\u00e4rmare 50% \u00f6kning p\u00e5 drygt 10 \u00e5r). F\u00f6rekomsten \u00e4r h\u00f6gst bland m\u00e4n som har sex med m\u00e4n (MSM), sexarbetare och transpersoner, fr\u00e4mst i Afrika s\u00f6der om Ekvatorn, Syd- och Sydostasien och Latinamerika. Mycket oroande \u00e4r den snabbt \u00f6kande andelen multiresistenta gonorr\u00e9stammar, inklusive mot ceftriaxon, ett av de enda kvarvarande f\u00f6rstahandspreparaten, framf\u00f6r allt i Syd- och Sydostasien d\u00e4r m\u00e5nga europeiska resen\u00e4rer blir smittade vid tillf\u00e4lliga sexuella kontakter.<\/p>\n\n\n\n<figure class=\"wp-block-image size-full\"><img loading=\"lazy\" decoding=\"async\" width=\"1024\" height=\"477\" src=\"https:\/\/resemedicin.se\/friskparesan\/wp-content\/uploads\/2024\/08\/Antibiotikaresistent-gonorre.jpg\" alt=\"\" class=\"wp-image-4790\" srcset=\"https:\/\/resemedicin.se\/friskparesan\/wp-content\/uploads\/2024\/08\/Antibiotikaresistent-gonorre.jpg 1024w, https:\/\/resemedicin.se\/friskparesan\/wp-content\/uploads\/2024\/08\/Antibiotikaresistent-gonorre-300x140.jpg 300w, https:\/\/resemedicin.se\/friskparesan\/wp-content\/uploads\/2024\/08\/Antibiotikaresistent-gonorre-768x358.jpg 768w\" sizes=\"auto, (max-width: 709px) 85vw, (max-width: 909px) 67vw, (max-width: 1362px) 62vw, 840px\" \/><figcaption class=\"wp-element-caption\">Andel ceftriaxon-resistent gonorr\u00e9.<\/figcaption><\/figure>\n\n\n\n<p><a href=\"https:\/\/resemedicin.se\/friskparesan\/sjukdomar-och-vacciner\/sti\/#sidtopp\">Till sidtoppen<\/a><\/p>\n\n\n\n<h5 class=\"wp-block-heading\" id=\"hiv\"><strong>HIV-infektion<\/strong><\/h5>\n\n\n\n<p><strong>Smitt\u00e4mne:<\/strong> Humant immunbristvirus (hiv)<br><strong><strong>Inkubationstid (tid fr\u00e5n smitta till symtom)<\/strong>:<\/strong> 2-4 veckor.<br><strong>Akuta symtom:<\/strong> K\u00f6rtelfeberliknande akut hiv-infektion, vanligen i 1-2 veckor med feber och frossa, huvudv\u00e4rk, tr\u00f6tthet, svullna lymfk\u00f6rtlar och ont i leder, muskler eller hals. Hos cirka h\u00e4lften av patienterna ett rodnat utslag, vanligen lokaliserat till b\u00e5len, hals, armar och l\u00e5r.<br><strong><strong>F\u00f6rekomst<\/strong>:<\/strong> Hiv-infektion forts\u00e4tter att vara ett av de st\u00f6rsta globala folkh\u00e4lsoproblemen. 2023 levde cirka 40 miljoner m\u00e4nniskor med hiv. 1,3 miljoner var nysmittade det \u00e5ret och 630 000 dog i sjukdomen. Klart h\u00f6gst hiv-f\u00f6rekomsten ses i Afrika s\u00f6der om ekvatorn men problemet \u00e4r ocks\u00e5 stort i Ryssland, Ukraina, USA, Latinamerika och Sydostasien. H\u00f6gst andel smittade ses hos intraven\u00f6sa drogmissbrukare, m\u00e4n som har sex med m\u00e4n (MSM) och prostituerade.<\/p>\n\n\n\n<figure class=\"wp-block-image size-full\"><img loading=\"lazy\" decoding=\"async\" width=\"1024\" height=\"598\" src=\"https:\/\/resemedicin.se\/friskparesan\/wp-content\/uploads\/2024\/08\/hiv-prevalens-karta.jpg\" alt=\"\" class=\"wp-image-4787\" srcset=\"https:\/\/resemedicin.se\/friskparesan\/wp-content\/uploads\/2024\/08\/hiv-prevalens-karta.jpg 1024w, https:\/\/resemedicin.se\/friskparesan\/wp-content\/uploads\/2024\/08\/hiv-prevalens-karta-300x175.jpg 300w, https:\/\/resemedicin.se\/friskparesan\/wp-content\/uploads\/2024\/08\/hiv-prevalens-karta-768x449.jpg 768w\" sizes=\"auto, (max-width: 709px) 85vw, (max-width: 909px) 67vw, (max-width: 1362px) 62vw, 840px\" \/><figcaption class=\"wp-element-caption\">Global hiv-prevalens 2019 (andel hiv-positiva i befolkningen i \u00e5ldrarna 15-49 \u00e5r).<\/figcaption><\/figure>\n\n\n\n<p><a href=\"https:\/\/resemedicin.se\/friskparesan\/sjukdomar-och-vacciner\/sti\/#sidtopp\">Till sidtoppen<\/a><\/p>\n\n\n\n<h5 class=\"wp-block-heading\" id=\"klamydia\">Klamydiainfektion<\/h5>\n\n\n\n<p><strong>Smitt\u00e4mne<\/strong>: Bakterien <em>Chlamydia trachomatis.<\/em><br><strong><strong>Inkubationstid (tid fr\u00e5n smitta till symtom):<\/strong>:<\/strong> 7-21 dagar.<br><strong>Akuta symtom:<\/strong> Urinsveda, flytningar (hos b\u00e5da k\u00f6nen). Buksm\u00e4rta och vaginalbl\u00f6dning efter sex , \u00e4ggledarinflammation, ektopisk graviditet (utomkvedshavandeskap), infertilitet (hos kvinnor). Testikelsm\u00e4rta, bitestikelinflammation, infertilitet (hos m\u00e4n). M\u00e5nga fall asymtomatiska.<br><strong><strong>F\u00f6rekomst<\/strong>:<\/strong> Den vanligaste sexuellt \u00f6verf\u00f6rbara infektionen med globalt &gt;60 miljoner fall. Vanligast i Afrika, Syd- och Sydostasien. &gt;200 000 fall per \u00e5r i EU.<\/p>\n\n\n\n<figure class=\"wp-block-image size-full\"><img loading=\"lazy\" decoding=\"async\" width=\"1024\" height=\"493\" src=\"https:\/\/resemedicin.se\/friskparesan\/wp-content\/uploads\/2024\/08\/Klamydia-karta.jpg\" alt=\"\" class=\"wp-image-4777\" srcset=\"https:\/\/resemedicin.se\/friskparesan\/wp-content\/uploads\/2024\/08\/Klamydia-karta.jpg 1024w, https:\/\/resemedicin.se\/friskparesan\/wp-content\/uploads\/2024\/08\/Klamydia-karta-300x144.jpg 300w, https:\/\/resemedicin.se\/friskparesan\/wp-content\/uploads\/2024\/08\/Klamydia-karta-768x370.jpg 768w\" sizes=\"auto, (max-width: 709px) 85vw, (max-width: 909px) 67vw, (max-width: 1362px) 62vw, 840px\" \/><figcaption class=\"wp-element-caption\">Klamydia, global sjukdomsb\u00f6rda.<\/figcaption><\/figure>\n\n\n\n<p><a href=\"https:\/\/resemedicin.se\/friskparesan\/sjukdomar-och-vacciner\/sti\/#sidtopp\">Till sidtoppen<\/a><\/p>\n\n\n\n<h5 class=\"wp-block-heading\" id=\"syfilis\">Syfilis<\/h5>\n\n\n\n<p><strong>Smitt\u00e4mne:<\/strong> Bakterien <em>Treponema pallidum.<\/em><br><strong><strong>Inkubationstid (tid fr\u00e5n smitta till symtom)<\/strong>:<\/strong> Vanligen 10-90 (genomsnitt 21) dagar. Undantagsfall flera \u00e5r (till sensymtom).<br><strong>Symtom:<\/strong> <em>Prim\u00e4r syfilis<\/em>: Genitala s\u00e5r (som oftast \u00e4r icke-sm\u00e4rtande) och f\u00f6rstorade lymfk\u00f6rtlar. <em>Sekund\u00e4r syfilis<\/em> (4-10 veckor efter prim\u00e4rinfektion): spridda rodnade upph\u00f6jda utslag som kan vara v\u00e5rtliknande. Ev feber, huvudv\u00e4rk, njur- och \u00f6gonengagemang. <em>Terti\u00e4r syfilis<\/em> (3-45 \u00e5r efter prim\u00e4rinfektion): Mjuka tum\u00f6rliknande f\u00f6r\u00e4ndringar i underhuden (<em>gummat\u00f6s syfilis<\/em>); aortainflammation och aortaaneurysm (<em>kardiovaskul\u00e4r syfilis<\/em>); CNS-symtom, bl.a. pareser och demens (<em>neurosyfilis<\/em>). Syfilis under graviditet kan ge fosterskador (<em>kongenital syfilis)<\/em>.<br><strong><strong>F\u00f6rekomst<\/strong>:<\/strong> Globalt cirka 8 miljoner fall per \u00e5r, fr\u00e4mst i subsahariska Afrika, Syd- och Sydostasien samt v\u00e4stra Sydamerika. I EU cirka 25 000 fall om \u00e5ret, fr\u00e4mst hos m\u00e4n som har sex med m\u00e4n (MSM).<\/p>\n\n\n\n<figure class=\"wp-block-image size-full\"><img loading=\"lazy\" decoding=\"async\" width=\"1024\" height=\"481\" src=\"https:\/\/resemedicin.se\/friskparesan\/wp-content\/uploads\/2024\/08\/syfilis-karta-1.jpg\" alt=\"\" class=\"wp-image-4780\" srcset=\"https:\/\/resemedicin.se\/friskparesan\/wp-content\/uploads\/2024\/08\/syfilis-karta-1.jpg 1024w, https:\/\/resemedicin.se\/friskparesan\/wp-content\/uploads\/2024\/08\/syfilis-karta-1-300x141.jpg 300w, https:\/\/resemedicin.se\/friskparesan\/wp-content\/uploads\/2024\/08\/syfilis-karta-1-768x361.jpg 768w\" sizes=\"auto, (max-width: 709px) 85vw, (max-width: 909px) 67vw, (max-width: 1362px) 62vw, 840px\" \/><figcaption class=\"wp-element-caption\">Syfilis, global sjukdomsb\u00f6rda.<\/figcaption><\/figure>\n\n\n\n<p><a href=\"https:\/\/resemedicin.se\/friskparesan\/sjukdomar-och-vacciner\/sti\/#sidtopp\">Till sidtoppen<\/a><\/p>\n\n\n\n<h5 class=\"wp-block-heading\" id=\"ulcus-molle\"><strong>Ulcus molle<\/strong><\/h5>\n\n\n\n<p><strong>Smitt\u00e4mne:<\/strong> Bakterien <em>Haemophilus ducreyi<\/em>.<br><strong><strong>Inkubationstid (tid fr\u00e5n smitta till symtom)<\/strong>:<\/strong> 3-5 (upp till 14) dygn.<br><strong>Akuta symtom:<\/strong> Sm\u00e4rtsamma genitala s\u00e5r.<br><strong><strong>F\u00f6rekomst<\/strong>:<\/strong> Mycket ovanlig i Europa, Nordamerika och Australien, men mer utbredd i Afrika och Syd- och Sydostasien, d\u00e4r sjukdom ofta \u00e4r kopplad till prostitution. Global prevalens p\u00e5 1990-talet uppskattades till cirka 7 miljoner.<br><strong>\u00d6vrigt:<\/strong> Predisponerar f\u00f6r HIV-infektion.<\/p>\n\n\n\n<p><a href=\"https:\/\/resemedicin.se\/friskparesan\/sjukdomar-och-vacciner\/sti\/#sidtopp\">Till sidtoppen<\/a><\/p>\n\n\n\n<h3 class=\"wp-block-heading has-white-color has-text-color has-background has-link-color wp-elements-8987cba314b7c50d2680d2e88220986f\" id=\"ovriga-sti\" style=\"background-color:#2b7c08\">\u00d6vriga sexuellt \u00f6verf\u00f6rbara infektioner<\/h3>\n\n\n\n<p>Se l\u00e4nkar till specifika sjukdomssidor:<\/p>\n\n\n\n<div class=\"wp-block-columns is-layout-flex wp-container-core-columns-is-layout-9d6595d7 wp-block-columns-is-layout-flex\">\n<div class=\"wp-block-column is-layout-flow wp-block-column-is-layout-flow\">\n<ul class=\"wp-block-list\">\n<li><a href=\"https:\/\/resemedicin.se\/reseradet\/sjukdomar-och-vacciner\/diarre-oversikt\/#entamoeba\">Am\u00f6badysenteri<\/a><\/li>\n\n\n\n<li><a href=\"https:\/\/resemedicin.se\/reseradet\/sjukdomar-och-vacciner\/diarre-oversikt\/#giardia\">Giardia<\/a><\/li>\n\n\n\n<li><a href=\"https:\/\/www.resemedicin.se\/reseradet\/sjukdomar-och-vacciner\/hepatit-a\/\">Hepatit A<\/a><\/li>\n\n\n\n<li><a href=\"https:\/\/www.resemedicin.se\/reseradet\/sjukdomar-och-vacciner\/hepatit-b\">Hepatit B<\/a><\/li>\n<\/ul>\n<\/div>\n\n\n\n<div class=\"wp-block-column is-layout-flow wp-block-column-is-layout-flow\">\n<ul class=\"wp-block-list\">\n<li><a href=\"https:\/\/www.resemedicin.se\/reseradet\/sjukdomar-och-vacciner\/hepatit-c\">Hepatit C<\/a><\/li>\n\n\n\n<li><a href=\"https:\/\/www.resemedicin.se\/reseradet\/sjukdomar-och-vacciner\/hpv\/\">Humant papillomvirus (HPV)<\/a><\/li>\n\n\n\n<li><a href=\"https:\/\/www.resemedicin.se\/reseradet\/sjukdomar-och-vacciner\/mpox\/\">Mpox (apkoppor)<\/a><\/li>\n<\/ul>\n<\/div>\n\n\n\n<div class=\"wp-block-column is-layout-flow wp-block-column-is-layout-flow\">\n<ul class=\"wp-block-list\">\n<li><a href=\"https:\/\/resemedicin.se\/friskparesan\/sjukdomar-och-vacciner\/oropouchefeber\/\">Oropouchefeber<\/a><\/li>\n\n\n\n<li><a href=\"https:\/\/resemedicin.se\/reseradet\/sjukdomar-och-vacciner\/diarre-oversikt\/#shigella\">Shigellos (r\u00f6dsot)<\/a><\/li>\n\n\n\n<li><a href=\"https:\/\/www.resemedicin.se\/reseradet\/sjukdomar-och-vacciner\/zika\">Zikafeber<\/a><\/li>\n<\/ul>\n<\/div>\n<\/div>\n\n\n\n<p><a href=\"https:\/\/resemedicin.se\/friskparesan\/sjukdomar-och-vacciner\/sti\/#sidtopp\">Till sidtoppen<\/a><\/p>\n\n\n\n<h3 class=\"wp-block-heading has-white-color has-text-color has-background has-link-color wp-elements-67f59b4888296aab9665eec0739c0ae1\" id=\"riskgrupper\" style=\"background-color:#2b7c08;text-transform:none\">Riskgrupper<\/h3>\n\n\n\n<p>Resen\u00e4rer som har oskyddat sex med ny partner, framf\u00f6r allt om dessa tillh\u00f6r en riskgrupp (m\u00e4n som har sex med m\u00e4n, sexarbetare, transpersoner).<\/p>\n\n\n\n<p><a href=\"https:\/\/resemedicin.se\/friskparesan\/sjukdomar-och-vacciner\/sti\/#sidtopp\">Till sidtoppen<\/a><\/p>\n\n\n\n<h3 class=\"wp-block-heading has-white-color has-text-color has-background has-link-color wp-elements-662727e07341dad94d64bcd6a03ae60b\" id=\"prevention\" style=\"background-color:#2b7c08\">Hur man skyddar sig<\/h3>\n\n\n\n<p>Alla former av vaginala, orala och anala samlag inneb\u00e4r en viss risk f\u00f6r \u00f6verf\u00f6ring av STI. Den enda varianten av helt\u00a0<strong><em>s\u00e4ker sex<\/em><\/strong>\u00a0\u00e4r d\u00e4rf\u00f6r att helt avst\u00e5 fr\u00e5n sexuellt umg\u00e4nge. I st\u00e4llet f\u00f6r s\u00e4ker sex talar man d\u00e4rf\u00f6r oftast om\u00a0<strong><em>s\u00e4krare sex<\/em><\/strong>\u00a0(engelska:\u00a0<em>safer sex<\/em>), vilket i korthet inneb\u00e4r att alltid anv\u00e4nda kondom vid samlag, \u00e4ven anala och orala.\u00a0L\u00e4s mer under rubriken <a href=\"https:\/\/resemedicin.se\/friskparesan\/reserad\/sexuell-halsa\/\">sexuell h\u00e4lsa<\/a>..<\/p>\n\n\n\n<p><a href=\"https:\/\/resemedicin.se\/friskparesan\/sjukdomar-och-vacciner\/sti\/#sidtopp\">Till sidtoppen<\/a><\/p>\n","protected":false},"excerpt":{"rendered":"<p>Information till resen\u00e4rer \u00d6versikt Gonorr\u00e9 HIV-infektion Klamydiainfektion Syfilis Ulcus molle \u00d6vriga STI Riskgrupper Hur man skyddar sig \u00d6versikt F\u00f6rutom de traditionella k\u00f6nssjukdomarna, s\u00e5som gonorr\u00e9, klamydia, syfilis, hiv-infektion och HPV, kan totalt ett 30-tal olika bakterier, virus och parasiter \u00f6verf\u00f6ras vid sex (vaginalt, oralt och analt), varav flera ocks\u00e5 kan \u00f6verf\u00f6ras fr\u00e5n mor till barn under &hellip; <a href=\"https:\/\/resemedicin.se\/friskparesan\/sjukdomar-och-vacciner\/sti\/\" class=\"more-link\">Forts\u00e4tt l\u00e4sa<span class=\"screen-reader-text\"> \u201dSexuellt \u00f6verf\u00f6rbara infektioner (STI)\u201d<\/span><\/a><\/p>\n","protected":false},"author":1,"featured_media":0,"parent":11269,"menu_order":0,"comment_status":"closed","ping_status":"closed","template":"","meta":{"footnotes":""},"class_list":["post-4190","page","type-page","status-publish","hentry"],"jetpack_sharing_enabled":true,"_links":{"self":[{"href":"https:\/\/resemedicin.se\/friskparesan\/wp-json\/wp\/v2\/pages\/4190","targetHints":{"allow":["GET"]}}],"collection":[{"href":"https:\/\/resemedicin.se\/friskparesan\/wp-json\/wp\/v2\/pages"}],"about":[{"href":"https:\/\/resemedicin.se\/friskparesan\/wp-json\/wp\/v2\/types\/page"}],"author":[{"embeddable":true,"href":"https:\/\/resemedicin.se\/friskparesan\/wp-json\/wp\/v2\/users\/1"}],"replies":[{"embeddable":true,"href":"https:\/\/resemedicin.se\/friskparesan\/wp-json\/wp\/v2\/comments?post=4190"}],"version-history":[{"count":6,"href":"https:\/\/resemedicin.se\/friskparesan\/wp-json\/wp\/v2\/pages\/4190\/revisions"}],"predecessor-version":[{"id":11774,"href":"https:\/\/resemedicin.se\/friskparesan\/wp-json\/wp\/v2\/pages\/4190\/revisions\/11774"}],"up":[{"embeddable":true,"href":"https:\/\/resemedicin.se\/friskparesan\/wp-json\/wp\/v2\/pages\/11269"}],"wp:attachment":[{"href":"https:\/\/resemedicin.se\/friskparesan\/wp-json\/wp\/v2\/media?parent=4190"}],"curies":[{"name":"wp","href":"https:\/\/api.w.org\/{rel}","templated":true}]}}