{"id":4118,"date":"2024-08-19T18:01:56","date_gmt":"2024-08-19T18:01:56","guid":{"rendered":"https:\/\/resemedicin.se\/reseradet\/?page_id=4118"},"modified":"2024-11-17T22:09:23","modified_gmt":"2024-11-17T21:09:23","slug":"hakmaskar","status":"publish","type":"page","link":"https:\/\/resemedicin.se\/friskparesan\/sjukdomar-och-vacciner\/hakmaskar\/","title":{"rendered":"Hakmaskinfektioner"},"content":{"rendered":"\n<h3 class=\"wp-block-heading\" id=\"sidtopp\">Information till resen\u00e4rer<\/h3>\n\n\n\n<figure class=\"wp-block-image size-full\"><img loading=\"lazy\" decoding=\"async\" width=\"1024\" height=\"486\" src=\"https:\/\/resemedicin.se\/friskparesan\/wp-content\/uploads\/2024\/08\/barfota.jpg\" alt=\"\" class=\"wp-image-4561\" srcset=\"https:\/\/resemedicin.se\/friskparesan\/wp-content\/uploads\/2024\/08\/barfota.jpg 1024w, https:\/\/resemedicin.se\/friskparesan\/wp-content\/uploads\/2024\/08\/barfota-300x142.jpg 300w, https:\/\/resemedicin.se\/friskparesan\/wp-content\/uploads\/2024\/08\/barfota-768x365.jpg 768w\" sizes=\"auto, (max-width: 709px) 85vw, (max-width: 909px) 67vw, (max-width: 1362px) 62vw, 840px\" \/><\/figure>\n\n\n\n<h3 class=\"wp-block-heading has-white-color has-text-color has-background has-link-color wp-elements-688360d30823481b88342ddb2694bb69\" id=\"smittamnet\" style=\"background-color:#2b7c08\">Smitt\u00e4mnet och smittv\u00e4gar<\/h3>\n\n\n\n<p>Hakmaskinfektion, \u00e4ven kallad ancylostomiasis, orsakas av tv\u00e5 olika arter av hakmaskar:\u00a0<em>Ancylostoma duodenale<\/em>\u00a0och\u00a0<em>Necator americanus<\/em>. Dessa \u00e4r sm\u00e5, blodlivn\u00e4rande parasiter som lever i tunntarmen hos m\u00e4nniskor. Smittan b\u00f6rjar n\u00e4r \u00e4gg fr\u00e5n en infekterad persons avf\u00f6ring hamnar p\u00e5 marken, vanligtvis i omr\u00e5den med d\u00e5lig sanitet d\u00e4r m\u00e4nsklig avf\u00f6ring anv\u00e4nds som g\u00f6dsel eller d\u00e4r sm\u00e5barn bajsar p\u00e5 marken.<\/p>\n\n\n\n<p>P\u00e5 varma och fuktiga platser kl\u00e4cks \u00e4ggen efter 1\u20132 dagar och sl\u00e4pper ut larver. M\u00e4nniskor smittas n\u00e4r larverna penetrerar huden, oftast genom f\u00f6tterna, n\u00e4r de g\u00e5r barfota p\u00e5 f\u00f6rorenad jord. Larverna tar sig in i blodk\u00e4rlen och f\u00e4rdas till lungorna, d\u00e4r de tr\u00e4nger igenom alveolerna och migrerar upp genom luftv\u00e4garna till svalget. De sv\u00e4ljs sedan och n\u00e5r tunntarmen, d\u00e4r de utvecklas till vuxna maskar.<\/p>\n\n\n\n<p>I tunntarmen f\u00e4ster sig hakmaskarna vid tarmv\u00e4ggen och livn\u00e4r sig p\u00e5 blod, vilket kan leda till j\u00e4rnbristanemi. Vuxna hakmaskar kan leva i kroppen i tv\u00e5 \u00e5r eller l\u00e4ngre och under sin livstid producera stora m\u00e4ngder \u00e4gg, som sprids vidare med avf\u00f6ringen och forts\u00e4tter infektionen i milj\u00f6n.<\/p>\n\n\n\n<h3 class=\"wp-block-heading has-white-color has-text-color has-background has-link-color wp-elements-b20fe2fe6aa6fb8326c9e1790dc8190a\" id=\"symtom\" style=\"background-color:#2b7c08;text-transform:none\">Symptom<\/h3>\n\n\n\n<p>De flesta med hakmaskinfektion har inga symtom. N\u00e4r symtom upptr\u00e4der kan de inkludera kl\u00e5da och utslag d\u00e4r larverna tr\u00e4ngt in i huden, vanligtvis p\u00e5 f\u00f6tterna. Under larvernas vandring genom kroppen kan de orsaka hosta och andningsbesv\u00e4r. Vuxna hakmaskar i tarmen kan leda till buksm\u00e4rtor, viktminskning och diarr\u00e9. <\/p>\n\n\n\n<figure class=\"wp-block-image size-full\"><img loading=\"lazy\" decoding=\"async\" width=\"1024\" height=\"560\" src=\"https:\/\/resemedicin.se\/friskparesan\/wp-content\/uploads\/2024\/08\/hakmask.jpg\" alt=\"\" class=\"wp-image-4560\" srcset=\"https:\/\/resemedicin.se\/friskparesan\/wp-content\/uploads\/2024\/08\/hakmask.jpg 1024w, https:\/\/resemedicin.se\/friskparesan\/wp-content\/uploads\/2024\/08\/hakmask-300x164.jpg 300w, https:\/\/resemedicin.se\/friskparesan\/wp-content\/uploads\/2024\/08\/hakmask-768x420.jpg 768w\" sizes=\"auto, (max-width: 709px) 85vw, (max-width: 909px) 67vw, (max-width: 1362px) 62vw, 840px\" \/><figcaption class=\"wp-element-caption\">Adulta hakmaskar i tarmslemhinnan.<\/figcaption><\/figure>\n\n\n\n<p>Vid l\u00e5ngvarig infektion kan j\u00e4rnbrist uppst\u00e5, vilket orsakar tr\u00f6tthet, blekhet och svaghet. Hos barn kan kronisk j\u00e4rnbrist leda till tillv\u00e4xth\u00e4mning och inl\u00e4rningsproblem, medan gravida kvinnor kan drabbas av komplikationer som p\u00e5verkar fostrets utveckling.<\/p>\n\n\n\n<p>F\u00f6rutom infektioner orsakade av m\u00e4nskliga hakmaskar kan djurhakmaskar, vanligen fr\u00e5n hundar och katter, ocks\u00e5 orsaka infektioner hos m\u00e4nniskor. Dessa larver n\u00e5r dock inte vuxen \u00e5lder i m\u00e4nniskokroppen. I st\u00e4llet migrerar de genom huden och orsakar en ytlig infektion som kallas kutan larva migrans. Detta k\u00e4nnetecknas av slingrande, kliande utslag och \u00e4r en sj\u00e4lvbegr\u00e4nsande infektion som varar i flera veckor.<\/p>\n\n\n\n<figure class=\"wp-block-image size-full\"><img loading=\"lazy\" decoding=\"async\" width=\"1024\" height=\"683\" src=\"https:\/\/resemedicin.se\/friskparesan\/wp-content\/uploads\/2024\/08\/kutan-larva-migrans.jpg\" alt=\"\" class=\"wp-image-4558\" srcset=\"https:\/\/resemedicin.se\/friskparesan\/wp-content\/uploads\/2024\/08\/kutan-larva-migrans.jpg 1024w, https:\/\/resemedicin.se\/friskparesan\/wp-content\/uploads\/2024\/08\/kutan-larva-migrans-300x200.jpg 300w, https:\/\/resemedicin.se\/friskparesan\/wp-content\/uploads\/2024\/08\/kutan-larva-migrans-768x512.jpg 768w\" sizes=\"auto, (max-width: 709px) 85vw, (max-width: 909px) 67vw, (max-width: 1362px) 62vw, 840px\" \/><figcaption class=\"wp-element-caption\">Kutan larva migrans.<\/figcaption><\/figure>\n\n\n\n<h3 class=\"wp-block-heading has-white-color has-text-color has-background has-link-color wp-elements-69d80fbe94a44d5555fdfe82b2b647e9\" id=\"diagnostik\" style=\"background-color:#2b7c08;text-transform:none\">F\u00f6rekomst och riskgrupper bland resen\u00e4rer<\/h3>\n\n\n\n<p>Hakmaskinfektion \u00e4r vanlig i tropiska och subtropiska regioner, med uppskattningsvis 575\u2013750 miljoner drabbade globalt. Parasiten \u00e4r utbredd i Afrika, Asien, Amerika och Oceanien. I Mellan\u00f6stern, Nordafrika och s\u00f6dra Europa f\u00f6rekommer fr\u00e4mst\u00a0<em>Ancylostoma duodenale<\/em>.<\/p>\n\n\n\n<figure class=\"wp-block-image size-full\"><img loading=\"lazy\" decoding=\"async\" width=\"1024\" height=\"542\" src=\"https:\/\/resemedicin.se\/friskparesan\/wp-content\/uploads\/2024\/08\/Hakmaskar-karta.jpg\" alt=\"\" class=\"wp-image-4556\" srcset=\"https:\/\/resemedicin.se\/friskparesan\/wp-content\/uploads\/2024\/08\/Hakmaskar-karta.jpg 1024w, https:\/\/resemedicin.se\/friskparesan\/wp-content\/uploads\/2024\/08\/Hakmaskar-karta-300x159.jpg 300w, https:\/\/resemedicin.se\/friskparesan\/wp-content\/uploads\/2024\/08\/Hakmaskar-karta-768x407.jpg 768w\" sizes=\"auto, (max-width: 709px) 85vw, (max-width: 909px) 67vw, (max-width: 1362px) 62vw, 840px\" \/><figcaption class=\"wp-element-caption\">Global utbredning av hakmaskinfektion.<\/figcaption><\/figure>\n\n\n\n<p>Resen\u00e4rer som vistas p\u00e5 landsbygden i tropiska och subtropiska omr\u00e5den l\u00f6per st\u00f6rst risk, s\u00e4rskilt om de g\u00e5r barfota eller har direkt kontakt med jord. Personer som vistas p\u00e5 str\u00e4nder med sand som kan vara f\u00f6rorenad av avf\u00f6ring fr\u00e5n hundar eller katter riskerar att drabbas av kutan larva migrans, en ytligare form av infektionen.<\/p>\n\n\n\n<h3 class=\"wp-block-heading has-white-color has-text-color has-background has-link-color wp-elements-662727e07341dad94d64bcd6a03ae60b\" id=\"prevention\" style=\"background-color:#2b7c08\">Hur man skyddar sig<\/h3>\n\n\n\n<p>Du kan skydda dig mot hakmaskinfektion genom att alltid b\u00e4ra skor, \u00e4ven p\u00e5 str\u00e4nder, och undvika direktkontakt med jord eller sand i omr\u00e5den d\u00e4r parasiten \u00e4r vanlig. Om du sitter p\u00e5 marken, anv\u00e4nd en barri\u00e4r som ett underlag. F\u00f6r att minska risken f\u00f6r kutan larva migrans b\u00f6r du undvika att g\u00e5 barfota eller ligga direkt p\u00e5 sand som kan ha f\u00f6rorenats av avf\u00f6ring fr\u00e5n djur.<\/p>\n\n\n\n<p><\/p>\n","protected":false},"excerpt":{"rendered":"<p>Information till resen\u00e4rer Smitt\u00e4mnet och smittv\u00e4gar Hakmaskinfektion, \u00e4ven kallad ancylostomiasis, orsakas av tv\u00e5 olika arter av hakmaskar:\u00a0Ancylostoma duodenale\u00a0och\u00a0Necator americanus. Dessa \u00e4r sm\u00e5, blodlivn\u00e4rande parasiter som lever i tunntarmen hos m\u00e4nniskor. Smittan b\u00f6rjar n\u00e4r \u00e4gg fr\u00e5n en infekterad persons avf\u00f6ring hamnar p\u00e5 marken, vanligtvis i omr\u00e5den med d\u00e5lig sanitet d\u00e4r m\u00e4nsklig avf\u00f6ring anv\u00e4nds som g\u00f6dsel eller &hellip; <a href=\"https:\/\/resemedicin.se\/friskparesan\/sjukdomar-och-vacciner\/hakmaskar\/\" class=\"more-link\">Forts\u00e4tt l\u00e4sa<span class=\"screen-reader-text\"> \u201dHakmaskinfektioner\u201d<\/span><\/a><\/p>\n","protected":false},"author":1,"featured_media":0,"parent":11269,"menu_order":0,"comment_status":"closed","ping_status":"closed","template":"","meta":{"footnotes":""},"class_list":["post-4118","page","type-page","status-publish","hentry"],"jetpack_sharing_enabled":true,"_links":{"self":[{"href":"https:\/\/resemedicin.se\/friskparesan\/wp-json\/wp\/v2\/pages\/4118","targetHints":{"allow":["GET"]}}],"collection":[{"href":"https:\/\/resemedicin.se\/friskparesan\/wp-json\/wp\/v2\/pages"}],"about":[{"href":"https:\/\/resemedicin.se\/friskparesan\/wp-json\/wp\/v2\/types\/page"}],"author":[{"embeddable":true,"href":"https:\/\/resemedicin.se\/friskparesan\/wp-json\/wp\/v2\/users\/1"}],"replies":[{"embeddable":true,"href":"https:\/\/resemedicin.se\/friskparesan\/wp-json\/wp\/v2\/comments?post=4118"}],"version-history":[{"count":4,"href":"https:\/\/resemedicin.se\/friskparesan\/wp-json\/wp\/v2\/pages\/4118\/revisions"}],"predecessor-version":[{"id":11812,"href":"https:\/\/resemedicin.se\/friskparesan\/wp-json\/wp\/v2\/pages\/4118\/revisions\/11812"}],"up":[{"embeddable":true,"href":"https:\/\/resemedicin.se\/friskparesan\/wp-json\/wp\/v2\/pages\/11269"}],"wp:attachment":[{"href":"https:\/\/resemedicin.se\/friskparesan\/wp-json\/wp\/v2\/media?parent=4118"}],"curies":[{"name":"wp","href":"https:\/\/api.w.org\/{rel}","templated":true}]}}