{"id":3499,"date":"2024-07-28T11:39:13","date_gmt":"2024-07-28T11:39:13","guid":{"rendered":"https:\/\/resemedicin.se\/reseradet\/?page_id=3499"},"modified":"2024-11-16T05:49:32","modified_gmt":"2024-11-16T04:49:32","slug":"rotavirus","status":"publish","type":"page","link":"https:\/\/resemedicin.se\/friskparesan\/sjukdomar-och-vacciner\/rotavirus\/","title":{"rendered":"Rotavirus-infektion"},"content":{"rendered":"\n<h3 class=\"wp-block-heading\" id=\"sidtopp\">Information till resen\u00e4rer och allm\u00e4nheten<\/h3>\n\n\n<div class=\"wp-block-image\">\n<figure class=\"aligncenter size-large\"><img loading=\"lazy\" decoding=\"async\" width=\"1024\" height=\"426\" src=\"https:\/\/resemedicin.se\/friskparesan\/wp-content\/uploads\/2024\/07\/rotavirus-1-1024x426.jpg\" alt=\"\" class=\"wp-image-3551\" srcset=\"https:\/\/resemedicin.se\/friskparesan\/wp-content\/uploads\/2024\/07\/rotavirus-1-1024x426.jpg 1024w, https:\/\/resemedicin.se\/friskparesan\/wp-content\/uploads\/2024\/07\/rotavirus-1-300x125.jpg 300w, https:\/\/resemedicin.se\/friskparesan\/wp-content\/uploads\/2024\/07\/rotavirus-1-768x319.jpg 768w, https:\/\/resemedicin.se\/friskparesan\/wp-content\/uploads\/2024\/07\/rotavirus-1-1200x499.jpg 1200w, https:\/\/resemedicin.se\/friskparesan\/wp-content\/uploads\/2024\/07\/rotavirus-1.jpg 1280w\" sizes=\"auto, (max-width: 709px) 85vw, (max-width: 909px) 67vw, (max-width: 1362px) 62vw, 840px\" \/><figcaption class=\"wp-element-caption\">Rotavirus i elektronmikroskopi.<\/figcaption><\/figure>\n<\/div>\n\n\n<h3 class=\"wp-block-heading has-white-color has-text-color has-background has-link-color wp-elements-688360d30823481b88342ddb2694bb69\" id=\"smittamnet\" style=\"background-color:#2b7c08\">Smitt\u00e4mnet och smittv\u00e4gar<\/h3>\n\n\n\n<p>Rotavirus \u00e4r ett virus som orsakar diarr\u00e9 och \u00e4r s\u00e4rskilt vanligt bland sp\u00e4dbarn och sm\u00e5barn. Viruset sprids fr\u00e4mst via avf\u00f6ring och f\u00f6rorenade h\u00e4nder, f\u00f6rem\u00e5l och ytor, men det kan ocks\u00e5 smitta via droppar fr\u00e5n luftv\u00e4garna. Det \u00e4r mycket motst\u00e5ndskraftigt och kan \u00f6verleva l\u00e4nge p\u00e5 ytor och f\u00f6rem\u00e5l, vilket g\u00f6r det sv\u00e5rt att f\u00f6rhindra smittspridning enbart med hygien\u00e5tg\u00e4rder. Det kr\u00e4vs bara en liten m\u00e4ngd virus f\u00f6r att smitta n\u00e5gon. Rotavirus \u00e4r mycket smittsamt och orsakar ofta utbrott p\u00e5 daghem och sjukhus, s\u00e4rskilt p\u00e5 avdelningar f\u00f6r barn och \u00e4ldre.<\/p>\n\n\n\n<h3 class=\"wp-block-heading has-white-color has-text-color has-background has-link-color wp-elements-477b82d528e32d6c73f037cef1f4ea78\" id=\"symtom\" style=\"background-color:#2b7c08;text-transform:none\">Sjukdomsbild<\/h3>\n\n\n\n<p>Efter en inkubationstid p\u00e5 1\u20134 dagar b\u00f6rjar sjukdomen pl\u00f6tsligt med kr\u00e4kningar och magkramper, f\u00f6ljt av frekventa, vattniga diarr\u00e9er och ibland l\u00e4tt feber. Diarr\u00e9n kan leda till uttorkning, som \u00e4r den vanligaste och allvarligaste komplikationen. Sjukdomen varar oftast 3\u20137 dagar och l\u00e4ker vanligen ut av sig sj\u00e4lv, men vissa barn kan f\u00e5 komplikationer som kramper eller, i mycket s\u00e4llsynta fall, hj\u00e4rninflammation. F\u00f6rstag\u00e5ngsinfektioner \u00e4r ofta allvarligare \u00e4n senare infektioner, eftersom upprepad kontakt med viruset ger gradvis b\u00e4ttre immunitet. Barn under tv\u00e5 \u00e5rs \u00e5lder \u00e4r s\u00e4rskilt utsatta, och f\u00f6r tidigt f\u00f6dda barn har en h\u00f6gre risk att drabbas av sv\u00e5r sjukdom. \u00c4ven vuxna kan smittas, s\u00e4rskilt de som v\u00e5rdar sjuka barn, men sjukdomen \u00e4r oftast lindrigare.<\/p>\n\n\n\n<p>Infektioner hos vuxna f\u00f6rekommer mer s\u00e4llan, \u00e4ven om de inte \u00e4r ovanliga hos personer som v\u00e5rdar eller kommer i kontakt med barn med rotavirusorsakad gastroenterit. Personer >70 \u00e5r kan drabbas av sv\u00e5rare sjukdom.<\/p>\n\n\n\n<p>Det finns inte n\u00e5gon specifik behandling mot rotavirus, utan behandling riktar sig mot symptomen med v\u00e4tskebehandling f\u00f6r att f\u00f6rhindra uttorkning. De flesta barn kan behandlas i hemmet.<\/p>\n\n\n\n<h3 class=\"wp-block-heading has-white-color has-text-color has-background has-link-color wp-elements-efd19a53920d1a869e2bb5daa8849065\" id=\"epidemiologi\" style=\"background-color:#2b7c08;text-transform:none\">F\u00f6rekomst och riskgrupper<\/h3>\n\n\n\n<p>Rotavirus \u00e4r en av de vanligaste orsakerna till diarr\u00e9sjukdom hos sm\u00e5 barn \u00f6ver hela v\u00e4rlden. I Sverige \u00e4r det den vanligaste orsaken till sjukhusvistelse f\u00f6r diarr\u00e9 bland barn under fem \u00e5r, \u00e4ven om d\u00f6dsfall \u00e4r mycket s\u00e4llsynta. I l\u00e5ginkomstl\u00e4nder \u00e4r sjukdomen d\u00e4remot en av de fr\u00e4msta orsakerna till diarr\u00e9relaterade d\u00f6dsfall hos barn, eftersom tillg\u00e5ngen till behandling och vaccin \u00e4r begr\u00e4nsad. 2013 orsakade rotavirus globalt cirka\u00a0215 000 d\u00f6dsfall bland barn under 5 \u00e5rs \u00e5lder (se figur).<\/p>\n\n\n\n<figure class=\"wp-block-image size-large\"><img loading=\"lazy\" decoding=\"async\" width=\"1024\" height=\"583\" src=\"https:\/\/resemedicin.se\/friskparesan\/wp-content\/uploads\/2024\/07\/rotavirus-mortalitet-1024x583.jpg\" alt=\"\" class=\"wp-image-3555\" srcset=\"https:\/\/resemedicin.se\/friskparesan\/wp-content\/uploads\/2024\/07\/rotavirus-mortalitet-1024x583.jpg 1024w, https:\/\/resemedicin.se\/friskparesan\/wp-content\/uploads\/2024\/07\/rotavirus-mortalitet-300x171.jpg 300w, https:\/\/resemedicin.se\/friskparesan\/wp-content\/uploads\/2024\/07\/rotavirus-mortalitet-768x437.jpg 768w, https:\/\/resemedicin.se\/friskparesan\/wp-content\/uploads\/2024\/07\/rotavirus-mortalitet-1536x875.jpg 1536w, https:\/\/resemedicin.se\/friskparesan\/wp-content\/uploads\/2024\/07\/rotavirus-mortalitet-2048x1166.jpg 2048w, https:\/\/resemedicin.se\/friskparesan\/wp-content\/uploads\/2024\/07\/rotavirus-mortalitet-1200x683.jpg 1200w\" sizes=\"auto, (max-width: 709px) 85vw, (max-width: 909px) 67vw, (max-width: 1362px) 62vw, 840px\" \/><figcaption class=\"wp-element-caption\">Rotavirus-associerade d\u00f6dsfall 2016 (K\u00e4lla: WHO).<\/figcaption><\/figure>\n\n\n\n<p>Utbrott \u00e4r vanliga under vinterhalv\u00e5ret i Europa, med en topp mellan december och april. Riskgrupper inkluderar barn under tv\u00e5 \u00e5r, f\u00f6r tidigt f\u00f6dda barn, barn med l\u00e5g f\u00f6delsevikt eller nedsatt immunf\u00f6rsvar, och \u00e4ldre personer \u00f6ver 70 \u00e5r.<\/p>\n\n\n\n<h3 class=\"wp-block-heading has-white-color has-text-color has-background has-link-color wp-elements-499b765a175f3ba22d5971c2a6976e0e\" id=\"vaccination\" style=\"background-color:#2b7c08\">Hur man skyddar sig<\/h3>\n\n\n\n<p>Vaccination \u00e4r det mest effektiva s\u00e4ttet att skydda barn mot rotavirus. Vaccinet ges som en del av det svenska barnvaccinationsprogrammet sedan 2019 och best\u00e5r av tv\u00e5 eller tre doser beroende p\u00e5 vaccintyp. Vaccinationen ges oralt, med start vid 6\u20138 veckors \u00e5lder, och skyddar mot allvarlig diarr\u00e9 orsakad av rotavirus. Vaccinet tolereras v\u00e4l men kan i s\u00e4llsynta fall orsaka en komplikation som kallas tarminvagination. Vaccination rekommenderas s\u00e4rskilt f\u00f6r f\u00f6r tidigt f\u00f6dda barn, eftersom de \u00e4r extra k\u00e4nsliga f\u00f6r rotavirusinfektion.<\/p>\n\n\n\n<p>God hygien, som noggrann handtv\u00e4tt och reng\u00f6ring av leksaker och ytor, kan minska risken f\u00f6r smitta men \u00e4r ofta otillr\u00e4ckligt p\u00e5 egen hand, eftersom viruset \u00e4r mycket motst\u00e5ndskraftigt. Vid utbrott \u00e4r det viktigt att isolera smittade barn f\u00f6r att f\u00f6rhindra spridning, s\u00e4rskilt p\u00e5 daghem och sjukhus. Om ett barn f\u00e5r diarr\u00e9 och kr\u00e4kningar b\u00f6r f\u00f6r\u00e4ldrar vara uppm\u00e4rksamma p\u00e5 tecken p\u00e5 uttorkning och ge extra v\u00e4tska. Vid sv\u00e5rare fall kr\u00e4vs v\u00e4tskeers\u00e4ttning eller behandling p\u00e5 sjukhus.<\/p>\n\n\n\n<p><\/p>\n","protected":false},"excerpt":{"rendered":"<p>Information till resen\u00e4rer och allm\u00e4nheten Smitt\u00e4mnet och smittv\u00e4gar Rotavirus \u00e4r ett virus som orsakar diarr\u00e9 och \u00e4r s\u00e4rskilt vanligt bland sp\u00e4dbarn och sm\u00e5barn. Viruset sprids fr\u00e4mst via avf\u00f6ring och f\u00f6rorenade h\u00e4nder, f\u00f6rem\u00e5l och ytor, men det kan ocks\u00e5 smitta via droppar fr\u00e5n luftv\u00e4garna. Det \u00e4r mycket motst\u00e5ndskraftigt och kan \u00f6verleva l\u00e4nge p\u00e5 ytor och f\u00f6rem\u00e5l, &hellip; <a href=\"https:\/\/resemedicin.se\/friskparesan\/sjukdomar-och-vacciner\/rotavirus\/\" class=\"more-link\">Forts\u00e4tt l\u00e4sa<span class=\"screen-reader-text\"> \u201dRotavirus-infektion\u201d<\/span><\/a><\/p>\n","protected":false},"author":1,"featured_media":0,"parent":11269,"menu_order":0,"comment_status":"closed","ping_status":"closed","template":"","meta":{"footnotes":""},"class_list":["post-3499","page","type-page","status-publish","hentry"],"jetpack_sharing_enabled":true,"_links":{"self":[{"href":"https:\/\/resemedicin.se\/friskparesan\/wp-json\/wp\/v2\/pages\/3499","targetHints":{"allow":["GET"]}}],"collection":[{"href":"https:\/\/resemedicin.se\/friskparesan\/wp-json\/wp\/v2\/pages"}],"about":[{"href":"https:\/\/resemedicin.se\/friskparesan\/wp-json\/wp\/v2\/types\/page"}],"author":[{"embeddable":true,"href":"https:\/\/resemedicin.se\/friskparesan\/wp-json\/wp\/v2\/users\/1"}],"replies":[{"embeddable":true,"href":"https:\/\/resemedicin.se\/friskparesan\/wp-json\/wp\/v2\/comments?post=3499"}],"version-history":[{"count":2,"href":"https:\/\/resemedicin.se\/friskparesan\/wp-json\/wp\/v2\/pages\/3499\/revisions"}],"predecessor-version":[{"id":11708,"href":"https:\/\/resemedicin.se\/friskparesan\/wp-json\/wp\/v2\/pages\/3499\/revisions\/11708"}],"up":[{"embeddable":true,"href":"https:\/\/resemedicin.se\/friskparesan\/wp-json\/wp\/v2\/pages\/11269"}],"wp:attachment":[{"href":"https:\/\/resemedicin.se\/friskparesan\/wp-json\/wp\/v2\/media?parent=3499"}],"curies":[{"name":"wp","href":"https:\/\/api.w.org\/{rel}","templated":true}]}}