{"id":3250,"date":"2024-07-08T14:07:16","date_gmt":"2024-07-08T14:07:16","guid":{"rendered":"https:\/\/resemedicin.se\/reseradet\/?page_id=3250"},"modified":"2024-11-15T15:52:11","modified_gmt":"2024-11-15T14:52:11","slug":"hib","status":"publish","type":"page","link":"https:\/\/resemedicin.se\/friskparesan\/sjukdomar-och-vacciner\/hib\/","title":{"rendered":"Haemophilus influenzae tyb b (Hib)"},"content":{"rendered":"\n<h3 class=\"wp-block-heading\" id=\"sidtopp\">Information till resen\u00e4rer och allm\u00e4nheten<\/h3>\n\n\n<div class=\"wp-block-image\">\n<figure class=\"aligncenter size-large\"><img loading=\"lazy\" decoding=\"async\" width=\"1024\" height=\"620\" src=\"https:\/\/resemedicin.se\/friskparesan\/wp-content\/uploads\/2024\/07\/HI-1024x620.jpg\" alt=\"\" class=\"wp-image-3266\" srcset=\"https:\/\/resemedicin.se\/friskparesan\/wp-content\/uploads\/2024\/07\/HI-1024x620.jpg 1024w, https:\/\/resemedicin.se\/friskparesan\/wp-content\/uploads\/2024\/07\/HI-300x182.jpg 300w, https:\/\/resemedicin.se\/friskparesan\/wp-content\/uploads\/2024\/07\/HI-768x465.jpg 768w, https:\/\/resemedicin.se\/friskparesan\/wp-content\/uploads\/2024\/07\/HI-1536x930.jpg 1536w, https:\/\/resemedicin.se\/friskparesan\/wp-content\/uploads\/2024\/07\/HI-1200x727.jpg 1200w, https:\/\/resemedicin.se\/friskparesan\/wp-content\/uploads\/2024\/07\/HI.jpg 2000w\" sizes=\"auto, (max-width: 709px) 85vw, (max-width: 909px) 67vw, (max-width: 1362px) 62vw, 840px\" \/><figcaption class=\"wp-element-caption\"><em>Haemophilus influenzae<\/em> typ b (Hib) i elektronmikroskop.<\/figcaption><\/figure>\n<\/div>\n\n\n<h3 class=\"wp-block-heading has-white-color has-text-color has-background has-link-color wp-elements-688360d30823481b88342ddb2694bb69\" id=\"smittamnet\" style=\"background-color:#2b7c08\">Smitt\u00e4mnet och smittv\u00e4gar<\/h3>\n\n\n\n<p><em>Haemophilus influenzae <\/em>\u00e4r en bakterie som kan orsaka allvarliga infektioner, s\u00e4rskilt serotypen typ b (Hib). Hib sprids via luftv\u00e4garna genom droppsmitta fr\u00e5n en infekterad person eller fr\u00e5n friska b\u00e4rare, vilket \u00e4r vanligt bland sm\u00e5 barn. Bakterien kan \u00e4ven \u00f6verf\u00f6ras vid n\u00e4ra kontakt i hush\u00e5ll eller dagisgrupper. Hib kan kolonisera n\u00e4s-svalget utan att ge symtom men kan ibland komma ut i blodet och orsaka allvarlig sjukdom, s\u00e4rskilt hos ovaccinerade barn mellan 6 och 24 m\u00e5nader.<\/p>\n\n\n\n<h3 class=\"wp-block-heading has-white-color has-text-color has-background has-link-color wp-elements-477b82d528e32d6c73f037cef1f4ea78\" id=\"symtom\" style=\"background-color:#2b7c08;text-transform:none\">Sjukdomsbild<\/h3>\n\n\n\n<p>Innan vaccination inf\u00f6rdes var Hib en vanlig orsak till sv\u00e5r sjukdom hos barn, med symtom som:<\/p>\n\n\n\n<ul class=\"wp-block-list\">\n<li><strong>Hj\u00e4rnhinneinflammation<\/strong> som kan ge h\u00f6rselneds\u00e4ttning och neurologiska skador.<\/li>\n\n\n\n<li><strong>Epiglottit<\/strong>: Svullnad av struplocket som kan leda till livshotande andningssv\u00e5righeter.<\/li>\n\n\n\n<li><strong>Blodf\u00f6rgiftning, lunginflammation, led- och mjukdelsinfektioner<\/strong>: Allvarliga infektioner som p\u00e5verkar flera organ.<\/li>\n<\/ul>\n\n\n\n<p>Mindre allvarliga infektioner, som \u00f6roninflammation och luftr\u00f6rskatarr, orsakas oftast av andra stammar \u00e4n Hib.<\/p>\n\n\n\n<p>Vid misstanke om allvarlig sjukdom kr\u00e4vs sjukhusv\u00e5rd och intraven\u00f6s antibiotikabehandling.<\/p>\n\n\n\n<h3 class=\"wp-block-heading has-white-color has-text-color has-background has-link-color wp-elements-efd19a53920d1a869e2bb5daa8849065\" id=\"epidemiologi\" style=\"background-color:#2b7c08;text-transform:none\">F\u00f6rekomst och riskgrupper<\/h3>\n\n\n\n<p>Invasiv Hib-sjukdom var tidigare en ledande orsak till d\u00f6dsfall och allvarlig sjukdom hos barn under 5 \u00e5r. Sedan inf\u00f6randet av vaccination har sjukdomen n\u00e4stan eliminerats i m\u00e5nga l\u00e4nder, inklusive Sverige, d\u00e4r endast enstaka fall rapporteras \u00e5rligen. Globalt har antalet fall minskat drastiskt, men vaccinationst\u00e4ckningen varierar mellan regioner, med l\u00e4gre t\u00e4ckning i vissa l\u00e5ginkomstl\u00e4nder.<\/p>\n\n\n\n<p><strong>Riskgrupper bland resen\u00e4rer<\/strong>: Ofullst\u00e4ndigt vaccinerade barn \u00f6ver 5 \u00e5r som inte f\u00e5tt fullst\u00e4ndigt Hib-skydd l\u00f6per \u00f6kad risk vid resa till omr\u00e5den med l\u00e5g vaccinationst\u00e4ckning och h\u00f6g sjukdomsb\u00f6rda.<\/p>\n\n\n\n<h3 class=\"wp-block-heading has-white-color has-text-color has-background has-link-color wp-elements-a0b23d6f90a7367ced49db5b7ca056ee\" id=\"vaccination\" style=\"background-color:#2b7c08\">Vaccination<\/h3>\n\n\n\n<p>Hib-vaccinet, som ger ett mycket effektivt skydd, ing\u00e5r i det svenska barnvaccinationsprogrammet och ges vid 3, 5 och 10 m\u00e5naders \u00e5lder. Vaccinet kan ges antingen som ett monovaccin, Act-HIB\u00ae,  eller som en del av kombinationsvaccin (exempelvis Hexyon\u00ae eller Synflorix\u00ae).<\/p>\n\n\n\n<ul class=\"wp-block-list\">\n<li>Vaccination rekommenderas till barn som inte f\u00e5tt fullt skydd, samt till vissa personer med h\u00f6g risk f\u00f6r invasiv sjukdom, som de med sicklecellanemi eller splenektomi.<\/li>\n\n\n\n<li>Hib-vaccination ges oavsett \u00e5lder till personer som genomg\u00e5tt stamcellstransplantation.<\/li>\n<\/ul>\n\n\n\n<p>Vaccination \u00e4r som regel inte n\u00f6dv\u00e4ndig f\u00f6r friska individer \u00f6ver 5 \u00e5r.<\/p>\n\n\n\n<p>Kontrollera alltid ditt eller ditt barns vaccinationsstatus innan resor till omr\u00e5den med h\u00f6g risk f\u00f6r Hib-infektion.<\/p>\n\n\n\n<p><\/p>\n","protected":false},"excerpt":{"rendered":"<p>Information till resen\u00e4rer och allm\u00e4nheten Smitt\u00e4mnet och smittv\u00e4gar Haemophilus influenzae \u00e4r en bakterie som kan orsaka allvarliga infektioner, s\u00e4rskilt serotypen typ b (Hib). Hib sprids via luftv\u00e4garna genom droppsmitta fr\u00e5n en infekterad person eller fr\u00e5n friska b\u00e4rare, vilket \u00e4r vanligt bland sm\u00e5 barn. Bakterien kan \u00e4ven \u00f6verf\u00f6ras vid n\u00e4ra kontakt i hush\u00e5ll eller dagisgrupper. Hib &hellip; <a href=\"https:\/\/resemedicin.se\/friskparesan\/sjukdomar-och-vacciner\/hib\/\" class=\"more-link\">Forts\u00e4tt l\u00e4sa<span class=\"screen-reader-text\"> \u201dHaemophilus influenzae tyb b (Hib)\u201d<\/span><\/a><\/p>\n","protected":false},"author":1,"featured_media":0,"parent":11269,"menu_order":0,"comment_status":"closed","ping_status":"closed","template":"","meta":{"footnotes":""},"class_list":["post-3250","page","type-page","status-publish","hentry"],"jetpack_sharing_enabled":true,"_links":{"self":[{"href":"https:\/\/resemedicin.se\/friskparesan\/wp-json\/wp\/v2\/pages\/3250","targetHints":{"allow":["GET"]}}],"collection":[{"href":"https:\/\/resemedicin.se\/friskparesan\/wp-json\/wp\/v2\/pages"}],"about":[{"href":"https:\/\/resemedicin.se\/friskparesan\/wp-json\/wp\/v2\/types\/page"}],"author":[{"embeddable":true,"href":"https:\/\/resemedicin.se\/friskparesan\/wp-json\/wp\/v2\/users\/1"}],"replies":[{"embeddable":true,"href":"https:\/\/resemedicin.se\/friskparesan\/wp-json\/wp\/v2\/comments?post=3250"}],"version-history":[{"count":4,"href":"https:\/\/resemedicin.se\/friskparesan\/wp-json\/wp\/v2\/pages\/3250\/revisions"}],"predecessor-version":[{"id":11656,"href":"https:\/\/resemedicin.se\/friskparesan\/wp-json\/wp\/v2\/pages\/3250\/revisions\/11656"}],"up":[{"embeddable":true,"href":"https:\/\/resemedicin.se\/friskparesan\/wp-json\/wp\/v2\/pages\/11269"}],"wp:attachment":[{"href":"https:\/\/resemedicin.se\/friskparesan\/wp-json\/wp\/v2\/media?parent=3250"}],"curies":[{"name":"wp","href":"https:\/\/api.w.org\/{rel}","templated":true}]}}